{"id":6518,"date":"2025-08-11T09:26:04","date_gmt":"2025-08-11T09:26:04","guid":{"rendered":"https:\/\/www.csl-group.com\/se\/?page_id=6518"},"modified":"2025-09-17T11:37:12","modified_gmt":"2025-09-17T11:37:12","slug":"white-papers","status":"publish","type":"page","link":"https:\/\/www.csl-group.com\/se\/white-papers\/","title":{"rendered":"White Papers"},"content":{"rendered":"\r\n<section class=\"post-grid pt-0\">\r\n  <div class=\"container--large\">\r\n    <!-- Section Title -->\r\n    <div class=\"post-grid__title\">\r\n      <h1 class=\"heading h2\">White Papers<\/h1>\r\n    <\/div>\r\n\r\n          <div class=\"post-grid__filters\">\r\n          <span class=\"post-grid__filters-label\">Filtrera efter:<\/span>\r\n          <div class=\"post-grid__filters-inner\">\r\n              <div class=\"post-grid__filter\"><select id=\"sektor\" name=\"sektor\" data-taxonomy=\"sektor\" data-taxonomy-label=\"Sektor\"><option value=\"\" selected>Alla Sektorer<\/option><option value=\"all\">Alla Sektorer<\/option><option value=\"byggnad-sakerhet\">Byggnad &amp; S\u00e4kerhet<\/option><option value=\"detaljhandel-sjukhusmiljoer\">Detaljhandel &amp; sjukhusmilj\u00f6er<\/option><option value=\"industriell\">Industriell<\/option><option value=\"infrastruktur\">Infrastruktur<\/option><option value=\"kommersiell\">Kommersiell<\/option><option value=\"sjukvard-televard\">Sjukv\u00e5rd &amp; Telev\u00e5rd<\/option><option value=\"transport-logistik\">Transport &amp; Logistik<\/option><option value=\"verktyg\">Verktyg<\/option><\/select><\/div><div class=\"post-grid__filter\"><select id=\"ansokan\" name=\"ansokan\" data-taxonomy=\"ansokan\" data-taxonomy-label=\"Till\u00e4mpning\"><option value=\"\" selected>Alla Till\u00e4mpning<\/option><option value=\"all\">Alla Till\u00e4mpning<\/option><option value=\"alarmsystem-och-arbetarsakerhet\">Alarmsystem och Arbetars\u00e4kerhet<\/option><option value=\"byggnadsautomation-smarta-byggnader\">Byggnadsautomation \/ Smarta Byggnader<\/option><option value=\"ev-laddnings-parkeringslosningar\">EV-laddnings- &amp; Parkeringsl\u00f6sningar<\/option><option value=\"fordons-fordonsparksforvaltning\">Fordons- &amp; Fordonsparksf\u00f6rvaltning<\/option><option value=\"fornybar-energi\">F\u00f6rnybar Energi<\/option><option value=\"bevattningsovervakning\">Jordbruk &amp; Lantbruk<\/option><option value=\"kundupplevelse\">Kundupplevelse<\/option><option value=\"larmsystem-arbetarsakerhet\">Larmsystem &amp; Arbetars\u00e4kerhet<\/option><option value=\"leveranskedja-och-tillgangshantering\">Leveranskedja och tillg\u00e5ngshantering<\/option><option value=\"miljoovervakning-hantering\">Milj\u00f6\u00f6vervakning &amp; Hantering<\/option><option value=\"sakerhet-overvakning\">S\u00e4kerhet &amp; \u00d6vervakning<\/option><option value=\"tillverkning-automation\">Tillverkning &amp; Automation<\/option><\/select><\/div><div class=\"post-grid__filter\"><select id=\"losning\" name=\"losning\" data-taxonomy=\"losning\" data-taxonomy-label=\"L\u00f6sning\"><option value=\"\" selected>Alla L\u00f6sningar<\/option><option value=\"all\">Alla L\u00f6sningar<\/option><option value=\"broadband\">Broadband<\/option><option value=\"csl-satellite\">CSL Satellite<\/option><option value=\"iot-router\">IoT Router<\/option><option value=\"iot-sim\">IoT SIM<\/option><option value=\"larmsignalering\">Larmsignalering<\/option><option value=\"my-base-app-2-0\">My Base App 2.0<\/option><option value=\"rsim\">rSIM<\/option><option value=\"voicelink\">VoiceLink<\/option><\/select><\/div>          <\/div>\r\n      <\/div>\r\n    \r\n    <!-- Posts Grid -->\r\n    <div class=\"pg-card__grid\" data-post-type=\"white-papers\">\r\n                        \r\n<div class=\"pg-card__item\" data-aos=\"fade-up\">\n  <a href=\"https:\/\/www.csl-group.com\/se\/white-papers\/korbeteenden-och-deras-betydelse-for-telematiksystem-for-elfordon-och-trafiksakerhet\/\">\n    <div class=\"pg-card__image\">\n                            <img decoding=\"async\" width=\"1024\" height=\"574\" src=\"https:\/\/www.csl-group.com\/se\/wp-content\/uploads\/sites\/5\/2025\/06\/EV-Telematics-Safety-Systems-1024x574.jpg\" class=\"pg-card__image-img\" alt=\"K\u00f6rbeteenden och deras betydelse f\u00f6r telematiksystem f\u00f6r elfordon och trafiks\u00e4kerhet\" title=\"K\u00f6rbeteenden och deras betydelse f\u00f6r telematiksystem f\u00f6r elfordon och trafiks\u00e4kerhet\" srcset=\"https:\/\/www.csl-group.com\/se\/wp-content\/uploads\/sites\/5\/2025\/06\/EV-Telematics-Safety-Systems-1024x574.jpg 1024w, https:\/\/www.csl-group.com\/se\/wp-content\/uploads\/sites\/5\/2025\/06\/EV-Telematics-Safety-Systems-300x168.jpg 300w, https:\/\/www.csl-group.com\/se\/wp-content\/uploads\/sites\/5\/2025\/06\/EV-Telematics-Safety-Systems-768x430.jpg 768w, https:\/\/www.csl-group.com\/se\/wp-content\/uploads\/sites\/5\/2025\/06\/EV-Telematics-Safety-Systems.jpg 1456w\" sizes=\"auto, (max-width: 1024px) 100vw, 1024px\" loading=\"lazy\" \/>            <\/div>\r\n    <div class=\"pg-card__text\">\r\n        <div class=\"pg-card__top\">\r\n                            <span class=\"terms\">EV-laddnings- &amp; Parkeringsl\u00f6sningar | IoT Router | IoT SIM<\/span>\r\n                        <h3 class=\"h4\">K\u00f6rbeteenden och deras betydelse f\u00f6r telematiksystem f\u00f6r elfordon och trafiks\u00e4kerhet<\/h3>\r\n            <div class=\"pg-card__excerpt\">\r\n                <div class=\"pg-card__excerpt-inner\">\r\n                    <p>Elbilarnas framv\u00e4xt leder till en betydande f\u00f6r\u00e4ndring inom bil- och telematikbranschen, vilket skapar en f\u00f6rskjutning i fokus f\u00f6r fordonsanv\u00e4ndare och telematiktj\u00e4nstleverant\u00f6rer.<\/p>\r\n                <\/div>\r\n            <\/div>\r\n        <\/div>\r\n        <div class=\"pg-card__bottom\">\r\n                        <svg xmlns=\"http:\/\/www.w3.org\/2000\/svg\" width=\"28.731\" height=\"28.731\" viewBox=\"0 0 28.731 28.731\" fill=\"currentColor\">\r\n  <g id=\"Group_38238\" data-name=\"Group 38238\" transform=\"translate(-1104.954 -237.965) rotate(-45)\">\r\n    <line id=\"Line_17\" data-name=\"Line 17\" x2=\"21.887\" transform=\"translate(596.841 969.903)\" fill=\"none\" stroke=\"currentColor\" stroke-linecap=\"round\" stroke-width=\"3\"\/>\r\n    <line id=\"Line_18\" data-name=\"Line 18\" x2=\"11.348\" y2=\"10.403\" transform=\"translate(607.379 959.5)\" fill=\"none\" stroke=\"currentColor\" stroke-linecap=\"round\" stroke-width=\"3\"\/>\r\n    <line id=\"Line_19\" data-name=\"Line 19\" y1=\"10.403\" x2=\"11.348\" transform=\"translate(607.379 969.903)\" fill=\"none\" stroke=\"currentColor\" stroke-linecap=\"round\" stroke-width=\"3\"\/>\r\n  <\/g>\r\n<\/svg>        <\/div>\r\n    <\/div>\r\n  <\/a>\r\n<\/div>\n                  <\/div>\r\n\r\n    <!-- Load More Button -->\r\n    \r\n  <\/div>\r\n<\/section>\r\n\r\n","protected":false},"excerpt":{"rendered":"","protected":false},"author":1,"featured_media":0,"parent":0,"menu_order":0,"comment_status":"closed","ping_status":"closed","template":"","meta":{"_acf_changed":false,"footnotes":""},"class_list":["post-6518","page","type-page","status-publish","hentry"],"acf":[],"yoast_head":"<!-- This site is optimized with the Yoast SEO Premium plugin v27.1 (Yoast SEO v27.1.1) - https:\/\/yoast.com\/product\/yoast-seo-premium-wordpress\/ -->\n<title>White Papers - CSL SE<\/title>\n<meta name=\"description\" content=\"In the world of IoT and M2M, change is constant. CSL provides updates on the latest trends and topics within these White Papers.\" \/>\n<meta name=\"robots\" content=\"index, follow, max-snippet:-1, max-image-preview:large, max-video-preview:-1\" \/>\n<link rel=\"canonical\" href=\"https:\/\/www.csl-group.com\/se\/white-papers\/\" \/>\n<meta property=\"og:locale\" content=\"en_US\" \/>\n<meta property=\"og:type\" content=\"article\" \/>\n<meta property=\"og:title\" content=\"White Papers\" \/>\n<meta property=\"og:description\" content=\"In the world of IoT and M2M, change is constant. CSL provides updates on the latest trends and topics within these White Papers.\" \/>\n<meta property=\"og:url\" content=\"https:\/\/www.csl-group.com\/se\/white-papers\/\" \/>\n<meta property=\"og:site_name\" content=\"CSL SE\" \/>\n<meta property=\"article:modified_time\" content=\"2025-09-17T11:37:12+00:00\" \/>\n<meta name=\"twitter:card\" content=\"summary_large_image\" \/>\n<meta name=\"twitter:label1\" content=\"Est. reading time\" \/>\n\t<meta name=\"twitter:data1\" content=\"1 minute\" \/>\n<script type=\"application\/ld+json\" class=\"yoast-schema-graph\">{\"@context\":\"https:\/\/schema.org\",\"@graph\":[{\"@type\":\"WebPage\",\"@id\":\"https:\/\/www.csl-group.com\/se\/white-papers\/\",\"url\":\"https:\/\/www.csl-group.com\/se\/white-papers\/\",\"name\":\"White Papers - CSL SE\",\"isPartOf\":{\"@id\":\"https:\/\/www.csl-group.com\/se\/#website\"},\"datePublished\":\"2025-08-11T09:26:04+00:00\",\"dateModified\":\"2025-09-17T11:37:12+00:00\",\"description\":\"In the world of IoT and M2M, change is constant. CSL provides updates on the latest trends and topics within these White Papers.\",\"breadcrumb\":{\"@id\":\"https:\/\/www.csl-group.com\/se\/white-papers\/#breadcrumb\"},\"inLanguage\":\"en-US\",\"potentialAction\":[{\"@type\":\"ReadAction\",\"target\":[\"https:\/\/www.csl-group.com\/se\/white-papers\/\"]}]},{\"@type\":\"BreadcrumbList\",\"@id\":\"https:\/\/www.csl-group.com\/se\/white-papers\/#breadcrumb\",\"itemListElement\":[{\"@type\":\"ListItem\",\"position\":1,\"name\":\"Home\",\"item\":\"https:\/\/www.csl-group.com\/se\/\"},{\"@type\":\"ListItem\",\"position\":2,\"name\":\"White Papers\"}]},{\"@type\":\"WebSite\",\"@id\":\"https:\/\/www.csl-group.com\/se\/#website\",\"url\":\"https:\/\/www.csl-group.com\/se\/\",\"name\":\"CSL\",\"description\":\"\",\"potentialAction\":[{\"@type\":\"SearchAction\",\"target\":{\"@type\":\"EntryPoint\",\"urlTemplate\":\"https:\/\/www.csl-group.com\/se\/?s={search_term_string}\"},\"query-input\":{\"@type\":\"PropertyValueSpecification\",\"valueRequired\":true,\"valueName\":\"search_term_string\"}}],\"inLanguage\":\"en-US\"}]}<\/script>\n<!-- \/ Yoast SEO Premium plugin. -->","yoast_head_json":{"title":"White Papers - CSL SE","description":"In the world of IoT and M2M, change is constant. CSL provides updates on the latest trends and topics within these White Papers.","robots":{"index":"index","follow":"follow","max-snippet":"max-snippet:-1","max-image-preview":"max-image-preview:large","max-video-preview":"max-video-preview:-1"},"canonical":"https:\/\/www.csl-group.com\/se\/white-papers\/","og_locale":"en_US","og_type":"article","og_title":"White Papers","og_description":"In the world of IoT and M2M, change is constant. CSL provides updates on the latest trends and topics within these White Papers.","og_url":"https:\/\/www.csl-group.com\/se\/white-papers\/","og_site_name":"CSL SE","article_modified_time":"2025-09-17T11:37:12+00:00","twitter_card":"summary_large_image","twitter_misc":{"Est. reading time":"1 minute"},"schema":{"@context":"https:\/\/schema.org","@graph":[{"@type":"WebPage","@id":"https:\/\/www.csl-group.com\/se\/white-papers\/","url":"https:\/\/www.csl-group.com\/se\/white-papers\/","name":"White Papers - CSL SE","isPartOf":{"@id":"https:\/\/www.csl-group.com\/se\/#website"},"datePublished":"2025-08-11T09:26:04+00:00","dateModified":"2025-09-17T11:37:12+00:00","description":"In the world of IoT and M2M, change is constant. CSL provides updates on the latest trends and topics within these White Papers.","breadcrumb":{"@id":"https:\/\/www.csl-group.com\/se\/white-papers\/#breadcrumb"},"inLanguage":"en-US","potentialAction":[{"@type":"ReadAction","target":["https:\/\/www.csl-group.com\/se\/white-papers\/"]}]},{"@type":"BreadcrumbList","@id":"https:\/\/www.csl-group.com\/se\/white-papers\/#breadcrumb","itemListElement":[{"@type":"ListItem","position":1,"name":"Home","item":"https:\/\/www.csl-group.com\/se\/"},{"@type":"ListItem","position":2,"name":"White Papers"}]},{"@type":"WebSite","@id":"https:\/\/www.csl-group.com\/se\/#website","url":"https:\/\/www.csl-group.com\/se\/","name":"CSL","description":"","potentialAction":[{"@type":"SearchAction","target":{"@type":"EntryPoint","urlTemplate":"https:\/\/www.csl-group.com\/se\/?s={search_term_string}"},"query-input":{"@type":"PropertyValueSpecification","valueRequired":true,"valueName":"search_term_string"}}],"inLanguage":"en-US"}]}},"_links":{"self":[{"href":"https:\/\/www.csl-group.com\/se\/wp-json\/wp\/v2\/pages\/6518","targetHints":{"allow":["GET"]}}],"collection":[{"href":"https:\/\/www.csl-group.com\/se\/wp-json\/wp\/v2\/pages"}],"about":[{"href":"https:\/\/www.csl-group.com\/se\/wp-json\/wp\/v2\/types\/page"}],"author":[{"embeddable":true,"href":"https:\/\/www.csl-group.com\/se\/wp-json\/wp\/v2\/users\/1"}],"replies":[{"embeddable":true,"href":"https:\/\/www.csl-group.com\/se\/wp-json\/wp\/v2\/comments?post=6518"}],"version-history":[{"count":2,"href":"https:\/\/www.csl-group.com\/se\/wp-json\/wp\/v2\/pages\/6518\/revisions"}],"predecessor-version":[{"id":6521,"href":"https:\/\/www.csl-group.com\/se\/wp-json\/wp\/v2\/pages\/6518\/revisions\/6521"}],"wp:attachment":[{"href":"https:\/\/www.csl-group.com\/se\/wp-json\/wp\/v2\/media?parent=6518"}],"curies":[{"name":"wp","href":"https:\/\/api.w.org\/{rel}","templated":true}]}}