{"id":6510,"date":"2025-08-06T13:32:28","date_gmt":"2025-08-06T13:32:28","guid":{"rendered":"https:\/\/www.csl-group.com\/se\/?page_id=6510"},"modified":"2025-08-06T14:39:09","modified_gmt":"2025-08-06T14:39:09","slug":"ansok","status":"publish","type":"page","link":"https:\/\/www.csl-group.com\/se\/karriarer\/ansok\/","title":{"rendered":"Ans\u00f6k"},"content":{"rendered":"\r\n<section class=\"page-banner page-banner__style-4 image-align-center\" aria-label=\"Page Banner\">\r\n    <div class=\"page-banner__inner\">\r\n        <div class=\"page-banner__wrapper\">\r\n            <div class=\"page-banner__details\">\r\n    <div class=\"container--large\">\r\n        <div class=\"page-banner__content\" data-aos=\"fade-right\" data-aos-delay=\"100\">\r\n            <div class=\"page-banner__content-inner\">\r\n                                    <span class=\"page-banner__pretitle\">\r\n                                                <span>Karri\u00e4rer<\/span>\r\n                    <\/span>\r\n                                <h1 class=\"page-banner__title h2\">Ans\u00f6k<\/h1>\r\n                                <div class=\"page-banner__description\">\r\n                    <p>Om du vill ans\u00f6ka om en av v\u00e5ra lediga tj\u00e4nster, se till att du har angett all n\u00f6dv\u00e4ndig information innan du skickar in din ans\u00f6kan.<\/p>\n                <\/div>\r\n                            <\/div>\r\n        <\/div>\r\n    <\/div>\r\n<\/div>\r\n<div class=\"page-banner__background\" data-aos=\"fade-up\">\n    <img fetchpriority=\"high\" decoding=\"async\" width=\"2100\" height=\"700\" src=\"https:\/\/www.csl-group.com\/se\/wp-content\/uploads\/sites\/5\/2025\/08\/careers.jpg\" class=\"page-banner__image\" alt=\"Meeting\" srcset=\"https:\/\/www.csl-group.com\/se\/wp-content\/uploads\/sites\/5\/2025\/08\/careers.jpg 2100w, https:\/\/www.csl-group.com\/se\/wp-content\/uploads\/sites\/5\/2025\/08\/careers-300x100.jpg 300w, https:\/\/www.csl-group.com\/se\/wp-content\/uploads\/sites\/5\/2025\/08\/careers-1024x341.jpg 1024w, https:\/\/www.csl-group.com\/se\/wp-content\/uploads\/sites\/5\/2025\/08\/careers-768x256.jpg 768w, https:\/\/www.csl-group.com\/se\/wp-content\/uploads\/sites\/5\/2025\/08\/careers-1536x512.jpg 1536w, https:\/\/www.csl-group.com\/se\/wp-content\/uploads\/sites\/5\/2025\/08\/careers-2048x683.jpg 2048w\" sizes=\"(max-width: 2100px) 100vw, 2100px\" loading=\"eager\" \/><\/div>\r\n        <\/div>\r\n\r\n        \r\n        \r\n        \r\n\r\n        \r\n            <\/div>\r\n<\/section>\n\n\n\r\n<section class=\"simple-text\" data-aos=\"fade-up\">\r\n    <div class=\"simple-text__inner pb-0\">\r\n        <div class=\"container--large\">\r\n            <div class=\"simple-text__wrapper\">\r\n                <div class=\"simple-text__content text-left\">\r\n                                                                        <h2 class=\"h4\">Vad du ska ange i din ans\u00f6kan<\/h2>\r\n                                                                                        <div class=\"simple-text__content-text\">\r\n                            <p>F\u00f6r att ans\u00f6ka, skicka ett e-postmeddelande till v\u00e5rt karri\u00e4rteam med f\u00f6ljande uppgifter:<\/p>\n<ul>\n<li>Fullst\u00e4ndigt namn<\/li>\n<li>Telefonnummer<\/li>\n<li>CV<\/li>\n<li>Hemort<\/li>\n<li>\u00d6nskad l\u00f6n<\/li>\n<li>R\u00e4tt att arbeta<\/li>\n<li>Upps\u00e4gningstid (om till\u00e4mpligt)<\/li>\n<li>Den tj\u00e4nst du s\u00f6ker<\/li>\n<\/ul>\n                        <\/div>\r\n                                                                <div class=\"simple-text__cta\">\r\n                            <a href=\"mailto:careers@csl-group.com\" class=\"button \"  role=\"button\" aria-label=\"Ans\u00f6k\">Ans\u00f6k<\/a>                        <\/div>\r\n                                    <\/div>\r\n            <\/div>\r\n        <\/div>\r\n    <\/div>\r\n<\/section>\n\n\r\n<section class=\"simple-text\" data-aos=\"fade-up\">\r\n    <div class=\"simple-text__inner\">\r\n        <div class=\"container--large\">\r\n            <div class=\"simple-text__wrapper\">\r\n                <div class=\"simple-text__content text-left\">\r\n                                                                <div class=\"simple-text__content-text\">\r\n                            <p>CSL \u00e4r en arbetsgivare som till\u00e4mpar j\u00e4mst\u00e4lldhetsprincipen. Vi v\u00e4lkomnar ans\u00f6kningar fr\u00e5n alla personer oavsett k\u00f6n, ras, funktionsneds\u00e4ttning, sexuell l\u00e4ggning, religion eller \u00f6vertygelse, \u00e5lder, k\u00f6nsidentitet, civilst\u00e5nd, graviditet eller moderskap.<\/p>\n                        <\/div>\r\n                                                        <\/div>\r\n            <\/div>\r\n        <\/div>\r\n    <\/div>\r\n<\/section>","protected":false},"excerpt":{"rendered":"","protected":false},"author":6,"featured_media":6511,"parent":811,"menu_order":0,"comment_status":"closed","ping_status":"closed","template":"","meta":{"_acf_changed":false,"footnotes":""},"class_list":["post-6510","page","type-page","status-publish","has-post-thumbnail","hentry"],"acf":[],"yoast_head":"<!-- This site is optimized with the Yoast SEO Premium plugin v27.1 (Yoast SEO v27.1.1) - https:\/\/yoast.com\/product\/yoast-seo-premium-wordpress\/ -->\n<title>Ans\u00f6k nu | Karri\u00e4r hos CSL | Ans\u00f6kan till en ledig tj\u00e4nst<\/title>\n<meta name=\"description\" content=\"P\u00e5 denna sida finns all information som vi beh\u00f6ver fr\u00e5n s\u00f6kande till v\u00e5ra lediga tj\u00e4nster eller aktuella lediga tj\u00e4nster.\" \/>\n<meta name=\"robots\" content=\"index, follow, max-snippet:-1, max-image-preview:large, max-video-preview:-1\" \/>\n<link rel=\"canonical\" href=\"https:\/\/www.csl-group.com\/se\/karriarer\/ansok\/\" \/>\n<meta property=\"og:locale\" content=\"en_US\" \/>\n<meta property=\"og:type\" content=\"article\" \/>\n<meta property=\"og:title\" content=\"Ans\u00f6k\" \/>\n<meta property=\"og:description\" content=\"P\u00e5 denna sida finns all information som vi beh\u00f6ver fr\u00e5n s\u00f6kande till v\u00e5ra lediga tj\u00e4nster eller aktuella lediga tj\u00e4nster.\" \/>\n<meta property=\"og:url\" content=\"https:\/\/www.csl-group.com\/se\/karriarer\/ansok\/\" \/>\n<meta property=\"og:site_name\" content=\"CSL SE\" \/>\n<meta property=\"article:modified_time\" content=\"2025-08-06T14:39:09+00:00\" \/>\n<meta property=\"og:image\" content=\"https:\/\/www.csl-group.com\/se\/wp-content\/uploads\/sites\/5\/2025\/08\/careers.jpg\" \/>\n\t<meta property=\"og:image:width\" content=\"2100\" \/>\n\t<meta property=\"og:image:height\" content=\"700\" \/>\n\t<meta property=\"og:image:type\" content=\"image\/jpeg\" \/>\n<meta name=\"twitter:card\" content=\"summary_large_image\" \/>\n<meta name=\"twitter:label1\" content=\"Est. reading time\" \/>\n\t<meta name=\"twitter:data1\" content=\"1 minute\" \/>\n<script type=\"application\/ld+json\" class=\"yoast-schema-graph\">{\"@context\":\"https:\/\/schema.org\",\"@graph\":[{\"@type\":\"WebPage\",\"@id\":\"https:\/\/www.csl-group.com\/se\/karriarer\/ansok\/\",\"url\":\"https:\/\/www.csl-group.com\/se\/karriarer\/ansok\/\",\"name\":\"Ans\u00f6k nu | Karri\u00e4r hos CSL | Ans\u00f6kan till en ledig tj\u00e4nst\",\"isPartOf\":{\"@id\":\"https:\/\/www.csl-group.com\/se\/#website\"},\"primaryImageOfPage\":{\"@id\":\"https:\/\/www.csl-group.com\/se\/karriarer\/ansok\/#primaryimage\"},\"image\":{\"@id\":\"https:\/\/www.csl-group.com\/se\/karriarer\/ansok\/#primaryimage\"},\"thumbnailUrl\":\"https:\/\/www.csl-group.com\/se\/wp-content\/uploads\/sites\/5\/2025\/08\/careers.jpg\",\"datePublished\":\"2025-08-06T13:32:28+00:00\",\"dateModified\":\"2025-08-06T14:39:09+00:00\",\"description\":\"P\u00e5 denna sida finns all information som vi beh\u00f6ver fr\u00e5n s\u00f6kande till v\u00e5ra lediga tj\u00e4nster eller aktuella lediga tj\u00e4nster.\",\"breadcrumb\":{\"@id\":\"https:\/\/www.csl-group.com\/se\/karriarer\/ansok\/#breadcrumb\"},\"inLanguage\":\"en-US\",\"potentialAction\":[{\"@type\":\"ReadAction\",\"target\":[\"https:\/\/www.csl-group.com\/se\/karriarer\/ansok\/\"]}]},{\"@type\":\"ImageObject\",\"inLanguage\":\"en-US\",\"@id\":\"https:\/\/www.csl-group.com\/se\/karriarer\/ansok\/#primaryimage\",\"url\":\"https:\/\/www.csl-group.com\/se\/wp-content\/uploads\/sites\/5\/2025\/08\/careers.jpg\",\"contentUrl\":\"https:\/\/www.csl-group.com\/se\/wp-content\/uploads\/sites\/5\/2025\/08\/careers.jpg\",\"width\":2100,\"height\":700,\"caption\":\"Meeting\"},{\"@type\":\"BreadcrumbList\",\"@id\":\"https:\/\/www.csl-group.com\/se\/karriarer\/ansok\/#breadcrumb\",\"itemListElement\":[{\"@type\":\"ListItem\",\"position\":1,\"name\":\"Home\",\"item\":\"https:\/\/www.csl-group.com\/se\/\"},{\"@type\":\"ListItem\",\"position\":2,\"name\":\"Karri\u00e4rer\",\"item\":\"https:\/\/www.csl-group.com\/se\/karriarer\/\"},{\"@type\":\"ListItem\",\"position\":3,\"name\":\"Ans\u00f6k\"}]},{\"@type\":\"WebSite\",\"@id\":\"https:\/\/www.csl-group.com\/se\/#website\",\"url\":\"https:\/\/www.csl-group.com\/se\/\",\"name\":\"CSL\",\"description\":\"\",\"potentialAction\":[{\"@type\":\"SearchAction\",\"target\":{\"@type\":\"EntryPoint\",\"urlTemplate\":\"https:\/\/www.csl-group.com\/se\/?s={search_term_string}\"},\"query-input\":{\"@type\":\"PropertyValueSpecification\",\"valueRequired\":true,\"valueName\":\"search_term_string\"}}],\"inLanguage\":\"en-US\"}]}<\/script>\n<!-- \/ Yoast SEO Premium plugin. -->","yoast_head_json":{"title":"Ans\u00f6k nu | Karri\u00e4r hos CSL | Ans\u00f6kan till en ledig tj\u00e4nst","description":"P\u00e5 denna sida finns all information som vi beh\u00f6ver fr\u00e5n s\u00f6kande till v\u00e5ra lediga tj\u00e4nster eller aktuella lediga tj\u00e4nster.","robots":{"index":"index","follow":"follow","max-snippet":"max-snippet:-1","max-image-preview":"max-image-preview:large","max-video-preview":"max-video-preview:-1"},"canonical":"https:\/\/www.csl-group.com\/se\/karriarer\/ansok\/","og_locale":"en_US","og_type":"article","og_title":"Ans\u00f6k","og_description":"P\u00e5 denna sida finns all information som vi beh\u00f6ver fr\u00e5n s\u00f6kande till v\u00e5ra lediga tj\u00e4nster eller aktuella lediga tj\u00e4nster.","og_url":"https:\/\/www.csl-group.com\/se\/karriarer\/ansok\/","og_site_name":"CSL SE","article_modified_time":"2025-08-06T14:39:09+00:00","og_image":[{"width":2100,"height":700,"url":"https:\/\/www.csl-group.com\/se\/wp-content\/uploads\/sites\/5\/2025\/08\/careers.jpg","type":"image\/jpeg"}],"twitter_card":"summary_large_image","twitter_misc":{"Est. reading time":"1 minute"},"schema":{"@context":"https:\/\/schema.org","@graph":[{"@type":"WebPage","@id":"https:\/\/www.csl-group.com\/se\/karriarer\/ansok\/","url":"https:\/\/www.csl-group.com\/se\/karriarer\/ansok\/","name":"Ans\u00f6k nu | Karri\u00e4r hos CSL | Ans\u00f6kan till en ledig tj\u00e4nst","isPartOf":{"@id":"https:\/\/www.csl-group.com\/se\/#website"},"primaryImageOfPage":{"@id":"https:\/\/www.csl-group.com\/se\/karriarer\/ansok\/#primaryimage"},"image":{"@id":"https:\/\/www.csl-group.com\/se\/karriarer\/ansok\/#primaryimage"},"thumbnailUrl":"https:\/\/www.csl-group.com\/se\/wp-content\/uploads\/sites\/5\/2025\/08\/careers.jpg","datePublished":"2025-08-06T13:32:28+00:00","dateModified":"2025-08-06T14:39:09+00:00","description":"P\u00e5 denna sida finns all information som vi beh\u00f6ver fr\u00e5n s\u00f6kande till v\u00e5ra lediga tj\u00e4nster eller aktuella lediga tj\u00e4nster.","breadcrumb":{"@id":"https:\/\/www.csl-group.com\/se\/karriarer\/ansok\/#breadcrumb"},"inLanguage":"en-US","potentialAction":[{"@type":"ReadAction","target":["https:\/\/www.csl-group.com\/se\/karriarer\/ansok\/"]}]},{"@type":"ImageObject","inLanguage":"en-US","@id":"https:\/\/www.csl-group.com\/se\/karriarer\/ansok\/#primaryimage","url":"https:\/\/www.csl-group.com\/se\/wp-content\/uploads\/sites\/5\/2025\/08\/careers.jpg","contentUrl":"https:\/\/www.csl-group.com\/se\/wp-content\/uploads\/sites\/5\/2025\/08\/careers.jpg","width":2100,"height":700,"caption":"Meeting"},{"@type":"BreadcrumbList","@id":"https:\/\/www.csl-group.com\/se\/karriarer\/ansok\/#breadcrumb","itemListElement":[{"@type":"ListItem","position":1,"name":"Home","item":"https:\/\/www.csl-group.com\/se\/"},{"@type":"ListItem","position":2,"name":"Karri\u00e4rer","item":"https:\/\/www.csl-group.com\/se\/karriarer\/"},{"@type":"ListItem","position":3,"name":"Ans\u00f6k"}]},{"@type":"WebSite","@id":"https:\/\/www.csl-group.com\/se\/#website","url":"https:\/\/www.csl-group.com\/se\/","name":"CSL","description":"","potentialAction":[{"@type":"SearchAction","target":{"@type":"EntryPoint","urlTemplate":"https:\/\/www.csl-group.com\/se\/?s={search_term_string}"},"query-input":{"@type":"PropertyValueSpecification","valueRequired":true,"valueName":"search_term_string"}}],"inLanguage":"en-US"}]}},"_links":{"self":[{"href":"https:\/\/www.csl-group.com\/se\/wp-json\/wp\/v2\/pages\/6510","targetHints":{"allow":["GET"]}}],"collection":[{"href":"https:\/\/www.csl-group.com\/se\/wp-json\/wp\/v2\/pages"}],"about":[{"href":"https:\/\/www.csl-group.com\/se\/wp-json\/wp\/v2\/types\/page"}],"author":[{"embeddable":true,"href":"https:\/\/www.csl-group.com\/se\/wp-json\/wp\/v2\/users\/6"}],"replies":[{"embeddable":true,"href":"https:\/\/www.csl-group.com\/se\/wp-json\/wp\/v2\/comments?post=6510"}],"version-history":[{"count":2,"href":"https:\/\/www.csl-group.com\/se\/wp-json\/wp\/v2\/pages\/6510\/revisions"}],"predecessor-version":[{"id":6513,"href":"https:\/\/www.csl-group.com\/se\/wp-json\/wp\/v2\/pages\/6510\/revisions\/6513"}],"up":[{"embeddable":true,"href":"https:\/\/www.csl-group.com\/se\/wp-json\/wp\/v2\/pages\/811"}],"wp:featuredmedia":[{"embeddable":true,"href":"https:\/\/www.csl-group.com\/se\/wp-json\/wp\/v2\/media\/6511"}],"wp:attachment":[{"href":"https:\/\/www.csl-group.com\/se\/wp-json\/wp\/v2\/media?parent=6510"}],"curies":[{"name":"wp","href":"https:\/\/api.w.org\/{rel}","templated":true}]}}