{"id":1787,"date":"2025-02-07T16:39:57","date_gmt":"2025-02-07T16:39:57","guid":{"rendered":"https:\/\/www.csl-group.com\/se\/?page_id=1787"},"modified":"2025-07-28T14:16:57","modified_gmt":"2025-07-28T14:16:57","slug":"sim-honeywell","status":"publish","type":"page","link":"https:\/\/www.csl-group.com\/se\/sim-guides\/sim-honeywell\/","title":{"rendered":"CSL SIMs med Honeywell &#8211; SE"},"content":{"rendered":"\r\n<section class=\"page-title\">\r\n    <div class=\"page-title__inner\">\r\n        <div class=\"container\">\r\n            <nav class=\"breadcrumbs\" aria-label=\"Breadcrumb\" data-aos=\"fade-up\">\r\n                <ul class=\"breadcrumbs__wrapper\" itemscope itemtype=\"https:\/\/schema.org\/BreadcrumbList\">\r\n                    <!-- Home Breadcrumb -->\n                    <li class=\"home\" itemprop=\"itemListElement\" itemscope itemtype=\"https:\/\/schema.org\/ListItem\">\n                        <a href=\"https:\/\/www.csl-group.com\/se\" aria-label=\"Home\" itemprop=\"item\">\n                            <svg xmlns=\"http:\/\/www.w3.org\/2000\/svg\" xmlns:xlink=\"http:\/\/www.w3.org\/1999\/xlink\" width=\"13.811\" height=\"15.838\" viewBox=\"0 0 13.811 15.838\" fill=\"currentColor\">\r\n  <defs>\r\n    <clipPath id=\"clip-path\">\r\n      <rect id=\"Rectangle_25008\" data-name=\"Rectangle 25008\" width=\"13.811\" height=\"15.838\" fill=\"#e31522\"\/>\r\n    <\/clipPath>\r\n  <\/defs>\r\n  <g id=\"Group_47829\" data-name=\"Group 47829\" clip-path=\"url(#clip-path)\">\r\n    <path id=\"Path_31203\" data-name=\"Path 31203\" d=\"M81.05,215.744H72.43a.3.3,0,0,1-.3-.3v-7.194a.3.3,0,1,1,.6,0v6.894h8.021v-6.894a.3.3,0,1,1,.6,0v7.194a.3.3,0,0,1-.3.3\" transform=\"translate(-69.835 -201.331)\" fill=\"#e31522\"\/>\r\n    <path id=\"Path_31204\" data-name=\"Path 31204\" d=\"M30.832,173.831H18.8a.3.3,0,0,1-.3-.3V163.488a.3.3,0,1,1,.6,0v9.744H30.532v-9.744a.3.3,0,1,1,.6,0v10.044a.3.3,0,0,1-.3.3\" transform=\"translate(-17.909 -157.993)\" fill=\"#e31522\"\/>\r\n    <path id=\"Path_31205\" data-name=\"Path 31205\" d=\"M13.512,6.118a.3.3,0,0,1-.192-.07L6.923.69.491,6.049a.3.3,0,0,1-.383-.461L6.732.069a.3.3,0,0,1,.384,0L13.7,5.589a.3.3,0,0,1-.192.53\" transform=\"translate(0 0)\" fill=\"#e31522\"\/>\r\n    <path id=\"Path_31206\" data-name=\"Path 31206\" d=\"M64.109,103.75a.3.3,0,0,1-.18-.539l4.587-3.455a.3.3,0,0,1,.361,0l4.562,3.456a.3.3,0,0,1-.361.478L68.7,100.37l-4.407,3.319a.3.3,0,0,1-.18.06\" transform=\"translate(-61.778 -96.521)\" fill=\"#e31522\"\/>\r\n  <\/g>\r\n<\/svg>                            <span class=\"sr-only\" itemprop=\"name\">Home<\/span>\n                        <\/a>\n                        <meta itemprop=\"position\" content=\"1\" \/>\n                    <\/li>\n\r\n                                                <li aria-hidden=\"true\"><svg xmlns=\"http:\/\/www.w3.org\/2000\/svg\" width=\"10.012\" height=\"6.934\" viewBox=\"0 0 10.012 6.934\" fill=\"currentColor\">\r\n  <g id=\"Group_47831\" data-name=\"Group 47831\" transform=\"translate(-575 -958)\">\r\n    <path id=\"Line_17\" data-name=\"Line 17\" d=\"M8.1-.668h-9.18A.416.416,0,0,1-1.5-1.084.416.416,0,0,1-1.084-1.5H8.1a.416.416,0,0,1,.416.416A.416.416,0,0,1,8.1-.668Z\" transform=\"translate(576.5 962.551)\" fill=\"currentColor\"\/>\r\n    <path id=\"Line_18\" data-name=\"Line 18\" d=\"M2.244,2.383a.414.414,0,0,1-.281-.109L-1.365-.777a.416.416,0,0,1-.026-.588A.416.416,0,0,1-.8-1.391L2.525,1.66a.416.416,0,0,1-.281.723Z\" transform=\"translate(582.352 959.5)\" fill=\"currentColor\"\/>\r\n    <path id=\"Line_19\" data-name=\"Line 19\" d=\"M-1.084,2.383a.415.415,0,0,1-.307-.135.416.416,0,0,1,.026-.588L1.963-1.391a.416.416,0,0,1,.588.026.416.416,0,0,1-.026.588L-.8,2.273A.415.415,0,0,1-1.084,2.383Z\" transform=\"translate(582.352 962.551)\" fill=\"currentColor\"\/>\r\n  <\/g>\r\n<\/svg><\/li>\r\n                            <li itemprop=\"itemListElement\" itemscope itemtype=\"https:\/\/schema.org\/ListItem\">\r\n                                <a href=\"https:\/\/www.csl-group.com\/se\/sim-guides\/\" class=\"text-secondary\" itemprop=\"item\">\r\n                                    <span itemprop=\"name\">SIM Guides<\/span>\r\n                                <\/a>\r\n                                <meta itemprop=\"position\" content=\"2\" \/>\r\n                            <\/li>\r\n                        \r\n                        <!-- Current Page -->\n                        <li aria-hidden=\"true\"><svg xmlns=\"http:\/\/www.w3.org\/2000\/svg\" width=\"10.012\" height=\"6.934\" viewBox=\"0 0 10.012 6.934\" fill=\"currentColor\">\r\n  <g id=\"Group_47831\" data-name=\"Group 47831\" transform=\"translate(-575 -958)\">\r\n    <path id=\"Line_17\" data-name=\"Line 17\" d=\"M8.1-.668h-9.18A.416.416,0,0,1-1.5-1.084.416.416,0,0,1-1.084-1.5H8.1a.416.416,0,0,1,.416.416A.416.416,0,0,1,8.1-.668Z\" transform=\"translate(576.5 962.551)\" fill=\"currentColor\"\/>\r\n    <path id=\"Line_18\" data-name=\"Line 18\" d=\"M2.244,2.383a.414.414,0,0,1-.281-.109L-1.365-.777a.416.416,0,0,1-.026-.588A.416.416,0,0,1-.8-1.391L2.525,1.66a.416.416,0,0,1-.281.723Z\" transform=\"translate(582.352 959.5)\" fill=\"currentColor\"\/>\r\n    <path id=\"Line_19\" data-name=\"Line 19\" d=\"M-1.084,2.383a.415.415,0,0,1-.307-.135.416.416,0,0,1,.026-.588L1.963-1.391a.416.416,0,0,1,.588.026.416.416,0,0,1-.026.588L-.8,2.273A.415.415,0,0,1-1.084,2.383Z\" transform=\"translate(582.352 962.551)\" fill=\"currentColor\"\/>\r\n  <\/g>\r\n<\/svg><\/li>\n                        <li itemprop=\"itemListElement\" itemscope itemtype=\"https:\/\/schema.org\/ListItem\">\n                            <span itemprop=\"name\" aria-current=\"page\">CSL SIMs med Honeywell &#8211; SE<\/span>\n                            <meta itemprop=\"position\" content=\"3\" \/>\n                        <\/li>\n                                    <\/ul>\r\n            <\/nav>\r\n\r\n            <div class=\"page-title__wrapper has-langs\" data-aos=\"fade-up\">\n                <div class=\"page-title__left\">\n                                                                <h1 class=\"page-title__title\" id=\"page-title\">CSL SIMs med Honeywell<\/h1>\n                                    <\/div>\n                                    <div class=\"page-title__langs\">\n                                                                                <a href=\"https:\/\/www.csl-group.com\/se\/sim-guides\/sim-honeywell\/\" class=\"page-title__lang\">\n                                <span class=\"lang-icon sv\">\n                                    <img decoding=\"async\" src=\"https:\/\/www.csl-group.com\/se\/wp-content\/themes\/csl\/dist\/assets\/images\/icons\/sv.jpg\" alt=\"Language Select - SV\" \/>\n                                <\/span>\n                            <\/a>\n                                                                                <a href=\"https:\/\/www.csl-group.com\/se\/sim-guides\/sim-honeywell-no\/\" class=\"page-title__lang\">\n                                <span class=\"lang-icon no\">\n                                    <img decoding=\"async\" src=\"https:\/\/www.csl-group.com\/se\/wp-content\/themes\/csl\/dist\/assets\/images\/icons\/no.jpg\" alt=\"Language Select - NO\" \/>\n                                <\/span>\n                            <\/a>\n                                                                                <a href=\"https:\/\/www.csl-group.com\/se\/sim-guides\/sim-honeywell-fi\/\" class=\"page-title__lang\">\n                                <span class=\"lang-icon fi\">\n                                    <img decoding=\"async\" src=\"https:\/\/www.csl-group.com\/se\/wp-content\/themes\/csl\/dist\/assets\/images\/icons\/fi.jpg\" alt=\"Language Select - FI\" \/>\n                                <\/span>\n                            <\/a>\n                                                                                <a href=\"https:\/\/www.csl-group.com\/se\/sim-guides\/sim-honeywell-dk\/\" class=\"page-title__lang\">\n                                <span class=\"lang-icon da\">\n                                    <img decoding=\"async\" src=\"https:\/\/www.csl-group.com\/se\/wp-content\/themes\/csl\/dist\/assets\/images\/icons\/da.jpg\" alt=\"Language Select - DA\" \/>\n                                <\/span>\n                            <\/a>\n                                                                                <a href=\"https:\/\/www.csl-group.com\/sim-guides\/sim-honeywell\/\" class=\"page-title__lang\">\n                                <span class=\"lang-icon en\">\n                                    <img decoding=\"async\" src=\"https:\/\/www.csl-group.com\/se\/wp-content\/themes\/csl\/dist\/assets\/images\/icons\/en.jpg\" alt=\"Language Select - EN\" \/>\n                                <\/span>\n                            <\/a>\n                                            <\/div>\n                            <\/div>\r\n        <\/div>\r\n    <\/div>\r\n<\/section>\r\n\n\n\r\n<section class=\"simple-text\" data-aos=\"fade-up\">\r\n    <div class=\"simple-text__inner pt-0\">\r\n        <div class=\"container\">\r\n            <div class=\"simple-text__wrapper\">\r\n                <div class=\"simple-text__content text-left\">\r\n                                                                        <h2 class=\"h4\">Introduktion<\/h2>\r\n                                                                                        <div class=\"simple-text__content-text\">\r\n                            <p>Detta SIM-kort \u00e4r klart att anv\u00e4nda och g\u00f6r att du kan ansluta panelen till internet, men f\u00f6r fortsatt anv\u00e4ndning m\u00e5ste du aktivera SIM-kortet.<\/p>\n<p>Bes\u00f6k CSL M2M Connect-portalen p\u00e5 m2mconnect.csldual.com\/honeywell f\u00f6r att aktivera ditt SIM-kort med ICCID och v\u00e4lj Honeywell-SIM fr\u00e5n tillg\u00e4ngliga alternativ.<\/p>\n<p>Observera att nya f\u00f6retag m\u00e5ste kontakta CSL f\u00f6r att skapa ett konto. Skicka e-post till sales@csl-group.com.<\/p>\n<p><strong>TIPS: INST\u00c4LLNING AV TYPNING AV 20-DIGIT-ICCIDEN I M2M-PORTALEN, VARF\u00d6R INTE PR\u00d6VAR MED EN BARCODE-SCANNER-APP<\/strong><\/p>\n                        <\/div>\r\n                                                                <div class=\"simple-text__cta\">\r\n                            <a href=\"https:\/\/www.csl-group.com\/se\/kontakta-oss\/\" class=\"button \"  role=\"button\" aria-label=\"Kontakta Oss\">Kontakta Oss<\/a>                        <\/div>\r\n                                    <\/div>\r\n            <\/div>\r\n        <\/div>\r\n    <\/div>\r\n<\/section>\n\n\r\n<section class=\"simple-text\" data-aos=\"fade-up\">\r\n    <div class=\"simple-text__inner pt-0\">\r\n        <div class=\"container\">\r\n            <div class=\"simple-text__wrapper\">\r\n                <div class=\"simple-text__content text-left\">\r\n                                                                        <h2 class=\"h4\">Uppstart<\/h2>\r\n                                                                                        <div class=\"simple-text__content-text\">\r\n                            <ol>\n<li>Se till att panelen \u00e4r avst\u00e4ngd.<\/li>\n<li>S\u00e4tt in SIM-kortet i SIM-kortplatsen.<\/li>\n<li>Montera kommandomodulen p\u00e5 panelen enligt installationsinstruktionerna och str\u00f6m upp panelen.<\/li>\n<li>Ange SIM APN, enligt klisterm\u00e4rket p\u00e5 SIM, i MAXPRO Cloud-inloggningsportalen.<\/li>\n<li>SIM: n s\u00f6ker efter en l\u00e4mplig signal och registrerar sig sedan i n\u00e4tverket. N\u00e4r enheten har registrerats \u00e4r enheten redo att ansluta till internet.<\/li>\n<\/ol>\n                        <\/div>\r\n                                                        <\/div>\r\n            <\/div>\r\n        <\/div>\r\n    <\/div>\r\n<\/section>\n\n\r\n<section class=\"simple-text\" data-aos=\"fade-up\">\r\n    <div class=\"simple-text__inner pt-0\">\r\n        <div class=\"container\">\r\n            <div class=\"simple-text__wrapper\">\r\n                <div class=\"simple-text__content text-left\">\r\n                                                                        <h2 class=\"h4\">Fels\u00f6kning<\/h2>\r\n                                                                                        <div class=\"simple-text__content-text\">\r\n                            <p><strong>Enhet &#8211;<\/strong> Se till att du har f\u00f6ljt installationsanvisningarna korrekt.<\/p>\n<p><strong>SIM &#8211;<\/strong> Kontrollera att SIM-kortet sitter korrekt i enheten.<\/p>\n<p><strong>Antenn &#8211;<\/strong> Kontrollera SIM i en alternativ mobil enhet p\u00e5 samma plats genom att ta bort SIM-kortet och placera det i en mobiltelefon f\u00f6r att se om du framg\u00e5ngsrikt kan skicka ett textmeddelande eller f\u00e5 tillg\u00e5ng till internet (du m\u00e5ste \u00e4ndra APN enligt klisterm\u00e4rket p\u00e5 SIM).<\/p>\n<p><strong>N\u00e4tverk &#8211;<\/strong> Anv\u00e4nd en CSL-signalanalysator f\u00f6r att avg\u00f6ra om det finns en l\u00e4mplig mobil signal i omr\u00e5det. Om enheten fortfarande inte registrerar sig i ett n\u00e4tverk, kontakta CSL: s tekniska support enligt nedan.<\/p>\n<ul>\n<li>Panelupps\u00e4ttning och molnanslutningar &#8211; ring Honeywell p\u00e5 +44 (0) 1344 238 266<\/li>\n<li>SIM-kort &#8211; ring CSL p\u00e5 +44 (0) 1895 474 444 och ha SIM-informationen enkelt tillg\u00e4ngliga<\/li>\n<\/ul>\n                        <\/div>\r\n                                                        <\/div>\r\n            <\/div>\r\n        <\/div>\r\n    <\/div>\r\n<\/section>","protected":false},"excerpt":{"rendered":"","protected":false},"author":1,"featured_media":0,"parent":1785,"menu_order":0,"comment_status":"closed","ping_status":"closed","template":"","meta":{"_acf_changed":false,"footnotes":""},"class_list":["post-1787","page","type-page","status-publish","hentry"],"acf":[],"yoast_head":"<!-- This site is optimized with the Yoast SEO Premium plugin v27.1 (Yoast SEO v27.1.1) - https:\/\/yoast.com\/product\/yoast-seo-premium-wordpress\/ -->\n<title>CSL SIM med Honeywell | Inst\u00e4llningsguide f\u00f6r IoT-anslutning<\/title>\n<meta name=\"description\" content=\"Konfigurera och aktivera CSL SIM-kort f\u00f6r Honeywell-paneler. F\u00f6lj steg-f\u00f6r-steg-guiden f\u00f6r installation, fels\u00f6kning och aktivering.\" \/>\n<meta name=\"robots\" content=\"index, follow, max-snippet:-1, max-image-preview:large, max-video-preview:-1\" \/>\n<link rel=\"canonical\" href=\"https:\/\/www.csl-group.com\/se\/sim-guides\/sim-honeywell\/\" \/>\n<meta property=\"og:locale\" content=\"en_US\" \/>\n<meta property=\"og:type\" content=\"article\" \/>\n<meta property=\"og:title\" content=\"CSL SIMs med Honeywell - SE\" \/>\n<meta property=\"og:description\" content=\"Konfigurera och aktivera CSL SIM-kort f\u00f6r Honeywell-paneler. F\u00f6lj steg-f\u00f6r-steg-guiden f\u00f6r installation, fels\u00f6kning och aktivering.\" \/>\n<meta property=\"og:url\" content=\"https:\/\/www.csl-group.com\/se\/sim-guides\/sim-honeywell\/\" \/>\n<meta property=\"og:site_name\" content=\"CSL SE\" \/>\n<meta property=\"article:modified_time\" content=\"2025-07-28T14:16:57+00:00\" \/>\n<meta name=\"twitter:card\" content=\"summary_large_image\" \/>\n<meta name=\"twitter:label1\" content=\"Est. reading time\" \/>\n\t<meta name=\"twitter:data1\" content=\"2 minutes\" \/>\n<script type=\"application\/ld+json\" class=\"yoast-schema-graph\">{\"@context\":\"https:\/\/schema.org\",\"@graph\":[{\"@type\":\"WebPage\",\"@id\":\"https:\/\/www.csl-group.com\/se\/sim-guides\/sim-honeywell\/\",\"url\":\"https:\/\/www.csl-group.com\/se\/sim-guides\/sim-honeywell\/\",\"name\":\"CSL SIM med Honeywell | Inst\u00e4llningsguide f\u00f6r IoT-anslutning\",\"isPartOf\":{\"@id\":\"https:\/\/www.csl-group.com\/se\/#website\"},\"datePublished\":\"2025-02-07T16:39:57+00:00\",\"dateModified\":\"2025-07-28T14:16:57+00:00\",\"description\":\"Konfigurera och aktivera CSL SIM-kort f\u00f6r Honeywell-paneler. F\u00f6lj steg-f\u00f6r-steg-guiden f\u00f6r installation, fels\u00f6kning och aktivering.\",\"breadcrumb\":{\"@id\":\"https:\/\/www.csl-group.com\/se\/sim-guides\/sim-honeywell\/#breadcrumb\"},\"inLanguage\":\"en-US\",\"potentialAction\":[{\"@type\":\"ReadAction\",\"target\":[\"https:\/\/www.csl-group.com\/se\/sim-guides\/sim-honeywell\/\"]}]},{\"@type\":\"BreadcrumbList\",\"@id\":\"https:\/\/www.csl-group.com\/se\/sim-guides\/sim-honeywell\/#breadcrumb\",\"itemListElement\":[{\"@type\":\"ListItem\",\"position\":1,\"name\":\"Home\",\"item\":\"https:\/\/www.csl-group.com\/se\/\"},{\"@type\":\"ListItem\",\"position\":2,\"name\":\"SIM Guides\",\"item\":\"https:\/\/www.csl-group.com\/se\/sim-guides\/\"},{\"@type\":\"ListItem\",\"position\":3,\"name\":\"CSL SIMs med Honeywell &#8211; SE\"}]},{\"@type\":\"WebSite\",\"@id\":\"https:\/\/www.csl-group.com\/se\/#website\",\"url\":\"https:\/\/www.csl-group.com\/se\/\",\"name\":\"CSL\",\"description\":\"\",\"potentialAction\":[{\"@type\":\"SearchAction\",\"target\":{\"@type\":\"EntryPoint\",\"urlTemplate\":\"https:\/\/www.csl-group.com\/se\/?s={search_term_string}\"},\"query-input\":{\"@type\":\"PropertyValueSpecification\",\"valueRequired\":true,\"valueName\":\"search_term_string\"}}],\"inLanguage\":\"en-US\"}]}<\/script>\n<!-- \/ Yoast SEO Premium plugin. -->","yoast_head_json":{"title":"CSL SIM med Honeywell | Inst\u00e4llningsguide f\u00f6r IoT-anslutning","description":"Konfigurera och aktivera CSL SIM-kort f\u00f6r Honeywell-paneler. F\u00f6lj steg-f\u00f6r-steg-guiden f\u00f6r installation, fels\u00f6kning och aktivering.","robots":{"index":"index","follow":"follow","max-snippet":"max-snippet:-1","max-image-preview":"max-image-preview:large","max-video-preview":"max-video-preview:-1"},"canonical":"https:\/\/www.csl-group.com\/se\/sim-guides\/sim-honeywell\/","og_locale":"en_US","og_type":"article","og_title":"CSL SIMs med Honeywell - SE","og_description":"Konfigurera och aktivera CSL SIM-kort f\u00f6r Honeywell-paneler. F\u00f6lj steg-f\u00f6r-steg-guiden f\u00f6r installation, fels\u00f6kning och aktivering.","og_url":"https:\/\/www.csl-group.com\/se\/sim-guides\/sim-honeywell\/","og_site_name":"CSL SE","article_modified_time":"2025-07-28T14:16:57+00:00","twitter_card":"summary_large_image","twitter_misc":{"Est. reading time":"2 minutes"},"schema":{"@context":"https:\/\/schema.org","@graph":[{"@type":"WebPage","@id":"https:\/\/www.csl-group.com\/se\/sim-guides\/sim-honeywell\/","url":"https:\/\/www.csl-group.com\/se\/sim-guides\/sim-honeywell\/","name":"CSL SIM med Honeywell | Inst\u00e4llningsguide f\u00f6r IoT-anslutning","isPartOf":{"@id":"https:\/\/www.csl-group.com\/se\/#website"},"datePublished":"2025-02-07T16:39:57+00:00","dateModified":"2025-07-28T14:16:57+00:00","description":"Konfigurera och aktivera CSL SIM-kort f\u00f6r Honeywell-paneler. F\u00f6lj steg-f\u00f6r-steg-guiden f\u00f6r installation, fels\u00f6kning och aktivering.","breadcrumb":{"@id":"https:\/\/www.csl-group.com\/se\/sim-guides\/sim-honeywell\/#breadcrumb"},"inLanguage":"en-US","potentialAction":[{"@type":"ReadAction","target":["https:\/\/www.csl-group.com\/se\/sim-guides\/sim-honeywell\/"]}]},{"@type":"BreadcrumbList","@id":"https:\/\/www.csl-group.com\/se\/sim-guides\/sim-honeywell\/#breadcrumb","itemListElement":[{"@type":"ListItem","position":1,"name":"Home","item":"https:\/\/www.csl-group.com\/se\/"},{"@type":"ListItem","position":2,"name":"SIM Guides","item":"https:\/\/www.csl-group.com\/se\/sim-guides\/"},{"@type":"ListItem","position":3,"name":"CSL SIMs med Honeywell &#8211; SE"}]},{"@type":"WebSite","@id":"https:\/\/www.csl-group.com\/se\/#website","url":"https:\/\/www.csl-group.com\/se\/","name":"CSL","description":"","potentialAction":[{"@type":"SearchAction","target":{"@type":"EntryPoint","urlTemplate":"https:\/\/www.csl-group.com\/se\/?s={search_term_string}"},"query-input":{"@type":"PropertyValueSpecification","valueRequired":true,"valueName":"search_term_string"}}],"inLanguage":"en-US"}]}},"_links":{"self":[{"href":"https:\/\/www.csl-group.com\/se\/wp-json\/wp\/v2\/pages\/1787","targetHints":{"allow":["GET"]}}],"collection":[{"href":"https:\/\/www.csl-group.com\/se\/wp-json\/wp\/v2\/pages"}],"about":[{"href":"https:\/\/www.csl-group.com\/se\/wp-json\/wp\/v2\/types\/page"}],"author":[{"embeddable":true,"href":"https:\/\/www.csl-group.com\/se\/wp-json\/wp\/v2\/users\/1"}],"replies":[{"embeddable":true,"href":"https:\/\/www.csl-group.com\/se\/wp-json\/wp\/v2\/comments?post=1787"}],"version-history":[{"count":28,"href":"https:\/\/www.csl-group.com\/se\/wp-json\/wp\/v2\/pages\/1787\/revisions"}],"predecessor-version":[{"id":3724,"href":"https:\/\/www.csl-group.com\/se\/wp-json\/wp\/v2\/pages\/1787\/revisions\/3724"}],"up":[{"embeddable":true,"href":"https:\/\/www.csl-group.com\/se\/wp-json\/wp\/v2\/pages\/1785"}],"wp:attachment":[{"href":"https:\/\/www.csl-group.com\/se\/wp-json\/wp\/v2\/media?parent=1787"}],"curies":[{"name":"wp","href":"https:\/\/api.w.org\/{rel}","templated":true}]}}