{"id":1740,"date":"2025-02-07T14:26:36","date_gmt":"2025-02-07T14:26:36","guid":{"rendered":"https:\/\/www.csl-group.com\/se\/?page_id=1740"},"modified":"2026-02-04T09:45:17","modified_gmt":"2026-02-04T09:45:17","slug":"nedstangningen-av-2g","status":"publish","type":"page","link":"https:\/\/www.csl-group.com\/se\/resurser\/nedstangningen-av-2g\/","title":{"rendered":"Nedst\u00e4ngningen av 2G"},"content":{"rendered":"\r\n<section class=\"page-banner page-banner__style-4 image-align-left\" aria-label=\"Page Banner\">\r\n    <div class=\"page-banner__inner\">\r\n        <div class=\"page-banner__wrapper\">\r\n            <div class=\"page-banner__details\">\r\n    <div class=\"container--large\">\r\n        <div class=\"page-banner__content\" data-aos=\"fade-right\" data-aos-delay=\"100\">\r\n            <div class=\"page-banner__content-inner\">\r\n                                    <span class=\"page-banner__pretitle\">\r\n                                                <span>Resurser<\/span>\r\n                    <\/span>\r\n                                <h1 class=\"page-banner__title h2\">Nedst\u00e4ngningen av <span class=\"text-primary\">2G<\/span><\/h1>\r\n                                <div class=\"page-banner__description\">\r\n                    <p>Sverige st\u00e4nger 2G-n\u00e4ten. Just nu p\u00e5g\u00e5r nedst\u00e4ngningen av de Svenska 2G n\u00e4ten och det har redan b\u00f6rjat m\u00e4rkas. Kommunikationsutrustning s\u00e5som larms\u00e4ndare och routrar som endast har 2G f\u00e5r sv\u00e5rare och sv\u00e5rare att kommunicera och det \u00e4r h\u00f6g tid att uppgradera till 4G- eller 5G-kompatibla l\u00f6sningar. Efter 2025 s\u00e5 \u00e4r det bara Telia som kommer forts\u00e4tta med 2G i ytterligare 2 \u00e5r medan alla andra 2G n\u00e4t kommer st\u00e4ngas. \u00c4ven om Telia forts\u00e4tter med 2G i ytterligare 2 \u00e5r s\u00e5 kommer det inte finnas n\u00e5gon backup fr\u00e5n andra 2G n\u00e4t vilket man annars f\u00e5r med ett roamande SIM-kort.<\/p>\n                <\/div>\r\n                                    <div class=\"page-banner__actions\">\r\n                                                    <a href=\"https:\/\/www.csl-group.com\/se\/kontakta-oss\/\" class=\"button \"  role=\"button\" aria-label=\"H\u00f6r av dig\">H\u00f6r av dig<\/a>                                            <\/div>\r\n                            <\/div>\r\n        <\/div>\r\n    <\/div>\r\n<\/div>\r\n<div class=\"page-banner__background\" data-aos=\"fade-up\">\n    <img fetchpriority=\"high\" decoding=\"async\" width=\"2100\" height=\"1179\" src=\"https:\/\/www.csl-group.com\/se\/wp-content\/uploads\/sites\/5\/2025\/02\/iStock-1328094196-1-scaled.jpg.webp\" class=\"page-banner__image\" alt=\"Mobil mast\" srcset=\"https:\/\/www.csl-group.com\/se\/wp-content\/uploads\/sites\/5\/2025\/02\/iStock-1328094196-1-scaled.jpg.webp 2100w, https:\/\/www.csl-group.com\/se\/wp-content\/uploads\/sites\/5\/2025\/02\/iStock-1328094196-1-300x168.jpg.webp 300w, https:\/\/www.csl-group.com\/se\/wp-content\/uploads\/sites\/5\/2025\/02\/iStock-1328094196-1-1024x575.jpg.webp 1024w, https:\/\/www.csl-group.com\/se\/wp-content\/uploads\/sites\/5\/2025\/02\/iStock-1328094196-1-768x431.jpg.webp 768w, https:\/\/www.csl-group.com\/se\/wp-content\/uploads\/sites\/5\/2025\/02\/iStock-1328094196-1-1536x863.jpg.webp 1536w, https:\/\/www.csl-group.com\/se\/wp-content\/uploads\/sites\/5\/2025\/02\/iStock-1328094196-1-2048x1150.jpg.webp 2048w\" sizes=\"(max-width: 2100px) 100vw, 2100px\" loading=\"eager\" \/><\/div>\r\n        <\/div>\r\n\r\n        \r\n        \r\n        \r\n\r\n        \r\n            <\/div>\r\n<\/section>\n\n\n\r\n\r\n\r\n<section class=\"media-text \">\r\n    <div class=\"media-text__inner \">\r\n        <div class=\"container--large\">\r\n            <div class=\"media-text__wrapper\">\n                <div class=\"media-text__media\" data-aos=\"fade-right\">\n                                            <div class=\"media-text__image\">\n                            <img decoding=\"async\" width=\"713\" height=\"678\" src=\"https:\/\/www.csl-group.com\/se\/wp-content\/uploads\/sites\/5\/2025\/02\/2g3g-image-01.jpg.webp\" class=\"attachment-full size-full\" alt=\"2g3g\" srcset=\"https:\/\/www.csl-group.com\/se\/wp-content\/uploads\/sites\/5\/2025\/02\/2g3g-image-01.jpg.webp 713w, https:\/\/www.csl-group.com\/se\/wp-content\/uploads\/sites\/5\/2025\/02\/2g3g-image-01-300x285.jpg.webp 300w\" sizes=\"auto, (max-width: 713px) 100vw, 713px\" loading=\"lazy\" \/>                        <\/div>\n                                    <\/div>\n                <div class=\"media-text__details align-top\">\r\n                    <div class=\"media-text__content\" data-aos=\"fade-up\" data-aos-delay=\"100\">\r\n                                                                            <h2 class=\"media-text__title h3\">Vad inneb\u00e4r <span class=\"text-primary\"> nedst\u00e4ngningen av 2G-n\u00e4ten?<\/span><\/h2>\r\n                                                                            <div class=\"media-text__body\">\r\n                                                                                                    <div class=\"media-text__text\">\r\n                                        <div>\n<p>Sveriges mobiloperat\u00f6rer planerar att st\u00e4nga ner 2G-n\u00e4ten den 1 december 2025. Telia har dock beslutat att skjuta upp nedst\u00e4ngningen av 2G-n\u00e4tet till 2027. Det \u00e4r viktigt att kontrollera att din utrustning har st\u00f6d f\u00f6r 4G och\/eller 5G, eftersom \u00e4ldre enheter som endast fungerar med 2G kommer att sluta fungera efter dessa datum.<\/p>\n<\/div>\n<div class=\"ewa-rteLine\">Nedst\u00e4ngningen av 2G-n\u00e4ten i Sverige p\u00e5g\u00e5r f\u00f6r fullt. Alla 3G-n\u00e4tverk har redan st\u00e4ngts ner. Operat\u00f6rerna arbetar aktivt med att informera anv\u00e4ndarna om teknikskiftet och s\u00e4kerst\u00e4lla att \u00f6verg\u00e5ngen till 4G och 5G sker smidigt.\u00a0Telia har beslutat att skjuta upp nedst\u00e4ngningen av 2G-n\u00e4tet till 2027 f\u00f6r att ge sina kunder mer tid att anpassa sig.<\/div>\n<p><strong>Status f\u00f6r svenska mobiloperat\u00f6rer:<\/strong><\/p>\n<p><b>Telia: <\/b>St\u00e4nger 3G-n\u00e4tet 2025 och driver 2G-n\u00e4tet till slutet av 2027.<\/p>\n<p><b>Telenor: <\/b>2G- och 3G-n\u00e4t st\u00e4ngs den 1 december 2025.<b><\/b><br \/>\n<b><\/b><\/p>\n<p><b>Tele2: <\/b>2G- och 3G-n\u00e4t st\u00e4ngs den 1 december 2025.<br \/>\n<b><\/b><\/p>\n<p><b>Tre: <\/b>3G-n\u00e4t st\u00e4ngs den 1 december 2025.\u00a0Har inget 2G-n\u00e4t.<\/p>\n<p>&nbsp;<\/p>\n                                    <\/div>\r\n                                                            <\/div>\r\n                                                                                            <\/div>\r\n                <\/div>\r\n            <\/div>\r\n        <\/div>\r\n            <\/div>\r\n<\/section>\n\n\n\r\n\r\n\r\n<section class=\"media-text layered-layout\">\r\n    <div class=\"media-text__inner \">\r\n        <div class=\"container--large\">\r\n            <div class=\"media-text__wrapper media-text__inverted\">\n                <div class=\"layered-wrapper\" data-aos=\"fade-right\">\n                                            <div class=\"media-text__layered\">\n                                                            <div class=\"media-text__layered-image\" data-id=\"0\">\n                                    <img decoding=\"async\" width=\"697\" height=\"1024\" src=\"https:\/\/www.csl-group.com\/se\/wp-content\/uploads\/sites\/5\/2025\/02\/2g3g-3images-back-697x1024.jpg.webp\" class=\"attachment-large size-large\" alt=\"2g3g\" srcset=\"https:\/\/www.csl-group.com\/se\/wp-content\/uploads\/sites\/5\/2025\/02\/2g3g-3images-back-697x1024.jpg.webp 697w, https:\/\/www.csl-group.com\/se\/wp-content\/uploads\/sites\/5\/2025\/02\/2g3g-3images-back-204x300.jpg.webp 204w, https:\/\/www.csl-group.com\/se\/wp-content\/uploads\/sites\/5\/2025\/02\/2g3g-3images-back.jpg.webp 754w\" sizes=\"auto, (max-width: 697px) 100vw, 697px\" loading=\"lazy\" \/>                                <\/div>\n                                                            <div class=\"media-text__layered-image\" data-id=\"1\">\n                                    <img decoding=\"async\" width=\"200\" height=\"300\" src=\"https:\/\/www.csl-group.com\/se\/wp-content\/uploads\/sites\/5\/2025\/02\/shutterstock_2531535303-1-200x300.jpg.webp\" class=\"attachment-medium size-medium\" alt=\"Mobil mast\" srcset=\"https:\/\/www.csl-group.com\/se\/wp-content\/uploads\/sites\/5\/2025\/02\/shutterstock_2531535303-1-200x300.jpg.webp 200w, https:\/\/www.csl-group.com\/se\/wp-content\/uploads\/sites\/5\/2025\/02\/shutterstock_2531535303-1-683x1024.jpg.webp 683w, https:\/\/www.csl-group.com\/se\/wp-content\/uploads\/sites\/5\/2025\/02\/shutterstock_2531535303-1-768x1152.jpg.webp 768w, https:\/\/www.csl-group.com\/se\/wp-content\/uploads\/sites\/5\/2025\/02\/shutterstock_2531535303-1-1024x1536.jpg.webp 1024w, https:\/\/www.csl-group.com\/se\/wp-content\/uploads\/sites\/5\/2025\/02\/shutterstock_2531535303-1-1365x2048.jpg.webp 1365w, https:\/\/www.csl-group.com\/se\/wp-content\/uploads\/sites\/5\/2025\/02\/shutterstock_2531535303-1-scaled.jpg.webp 1400w\" sizes=\"auto, (max-width: 200px) 100vw, 200px\" loading=\"lazy\" \/>                                <\/div>\n                                                            <div class=\"media-text__layered-image\" data-id=\"2\">\n                                    <img decoding=\"async\" width=\"300\" height=\"198\" src=\"https:\/\/www.csl-group.com\/se\/wp-content\/uploads\/sites\/5\/2025\/02\/2g3g-3images-front-300x198.jpg.webp\" class=\"attachment-medium size-medium\" alt=\"2g3g\" srcset=\"https:\/\/www.csl-group.com\/se\/wp-content\/uploads\/sites\/5\/2025\/02\/2g3g-3images-front-300x198.jpg.webp 300w, https:\/\/www.csl-group.com\/se\/wp-content\/uploads\/sites\/5\/2025\/02\/2g3g-3images-front.jpg.webp 437w\" sizes=\"auto, (max-width: 300px) 100vw, 300px\" loading=\"lazy\" \/>                                <\/div>\n                                                    <\/div>\n                                    <\/div>\n                <div class=\"media-text__details align-top\">\r\n                    <div class=\"media-text__content\" data-aos=\"fade-up\" data-aos-delay=\"100\">\r\n                                                                            <h2 class=\"media-text__title h3\"><span class=\"text-primary\">F\u00f6rbered dig f\u00f6r<\/span> nedst\u00e4ngningen av 2G<\/h2>\r\n                                                                            <div class=\"media-text__body\">\r\n                                                                                                    <div class=\"media-text__text\">\r\n                                        <p><span data-olk-copy-source=\"MessageBody\">Det \u00e4r viktigt att f\u00f6rst\u00e5 hur dina system anv\u00e4nder 2G-n\u00e4ten innan avst\u00e4ngningen sker. Vi finns h\u00e4r f\u00f6r att hj\u00e4lpa dig varje steg l\u00e4ngs v\u00e4gen s\u00e5 att dina tj\u00e4nster forts\u00e4tter att fungera som de ska. H\u00e4r \u00e4r grunderna:<\/span><\/p>\n                                    <\/div>\r\n                                                            <\/div>\r\n                                                                            <div class=\"media-text__flexible-content\">\r\n                                                                                                            <div class=\"flexible-content__tick-items\">\r\n                                            \r\n                                                \r\n\r\n<div class=\"tick-item\" data-aos=\"fade-up\" data-aos-delay=\"0\">\r\n    <div class=\"tick-item__icon\">\r\n        <svg xmlns=\"http:\/\/www.w3.org\/2000\/svg\" xmlns:xlink=\"http:\/\/www.w3.org\/1999\/xlink\" width=\"25.322\" height=\"18.969\" viewBox=\"0 0 25.322 18.969\" fill=\"currentColor\">\r\n  <defs>\r\n    <clipPath id=\"clip-path\">\r\n      <rect id=\"Rectangle_25085\" data-name=\"Rectangle 25085\" width=\"25.322\" height=\"18.969\" transform=\"translate(0 0)\" fill=\"currentColor\"\/>\r\n    <\/clipPath>\r\n  <\/defs>\r\n  <g id=\"Group_48061\" data-name=\"Group 48061\" transform=\"translate(0 0.001)\">\r\n    <g id=\"Group_48058\" data-name=\"Group 48058\" transform=\"translate(0 -0.001)\" clip-path=\"url(#clip-path)\">\r\n      <path id=\"Path_31268\" data-name=\"Path 31268\" d=\"M24.457.868h0a2.962,2.962,0,0,0-4.189,0L9.317,11.818,5.056,7.557A2.962,2.962,0,1,0,.867,11.746L7.223,18.1a2.962,2.962,0,0,0,4.189,0L24.457,5.057a2.966,2.966,0,0,0,0-4.189m-.948,3.242L10.464,17.154a1.622,1.622,0,0,1-2.294,0L1.814,10.8A1.622,1.622,0,0,1,4.108,8.5l5.209,5.209,11.9-11.9a1.622,1.622,0,1,1,2.294,2.294\" transform=\"translate(0 0)\" fill=\"currentColor\"\/>\r\n    <\/g>\r\n  <\/g>\r\n<\/svg>    <\/div>\r\n    <div class=\"tick-item__body\">\r\n                    <span class=\"tick-item__title\"> N\u00e4r?<\/span>\r\n                            <div class=\"tick-item__content\">\r\n                <p>3G-n\u00e4tet \u00e4r redan st\u00e4ngt. De flesta 2G-n\u00e4t kommer ocks\u00e5 att st\u00e4ngas den 1 december 2025, men Telia kommer att forts\u00e4tta driva sitt 2G-n\u00e4t fram till slutet av 2027.<\/p>\n            <\/div>\r\n            <\/div>\r\n<\/div>\r\n                                            \r\n                                                \r\n\r\n<div class=\"tick-item\" data-aos=\"fade-up\" data-aos-delay=\"100\">\r\n    <div class=\"tick-item__icon\">\r\n        <svg xmlns=\"http:\/\/www.w3.org\/2000\/svg\" xmlns:xlink=\"http:\/\/www.w3.org\/1999\/xlink\" width=\"25.322\" height=\"18.969\" viewBox=\"0 0 25.322 18.969\" fill=\"currentColor\">\r\n  <defs>\r\n    <clipPath id=\"clip-path\">\r\n      <rect id=\"Rectangle_25085\" data-name=\"Rectangle 25085\" width=\"25.322\" height=\"18.969\" transform=\"translate(0 0)\" fill=\"currentColor\"\/>\r\n    <\/clipPath>\r\n  <\/defs>\r\n  <g id=\"Group_48061\" data-name=\"Group 48061\" transform=\"translate(0 0.001)\">\r\n    <g id=\"Group_48058\" data-name=\"Group 48058\" transform=\"translate(0 -0.001)\" clip-path=\"url(#clip-path)\">\r\n      <path id=\"Path_31268\" data-name=\"Path 31268\" d=\"M24.457.868h0a2.962,2.962,0,0,0-4.189,0L9.317,11.818,5.056,7.557A2.962,2.962,0,1,0,.867,11.746L7.223,18.1a2.962,2.962,0,0,0,4.189,0L24.457,5.057a2.966,2.966,0,0,0,0-4.189m-.948,3.242L10.464,17.154a1.622,1.622,0,0,1-2.294,0L1.814,10.8A1.622,1.622,0,0,1,4.108,8.5l5.209,5.209,11.9-11.9a1.622,1.622,0,1,1,2.294,2.294\" transform=\"translate(0 0)\" fill=\"currentColor\"\/>\r\n    <\/g>\r\n  <\/g>\r\n<\/svg>    <\/div>\r\n    <div class=\"tick-item__body\">\r\n                    <span class=\"tick-item__title\">Vem p\u00e5verkas?<\/span>\r\n                            <div class=\"tick-item__content\">\r\n                <p><span data-olk-copy-source=\"MessageBody\">Alla enheter med radiomoduler som endast st\u00f6djer 2G n\u00e4ten kommer antingen sluta att fungera eller s\u00e5 kommer de endast att ha ett 2G n\u00e4t att kommunicera mot. Efter 1 december 2025 s\u00e5 kan dessa enheter endast anv\u00e4nda Telias 2G n\u00e4t. 2028 s\u00e5 kommer inga enheter som endast har st\u00f6d f\u00f6r 2G att ha n\u00e5got mobiln\u00e4t att kommunicera mot i Sverige.<\/span><\/p>\n            <\/div>\r\n            <\/div>\r\n<\/div>\r\n                                            \r\n                                                \r\n\r\n<div class=\"tick-item\" data-aos=\"fade-up\" data-aos-delay=\"200\">\r\n    <div class=\"tick-item__icon\">\r\n        <svg xmlns=\"http:\/\/www.w3.org\/2000\/svg\" xmlns:xlink=\"http:\/\/www.w3.org\/1999\/xlink\" width=\"25.322\" height=\"18.969\" viewBox=\"0 0 25.322 18.969\" fill=\"currentColor\">\r\n  <defs>\r\n    <clipPath id=\"clip-path\">\r\n      <rect id=\"Rectangle_25085\" data-name=\"Rectangle 25085\" width=\"25.322\" height=\"18.969\" transform=\"translate(0 0)\" fill=\"currentColor\"\/>\r\n    <\/clipPath>\r\n  <\/defs>\r\n  <g id=\"Group_48061\" data-name=\"Group 48061\" transform=\"translate(0 0.001)\">\r\n    <g id=\"Group_48058\" data-name=\"Group 48058\" transform=\"translate(0 -0.001)\" clip-path=\"url(#clip-path)\">\r\n      <path id=\"Path_31268\" data-name=\"Path 31268\" d=\"M24.457.868h0a2.962,2.962,0,0,0-4.189,0L9.317,11.818,5.056,7.557A2.962,2.962,0,1,0,.867,11.746L7.223,18.1a2.962,2.962,0,0,0,4.189,0L24.457,5.057a2.966,2.966,0,0,0,0-4.189m-.948,3.242L10.464,17.154a1.622,1.622,0,0,1-2.294,0L1.814,10.8A1.622,1.622,0,0,1,4.108,8.5l5.209,5.209,11.9-11.9a1.622,1.622,0,1,1,2.294,2.294\" transform=\"translate(0 0)\" fill=\"currentColor\"\/>\r\n    <\/g>\r\n  <\/g>\r\n<\/svg>    <\/div>\r\n    <div class=\"tick-item__body\">\r\n                    <span class=\"tick-item__title\">Vad beh\u00f6ver du g\u00f6ra? <\/span>\r\n                            <div class=\"tick-item__content\">\r\n                <p><span data-olk-copy-source=\"MessageBody\">Arbeta med CSL f\u00f6r att framtidss\u00e4kra dina system och s\u00e4kerst\u00e4lla kontinuiteten n\u00e4r Sverige g\u00e5r \u00f6ver till 4G och 5G-n\u00e4tverk.<\/span><\/p>\n            <\/div>\r\n            <\/div>\r\n<\/div>\r\n                                                                                    <\/div>\r\n                                                                                                <\/div>\r\n                                                                    <\/div>\r\n                <\/div>\r\n            <\/div>\r\n        <\/div>\r\n            <\/div>\r\n<\/section>\n","protected":false},"excerpt":{"rendered":"","protected":false},"author":1,"featured_media":2892,"parent":1619,"menu_order":0,"comment_status":"closed","ping_status":"closed","template":"","meta":{"_acf_changed":false,"footnotes":""},"class_list":["post-1740","page","type-page","status-publish","has-post-thumbnail","hentry"],"acf":[],"yoast_head":"<!-- This site is optimized with the Yoast SEO Premium plugin v27.1 (Yoast SEO v27.1.1) - https:\/\/yoast.com\/product\/yoast-seo-premium-wordpress\/ -->\n<title>Nedst\u00e4ngningen av 2G | \u00d6verg\u00e5 smidigt med CSL:s l\u00f6sningar<\/title>\n<meta name=\"description\" content=\"Utforska CSL:s guide till 2G-avvecklingen \u2013 viktiga datum, p\u00e5verkan och en smidig \u00f6verg\u00e5ng till 4G och 5G inf\u00f6r den brittiska deadlinen.\" \/>\n<meta name=\"robots\" content=\"index, follow, max-snippet:-1, max-image-preview:large, max-video-preview:-1\" \/>\n<link rel=\"canonical\" href=\"https:\/\/www.csl-group.com\/se\/resurser\/nedstangningen-av-2g\/\" \/>\n<meta property=\"og:locale\" content=\"en_US\" \/>\n<meta property=\"og:type\" content=\"article\" \/>\n<meta property=\"og:title\" content=\"Nedst\u00e4ngningen av 2G\" \/>\n<meta property=\"og:description\" content=\"Utforska CSL:s guide till 2G-avvecklingen \u2013 viktiga datum, p\u00e5verkan och en smidig \u00f6verg\u00e5ng till 4G och 5G inf\u00f6r den brittiska deadlinen.\" \/>\n<meta property=\"og:url\" content=\"https:\/\/www.csl-group.com\/se\/resurser\/nedstangningen-av-2g\/\" \/>\n<meta property=\"og:site_name\" content=\"CSL SE\" \/>\n<meta property=\"article:modified_time\" content=\"2026-02-04T09:45:17+00:00\" \/>\n<meta property=\"og:image\" content=\"https:\/\/www.csl-group.com\/se\/wp-content\/uploads\/sites\/5\/2025\/02\/iStock-1328094196-1-scaled.jpg.webp\" \/>\n\t<meta property=\"og:image:width\" content=\"2100\" \/>\n\t<meta property=\"og:image:height\" content=\"1179\" \/>\n\t<meta property=\"og:image:type\" content=\"image\/jpeg\" \/>\n<meta name=\"twitter:card\" content=\"summary_large_image\" \/>\n<meta name=\"twitter:label1\" content=\"Est. reading time\" \/>\n\t<meta name=\"twitter:data1\" content=\"4 minutes\" \/>\n<script type=\"application\/ld+json\" class=\"yoast-schema-graph\">{\"@context\":\"https:\/\/schema.org\",\"@graph\":[{\"@type\":\"WebPage\",\"@id\":\"https:\/\/www.csl-group.com\/se\/resurser\/nedstangningen-av-2g\/\",\"url\":\"https:\/\/www.csl-group.com\/se\/resurser\/nedstangningen-av-2g\/\",\"name\":\"Nedst\u00e4ngningen av 2G | \u00d6verg\u00e5 smidigt med CSL:s l\u00f6sningar\",\"isPartOf\":{\"@id\":\"https:\/\/www.csl-group.com\/se\/#website\"},\"primaryImageOfPage\":{\"@id\":\"https:\/\/www.csl-group.com\/se\/resurser\/nedstangningen-av-2g\/#primaryimage\"},\"image\":{\"@id\":\"https:\/\/www.csl-group.com\/se\/resurser\/nedstangningen-av-2g\/#primaryimage\"},\"thumbnailUrl\":\"https:\/\/www.csl-group.com\/se\/wp-content\/uploads\/sites\/5\/2025\/02\/iStock-1328094196-1-scaled.jpg.webp\",\"datePublished\":\"2025-02-07T14:26:36+00:00\",\"dateModified\":\"2026-02-04T09:45:17+00:00\",\"description\":\"Utforska CSL:s guide till 2G-avvecklingen \u2013 viktiga datum, p\u00e5verkan och en smidig \u00f6verg\u00e5ng till 4G och 5G inf\u00f6r den brittiska deadlinen.\",\"breadcrumb\":{\"@id\":\"https:\/\/www.csl-group.com\/se\/resurser\/nedstangningen-av-2g\/#breadcrumb\"},\"inLanguage\":\"en-US\",\"potentialAction\":[{\"@type\":\"ReadAction\",\"target\":[\"https:\/\/www.csl-group.com\/se\/resurser\/nedstangningen-av-2g\/\"]}]},{\"@type\":\"ImageObject\",\"inLanguage\":\"en-US\",\"@id\":\"https:\/\/www.csl-group.com\/se\/resurser\/nedstangningen-av-2g\/#primaryimage\",\"url\":\"https:\/\/www.csl-group.com\/se\/wp-content\/uploads\/sites\/5\/2025\/02\/iStock-1328094196-1-scaled.jpg.webp\",\"contentUrl\":\"https:\/\/www.csl-group.com\/se\/wp-content\/uploads\/sites\/5\/2025\/02\/iStock-1328094196-1-scaled.jpg.webp\",\"width\":2100,\"height\":1179,\"caption\":\"5G Sunset Cell Tower: Cellular communications tower for mobile phone and video data transmission\"},{\"@type\":\"BreadcrumbList\",\"@id\":\"https:\/\/www.csl-group.com\/se\/resurser\/nedstangningen-av-2g\/#breadcrumb\",\"itemListElement\":[{\"@type\":\"ListItem\",\"position\":1,\"name\":\"Home\",\"item\":\"https:\/\/www.csl-group.com\/se\/\"},{\"@type\":\"ListItem\",\"position\":2,\"name\":\"Resurser\",\"item\":\"https:\/\/www.csl-group.com\/se\/resurser\/\"},{\"@type\":\"ListItem\",\"position\":3,\"name\":\"Nedst\u00e4ngningen av 2G\"}]},{\"@type\":\"WebSite\",\"@id\":\"https:\/\/www.csl-group.com\/se\/#website\",\"url\":\"https:\/\/www.csl-group.com\/se\/\",\"name\":\"CSL\",\"description\":\"\",\"potentialAction\":[{\"@type\":\"SearchAction\",\"target\":{\"@type\":\"EntryPoint\",\"urlTemplate\":\"https:\/\/www.csl-group.com\/se\/?s={search_term_string}\"},\"query-input\":{\"@type\":\"PropertyValueSpecification\",\"valueRequired\":true,\"valueName\":\"search_term_string\"}}],\"inLanguage\":\"en-US\"}]}<\/script>\n<!-- \/ Yoast SEO Premium plugin. -->","yoast_head_json":{"title":"Nedst\u00e4ngningen av 2G | \u00d6verg\u00e5 smidigt med CSL:s l\u00f6sningar","description":"Utforska CSL:s guide till 2G-avvecklingen \u2013 viktiga datum, p\u00e5verkan och en smidig \u00f6verg\u00e5ng till 4G och 5G inf\u00f6r den brittiska deadlinen.","robots":{"index":"index","follow":"follow","max-snippet":"max-snippet:-1","max-image-preview":"max-image-preview:large","max-video-preview":"max-video-preview:-1"},"canonical":"https:\/\/www.csl-group.com\/se\/resurser\/nedstangningen-av-2g\/","og_locale":"en_US","og_type":"article","og_title":"Nedst\u00e4ngningen av 2G","og_description":"Utforska CSL:s guide till 2G-avvecklingen \u2013 viktiga datum, p\u00e5verkan och en smidig \u00f6verg\u00e5ng till 4G och 5G inf\u00f6r den brittiska deadlinen.","og_url":"https:\/\/www.csl-group.com\/se\/resurser\/nedstangningen-av-2g\/","og_site_name":"CSL SE","article_modified_time":"2026-02-04T09:45:17+00:00","og_image":[{"width":2100,"height":1179,"url":"https:\/\/www.csl-group.com\/se\/wp-content\/uploads\/sites\/5\/2025\/02\/iStock-1328094196-1-scaled.jpg.webp","type":"image\/jpeg"}],"twitter_card":"summary_large_image","twitter_misc":{"Est. reading time":"4 minutes"},"schema":{"@context":"https:\/\/schema.org","@graph":[{"@type":"WebPage","@id":"https:\/\/www.csl-group.com\/se\/resurser\/nedstangningen-av-2g\/","url":"https:\/\/www.csl-group.com\/se\/resurser\/nedstangningen-av-2g\/","name":"Nedst\u00e4ngningen av 2G | \u00d6verg\u00e5 smidigt med CSL:s l\u00f6sningar","isPartOf":{"@id":"https:\/\/www.csl-group.com\/se\/#website"},"primaryImageOfPage":{"@id":"https:\/\/www.csl-group.com\/se\/resurser\/nedstangningen-av-2g\/#primaryimage"},"image":{"@id":"https:\/\/www.csl-group.com\/se\/resurser\/nedstangningen-av-2g\/#primaryimage"},"thumbnailUrl":"https:\/\/www.csl-group.com\/se\/wp-content\/uploads\/sites\/5\/2025\/02\/iStock-1328094196-1-scaled.jpg.webp","datePublished":"2025-02-07T14:26:36+00:00","dateModified":"2026-02-04T09:45:17+00:00","description":"Utforska CSL:s guide till 2G-avvecklingen \u2013 viktiga datum, p\u00e5verkan och en smidig \u00f6verg\u00e5ng till 4G och 5G inf\u00f6r den brittiska deadlinen.","breadcrumb":{"@id":"https:\/\/www.csl-group.com\/se\/resurser\/nedstangningen-av-2g\/#breadcrumb"},"inLanguage":"en-US","potentialAction":[{"@type":"ReadAction","target":["https:\/\/www.csl-group.com\/se\/resurser\/nedstangningen-av-2g\/"]}]},{"@type":"ImageObject","inLanguage":"en-US","@id":"https:\/\/www.csl-group.com\/se\/resurser\/nedstangningen-av-2g\/#primaryimage","url":"https:\/\/www.csl-group.com\/se\/wp-content\/uploads\/sites\/5\/2025\/02\/iStock-1328094196-1-scaled.jpg.webp","contentUrl":"https:\/\/www.csl-group.com\/se\/wp-content\/uploads\/sites\/5\/2025\/02\/iStock-1328094196-1-scaled.jpg.webp","width":2100,"height":1179,"caption":"5G Sunset Cell Tower: Cellular communications tower for mobile phone and video data transmission"},{"@type":"BreadcrumbList","@id":"https:\/\/www.csl-group.com\/se\/resurser\/nedstangningen-av-2g\/#breadcrumb","itemListElement":[{"@type":"ListItem","position":1,"name":"Home","item":"https:\/\/www.csl-group.com\/se\/"},{"@type":"ListItem","position":2,"name":"Resurser","item":"https:\/\/www.csl-group.com\/se\/resurser\/"},{"@type":"ListItem","position":3,"name":"Nedst\u00e4ngningen av 2G"}]},{"@type":"WebSite","@id":"https:\/\/www.csl-group.com\/se\/#website","url":"https:\/\/www.csl-group.com\/se\/","name":"CSL","description":"","potentialAction":[{"@type":"SearchAction","target":{"@type":"EntryPoint","urlTemplate":"https:\/\/www.csl-group.com\/se\/?s={search_term_string}"},"query-input":{"@type":"PropertyValueSpecification","valueRequired":true,"valueName":"search_term_string"}}],"inLanguage":"en-US"}]}},"_links":{"self":[{"href":"https:\/\/www.csl-group.com\/se\/wp-json\/wp\/v2\/pages\/1740","targetHints":{"allow":["GET"]}}],"collection":[{"href":"https:\/\/www.csl-group.com\/se\/wp-json\/wp\/v2\/pages"}],"about":[{"href":"https:\/\/www.csl-group.com\/se\/wp-json\/wp\/v2\/types\/page"}],"author":[{"embeddable":true,"href":"https:\/\/www.csl-group.com\/se\/wp-json\/wp\/v2\/users\/1"}],"replies":[{"embeddable":true,"href":"https:\/\/www.csl-group.com\/se\/wp-json\/wp\/v2\/comments?post=1740"}],"version-history":[{"count":5,"href":"https:\/\/www.csl-group.com\/se\/wp-json\/wp\/v2\/pages\/1740\/revisions"}],"predecessor-version":[{"id":6742,"href":"https:\/\/www.csl-group.com\/se\/wp-json\/wp\/v2\/pages\/1740\/revisions\/6742"}],"up":[{"embeddable":true,"href":"https:\/\/www.csl-group.com\/se\/wp-json\/wp\/v2\/pages\/1619"}],"wp:featuredmedia":[{"embeddable":true,"href":"https:\/\/www.csl-group.com\/se\/wp-json\/wp\/v2\/media\/2892"}],"wp:attachment":[{"href":"https:\/\/www.csl-group.com\/se\/wp-json\/wp\/v2\/media?parent=1740"}],"curies":[{"name":"wp","href":"https:\/\/api.w.org\/{rel}","templated":true}]}}