{"id":1734,"date":"2025-02-07T14:27:41","date_gmt":"2025-02-07T14:27:41","guid":{"rendered":"https:\/\/www.csl-group.com\/se\/?page_id=1734"},"modified":"2025-03-13T16:37:12","modified_gmt":"2025-03-13T16:37:12","slug":"pstn-switch-off","status":"publish","type":"page","link":"https:\/\/www.csl-group.com\/se\/resurser\/pstn-switch-off\/","title":{"rendered":"PSTN-avst\u00e4ngning"},"content":{"rendered":"\r\n<section class=\"page-banner page-banner__style-4 image-align-left\" aria-label=\"Page Banner\">\r\n    <div class=\"page-banner__inner\">\r\n        <div class=\"page-banner__wrapper\">\r\n            <div class=\"page-banner__details\">\r\n    <div class=\"container--large\">\r\n        <div class=\"page-banner__content\" data-aos=\"fade-right\" data-aos-delay=\"100\">\r\n            <div class=\"page-banner__content-inner\">\r\n                                    <span class=\"page-banner__pretitle\">\r\n                                                <span>Resources<\/span>\r\n                    <\/span>\r\n                                <h1 class=\"page-banner__title h2\">PSTN <span class=\"text-primary\">avst\u00e4ngning<\/span><\/h1>\r\n                                <div class=\"page-banner__description\">\r\n                    <p>N\u00e4r Storbritannien \u00f6verg\u00e5r fr\u00e5n det allm\u00e4nna telefonn\u00e4tet (PSTN) till IP-baserade n\u00e4tverk ers\u00e4tts traditionella telefon- och bredbandslinjer med smartare, digitala l\u00f6sningar. Denna f\u00f6r\u00e4ndring p\u00e5verkar signalsystem f\u00f6r brand och s\u00e4kerhet, telev\u00e5rd och hisslarm och alla enheter som \u00e4r beroende av analoga anslutningar direkt, vilket g\u00f6r att f\u00f6retag och anv\u00e4ndare beh\u00f6ver uppgradera till IP-kompatibel teknik eller riskera att tj\u00e4nsterna inte fungerar l\u00e4ngre.<\/p>\n                <\/div>\r\n                                    <div class=\"page-banner__actions\">\r\n                                                    <a href=\"https:\/\/www.csl-group.com\/se\/kontakta-oss\/\" class=\"button \"  role=\"button\" aria-label=\"H\u00f6r av dig\">H\u00f6r av dig<\/a>                                            <\/div>\r\n                            <\/div>\r\n        <\/div>\r\n    <\/div>\r\n<\/div>\r\n<div class=\"page-banner__background\" data-aos=\"fade-up\">\n    <img fetchpriority=\"high\" decoding=\"async\" width=\"2100\" height=\"718\" src=\"https:\/\/www.csl-group.com\/se\/wp-content\/uploads\/sites\/5\/2025\/02\/pstn-main-01.jpg.webp\" class=\"page-banner__image\" alt=\"pstn\" srcset=\"https:\/\/www.csl-group.com\/se\/wp-content\/uploads\/sites\/5\/2025\/02\/pstn-main-01.jpg.webp 2100w, https:\/\/www.csl-group.com\/se\/wp-content\/uploads\/sites\/5\/2025\/02\/pstn-main-01-300x103.jpg.webp 300w, https:\/\/www.csl-group.com\/se\/wp-content\/uploads\/sites\/5\/2025\/02\/pstn-main-01-1024x350.jpg.webp 1024w, https:\/\/www.csl-group.com\/se\/wp-content\/uploads\/sites\/5\/2025\/02\/pstn-main-01-768x263.jpg.webp 768w, https:\/\/www.csl-group.com\/se\/wp-content\/uploads\/sites\/5\/2025\/02\/pstn-main-01-1536x525.jpg.webp 1536w, https:\/\/www.csl-group.com\/se\/wp-content\/uploads\/sites\/5\/2025\/02\/pstn-main-01-2048x700.jpg.webp 2048w\" sizes=\"(max-width: 2100px) 100vw, 2100px\" loading=\"eager\" \/><\/div>\r\n        <\/div>\r\n\r\n        \r\n        \r\n        \r\n\r\n        \r\n            <\/div>\r\n<\/section>\n\n\n\r\n\r\n\r\n<section class=\"media-text \">\r\n    <div class=\"media-text__inner \">\r\n        <div class=\"container--large\">\r\n            <div class=\"media-text__wrapper\">\n                <div class=\"media-text__media\" data-aos=\"fade-right\">\n                                            <div class=\"media-text__image\">\n                            <img decoding=\"async\" width=\"1536\" height=\"1028\" src=\"https:\/\/www.csl-group.com\/se\/wp-content\/uploads\/sites\/5\/2025\/02\/Emergency-Lines-Motorway-Call-1536x1028.jpg.webp\" class=\"attachment-full size-full\" alt=\"N\u00f6dl\u00e4ge\" srcset=\"https:\/\/www.csl-group.com\/se\/wp-content\/uploads\/sites\/5\/2025\/02\/Emergency-Lines-Motorway-Call-1536x1028.jpg.webp 1536w, https:\/\/www.csl-group.com\/se\/wp-content\/uploads\/sites\/5\/2025\/02\/Emergency-Lines-Motorway-Call-1536x1028.jpg-300x201.webp 300w, https:\/\/www.csl-group.com\/se\/wp-content\/uploads\/sites\/5\/2025\/02\/Emergency-Lines-Motorway-Call-1536x1028.jpg-1024x685.webp 1024w, https:\/\/www.csl-group.com\/se\/wp-content\/uploads\/sites\/5\/2025\/02\/Emergency-Lines-Motorway-Call-1536x1028.jpg-768x514.webp 768w\" sizes=\"auto, (max-width: 1536px) 100vw, 1536px\" loading=\"lazy\" \/>                        <\/div>\n                                    <\/div>\n                <div class=\"media-text__details align-top\">\r\n                    <div class=\"media-text__content\" data-aos=\"fade-up\" data-aos-delay=\"100\">\r\n                                                                            <h2 class=\"media-text__title h3\">Vad \u00e4r PSTN-avst\u00e4ngningen?   <\/h2>\r\n                                                                            <div class=\"media-text__body\">\r\n                                                                                                    <div class=\"media-text__text\">\r\n                                        <p>PSTN, det allm\u00e4nna telefonn\u00e4tet, kommer att st\u00e4ngas ner i Storbritannien till f\u00f6rm\u00e5n f\u00f6r en helt digital kommunikationsinfrastruktur och analoga telefontj\u00e4nsterna kommer att fasas ut helt till 2027. Som en del av den h\u00e4r uppgraderingen byts traditionella telefonuttag ut mot med smarta routrar f\u00f6r att b\u00e4ttre st\u00f6dja dagens konsumenter, deras smarta enheter och appar.<\/p>\n<p>Hittills har \u00f6ver 7 miljoner telefonlinjer uppgraderats och ytterligare 7 miljoner \u00e5terst\u00e5r. I januari 2027 kommer \u00f6verg\u00e5ngen att vara f\u00e4rdig, vilket p\u00e5verkar miljontals lokaler som beh\u00f6ver uppgraderingar f\u00f6r att tj\u00e4nster ska forts\u00e4tta fungera. CSL guidar dig genom varje steg l\u00e4ngs v\u00e4gen och erbjuder l\u00f6sningar som ser till att du f\u00e5r oavbrutna anslutningar som uppfyller alla till\u00e4mpliga standarder.<\/p>\n                                    <\/div>\r\n                                                            <\/div>\r\n                                                                                            <\/div>\r\n                <\/div>\r\n            <\/div>\r\n        <\/div>\r\n            <\/div>\r\n<\/section>\n\n\n\r\n\r\n\r\n<section class=\"media-text layered-layout\">\r\n    <div class=\"media-text__inner \">\r\n        <div class=\"container--large\">\r\n            <div class=\"media-text__wrapper media-text__inverted\">\n                <div class=\"layered-wrapper\" data-aos=\"fade-right\">\n                                            <div class=\"media-text__layered\">\n                                                            <div class=\"media-text__layered-image\" data-id=\"0\">\n                                    <img decoding=\"async\" width=\"701\" height=\"1024\" src=\"https:\/\/www.csl-group.com\/se\/wp-content\/uploads\/sites\/5\/2025\/02\/pstn-3images-back-701x1024.jpg.webp\" class=\"attachment-large size-large\" alt=\"pstn\" srcset=\"https:\/\/www.csl-group.com\/se\/wp-content\/uploads\/sites\/5\/2025\/02\/pstn-3images-back-701x1024.jpg.webp 701w, https:\/\/www.csl-group.com\/se\/wp-content\/uploads\/sites\/5\/2025\/02\/pstn-3images-back-205x300.jpg.webp 205w, https:\/\/www.csl-group.com\/se\/wp-content\/uploads\/sites\/5\/2025\/02\/pstn-3images-back.jpg.webp 754w\" sizes=\"auto, (max-width: 701px) 100vw, 701px\" loading=\"lazy\" \/>                                <\/div>\n                                                            <div class=\"media-text__layered-image\" data-id=\"1\">\n                                    <img decoding=\"async\" width=\"221\" height=\"300\" src=\"https:\/\/www.csl-group.com\/se\/wp-content\/uploads\/sites\/5\/2025\/02\/pstn-3images-middle-221x300.jpg.webp\" class=\"attachment-medium size-medium\" alt=\"pstn\" srcset=\"https:\/\/www.csl-group.com\/se\/wp-content\/uploads\/sites\/5\/2025\/02\/pstn-3images-middle-221x300.jpg.webp 221w, https:\/\/www.csl-group.com\/se\/wp-content\/uploads\/sites\/5\/2025\/02\/pstn-3images-middle.jpg.webp 564w\" sizes=\"auto, (max-width: 221px) 100vw, 221px\" loading=\"lazy\" \/>                                <\/div>\n                                                            <div class=\"media-text__layered-image\" data-id=\"2\">\n                                    <img decoding=\"async\" width=\"300\" height=\"198\" src=\"https:\/\/www.csl-group.com\/se\/wp-content\/uploads\/sites\/5\/2025\/02\/pstn-3images-front-300x198.jpg.webp\" class=\"attachment-medium size-medium\" alt=\"Byggnad och s\u00e4kerhet\" srcset=\"https:\/\/www.csl-group.com\/se\/wp-content\/uploads\/sites\/5\/2025\/02\/pstn-3images-front-300x198.jpg.webp 300w, https:\/\/www.csl-group.com\/se\/wp-content\/uploads\/sites\/5\/2025\/02\/pstn-3images-front.jpg.webp 564w\" sizes=\"auto, (max-width: 300px) 100vw, 300px\" loading=\"lazy\" \/>                                <\/div>\n                                                    <\/div>\n                                    <\/div>\n                <div class=\"media-text__details align-top\">\r\n                    <div class=\"media-text__content\" data-aos=\"fade-up\" data-aos-delay=\"100\">\r\n                                                                            <h2 class=\"media-text__title h3\">F\u00f6rbered dig f\u00f6r PSTN-avst\u00e4ngningen<\/h2>\r\n                                                                            <div class=\"media-text__body\">\r\n                                                                                                    <div class=\"media-text__text\">\r\n                                        <p>Det \u00e4r viktigt att f\u00f6rst\u00e5 hur dina system som anv\u00e4nder det analoga n\u00e4tet kommer att p\u00e5verkas innan avst\u00e4ngningen sker. Vi finns h\u00e4r f\u00f6r att hj\u00e4lpa dig varje steg l\u00e4ngs v\u00e4gen s\u00e5 att dina tj\u00e4nster forts\u00e4tter att fungera som de ska. H\u00e4r \u00e4r grunderna:<\/p>\n                                    <\/div>\r\n                                                            <\/div>\r\n                                                                            <div class=\"media-text__flexible-content\">\r\n                                                                                                            <div class=\"flexible-content__tick-items\">\r\n                                            \r\n                                                \r\n\r\n<div class=\"tick-item\" data-aos=\"fade-up\" data-aos-delay=\"0\">\r\n    <div class=\"tick-item__icon\">\r\n        <svg xmlns=\"http:\/\/www.w3.org\/2000\/svg\" xmlns:xlink=\"http:\/\/www.w3.org\/1999\/xlink\" width=\"25.322\" height=\"18.969\" viewBox=\"0 0 25.322 18.969\" fill=\"currentColor\">\r\n  <defs>\r\n    <clipPath id=\"clip-path\">\r\n      <rect id=\"Rectangle_25085\" data-name=\"Rectangle 25085\" width=\"25.322\" height=\"18.969\" transform=\"translate(0 0)\" fill=\"currentColor\"\/>\r\n    <\/clipPath>\r\n  <\/defs>\r\n  <g id=\"Group_48061\" data-name=\"Group 48061\" transform=\"translate(0 0.001)\">\r\n    <g id=\"Group_48058\" data-name=\"Group 48058\" transform=\"translate(0 -0.001)\" clip-path=\"url(#clip-path)\">\r\n      <path id=\"Path_31268\" data-name=\"Path 31268\" d=\"M24.457.868h0a2.962,2.962,0,0,0-4.189,0L9.317,11.818,5.056,7.557A2.962,2.962,0,1,0,.867,11.746L7.223,18.1a2.962,2.962,0,0,0,4.189,0L24.457,5.057a2.966,2.966,0,0,0,0-4.189m-.948,3.242L10.464,17.154a1.622,1.622,0,0,1-2.294,0L1.814,10.8A1.622,1.622,0,0,1,4.108,8.5l5.209,5.209,11.9-11.9a1.622,1.622,0,1,1,2.294,2.294\" transform=\"translate(0 0)\" fill=\"currentColor\"\/>\r\n    <\/g>\r\n  <\/g>\r\n<\/svg>    <\/div>\r\n    <div class=\"tick-item__body\">\r\n                    <span class=\"tick-item__title\">N\u00e4r? <\/span>\r\n                            <div class=\"tick-item__content\">\r\n                <p>Storbritannien kommer PSTN och alla analoga telefonlinjer att st\u00e4ngas i januari 2027.<\/p>\n            <\/div>\r\n            <\/div>\r\n<\/div>\r\n                                            \r\n                                                \r\n\r\n<div class=\"tick-item\" data-aos=\"fade-up\" data-aos-delay=\"100\">\r\n    <div class=\"tick-item__icon\">\r\n        <svg xmlns=\"http:\/\/www.w3.org\/2000\/svg\" xmlns:xlink=\"http:\/\/www.w3.org\/1999\/xlink\" width=\"25.322\" height=\"18.969\" viewBox=\"0 0 25.322 18.969\" fill=\"currentColor\">\r\n  <defs>\r\n    <clipPath id=\"clip-path\">\r\n      <rect id=\"Rectangle_25085\" data-name=\"Rectangle 25085\" width=\"25.322\" height=\"18.969\" transform=\"translate(0 0)\" fill=\"currentColor\"\/>\r\n    <\/clipPath>\r\n  <\/defs>\r\n  <g id=\"Group_48061\" data-name=\"Group 48061\" transform=\"translate(0 0.001)\">\r\n    <g id=\"Group_48058\" data-name=\"Group 48058\" transform=\"translate(0 -0.001)\" clip-path=\"url(#clip-path)\">\r\n      <path id=\"Path_31268\" data-name=\"Path 31268\" d=\"M24.457.868h0a2.962,2.962,0,0,0-4.189,0L9.317,11.818,5.056,7.557A2.962,2.962,0,1,0,.867,11.746L7.223,18.1a2.962,2.962,0,0,0,4.189,0L24.457,5.057a2.966,2.966,0,0,0,0-4.189m-.948,3.242L10.464,17.154a1.622,1.622,0,0,1-2.294,0L1.814,10.8A1.622,1.622,0,0,1,4.108,8.5l5.209,5.209,11.9-11.9a1.622,1.622,0,1,1,2.294,2.294\" transform=\"translate(0 0)\" fill=\"currentColor\"\/>\r\n    <\/g>\r\n  <\/g>\r\n<\/svg>    <\/div>\r\n    <div class=\"tick-item__body\">\r\n                    <span class=\"tick-item__title\">Vilka p\u00e5verkas?<\/span>\r\n                            <div class=\"tick-item__content\">\r\n                <p>Alla lokaler som anv\u00e4nder PSTN f\u00f6r telefon, bredband eller kritiska tj\u00e4nster som brand- och telev\u00e5rdslarm kommer att beh\u00f6va uppgradera.<\/p>\n            <\/div>\r\n            <\/div>\r\n<\/div>\r\n                                            \r\n                                                \r\n\r\n<div class=\"tick-item\" data-aos=\"fade-up\" data-aos-delay=\"200\">\r\n    <div class=\"tick-item__icon\">\r\n        <svg xmlns=\"http:\/\/www.w3.org\/2000\/svg\" xmlns:xlink=\"http:\/\/www.w3.org\/1999\/xlink\" width=\"25.322\" height=\"18.969\" viewBox=\"0 0 25.322 18.969\" fill=\"currentColor\">\r\n  <defs>\r\n    <clipPath id=\"clip-path\">\r\n      <rect id=\"Rectangle_25085\" data-name=\"Rectangle 25085\" width=\"25.322\" height=\"18.969\" transform=\"translate(0 0)\" fill=\"currentColor\"\/>\r\n    <\/clipPath>\r\n  <\/defs>\r\n  <g id=\"Group_48061\" data-name=\"Group 48061\" transform=\"translate(0 0.001)\">\r\n    <g id=\"Group_48058\" data-name=\"Group 48058\" transform=\"translate(0 -0.001)\" clip-path=\"url(#clip-path)\">\r\n      <path id=\"Path_31268\" data-name=\"Path 31268\" d=\"M24.457.868h0a2.962,2.962,0,0,0-4.189,0L9.317,11.818,5.056,7.557A2.962,2.962,0,1,0,.867,11.746L7.223,18.1a2.962,2.962,0,0,0,4.189,0L24.457,5.057a2.966,2.966,0,0,0,0-4.189m-.948,3.242L10.464,17.154a1.622,1.622,0,0,1-2.294,0L1.814,10.8A1.622,1.622,0,0,1,4.108,8.5l5.209,5.209,11.9-11.9a1.622,1.622,0,1,1,2.294,2.294\" transform=\"translate(0 0)\" fill=\"currentColor\"\/>\r\n    <\/g>\r\n  <\/g>\r\n<\/svg>    <\/div>\r\n    <div class=\"tick-item__body\">\r\n                    <span class=\"tick-item__title\">Vad beh\u00f6ver du g\u00f6ra?<\/span>\r\n                            <div class=\"tick-item__content\">\r\n                <p>Arbeta med CSL f\u00f6r att framtidss\u00e4kra dina system f\u00f6r att s\u00e4kerst\u00e4lla kontinuiteten n\u00e4r Storbritannien \u00f6verg\u00e5r till IP-n\u00e4tverk.<\/p>\n<p>&nbsp;<\/p>\n<p>&nbsp;<\/p>\n<p>&nbsp;<\/p>\n            <\/div>\r\n            <\/div>\r\n<\/div>\r\n                                                                                    <\/div>\r\n                                                                                                <\/div>\r\n                                                                    <\/div>\r\n                <\/div>\r\n            <\/div>\r\n        <\/div>\r\n            <\/div>\r\n<\/section>\n","protected":false},"excerpt":{"rendered":"","protected":false},"author":1,"featured_media":3537,"parent":1619,"menu_order":0,"comment_status":"closed","ping_status":"closed","template":"","meta":{"_acf_changed":false,"footnotes":""},"class_list":["post-1734","page","type-page","status-publish","has-post-thumbnail","hentry"],"acf":[],"yoast_head":"<!-- This site is optimized with the Yoast SEO Premium plugin v27.1 (Yoast SEO v27.1.1) - https:\/\/yoast.com\/product\/yoast-seo-premium-wordpress\/ -->\n<title>PSTN-avveckling | \u00d6verg\u00e5 smidigt med CSL:s l\u00f6sningar<\/title>\n<meta name=\"description\" content=\"Utforska CSL:s guide till PSTN-avst\u00e4ngningen \u2013 viktiga datum, p\u00e5verkan och hur vi smidigt \u00f6verg\u00e5r dina system fr\u00e5n analogt till digitalt f\u00f6re UK All IP-deadlinen.\" \/>\n<meta name=\"robots\" content=\"index, follow, max-snippet:-1, max-image-preview:large, max-video-preview:-1\" \/>\n<link rel=\"canonical\" href=\"https:\/\/www.csl-group.com\/se\/resurser\/pstn-switch-off\/\" \/>\n<meta property=\"og:locale\" content=\"en_US\" \/>\n<meta property=\"og:type\" content=\"article\" \/>\n<meta property=\"og:title\" content=\"PSTN-avst\u00e4ngning\" \/>\n<meta property=\"og:description\" content=\"Utforska CSL:s guide till PSTN-avst\u00e4ngningen \u2013 viktiga datum, p\u00e5verkan och hur vi smidigt \u00f6verg\u00e5r dina system fr\u00e5n analogt till digitalt f\u00f6re UK All IP-deadlinen.\" \/>\n<meta property=\"og:url\" content=\"https:\/\/www.csl-group.com\/se\/resurser\/pstn-switch-off\/\" \/>\n<meta property=\"og:site_name\" content=\"CSL SE\" \/>\n<meta property=\"article:modified_time\" content=\"2025-03-13T16:37:12+00:00\" \/>\n<meta property=\"og:image\" content=\"https:\/\/www.csl-group.com\/se\/wp-content\/uploads\/sites\/5\/2025\/02\/pstn-main-01.jpg.webp\" \/>\n\t<meta property=\"og:image:width\" content=\"2100\" \/>\n\t<meta property=\"og:image:height\" content=\"718\" \/>\n\t<meta property=\"og:image:type\" content=\"image\/jpeg\" \/>\n<meta name=\"twitter:card\" content=\"summary_large_image\" \/>\n<meta name=\"twitter:label1\" content=\"Est. reading time\" \/>\n\t<meta name=\"twitter:data1\" content=\"1 minute\" \/>\n<script type=\"application\/ld+json\" class=\"yoast-schema-graph\">{\"@context\":\"https:\/\/schema.org\",\"@graph\":[{\"@type\":\"WebPage\",\"@id\":\"https:\/\/www.csl-group.com\/se\/resurser\/pstn-switch-off\/\",\"url\":\"https:\/\/www.csl-group.com\/se\/resurser\/pstn-switch-off\/\",\"name\":\"PSTN-avveckling | \u00d6verg\u00e5 smidigt med CSL:s l\u00f6sningar\",\"isPartOf\":{\"@id\":\"https:\/\/www.csl-group.com\/se\/#website\"},\"primaryImageOfPage\":{\"@id\":\"https:\/\/www.csl-group.com\/se\/resurser\/pstn-switch-off\/#primaryimage\"},\"image\":{\"@id\":\"https:\/\/www.csl-group.com\/se\/resurser\/pstn-switch-off\/#primaryimage\"},\"thumbnailUrl\":\"https:\/\/www.csl-group.com\/se\/wp-content\/uploads\/sites\/5\/2025\/02\/pstn-main-01.jpg.webp\",\"datePublished\":\"2025-02-07T14:27:41+00:00\",\"dateModified\":\"2025-03-13T16:37:12+00:00\",\"description\":\"Utforska CSL:s guide till PSTN-avst\u00e4ngningen \u2013 viktiga datum, p\u00e5verkan och hur vi smidigt \u00f6verg\u00e5r dina system fr\u00e5n analogt till digitalt f\u00f6re UK All IP-deadlinen.\",\"breadcrumb\":{\"@id\":\"https:\/\/www.csl-group.com\/se\/resurser\/pstn-switch-off\/#breadcrumb\"},\"inLanguage\":\"en-US\",\"potentialAction\":[{\"@type\":\"ReadAction\",\"target\":[\"https:\/\/www.csl-group.com\/se\/resurser\/pstn-switch-off\/\"]}]},{\"@type\":\"ImageObject\",\"inLanguage\":\"en-US\",\"@id\":\"https:\/\/www.csl-group.com\/se\/resurser\/pstn-switch-off\/#primaryimage\",\"url\":\"https:\/\/www.csl-group.com\/se\/wp-content\/uploads\/sites\/5\/2025\/02\/pstn-main-01.jpg.webp\",\"contentUrl\":\"https:\/\/www.csl-group.com\/se\/wp-content\/uploads\/sites\/5\/2025\/02\/pstn-main-01.jpg.webp\",\"width\":2100,\"height\":718,\"caption\":\"pstn\"},{\"@type\":\"BreadcrumbList\",\"@id\":\"https:\/\/www.csl-group.com\/se\/resurser\/pstn-switch-off\/#breadcrumb\",\"itemListElement\":[{\"@type\":\"ListItem\",\"position\":1,\"name\":\"Home\",\"item\":\"https:\/\/www.csl-group.com\/se\/\"},{\"@type\":\"ListItem\",\"position\":2,\"name\":\"Resurser\",\"item\":\"https:\/\/www.csl-group.com\/se\/resurser\/\"},{\"@type\":\"ListItem\",\"position\":3,\"name\":\"PSTN-avst\u00e4ngning\"}]},{\"@type\":\"WebSite\",\"@id\":\"https:\/\/www.csl-group.com\/se\/#website\",\"url\":\"https:\/\/www.csl-group.com\/se\/\",\"name\":\"CSL\",\"description\":\"\",\"potentialAction\":[{\"@type\":\"SearchAction\",\"target\":{\"@type\":\"EntryPoint\",\"urlTemplate\":\"https:\/\/www.csl-group.com\/se\/?s={search_term_string}\"},\"query-input\":{\"@type\":\"PropertyValueSpecification\",\"valueRequired\":true,\"valueName\":\"search_term_string\"}}],\"inLanguage\":\"en-US\"}]}<\/script>\n<!-- \/ Yoast SEO Premium plugin. -->","yoast_head_json":{"title":"PSTN-avveckling | \u00d6verg\u00e5 smidigt med CSL:s l\u00f6sningar","description":"Utforska CSL:s guide till PSTN-avst\u00e4ngningen \u2013 viktiga datum, p\u00e5verkan och hur vi smidigt \u00f6verg\u00e5r dina system fr\u00e5n analogt till digitalt f\u00f6re UK All IP-deadlinen.","robots":{"index":"index","follow":"follow","max-snippet":"max-snippet:-1","max-image-preview":"max-image-preview:large","max-video-preview":"max-video-preview:-1"},"canonical":"https:\/\/www.csl-group.com\/se\/resurser\/pstn-switch-off\/","og_locale":"en_US","og_type":"article","og_title":"PSTN-avst\u00e4ngning","og_description":"Utforska CSL:s guide till PSTN-avst\u00e4ngningen \u2013 viktiga datum, p\u00e5verkan och hur vi smidigt \u00f6verg\u00e5r dina system fr\u00e5n analogt till digitalt f\u00f6re UK All IP-deadlinen.","og_url":"https:\/\/www.csl-group.com\/se\/resurser\/pstn-switch-off\/","og_site_name":"CSL SE","article_modified_time":"2025-03-13T16:37:12+00:00","og_image":[{"width":2100,"height":718,"url":"https:\/\/www.csl-group.com\/se\/wp-content\/uploads\/sites\/5\/2025\/02\/pstn-main-01.jpg.webp","type":"image\/jpeg"}],"twitter_card":"summary_large_image","twitter_misc":{"Est. reading time":"1 minute"},"schema":{"@context":"https:\/\/schema.org","@graph":[{"@type":"WebPage","@id":"https:\/\/www.csl-group.com\/se\/resurser\/pstn-switch-off\/","url":"https:\/\/www.csl-group.com\/se\/resurser\/pstn-switch-off\/","name":"PSTN-avveckling | \u00d6verg\u00e5 smidigt med CSL:s l\u00f6sningar","isPartOf":{"@id":"https:\/\/www.csl-group.com\/se\/#website"},"primaryImageOfPage":{"@id":"https:\/\/www.csl-group.com\/se\/resurser\/pstn-switch-off\/#primaryimage"},"image":{"@id":"https:\/\/www.csl-group.com\/se\/resurser\/pstn-switch-off\/#primaryimage"},"thumbnailUrl":"https:\/\/www.csl-group.com\/se\/wp-content\/uploads\/sites\/5\/2025\/02\/pstn-main-01.jpg.webp","datePublished":"2025-02-07T14:27:41+00:00","dateModified":"2025-03-13T16:37:12+00:00","description":"Utforska CSL:s guide till PSTN-avst\u00e4ngningen \u2013 viktiga datum, p\u00e5verkan och hur vi smidigt \u00f6verg\u00e5r dina system fr\u00e5n analogt till digitalt f\u00f6re UK All IP-deadlinen.","breadcrumb":{"@id":"https:\/\/www.csl-group.com\/se\/resurser\/pstn-switch-off\/#breadcrumb"},"inLanguage":"en-US","potentialAction":[{"@type":"ReadAction","target":["https:\/\/www.csl-group.com\/se\/resurser\/pstn-switch-off\/"]}]},{"@type":"ImageObject","inLanguage":"en-US","@id":"https:\/\/www.csl-group.com\/se\/resurser\/pstn-switch-off\/#primaryimage","url":"https:\/\/www.csl-group.com\/se\/wp-content\/uploads\/sites\/5\/2025\/02\/pstn-main-01.jpg.webp","contentUrl":"https:\/\/www.csl-group.com\/se\/wp-content\/uploads\/sites\/5\/2025\/02\/pstn-main-01.jpg.webp","width":2100,"height":718,"caption":"pstn"},{"@type":"BreadcrumbList","@id":"https:\/\/www.csl-group.com\/se\/resurser\/pstn-switch-off\/#breadcrumb","itemListElement":[{"@type":"ListItem","position":1,"name":"Home","item":"https:\/\/www.csl-group.com\/se\/"},{"@type":"ListItem","position":2,"name":"Resurser","item":"https:\/\/www.csl-group.com\/se\/resurser\/"},{"@type":"ListItem","position":3,"name":"PSTN-avst\u00e4ngning"}]},{"@type":"WebSite","@id":"https:\/\/www.csl-group.com\/se\/#website","url":"https:\/\/www.csl-group.com\/se\/","name":"CSL","description":"","potentialAction":[{"@type":"SearchAction","target":{"@type":"EntryPoint","urlTemplate":"https:\/\/www.csl-group.com\/se\/?s={search_term_string}"},"query-input":{"@type":"PropertyValueSpecification","valueRequired":true,"valueName":"search_term_string"}}],"inLanguage":"en-US"}]}},"_links":{"self":[{"href":"https:\/\/www.csl-group.com\/se\/wp-json\/wp\/v2\/pages\/1734","targetHints":{"allow":["GET"]}}],"collection":[{"href":"https:\/\/www.csl-group.com\/se\/wp-json\/wp\/v2\/pages"}],"about":[{"href":"https:\/\/www.csl-group.com\/se\/wp-json\/wp\/v2\/types\/page"}],"author":[{"embeddable":true,"href":"https:\/\/www.csl-group.com\/se\/wp-json\/wp\/v2\/users\/1"}],"replies":[{"embeddable":true,"href":"https:\/\/www.csl-group.com\/se\/wp-json\/wp\/v2\/comments?post=1734"}],"version-history":[{"count":12,"href":"https:\/\/www.csl-group.com\/se\/wp-json\/wp\/v2\/pages\/1734\/revisions"}],"predecessor-version":[{"id":3776,"href":"https:\/\/www.csl-group.com\/se\/wp-json\/wp\/v2\/pages\/1734\/revisions\/3776"}],"up":[{"embeddable":true,"href":"https:\/\/www.csl-group.com\/se\/wp-json\/wp\/v2\/pages\/1619"}],"wp:featuredmedia":[{"embeddable":true,"href":"https:\/\/www.csl-group.com\/se\/wp-json\/wp\/v2\/media\/3537"}],"wp:attachment":[{"href":"https:\/\/www.csl-group.com\/se\/wp-json\/wp\/v2\/media?parent=1734"}],"curies":[{"name":"wp","href":"https:\/\/api.w.org\/{rel}","templated":true}]}}