{"id":1373,"date":"2025-01-23T15:43:32","date_gmt":"2025-01-23T15:43:32","guid":{"rendered":"https:\/\/www.csl-group.com\/se\/?page_id=1373"},"modified":"2025-04-10T12:29:17","modified_gmt":"2025-04-10T12:29:17","slug":"nyheter","status":"publish","type":"page","link":"https:\/\/www.csl-group.com\/se\/nyheter\/","title":{"rendered":"Nyheter"},"content":{"rendered":"\r\n<section class=\"post-grid pt-0\">\r\n  <div class=\"container--large\">\r\n    <!-- Section Title -->\r\n    <div class=\"post-grid__title\">\r\n      <h1 class=\"heading h2\">Nyheter<\/h1>\r\n    <\/div>\r\n\r\n    \r\n    <!-- Posts Grid -->\r\n    <div class=\"pg-card__grid\" data-post-type=\"nyheter\">\r\n                        \r\n<div class=\"pg-card__item\" data-aos=\"fade-up\">\n  <a href=\"https:\/\/www.csl-group.com\/se\/nyheter\/csl-och-vodafone-business-utnamnda-till-arets-iot-allians-2026\/\">\n    <div class=\"pg-card__image\">\n                    <span class=\"pg-card__featured\">Utvalt<\/span>\n                            <img decoding=\"async\" width=\"996\" height=\"972\" src=\"https:\/\/www.csl-group.com\/se\/wp-content\/uploads\/sites\/5\/2026\/01\/IoT-Breakthrough-Award-2026-Preview.png\" class=\"pg-card__image-img\" alt=\"CSL och Vodafone Business utn\u00e4mnda till \u00c5rets IoT-allians 2026\" title=\"CSL och Vodafone Business utn\u00e4mnda till \u00c5rets IoT-allians 2026\" srcset=\"https:\/\/www.csl-group.com\/se\/wp-content\/uploads\/sites\/5\/2026\/01\/IoT-Breakthrough-Award-2026-Preview.png 996w, https:\/\/www.csl-group.com\/se\/wp-content\/uploads\/sites\/5\/2026\/01\/IoT-Breakthrough-Award-2026-Preview-300x293.png 300w, https:\/\/www.csl-group.com\/se\/wp-content\/uploads\/sites\/5\/2026\/01\/IoT-Breakthrough-Award-2026-Preview-768x749.png 768w\" sizes=\"auto, (max-width: 996px) 100vw, 996px\" loading=\"lazy\" \/>            <\/div>\r\n    <div class=\"pg-card__text\">\r\n        <div class=\"pg-card__top\">\r\n                        <h3 class=\"h4\">CSL och Vodafone Business utn\u00e4mnda till \u00c5rets IoT-allians 2026<\/h3>\r\n            <div class=\"pg-card__excerpt\">\r\n                <div class=\"pg-card__excerpt-inner\">\r\n                    <p>Vi \u00e4r stolta\u00a0\u00f6ver\u00a0att kunna meddela att\u202fCSL och Vodafone Business\u202fhar utn\u00e4mnts till\u202f\u00c5rets\u00a0IoT-allians vid 2026\u00a0IoT\u00a0Breakthrough\u00a0Awards, som ett erk\u00e4nnande f\u00f6r ett enast\u00e5ende partnerskap som har en betydande inverkan i\u00a0samh\u00e4llet.\u00a0<\/p>\r\n                <\/div>\r\n            <\/div>\r\n        <\/div>\r\n        <div class=\"pg-card__bottom\">\r\n                            <span>08\/01\/26<\/span>\r\n                        <svg xmlns=\"http:\/\/www.w3.org\/2000\/svg\" width=\"28.731\" height=\"28.731\" viewBox=\"0 0 28.731 28.731\" fill=\"currentColor\">\r\n  <g id=\"Group_38238\" data-name=\"Group 38238\" transform=\"translate(-1104.954 -237.965) rotate(-45)\">\r\n    <line id=\"Line_17\" data-name=\"Line 17\" x2=\"21.887\" transform=\"translate(596.841 969.903)\" fill=\"none\" stroke=\"currentColor\" stroke-linecap=\"round\" stroke-width=\"3\"\/>\r\n    <line id=\"Line_18\" data-name=\"Line 18\" x2=\"11.348\" y2=\"10.403\" transform=\"translate(607.379 959.5)\" fill=\"none\" stroke=\"currentColor\" stroke-linecap=\"round\" stroke-width=\"3\"\/>\r\n    <line id=\"Line_19\" data-name=\"Line 19\" y1=\"10.403\" x2=\"11.348\" transform=\"translate(607.379 969.903)\" fill=\"none\" stroke=\"currentColor\" stroke-linecap=\"round\" stroke-width=\"3\"\/>\r\n  <\/g>\r\n<\/svg>        <\/div>\r\n    <\/div>\r\n  <\/a>\r\n<\/div>\n                  \r\n<div class=\"pg-card__item\" data-aos=\"fade-up\">\n  <a href=\"https:\/\/www.csl-group.com\/se\/nyheter\/csl-blir-officiell-technology-integration-partner-till-axis-communications\/\">\n    <div class=\"pg-card__image\">\n                    <span class=\"pg-card__featured\">Utvalt<\/span>\n                            <img decoding=\"async\" width=\"996\" height=\"972\" src=\"https:\/\/www.csl-group.com\/se\/wp-content\/uploads\/sites\/5\/2025\/10\/Axis-x-CSL-News-Preview-blue.png\" class=\"pg-card__image-img\" alt=\"CSL Blir Officiell Technology Integration Partner till Axis Communications\" title=\"CSL Blir Officiell Technology Integration Partner till Axis Communications\" srcset=\"https:\/\/www.csl-group.com\/se\/wp-content\/uploads\/sites\/5\/2025\/10\/Axis-x-CSL-News-Preview-blue.png 996w, https:\/\/www.csl-group.com\/se\/wp-content\/uploads\/sites\/5\/2025\/10\/Axis-x-CSL-News-Preview-blue-300x293.png 300w, https:\/\/www.csl-group.com\/se\/wp-content\/uploads\/sites\/5\/2025\/10\/Axis-x-CSL-News-Preview-blue-768x749.png 768w\" sizes=\"auto, (max-width: 996px) 100vw, 996px\" loading=\"lazy\" \/>            <\/div>\r\n    <div class=\"pg-card__text\">\r\n        <div class=\"pg-card__top\">\r\n                        <h3 class=\"h4\">CSL Blir Officiell Technology Integration Partner till Axis Communications<\/h3>\r\n            <div class=\"pg-card__excerpt\">\r\n                <div class=\"pg-card__excerpt-inner\">\r\n                    <p>Vi \u00e4r glada att kunna meddela att CSL nu \u00e4r en Technology Integration Partner till Axis Communications. Partnerskapet f\u00f6renar CSL:s expertis inom kritisk konnektivitet med Axis branschledande teknik inom n\u00e4tverksvideo, ljud och passerkontroll.<\/p>\r\n                <\/div>\r\n            <\/div>\r\n        <\/div>\r\n        <div class=\"pg-card__bottom\">\r\n                            <span>30\/09\/25<\/span>\r\n                        <svg xmlns=\"http:\/\/www.w3.org\/2000\/svg\" width=\"28.731\" height=\"28.731\" viewBox=\"0 0 28.731 28.731\" fill=\"currentColor\">\r\n  <g id=\"Group_38238\" data-name=\"Group 38238\" transform=\"translate(-1104.954 -237.965) rotate(-45)\">\r\n    <line id=\"Line_17\" data-name=\"Line 17\" x2=\"21.887\" transform=\"translate(596.841 969.903)\" fill=\"none\" stroke=\"currentColor\" stroke-linecap=\"round\" stroke-width=\"3\"\/>\r\n    <line id=\"Line_18\" data-name=\"Line 18\" x2=\"11.348\" y2=\"10.403\" transform=\"translate(607.379 959.5)\" fill=\"none\" stroke=\"currentColor\" stroke-linecap=\"round\" stroke-width=\"3\"\/>\r\n    <line id=\"Line_19\" data-name=\"Line 19\" y1=\"10.403\" x2=\"11.348\" transform=\"translate(607.379 969.903)\" fill=\"none\" stroke=\"currentColor\" stroke-linecap=\"round\" stroke-width=\"3\"\/>\r\n  <\/g>\r\n<\/svg>        <\/div>\r\n    <\/div>\r\n  <\/a>\r\n<\/div>\n                  \r\n<div class=\"pg-card__item\" data-aos=\"fade-up\">\n  <a href=\"https:\/\/www.csl-group.com\/se\/nyheter\/vigi-fran-tp-link-ar-nu-officiellt-rsim-certified\/\">\n    <div class=\"pg-card__image\">\n                            <img decoding=\"async\" width=\"996\" height=\"972\" src=\"https:\/\/www.csl-group.com\/se\/wp-content\/uploads\/sites\/5\/2025\/11\/Vigi-tp-link-and-CSL-Partnership.png\" class=\"pg-card__image-img\" alt=\"ViGi fr\u00e5n TP-Link \u00e4r nu officiellt rSIM\u00ae Certified\" title=\"ViGi fr\u00e5n TP-Link \u00e4r nu officiellt rSIM\u00ae Certified\" srcset=\"https:\/\/www.csl-group.com\/se\/wp-content\/uploads\/sites\/5\/2025\/11\/Vigi-tp-link-and-CSL-Partnership.png 996w, https:\/\/www.csl-group.com\/se\/wp-content\/uploads\/sites\/5\/2025\/11\/Vigi-tp-link-and-CSL-Partnership-300x293.png 300w, https:\/\/www.csl-group.com\/se\/wp-content\/uploads\/sites\/5\/2025\/11\/Vigi-tp-link-and-CSL-Partnership-768x749.png 768w\" sizes=\"auto, (max-width: 996px) 100vw, 996px\" loading=\"lazy\" \/>            <\/div>\r\n    <div class=\"pg-card__text\">\r\n        <div class=\"pg-card__top\">\r\n                        <h3 class=\"h4\">ViGi fr\u00e5n TP-Link \u00e4r nu officiellt rSIM\u00ae Certified<\/h3>\r\n            <div class=\"pg-card__excerpt\">\r\n                <div class=\"pg-card__excerpt-inner\">\r\n                    <p>Vi \u00e4r glada att kunna meddela att VIGI, TP-Links professionella s\u00e4kerhetskameram\u00e4rke, officiellt har erh\u00e5llit rSIM\u00ae-certifiering. I samarbete med CSL understryker detta erk\u00e4nnande tillf\u00f6rlitligheten och s\u00e4kerheten hos deras l\u00f6sningar och bekr\u00e4ftar v\u00e5rt gemensamma engagemang f\u00f6r innovation och kvalitet.<\/p>\r\n                <\/div>\r\n            <\/div>\r\n        <\/div>\r\n        <div class=\"pg-card__bottom\">\r\n                            <span>12\/11\/25<\/span>\r\n                        <svg xmlns=\"http:\/\/www.w3.org\/2000\/svg\" width=\"28.731\" height=\"28.731\" viewBox=\"0 0 28.731 28.731\" fill=\"currentColor\">\r\n  <g id=\"Group_38238\" data-name=\"Group 38238\" transform=\"translate(-1104.954 -237.965) rotate(-45)\">\r\n    <line id=\"Line_17\" data-name=\"Line 17\" x2=\"21.887\" transform=\"translate(596.841 969.903)\" fill=\"none\" stroke=\"currentColor\" stroke-linecap=\"round\" stroke-width=\"3\"\/>\r\n    <line id=\"Line_18\" data-name=\"Line 18\" x2=\"11.348\" y2=\"10.403\" transform=\"translate(607.379 959.5)\" fill=\"none\" stroke=\"currentColor\" stroke-linecap=\"round\" stroke-width=\"3\"\/>\r\n    <line id=\"Line_19\" data-name=\"Line 19\" y1=\"10.403\" x2=\"11.348\" transform=\"translate(607.379 969.903)\" fill=\"none\" stroke=\"currentColor\" stroke-linecap=\"round\" stroke-width=\"3\"\/>\r\n  <\/g>\r\n<\/svg>        <\/div>\r\n    <\/div>\r\n  <\/a>\r\n<\/div>\n                  \r\n<div class=\"pg-card__item\" data-aos=\"fade-up\">\n  <a href=\"https:\/\/www.csl-group.com\/se\/nyheter\/csl-firar-en-halv-miljon-salda-enheter\/\">\n    <div class=\"pg-card__image\">\n                            <img decoding=\"async\" width=\"996\" height=\"972\" src=\"https:\/\/www.csl-group.com\/se\/wp-content\/uploads\/sites\/5\/2025\/11\/Pro-500000-Design-1-2.png.webp\" class=\"pg-card__image-img\" alt=\"CSL firar en halv miljon s\u00e5lda enheter\" title=\"CSL firar en halv miljon s\u00e5lda enheter\" srcset=\"https:\/\/www.csl-group.com\/se\/wp-content\/uploads\/sites\/5\/2025\/11\/Pro-500000-Design-1-2.png.webp 996w, https:\/\/www.csl-group.com\/se\/wp-content\/uploads\/sites\/5\/2025\/11\/Pro-500000-Design-1-2-300x293.png.webp 300w, https:\/\/www.csl-group.com\/se\/wp-content\/uploads\/sites\/5\/2025\/11\/Pro-500000-Design-1-2-768x749.png.webp 768w\" sizes=\"auto, (max-width: 996px) 100vw, 996px\" loading=\"lazy\" \/>            <\/div>\r\n    <div class=\"pg-card__text\">\r\n        <div class=\"pg-card__top\">\r\n                        <h3 class=\"h4\">CSL firar en halv miljon s\u00e5lda enheter<\/h3>\r\n            <div class=\"pg-card__excerpt\">\r\n                <div class=\"pg-card__excerpt-inner\">\r\n                    <p>En viktig milstolpe som markerar framg\u00e5ngen och tillf\u00f6rlitligheten hos v\u00e5rt flaggskeppssortiment av larmsignaler.<\/p>\r\n                <\/div>\r\n            <\/div>\r\n        <\/div>\r\n        <div class=\"pg-card__bottom\">\r\n                            <span>04\/11\/25<\/span>\r\n                        <svg xmlns=\"http:\/\/www.w3.org\/2000\/svg\" width=\"28.731\" height=\"28.731\" viewBox=\"0 0 28.731 28.731\" fill=\"currentColor\">\r\n  <g id=\"Group_38238\" data-name=\"Group 38238\" transform=\"translate(-1104.954 -237.965) rotate(-45)\">\r\n    <line id=\"Line_17\" data-name=\"Line 17\" x2=\"21.887\" transform=\"translate(596.841 969.903)\" fill=\"none\" stroke=\"currentColor\" stroke-linecap=\"round\" stroke-width=\"3\"\/>\r\n    <line id=\"Line_18\" data-name=\"Line 18\" x2=\"11.348\" y2=\"10.403\" transform=\"translate(607.379 959.5)\" fill=\"none\" stroke=\"currentColor\" stroke-linecap=\"round\" stroke-width=\"3\"\/>\r\n    <line id=\"Line_19\" data-name=\"Line 19\" y1=\"10.403\" x2=\"11.348\" transform=\"translate(607.379 969.903)\" fill=\"none\" stroke=\"currentColor\" stroke-linecap=\"round\" stroke-width=\"3\"\/>\r\n  <\/g>\r\n<\/svg>        <\/div>\r\n    <\/div>\r\n  <\/a>\r\n<\/div>\n                  \r\n<div class=\"pg-card__item\" data-aos=\"fade-up\">\n  <a href=\"https:\/\/www.csl-group.com\/se\/nyheter\/ny-affarsmodell-for-dualcom-pro-serien\/\">\n    <div class=\"pg-card__image\">\n                            <img decoding=\"async\" width=\"996\" height=\"972\" src=\"https:\/\/www.csl-group.com\/se\/wp-content\/uploads\/sites\/5\/2025\/09\/Insights-CM3-Launch-News.png.webp\" class=\"pg-card__image-img\" alt=\"Ny aff\u00e4rsmodell f\u00f6r DualCom Pro-serien\" title=\"Ny aff\u00e4rsmodell f\u00f6r DualCom Pro-serien\" srcset=\"https:\/\/www.csl-group.com\/se\/wp-content\/uploads\/sites\/5\/2025\/09\/Insights-CM3-Launch-News.png.webp 996w, https:\/\/www.csl-group.com\/se\/wp-content\/uploads\/sites\/5\/2025\/09\/Insights-CM3-Launch-News-300x293.png.webp 300w, https:\/\/www.csl-group.com\/se\/wp-content\/uploads\/sites\/5\/2025\/09\/Insights-CM3-Launch-News-768x749.png.webp 768w\" sizes=\"auto, (max-width: 996px) 100vw, 996px\" loading=\"lazy\" \/>            <\/div>\r\n    <div class=\"pg-card__text\">\r\n        <div class=\"pg-card__top\">\r\n                        <h3 class=\"h4\">Ny aff\u00e4rsmodell f\u00f6r DualCom Pro-serien<\/h3>\r\n            <div class=\"pg-card__excerpt\">\r\n                <div class=\"pg-card__excerpt-inner\">\r\n                    <p>Vi \u00e4r glada att kunna meddela lanseringen av v\u00e5r nya kommersiella modell CM3, som har utvecklats speciellt f\u00f6r den nordiska marknaden. Den nya modellen finns tillg\u00e4nglig fr\u00e5n och med m\u00e5ndagen den 1 september 2025.<\/p>\r\n                <\/div>\r\n            <\/div>\r\n        <\/div>\r\n        <div class=\"pg-card__bottom\">\r\n                            <span>02\/09\/25<\/span>\r\n                        <svg xmlns=\"http:\/\/www.w3.org\/2000\/svg\" width=\"28.731\" height=\"28.731\" viewBox=\"0 0 28.731 28.731\" fill=\"currentColor\">\r\n  <g id=\"Group_38238\" data-name=\"Group 38238\" transform=\"translate(-1104.954 -237.965) rotate(-45)\">\r\n    <line id=\"Line_17\" data-name=\"Line 17\" x2=\"21.887\" transform=\"translate(596.841 969.903)\" fill=\"none\" stroke=\"currentColor\" stroke-linecap=\"round\" stroke-width=\"3\"\/>\r\n    <line id=\"Line_18\" data-name=\"Line 18\" x2=\"11.348\" y2=\"10.403\" transform=\"translate(607.379 959.5)\" fill=\"none\" stroke=\"currentColor\" stroke-linecap=\"round\" stroke-width=\"3\"\/>\r\n    <line id=\"Line_19\" data-name=\"Line 19\" y1=\"10.403\" x2=\"11.348\" transform=\"translate(607.379 969.903)\" fill=\"none\" stroke=\"currentColor\" stroke-linecap=\"round\" stroke-width=\"3\"\/>\r\n  <\/g>\r\n<\/svg>        <\/div>\r\n    <\/div>\r\n  <\/a>\r\n<\/div>\n                  \r\n<div class=\"pg-card__item\" data-aos=\"fade-up\">\n  <a href=\"https:\/\/www.csl-group.com\/se\/nyheter\/legrand-care-csl-extend-their-partnership-with-the-launch-of-rsim-technology\/\">\n    <div class=\"pg-card__image\">\n                            <img decoding=\"async\" width=\"996\" height=\"972\" src=\"https:\/\/www.csl-group.com\/se\/wp-content\/uploads\/sites\/5\/2025\/07\/Legrand-and-CSL-Partnership-with-Logo.png\" class=\"pg-card__image-img\" alt=\"Legrand Care och CSL st\u00e4rker sitt partnerskap med lanseringen av rSIM\u00ae-tekniken\" title=\"Legrand Care och CSL st\u00e4rker sitt partnerskap med lanseringen av rSIM\u00ae-tekniken\" srcset=\"https:\/\/www.csl-group.com\/se\/wp-content\/uploads\/sites\/5\/2025\/07\/Legrand-and-CSL-Partnership-with-Logo.png 996w, https:\/\/www.csl-group.com\/se\/wp-content\/uploads\/sites\/5\/2025\/07\/Legrand-and-CSL-Partnership-with-Logo-300x293.png 300w, https:\/\/www.csl-group.com\/se\/wp-content\/uploads\/sites\/5\/2025\/07\/Legrand-and-CSL-Partnership-with-Logo-768x749.png 768w\" sizes=\"auto, (max-width: 996px) 100vw, 996px\" loading=\"lazy\" \/>            <\/div>\r\n    <div class=\"pg-card__text\">\r\n        <div class=\"pg-card__top\">\r\n                        <h3 class=\"h4\">Legrand Care och CSL st\u00e4rker sitt partnerskap med lanseringen av rSIM\u00ae-tekniken<\/h3>\r\n            <div class=\"pg-card__excerpt\">\r\n                <div class=\"pg-card__excerpt-inner\">\r\n                    <p>Vi \u00e4r glada att kunna meddela att vi f\u00f6rl\u00e4nger v\u00e5rt strategiska partnerskap med Legrand Care, specialister p\u00e5 uppkopplade l\u00f6sningar f\u00f6r h\u00e4lso- och sjukv\u00e5rdssektorn.<\/p>\r\n                <\/div>\r\n            <\/div>\r\n        <\/div>\r\n        <div class=\"pg-card__bottom\">\r\n                            <span>23\/07\/25<\/span>\r\n                        <svg xmlns=\"http:\/\/www.w3.org\/2000\/svg\" width=\"28.731\" height=\"28.731\" viewBox=\"0 0 28.731 28.731\" fill=\"currentColor\">\r\n  <g id=\"Group_38238\" data-name=\"Group 38238\" transform=\"translate(-1104.954 -237.965) rotate(-45)\">\r\n    <line id=\"Line_17\" data-name=\"Line 17\" x2=\"21.887\" transform=\"translate(596.841 969.903)\" fill=\"none\" stroke=\"currentColor\" stroke-linecap=\"round\" stroke-width=\"3\"\/>\r\n    <line id=\"Line_18\" data-name=\"Line 18\" x2=\"11.348\" y2=\"10.403\" transform=\"translate(607.379 959.5)\" fill=\"none\" stroke=\"currentColor\" stroke-linecap=\"round\" stroke-width=\"3\"\/>\r\n    <line id=\"Line_19\" data-name=\"Line 19\" y1=\"10.403\" x2=\"11.348\" transform=\"translate(607.379 969.903)\" fill=\"none\" stroke=\"currentColor\" stroke-linecap=\"round\" stroke-width=\"3\"\/>\r\n  <\/g>\r\n<\/svg>        <\/div>\r\n    <\/div>\r\n  <\/a>\r\n<\/div>\n                  \r\n<div class=\"pg-card__item\" data-aos=\"fade-up\">\n  <a href=\"https:\/\/www.csl-group.com\/se\/nyheter\/csl-meddelar-partnerskap-med-kpn\/\">\n    <div class=\"pg-card__image\">\n                            <img decoding=\"async\" width=\"1024\" height=\"726\" src=\"https:\/\/www.csl-group.com\/se\/wp-content\/uploads\/sites\/5\/2025\/06\/CSL-KPN-1024x726.png\" class=\"pg-card__image-img\" alt=\"CSL Group meddelar partnerskap med KPN\" title=\"CSL Group meddelar partnerskap med KPN\" srcset=\"https:\/\/www.csl-group.com\/se\/wp-content\/uploads\/sites\/5\/2025\/06\/CSL-KPN-1024x726.png 1024w, https:\/\/www.csl-group.com\/se\/wp-content\/uploads\/sites\/5\/2025\/06\/CSL-KPN-300x213.png 300w, https:\/\/www.csl-group.com\/se\/wp-content\/uploads\/sites\/5\/2025\/06\/CSL-KPN-768x545.png 768w, https:\/\/www.csl-group.com\/se\/wp-content\/uploads\/sites\/5\/2025\/06\/CSL-KPN-1536x1090.png 1536w, https:\/\/www.csl-group.com\/se\/wp-content\/uploads\/sites\/5\/2025\/06\/CSL-KPN.png 1748w\" sizes=\"auto, (max-width: 1024px) 100vw, 1024px\" loading=\"lazy\" \/>            <\/div>\r\n    <div class=\"pg-card__text\">\r\n        <div class=\"pg-card__top\">\r\n                        <h3 class=\"h4\">CSL Group meddelar partnerskap med KPN<\/h3>\r\n            <div class=\"pg-card__excerpt\">\r\n                <div class=\"pg-card__excerpt-inner\">\r\n                    <p>CSL Group meddelar idag att de officiellt har blivit partner till KPN.<\/p>\r\n                <\/div>\r\n            <\/div>\r\n        <\/div>\r\n        <div class=\"pg-card__bottom\">\r\n                            <span>06\/06\/25<\/span>\r\n                        <svg xmlns=\"http:\/\/www.w3.org\/2000\/svg\" width=\"28.731\" height=\"28.731\" viewBox=\"0 0 28.731 28.731\" fill=\"currentColor\">\r\n  <g id=\"Group_38238\" data-name=\"Group 38238\" transform=\"translate(-1104.954 -237.965) rotate(-45)\">\r\n    <line id=\"Line_17\" data-name=\"Line 17\" x2=\"21.887\" transform=\"translate(596.841 969.903)\" fill=\"none\" stroke=\"currentColor\" stroke-linecap=\"round\" stroke-width=\"3\"\/>\r\n    <line id=\"Line_18\" data-name=\"Line 18\" x2=\"11.348\" y2=\"10.403\" transform=\"translate(607.379 959.5)\" fill=\"none\" stroke=\"currentColor\" stroke-linecap=\"round\" stroke-width=\"3\"\/>\r\n    <line id=\"Line_19\" data-name=\"Line 19\" y1=\"10.403\" x2=\"11.348\" transform=\"translate(607.379 969.903)\" fill=\"none\" stroke=\"currentColor\" stroke-linecap=\"round\" stroke-width=\"3\"\/>\r\n  <\/g>\r\n<\/svg>        <\/div>\r\n    <\/div>\r\n  <\/a>\r\n<\/div>\n                  <\/div>\r\n\r\n    <!-- Load More Button -->\r\n          <div class=\"pg-loading\" data-offset=\"7\">\r\n        <a href=\"#\" class=\"button pg-load-more\"  role=\"button\" aria-label=\"Ladda mer\">Ladda mer<\/a>      <\/div>\r\n    \r\n  <\/div>\r\n<\/section>\r\n\r\n","protected":false},"excerpt":{"rendered":"","protected":false},"author":1,"featured_media":0,"parent":0,"menu_order":0,"comment_status":"closed","ping_status":"closed","template":"","meta":{"_acf_changed":false,"footnotes":""},"class_list":["post-1373","page","type-page","status-publish","hentry"],"acf":[],"yoast_head":"<!-- This site is optimized with the Yoast SEO Premium plugin v27.1 (Yoast SEO v27.1.1) - https:\/\/yoast.com\/product\/yoast-seo-premium-wordpress\/ -->\n<title>Nyheter - CSL SE<\/title>\n<meta name=\"description\" content=\"CSL \u00e4r en ledande leverant\u00f6r av IoT-anslutningsl\u00f6sningar. Klicka h\u00e4r f\u00f6r att se v\u00e5ra senaste nyheter.\" \/>\n<meta name=\"robots\" content=\"index, follow, max-snippet:-1, max-image-preview:large, max-video-preview:-1\" \/>\n<link rel=\"canonical\" href=\"https:\/\/www.csl-group.com\/se\/nyheter\/\" \/>\n<meta property=\"og:locale\" content=\"en_US\" \/>\n<meta property=\"og:type\" content=\"article\" \/>\n<meta property=\"og:title\" content=\"Nyheter\" \/>\n<meta property=\"og:description\" content=\"CSL \u00e4r en ledande leverant\u00f6r av IoT-anslutningsl\u00f6sningar. Klicka h\u00e4r f\u00f6r att se v\u00e5ra senaste nyheter.\" \/>\n<meta property=\"og:url\" content=\"https:\/\/www.csl-group.com\/se\/nyheter\/\" \/>\n<meta property=\"og:site_name\" content=\"CSL SE\" \/>\n<meta property=\"article:modified_time\" content=\"2025-04-10T12:29:17+00:00\" \/>\n<meta name=\"twitter:card\" content=\"summary_large_image\" \/>\n<meta name=\"twitter:label1\" content=\"Est. reading time\" \/>\n\t<meta name=\"twitter:data1\" content=\"3 minutes\" \/>\n<script type=\"application\/ld+json\" class=\"yoast-schema-graph\">{\"@context\":\"https:\/\/schema.org\",\"@graph\":[{\"@type\":\"WebPage\",\"@id\":\"https:\/\/www.csl-group.com\/se\/nyheter\/\",\"url\":\"https:\/\/www.csl-group.com\/se\/nyheter\/\",\"name\":\"Nyheter - CSL SE\",\"isPartOf\":{\"@id\":\"https:\/\/www.csl-group.com\/se\/#website\"},\"datePublished\":\"2025-01-23T15:43:32+00:00\",\"dateModified\":\"2025-04-10T12:29:17+00:00\",\"description\":\"CSL \u00e4r en ledande leverant\u00f6r av IoT-anslutningsl\u00f6sningar. Klicka h\u00e4r f\u00f6r att se v\u00e5ra senaste nyheter.\",\"breadcrumb\":{\"@id\":\"https:\/\/www.csl-group.com\/se\/nyheter\/#breadcrumb\"},\"inLanguage\":\"en-US\",\"potentialAction\":[{\"@type\":\"ReadAction\",\"target\":[\"https:\/\/www.csl-group.com\/se\/nyheter\/\"]}]},{\"@type\":\"BreadcrumbList\",\"@id\":\"https:\/\/www.csl-group.com\/se\/nyheter\/#breadcrumb\",\"itemListElement\":[{\"@type\":\"ListItem\",\"position\":1,\"name\":\"Home\",\"item\":\"https:\/\/www.csl-group.com\/se\/\"},{\"@type\":\"ListItem\",\"position\":2,\"name\":\"Nyheter\"}]},{\"@type\":\"WebSite\",\"@id\":\"https:\/\/www.csl-group.com\/se\/#website\",\"url\":\"https:\/\/www.csl-group.com\/se\/\",\"name\":\"CSL\",\"description\":\"\",\"potentialAction\":[{\"@type\":\"SearchAction\",\"target\":{\"@type\":\"EntryPoint\",\"urlTemplate\":\"https:\/\/www.csl-group.com\/se\/?s={search_term_string}\"},\"query-input\":{\"@type\":\"PropertyValueSpecification\",\"valueRequired\":true,\"valueName\":\"search_term_string\"}}],\"inLanguage\":\"en-US\"}]}<\/script>\n<!-- \/ Yoast SEO Premium plugin. -->","yoast_head_json":{"title":"Nyheter - CSL SE","description":"CSL \u00e4r en ledande leverant\u00f6r av IoT-anslutningsl\u00f6sningar. Klicka h\u00e4r f\u00f6r att se v\u00e5ra senaste nyheter.","robots":{"index":"index","follow":"follow","max-snippet":"max-snippet:-1","max-image-preview":"max-image-preview:large","max-video-preview":"max-video-preview:-1"},"canonical":"https:\/\/www.csl-group.com\/se\/nyheter\/","og_locale":"en_US","og_type":"article","og_title":"Nyheter","og_description":"CSL \u00e4r en ledande leverant\u00f6r av IoT-anslutningsl\u00f6sningar. Klicka h\u00e4r f\u00f6r att se v\u00e5ra senaste nyheter.","og_url":"https:\/\/www.csl-group.com\/se\/nyheter\/","og_site_name":"CSL SE","article_modified_time":"2025-04-10T12:29:17+00:00","twitter_card":"summary_large_image","twitter_misc":{"Est. reading time":"3 minutes"},"schema":{"@context":"https:\/\/schema.org","@graph":[{"@type":"WebPage","@id":"https:\/\/www.csl-group.com\/se\/nyheter\/","url":"https:\/\/www.csl-group.com\/se\/nyheter\/","name":"Nyheter - CSL SE","isPartOf":{"@id":"https:\/\/www.csl-group.com\/se\/#website"},"datePublished":"2025-01-23T15:43:32+00:00","dateModified":"2025-04-10T12:29:17+00:00","description":"CSL \u00e4r en ledande leverant\u00f6r av IoT-anslutningsl\u00f6sningar. Klicka h\u00e4r f\u00f6r att se v\u00e5ra senaste nyheter.","breadcrumb":{"@id":"https:\/\/www.csl-group.com\/se\/nyheter\/#breadcrumb"},"inLanguage":"en-US","potentialAction":[{"@type":"ReadAction","target":["https:\/\/www.csl-group.com\/se\/nyheter\/"]}]},{"@type":"BreadcrumbList","@id":"https:\/\/www.csl-group.com\/se\/nyheter\/#breadcrumb","itemListElement":[{"@type":"ListItem","position":1,"name":"Home","item":"https:\/\/www.csl-group.com\/se\/"},{"@type":"ListItem","position":2,"name":"Nyheter"}]},{"@type":"WebSite","@id":"https:\/\/www.csl-group.com\/se\/#website","url":"https:\/\/www.csl-group.com\/se\/","name":"CSL","description":"","potentialAction":[{"@type":"SearchAction","target":{"@type":"EntryPoint","urlTemplate":"https:\/\/www.csl-group.com\/se\/?s={search_term_string}"},"query-input":{"@type":"PropertyValueSpecification","valueRequired":true,"valueName":"search_term_string"}}],"inLanguage":"en-US"}]}},"_links":{"self":[{"href":"https:\/\/www.csl-group.com\/se\/wp-json\/wp\/v2\/pages\/1373","targetHints":{"allow":["GET"]}}],"collection":[{"href":"https:\/\/www.csl-group.com\/se\/wp-json\/wp\/v2\/pages"}],"about":[{"href":"https:\/\/www.csl-group.com\/se\/wp-json\/wp\/v2\/types\/page"}],"author":[{"embeddable":true,"href":"https:\/\/www.csl-group.com\/se\/wp-json\/wp\/v2\/users\/1"}],"replies":[{"embeddable":true,"href":"https:\/\/www.csl-group.com\/se\/wp-json\/wp\/v2\/comments?post=1373"}],"version-history":[{"count":4,"href":"https:\/\/www.csl-group.com\/se\/wp-json\/wp\/v2\/pages\/1373\/revisions"}],"predecessor-version":[{"id":3747,"href":"https:\/\/www.csl-group.com\/se\/wp-json\/wp\/v2\/pages\/1373\/revisions\/3747"}],"wp:attachment":[{"href":"https:\/\/www.csl-group.com\/se\/wp-json\/wp\/v2\/media?parent=1373"}],"curies":[{"name":"wp","href":"https:\/\/api.w.org\/{rel}","templated":true}]}}