{"id":1108,"date":"2025-01-17T10:04:52","date_gmt":"2025-01-17T10:04:52","guid":{"rendered":"https:\/\/www.csl-group.com\/se\/?page_id=1108"},"modified":"2026-04-13T13:17:44","modified_gmt":"2026-04-13T13:17:44","slug":"mot-teamet","status":"publish","type":"page","link":"https:\/\/www.csl-group.com\/se\/mot-teamet\/","title":{"rendered":"M\u00f6t Teamet"},"content":{"rendered":"\r\n<section class=\"page-banner page-banner__style-4 image-align-center\" aria-label=\"Page Banner\">\r\n    <div class=\"page-banner__inner\">\r\n        <div class=\"page-banner__wrapper\">\r\n            <div class=\"page-banner__details\">\r\n    <div class=\"container--large\">\r\n        <div class=\"page-banner__content\" data-aos=\"fade-right\" data-aos-delay=\"100\">\r\n            <div class=\"page-banner__content-inner\">\r\n                                    <span class=\"page-banner__pretitle\">\r\n                                                <span>About<\/span>\r\n                    <\/span>\r\n                                <h1 class=\"page-banner__title h2\">M\u00f6t Teamet<\/h1>\r\n                                <div class=\"page-banner__description\">\r\n                    <p>P\u00e5 CSL f\u00f6renas vi av en passion f\u00f6r probleml\u00f6sning, samarbete och att alltid s\u00e4tta v\u00e5ra kunder fr\u00e4mst. Vi tror att de b\u00e4sta resultaten kommer ur att dela id\u00e9er, omfamna varje persons styrkor och naturligtvis ha kul under tiden.<\/p>\n                <\/div>\r\n                                    <div class=\"page-banner__actions\">\r\n                                                    <a href=\"https:\/\/www.csl-group.com\/se\/kontakta-oss\/\" class=\"button \"  role=\"button\" aria-label=\"H\u00f6r av dig\">H\u00f6r av dig<\/a>                                            <\/div>\r\n                            <\/div>\r\n        <\/div>\r\n    <\/div>\r\n<\/div>\r\n<div class=\"page-banner__background\" data-aos=\"fade-up\">\n    <img fetchpriority=\"high\" decoding=\"async\" width=\"2100\" height=\"761\" src=\"https:\/\/www.csl-group.com\/se\/wp-content\/uploads\/sites\/5\/2025\/01\/meet-the-team.jpg.webp\" class=\"page-banner__image\" alt=\"HQ\" srcset=\"https:\/\/www.csl-group.com\/se\/wp-content\/uploads\/sites\/5\/2025\/01\/meet-the-team.jpg.webp 2100w, https:\/\/www.csl-group.com\/se\/wp-content\/uploads\/sites\/5\/2025\/01\/meet-the-team-300x109.jpg.webp 300w, https:\/\/www.csl-group.com\/se\/wp-content\/uploads\/sites\/5\/2025\/01\/meet-the-team-1024x371.jpg.webp 1024w, https:\/\/www.csl-group.com\/se\/wp-content\/uploads\/sites\/5\/2025\/01\/meet-the-team-768x278.jpg.webp 768w, https:\/\/www.csl-group.com\/se\/wp-content\/uploads\/sites\/5\/2025\/01\/meet-the-team-1536x557.jpg.webp 1536w, https:\/\/www.csl-group.com\/se\/wp-content\/uploads\/sites\/5\/2025\/01\/meet-the-team-2048x742.jpg.webp 2048w\" sizes=\"(max-width: 2100px) 100vw, 2100px\" loading=\"eager\" \/><\/div>\r\n        <\/div>\r\n\r\n        \r\n        \r\n        \r\n\r\n        \r\n            <\/div>\r\n<\/section>\n\n\n<section class=\"team-tiles\">\r\n    <div class=\"team-tiles__inner\">\r\n        <div class=\"container--large\">\r\n            <div class=\"team-tiles__top\">\r\n                                    <h2 class=\"team-tiles__heading h3\" data-aos=\"fade-up\">Ledningsgruppen<\/h2>\r\n                                            <\/div>\r\n            <div class=\"team-tiles__grid\">\r\n                \r\n                    \r\n                    <div class=\"team-tiles__item\" data-aos=\"fade-up\" data-aos-delay=\"0\">\r\n                        <div class=\"team-tiles__item-inner\">\r\n\r\n                            <div class=\"team-tiles__item-overlay\">\r\n                                <button class=\"team-tiles__item-close\">X<\/button>\r\n                                <div class=\"team-tiles__item-details-top\">\r\n                                                                            <h3 class=\"team-tiles__item-name\">Ed Heale<\/h3>\r\n                                                                                                                <p class=\"team-tiles__item-position\">Verkst\u00e4llande direkt\u00f6r<\/p>\r\n                                                                    <\/div>\r\n                                <div class=\"team-tiles__item-details-main\">\r\n                                                                            <div class=\"team-tiles__item-text\">\r\n                                            <p><span data-teams=\"true\">Ed \u00e4r ansvarig f\u00f6r CSL:s strategiska inriktning och \u00f6vergripande prestanda. Sedan han kom till 2015 har Ed lett CSL:s f\u00f6rvandling fr\u00e5n ett brittiskt fokuserat larmsignalf\u00f6retag till en ledande, global IoT-anslutningsleverant\u00f6r<\/span><\/p>\n                                        <\/div>\r\n                                    \r\n                                                                            <div class=\"team-tiles__item-quote\">\r\n                                            <blockquote>\r\n                                                <span>&ldquo;<\/span><p><span data-teams=\"true\">Vi \u00e4r en ledande leverant\u00f6r av Critical Connectivity, som levererar motst\u00e5ndskraftiga och s\u00e4kra l\u00f6sningar med f\u00f6rstklassig kundservice f\u00f6r att st\u00f6dja Life Critical, Mission Critical och Business Critical verksamheter \u00f6ver hela v\u00e4rlden.<\/span><\/p>\n<span>&rdquo;<\/span>\r\n                                            <\/blockquote>\r\n                                        <\/div>\r\n                                                                    <\/div>\r\n                            <\/div>\r\n\r\n\r\n                            <div class=\"team-tiles__item-details\">\r\n                                <div class=\"team-tiles__item-details-top\">\r\n                                                                            <h3 class=\"team-tiles__item-name\">Ed Heale<\/h3>\r\n                                                                                                                <p class=\"team-tiles__item-position\">Verkst\u00e4llande direkt\u00f6r<\/p>\r\n                                                                    <\/div>\r\n                                <div class=\"team-tiles__item-details-bottom\">\r\n                                    <a href=\"#\" class=\"button transparent-primary team-tiles__item-bio\"  role=\"button\" aria-label=\"Biography\">Biography<\/a>                                <\/div>\r\n                            <\/div>\r\n                            <div class=\"team-tiles__item-image\">\n                                <img decoding=\"async\" width=\"1024\" height=\"1012\" src=\"https:\/\/www.csl-group.com\/se\/wp-content\/uploads\/sites\/5\/2025\/04\/Ed-Heale-New-Logo-Removed-002-scaled-e1745408249578-1024x1012.jpg\" class=\"team-tiles__item-img\" alt=\"Ed Heale\" srcset=\"https:\/\/www.csl-group.com\/se\/wp-content\/uploads\/sites\/5\/2025\/04\/Ed-Heale-New-Logo-Removed-002-scaled-e1745408249578-1024x1012.jpg 1024w, https:\/\/www.csl-group.com\/se\/wp-content\/uploads\/sites\/5\/2025\/04\/Ed-Heale-New-Logo-Removed-002-scaled-e1745408249578-300x296.jpg 300w, https:\/\/www.csl-group.com\/se\/wp-content\/uploads\/sites\/5\/2025\/04\/Ed-Heale-New-Logo-Removed-002-scaled-e1745408249578-768x759.jpg 768w, https:\/\/www.csl-group.com\/se\/wp-content\/uploads\/sites\/5\/2025\/04\/Ed-Heale-New-Logo-Removed-002-scaled-e1745408249578.jpg 1417w\" sizes=\"auto, (max-width: 1024px) 100vw, 1024px\" loading=\"lazy\" \/>                            <\/div>\n                        <\/div>\r\n                    <\/div>\r\n                \r\n                    \r\n                    <div class=\"team-tiles__item\" data-aos=\"fade-up\" data-aos-delay=\"100\">\r\n                        <div class=\"team-tiles__item-inner\">\r\n\r\n                            <div class=\"team-tiles__item-overlay\">\r\n                                <button class=\"team-tiles__item-close\">X<\/button>\r\n                                <div class=\"team-tiles__item-details-top\">\r\n                                                                            <h3 class=\"team-tiles__item-name\">Jon Slupek<\/h3>\r\n                                                                                                                <p class=\"team-tiles__item-position\">Ekonomichef<\/p>\r\n                                                                    <\/div>\r\n                                <div class=\"team-tiles__item-details-main\">\r\n                                                                            <div class=\"team-tiles__item-text\">\r\n                                            <p>Jon har 10 \u00e5rs erfarenhet av att arbeta i en ledande finansroll p\u00e5 CSL. Han har st\u00f6ttat f\u00f6retagets tillv\u00e4xt genom de senaste tv\u00e5 private equity-cyklerna. Jon har en bred erfarenhet av finans och IoT efter att tidigare ha arbetat p\u00e5 BT, inom kommersiell finans, och KPMG Consulting, d\u00e4r han st\u00f6ttat stora multinationella f\u00f6retag med finansiella omvandlingar.<\/p>\n                                        <\/div>\r\n                                    \r\n                                                                    <\/div>\r\n                            <\/div>\r\n\r\n\r\n                            <div class=\"team-tiles__item-details\">\r\n                                <div class=\"team-tiles__item-details-top\">\r\n                                                                            <h3 class=\"team-tiles__item-name\">Jon Slupek<\/h3>\r\n                                                                                                                <p class=\"team-tiles__item-position\">Ekonomichef<\/p>\r\n                                                                    <\/div>\r\n                                <div class=\"team-tiles__item-details-bottom\">\r\n                                    <a href=\"#\" class=\"button transparent-primary team-tiles__item-bio\"  role=\"button\" aria-label=\"Biography\">Biography<\/a>                                <\/div>\r\n                            <\/div>\r\n                            <div class=\"team-tiles__item-image\">\n                                <img decoding=\"async\" width=\"1013\" height=\"1024\" src=\"https:\/\/www.csl-group.com\/se\/wp-content\/uploads\/sites\/5\/2025\/12\/Jon-Slupek-New-2-scaled-e1765899736800-1013x1024.jpg\" class=\"team-tiles__item-img\" alt=\"\" srcset=\"https:\/\/www.csl-group.com\/se\/wp-content\/uploads\/sites\/5\/2025\/12\/Jon-Slupek-New-2-scaled-e1765899736800-1013x1024.jpg 1013w, https:\/\/www.csl-group.com\/se\/wp-content\/uploads\/sites\/5\/2025\/12\/Jon-Slupek-New-2-scaled-e1765899736800-297x300.jpg 297w, https:\/\/www.csl-group.com\/se\/wp-content\/uploads\/sites\/5\/2025\/12\/Jon-Slupek-New-2-scaled-e1765899736800-768x776.jpg 768w, https:\/\/www.csl-group.com\/se\/wp-content\/uploads\/sites\/5\/2025\/12\/Jon-Slupek-New-2-scaled-e1765899736800.jpg 1430w\" sizes=\"auto, (max-width: 1013px) 100vw, 1013px\" loading=\"lazy\" \/>                            <\/div>\n                        <\/div>\r\n                    <\/div>\r\n                \r\n                    \r\n                    <div class=\"team-tiles__item\" data-aos=\"fade-up\" data-aos-delay=\"0\">\r\n                        <div class=\"team-tiles__item-inner\">\r\n\r\n                            <div class=\"team-tiles__item-overlay\">\r\n                                <button class=\"team-tiles__item-close\">X<\/button>\r\n                                <div class=\"team-tiles__item-details-top\">\r\n                                                                            <h3 class=\"team-tiles__item-name\">Glenn Fishwick<\/h3>\r\n                                                                                                                <p class=\"team-tiles__item-position\">Chief Technology Officer<\/p>\r\n                                                                    <\/div>\r\n                                <div class=\"team-tiles__item-details-main\">\r\n                                                                            <div class=\"team-tiles__item-text\">\r\n                                            <p>Glenn b\u00f6rjade p\u00e5 CSL 2024 och tar med sig stor kompetens fr\u00e5n sin tid p\u00e5 Radius, d\u00e4r han spelade en nyckelroll f\u00f6r att fr\u00e4mja f\u00f6retagets tekniska kapacitet och strategi. Med en karri\u00e4r som sp\u00e4nner \u00f6ver fordonsbranschen, telekombranschen, finansiella tj\u00e4nster och teknikbranschen, har Glenn stor erfarenhet av att skapa operativ excellens och innovation p\u00e5 olika ledande befattningar. P\u00e5 CSL leder Glenn v\u00e5r teknikstrategi och f\u00f6rb\u00e4ttrar f\u00f6retagets portf\u00f6lj av s\u00e4kra anslutningsl\u00f6sningar inom olika sektorer.<\/p>\n                                        <\/div>\r\n                                    \r\n                                                                    <\/div>\r\n                            <\/div>\r\n\r\n\r\n                            <div class=\"team-tiles__item-details\">\r\n                                <div class=\"team-tiles__item-details-top\">\r\n                                                                            <h3 class=\"team-tiles__item-name\">Glenn Fishwick<\/h3>\r\n                                                                                                                <p class=\"team-tiles__item-position\">Chief Technology Officer<\/p>\r\n                                                                    <\/div>\r\n                                <div class=\"team-tiles__item-details-bottom\">\r\n                                    <a href=\"#\" class=\"button transparent-primary team-tiles__item-bio\"  role=\"button\" aria-label=\"Biography\">Biography<\/a>                                <\/div>\r\n                            <\/div>\r\n                            <div class=\"team-tiles__item-image\">\n                                <img decoding=\"async\" width=\"1024\" height=\"601\" src=\"https:\/\/www.csl-group.com\/se\/wp-content\/uploads\/sites\/5\/2025\/02\/Glenn-Fishwick-scaled-e1739288320539-1024x601.jpg\" class=\"team-tiles__item-img\" alt=\"Fotografier av anst\u00e4llda\" srcset=\"https:\/\/www.csl-group.com\/se\/wp-content\/uploads\/sites\/5\/2025\/02\/Glenn-Fishwick-scaled-e1739288320539-1024x601.jpg 1024w, https:\/\/www.csl-group.com\/se\/wp-content\/uploads\/sites\/5\/2025\/02\/Glenn-Fishwick-scaled-e1739288320539-300x176.jpg 300w, https:\/\/www.csl-group.com\/se\/wp-content\/uploads\/sites\/5\/2025\/02\/Glenn-Fishwick-scaled-e1739288320539-768x451.jpg 768w, https:\/\/www.csl-group.com\/se\/wp-content\/uploads\/sites\/5\/2025\/02\/Glenn-Fishwick-scaled-e1739288320539-1536x901.jpg 1536w, https:\/\/www.csl-group.com\/se\/wp-content\/uploads\/sites\/5\/2025\/02\/Glenn-Fishwick-scaled-e1739288320539-2048x1201.jpg 2048w\" sizes=\"auto, (max-width: 1024px) 100vw, 1024px\" loading=\"lazy\" \/>                            <\/div>\n                        <\/div>\r\n                    <\/div>\r\n                            <\/div>\r\n        <\/div>\r\n    <\/div>\r\n<\/section>\n\n\n\r\n<section class=\"simple-text\" data-aos=\"fade-up\">\r\n    <div class=\"simple-text__inner pt-0\">\r\n        <div class=\"container--large\">\r\n            <div class=\"simple-text__wrapper\">\r\n                <div class=\"simple-text__content text-center\">\r\n                                                                        <h2 class=\"h4\">Bli en  <span class=\"text-primary\">del av v\u00e5rt f\u00e4rgstarka, innovativa<\/span> team idag.<\/h2>\r\n                                                                                                            <div class=\"simple-text__cta\">\r\n                            <a href=\"https:\/\/www.csl-group.com\/se\/kontakta-oss\/\" class=\"button \"  role=\"button\" aria-label=\"Kontakt\">Kontakt<\/a>                        <\/div>\r\n                                    <\/div>\r\n            <\/div>\r\n        <\/div>\r\n    <\/div>\r\n<\/section>\n\n\r\n<section class=\"simple-text\" data-aos=\"fade-up\">\r\n    <div class=\"simple-text__inner pt-0\">\r\n        <div class=\"container--large\">\r\n            <div class=\"simple-text__wrapper\">\r\n                <div class=\"simple-text__content text-center\">\r\n                                                                        <h2 class=\"h4\">CSL:s framg\u00e5ngar kommer fr\u00e5n dessa <span class=\"text-primary\">beg\u00e5vade personer<\/span> som ger nya id\u00e9er under varje ny arbetsdag.<\/h2>\r\n                                                                                                    <\/div>\r\n            <\/div>\r\n        <\/div>\r\n    <\/div>\r\n<\/section>","protected":false},"excerpt":{"rendered":"","protected":false},"author":1,"featured_media":1112,"parent":0,"menu_order":0,"comment_status":"closed","ping_status":"closed","template":"","meta":{"_acf_changed":false,"footnotes":""},"class_list":["post-1108","page","type-page","status-publish","has-post-thumbnail","hentry"],"acf":[],"yoast_head":"<!-- This site is optimized with the Yoast SEO Premium plugin v27.1 (Yoast SEO v27.1.1) - https:\/\/yoast.com\/product\/yoast-seo-premium-wordpress\/ -->\n<title>M\u00f6t CSL-teamet | Driver innovation inom uppkoppling<\/title>\n<meta name=\"description\" content=\"M\u00f6t CSL:s ledare och deras vision f\u00f6r framtidens kritiska IoT-uppkoppling.\" \/>\n<meta name=\"robots\" content=\"index, follow, max-snippet:-1, max-image-preview:large, max-video-preview:-1\" \/>\n<link rel=\"canonical\" href=\"https:\/\/www.csl-group.com\/se\/mot-teamet\/\" \/>\n<meta property=\"og:locale\" content=\"en_US\" \/>\n<meta property=\"og:type\" content=\"article\" \/>\n<meta property=\"og:title\" content=\"M\u00f6t Teamet\" \/>\n<meta property=\"og:description\" content=\"M\u00f6t CSL:s ledare och deras vision f\u00f6r framtidens kritiska IoT-uppkoppling.\" \/>\n<meta property=\"og:url\" content=\"https:\/\/www.csl-group.com\/se\/mot-teamet\/\" \/>\n<meta property=\"og:site_name\" content=\"CSL SE\" \/>\n<meta property=\"article:modified_time\" content=\"2026-04-13T13:17:44+00:00\" \/>\n<meta property=\"og:image\" content=\"https:\/\/www.csl-group.com\/se\/wp-content\/uploads\/sites\/5\/2025\/01\/meet-the-team.jpg.webp\" \/>\n\t<meta property=\"og:image:width\" content=\"2100\" \/>\n\t<meta property=\"og:image:height\" content=\"761\" \/>\n\t<meta property=\"og:image:type\" content=\"image\/jpeg\" \/>\n<meta name=\"twitter:card\" content=\"summary_large_image\" \/>\n<meta name=\"twitter:label1\" content=\"Est. reading time\" \/>\n\t<meta name=\"twitter:data1\" content=\"2 minutes\" \/>\n<script type=\"application\/ld+json\" class=\"yoast-schema-graph\">{\"@context\":\"https:\/\/schema.org\",\"@graph\":[{\"@type\":\"WebPage\",\"@id\":\"https:\/\/www.csl-group.com\/se\/mot-teamet\/\",\"url\":\"https:\/\/www.csl-group.com\/se\/mot-teamet\/\",\"name\":\"M\u00f6t CSL-teamet | Driver innovation inom uppkoppling\",\"isPartOf\":{\"@id\":\"https:\/\/www.csl-group.com\/se\/#website\"},\"primaryImageOfPage\":{\"@id\":\"https:\/\/www.csl-group.com\/se\/mot-teamet\/#primaryimage\"},\"image\":{\"@id\":\"https:\/\/www.csl-group.com\/se\/mot-teamet\/#primaryimage\"},\"thumbnailUrl\":\"https:\/\/www.csl-group.com\/se\/wp-content\/uploads\/sites\/5\/2025\/01\/meet-the-team.jpg.webp\",\"datePublished\":\"2025-01-17T10:04:52+00:00\",\"dateModified\":\"2026-04-13T13:17:44+00:00\",\"description\":\"M\u00f6t CSL:s ledare och deras vision f\u00f6r framtidens kritiska IoT-uppkoppling.\",\"breadcrumb\":{\"@id\":\"https:\/\/www.csl-group.com\/se\/mot-teamet\/#breadcrumb\"},\"inLanguage\":\"en-US\",\"potentialAction\":[{\"@type\":\"ReadAction\",\"target\":[\"https:\/\/www.csl-group.com\/se\/mot-teamet\/\"]}]},{\"@type\":\"ImageObject\",\"inLanguage\":\"en-US\",\"@id\":\"https:\/\/www.csl-group.com\/se\/mot-teamet\/#primaryimage\",\"url\":\"https:\/\/www.csl-group.com\/se\/wp-content\/uploads\/sites\/5\/2025\/01\/meet-the-team.jpg.webp\",\"contentUrl\":\"https:\/\/www.csl-group.com\/se\/wp-content\/uploads\/sites\/5\/2025\/01\/meet-the-team.jpg.webp\",\"width\":2100,\"height\":761,\"caption\":\"HQ\"},{\"@type\":\"BreadcrumbList\",\"@id\":\"https:\/\/www.csl-group.com\/se\/mot-teamet\/#breadcrumb\",\"itemListElement\":[{\"@type\":\"ListItem\",\"position\":1,\"name\":\"Home\",\"item\":\"https:\/\/www.csl-group.com\/se\/\"},{\"@type\":\"ListItem\",\"position\":2,\"name\":\"M\u00f6t Teamet\"}]},{\"@type\":\"WebSite\",\"@id\":\"https:\/\/www.csl-group.com\/se\/#website\",\"url\":\"https:\/\/www.csl-group.com\/se\/\",\"name\":\"CSL\",\"description\":\"\",\"potentialAction\":[{\"@type\":\"SearchAction\",\"target\":{\"@type\":\"EntryPoint\",\"urlTemplate\":\"https:\/\/www.csl-group.com\/se\/?s={search_term_string}\"},\"query-input\":{\"@type\":\"PropertyValueSpecification\",\"valueRequired\":true,\"valueName\":\"search_term_string\"}}],\"inLanguage\":\"en-US\"}]}<\/script>\n<!-- \/ Yoast SEO Premium plugin. -->","yoast_head_json":{"title":"M\u00f6t CSL-teamet | Driver innovation inom uppkoppling","description":"M\u00f6t CSL:s ledare och deras vision f\u00f6r framtidens kritiska IoT-uppkoppling.","robots":{"index":"index","follow":"follow","max-snippet":"max-snippet:-1","max-image-preview":"max-image-preview:large","max-video-preview":"max-video-preview:-1"},"canonical":"https:\/\/www.csl-group.com\/se\/mot-teamet\/","og_locale":"en_US","og_type":"article","og_title":"M\u00f6t Teamet","og_description":"M\u00f6t CSL:s ledare och deras vision f\u00f6r framtidens kritiska IoT-uppkoppling.","og_url":"https:\/\/www.csl-group.com\/se\/mot-teamet\/","og_site_name":"CSL SE","article_modified_time":"2026-04-13T13:17:44+00:00","og_image":[{"width":2100,"height":761,"url":"https:\/\/www.csl-group.com\/se\/wp-content\/uploads\/sites\/5\/2025\/01\/meet-the-team.jpg.webp","type":"image\/jpeg"}],"twitter_card":"summary_large_image","twitter_misc":{"Est. reading time":"2 minutes"},"schema":{"@context":"https:\/\/schema.org","@graph":[{"@type":"WebPage","@id":"https:\/\/www.csl-group.com\/se\/mot-teamet\/","url":"https:\/\/www.csl-group.com\/se\/mot-teamet\/","name":"M\u00f6t CSL-teamet | Driver innovation inom uppkoppling","isPartOf":{"@id":"https:\/\/www.csl-group.com\/se\/#website"},"primaryImageOfPage":{"@id":"https:\/\/www.csl-group.com\/se\/mot-teamet\/#primaryimage"},"image":{"@id":"https:\/\/www.csl-group.com\/se\/mot-teamet\/#primaryimage"},"thumbnailUrl":"https:\/\/www.csl-group.com\/se\/wp-content\/uploads\/sites\/5\/2025\/01\/meet-the-team.jpg.webp","datePublished":"2025-01-17T10:04:52+00:00","dateModified":"2026-04-13T13:17:44+00:00","description":"M\u00f6t CSL:s ledare och deras vision f\u00f6r framtidens kritiska IoT-uppkoppling.","breadcrumb":{"@id":"https:\/\/www.csl-group.com\/se\/mot-teamet\/#breadcrumb"},"inLanguage":"en-US","potentialAction":[{"@type":"ReadAction","target":["https:\/\/www.csl-group.com\/se\/mot-teamet\/"]}]},{"@type":"ImageObject","inLanguage":"en-US","@id":"https:\/\/www.csl-group.com\/se\/mot-teamet\/#primaryimage","url":"https:\/\/www.csl-group.com\/se\/wp-content\/uploads\/sites\/5\/2025\/01\/meet-the-team.jpg.webp","contentUrl":"https:\/\/www.csl-group.com\/se\/wp-content\/uploads\/sites\/5\/2025\/01\/meet-the-team.jpg.webp","width":2100,"height":761,"caption":"HQ"},{"@type":"BreadcrumbList","@id":"https:\/\/www.csl-group.com\/se\/mot-teamet\/#breadcrumb","itemListElement":[{"@type":"ListItem","position":1,"name":"Home","item":"https:\/\/www.csl-group.com\/se\/"},{"@type":"ListItem","position":2,"name":"M\u00f6t Teamet"}]},{"@type":"WebSite","@id":"https:\/\/www.csl-group.com\/se\/#website","url":"https:\/\/www.csl-group.com\/se\/","name":"CSL","description":"","potentialAction":[{"@type":"SearchAction","target":{"@type":"EntryPoint","urlTemplate":"https:\/\/www.csl-group.com\/se\/?s={search_term_string}"},"query-input":{"@type":"PropertyValueSpecification","valueRequired":true,"valueName":"search_term_string"}}],"inLanguage":"en-US"}]}},"_links":{"self":[{"href":"https:\/\/www.csl-group.com\/se\/wp-json\/wp\/v2\/pages\/1108","targetHints":{"allow":["GET"]}}],"collection":[{"href":"https:\/\/www.csl-group.com\/se\/wp-json\/wp\/v2\/pages"}],"about":[{"href":"https:\/\/www.csl-group.com\/se\/wp-json\/wp\/v2\/types\/page"}],"author":[{"embeddable":true,"href":"https:\/\/www.csl-group.com\/se\/wp-json\/wp\/v2\/users\/1"}],"replies":[{"embeddable":true,"href":"https:\/\/www.csl-group.com\/se\/wp-json\/wp\/v2\/comments?post=1108"}],"version-history":[{"count":5,"href":"https:\/\/www.csl-group.com\/se\/wp-json\/wp\/v2\/pages\/1108\/revisions"}],"predecessor-version":[{"id":6775,"href":"https:\/\/www.csl-group.com\/se\/wp-json\/wp\/v2\/pages\/1108\/revisions\/6775"}],"wp:featuredmedia":[{"embeddable":true,"href":"https:\/\/www.csl-group.com\/se\/wp-json\/wp\/v2\/media\/1112"}],"wp:attachment":[{"href":"https:\/\/www.csl-group.com\/se\/wp-json\/wp\/v2\/media?parent=1108"}],"curies":[{"name":"wp","href":"https:\/\/api.w.org\/{rel}","templated":true}]}}