{"id":3987,"date":"2025-03-11T12:42:30","date_gmt":"2025-03-11T12:42:30","guid":{"rendered":"https:\/\/www.csl-group.com\/nl\/?page_id=3987"},"modified":"2025-03-27T09:40:16","modified_gmt":"2025-03-27T09:40:16","slug":"sim-risco-fr","status":"publish","type":"page","link":"https:\/\/www.csl-group.com\/nl\/sim-guides\/sim-risco-fr\/","title":{"rendered":"CSL SIMs avec RISCO &#8211; FR"},"content":{"rendered":"\r\n<section class=\"page-title\">\r\n    <div class=\"page-title__inner\">\r\n        <div class=\"container\">\r\n            <nav class=\"breadcrumbs\" aria-label=\"Breadcrumb\" data-aos=\"fade-up\">\r\n                <ul class=\"breadcrumbs__wrapper\" itemscope itemtype=\"https:\/\/schema.org\/BreadcrumbList\">\r\n                    <!-- Home Breadcrumb -->\n                    <li class=\"home\" itemprop=\"itemListElement\" itemscope itemtype=\"https:\/\/schema.org\/ListItem\">\n                        <a href=\"https:\/\/www.csl-group.com\/nl\" aria-label=\"Home\" itemprop=\"item\">\n                            <svg xmlns=\"http:\/\/www.w3.org\/2000\/svg\" xmlns:xlink=\"http:\/\/www.w3.org\/1999\/xlink\" width=\"13.811\" height=\"15.838\" viewBox=\"0 0 13.811 15.838\" fill=\"currentColor\">\r\n  <defs>\r\n    <clipPath id=\"clip-path\">\r\n      <rect id=\"Rectangle_25008\" data-name=\"Rectangle 25008\" width=\"13.811\" height=\"15.838\" fill=\"#e31522\"\/>\r\n    <\/clipPath>\r\n  <\/defs>\r\n  <g id=\"Group_47829\" data-name=\"Group 47829\" clip-path=\"url(#clip-path)\">\r\n    <path id=\"Path_31203\" data-name=\"Path 31203\" d=\"M81.05,215.744H72.43a.3.3,0,0,1-.3-.3v-7.194a.3.3,0,1,1,.6,0v6.894h8.021v-6.894a.3.3,0,1,1,.6,0v7.194a.3.3,0,0,1-.3.3\" transform=\"translate(-69.835 -201.331)\" fill=\"#e31522\"\/>\r\n    <path id=\"Path_31204\" data-name=\"Path 31204\" d=\"M30.832,173.831H18.8a.3.3,0,0,1-.3-.3V163.488a.3.3,0,1,1,.6,0v9.744H30.532v-9.744a.3.3,0,1,1,.6,0v10.044a.3.3,0,0,1-.3.3\" transform=\"translate(-17.909 -157.993)\" fill=\"#e31522\"\/>\r\n    <path id=\"Path_31205\" data-name=\"Path 31205\" d=\"M13.512,6.118a.3.3,0,0,1-.192-.07L6.923.69.491,6.049a.3.3,0,0,1-.383-.461L6.732.069a.3.3,0,0,1,.384,0L13.7,5.589a.3.3,0,0,1-.192.53\" transform=\"translate(0 0)\" fill=\"#e31522\"\/>\r\n    <path id=\"Path_31206\" data-name=\"Path 31206\" d=\"M64.109,103.75a.3.3,0,0,1-.18-.539l4.587-3.455a.3.3,0,0,1,.361,0l4.562,3.456a.3.3,0,0,1-.361.478L68.7,100.37l-4.407,3.319a.3.3,0,0,1-.18.06\" transform=\"translate(-61.778 -96.521)\" fill=\"#e31522\"\/>\r\n  <\/g>\r\n<\/svg>                            <span class=\"sr-only\" itemprop=\"name\">Home<\/span>\n                        <\/a>\n                        <meta itemprop=\"position\" content=\"1\" \/>\n                    <\/li>\n\r\n                                                <li aria-hidden=\"true\"><svg xmlns=\"http:\/\/www.w3.org\/2000\/svg\" width=\"10.012\" height=\"6.934\" viewBox=\"0 0 10.012 6.934\" fill=\"currentColor\">\r\n  <g id=\"Group_47831\" data-name=\"Group 47831\" transform=\"translate(-575 -958)\">\r\n    <path id=\"Line_17\" data-name=\"Line 17\" d=\"M8.1-.668h-9.18A.416.416,0,0,1-1.5-1.084.416.416,0,0,1-1.084-1.5H8.1a.416.416,0,0,1,.416.416A.416.416,0,0,1,8.1-.668Z\" transform=\"translate(576.5 962.551)\" fill=\"currentColor\"\/>\r\n    <path id=\"Line_18\" data-name=\"Line 18\" d=\"M2.244,2.383a.414.414,0,0,1-.281-.109L-1.365-.777a.416.416,0,0,1-.026-.588A.416.416,0,0,1-.8-1.391L2.525,1.66a.416.416,0,0,1-.281.723Z\" transform=\"translate(582.352 959.5)\" fill=\"currentColor\"\/>\r\n    <path id=\"Line_19\" data-name=\"Line 19\" d=\"M-1.084,2.383a.415.415,0,0,1-.307-.135.416.416,0,0,1,.026-.588L1.963-1.391a.416.416,0,0,1,.588.026.416.416,0,0,1-.026.588L-.8,2.273A.415.415,0,0,1-1.084,2.383Z\" transform=\"translate(582.352 962.551)\" fill=\"currentColor\"\/>\r\n  <\/g>\r\n<\/svg><\/li>\r\n                            <li itemprop=\"itemListElement\" itemscope itemtype=\"https:\/\/schema.org\/ListItem\">\r\n                                <a href=\"https:\/\/www.csl-group.com\/nl\/sim-guides\/\" class=\"text-secondary\" itemprop=\"item\">\r\n                                    <span itemprop=\"name\">SIM Guides<\/span>\r\n                                <\/a>\r\n                                <meta itemprop=\"position\" content=\"2\" \/>\r\n                            <\/li>\r\n                        \r\n                        <!-- Current Page -->\n                        <li aria-hidden=\"true\"><svg xmlns=\"http:\/\/www.w3.org\/2000\/svg\" width=\"10.012\" height=\"6.934\" viewBox=\"0 0 10.012 6.934\" fill=\"currentColor\">\r\n  <g id=\"Group_47831\" data-name=\"Group 47831\" transform=\"translate(-575 -958)\">\r\n    <path id=\"Line_17\" data-name=\"Line 17\" d=\"M8.1-.668h-9.18A.416.416,0,0,1-1.5-1.084.416.416,0,0,1-1.084-1.5H8.1a.416.416,0,0,1,.416.416A.416.416,0,0,1,8.1-.668Z\" transform=\"translate(576.5 962.551)\" fill=\"currentColor\"\/>\r\n    <path id=\"Line_18\" data-name=\"Line 18\" d=\"M2.244,2.383a.414.414,0,0,1-.281-.109L-1.365-.777a.416.416,0,0,1-.026-.588A.416.416,0,0,1-.8-1.391L2.525,1.66a.416.416,0,0,1-.281.723Z\" transform=\"translate(582.352 959.5)\" fill=\"currentColor\"\/>\r\n    <path id=\"Line_19\" data-name=\"Line 19\" d=\"M-1.084,2.383a.415.415,0,0,1-.307-.135.416.416,0,0,1,.026-.588L1.963-1.391a.416.416,0,0,1,.588.026.416.416,0,0,1-.026.588L-.8,2.273A.415.415,0,0,1-1.084,2.383Z\" transform=\"translate(582.352 962.551)\" fill=\"currentColor\"\/>\r\n  <\/g>\r\n<\/svg><\/li>\n                        <li itemprop=\"itemListElement\" itemscope itemtype=\"https:\/\/schema.org\/ListItem\">\n                            <span itemprop=\"name\" aria-current=\"page\">CSL SIMs avec RISCO &#8211; FR<\/span>\n                            <meta itemprop=\"position\" content=\"3\" \/>\n                        <\/li>\n                                    <\/ul>\r\n            <\/nav>\r\n\r\n            <div class=\"page-title__wrapper has-langs\" data-aos=\"fade-up\">\n                <div class=\"page-title__left\">\n                                                                <h1 class=\"page-title__title\" id=\"page-title\">CSL SIMs avec RISCO<\/h1>\n                                    <\/div>\n                                    <div class=\"page-title__langs\">\n                                                                                <a href=\"https:\/\/www.csl-group.com\/nl\/sim-guides\/sim-risco-fr\/\" class=\"page-title__lang\">\n                                <span class=\"lang-icon fr\">\n                                    <img decoding=\"async\" src=\"https:\/\/www.csl-group.com\/nl\/wp-content\/themes\/csl\/dist\/assets\/images\/icons\/fr.jpg\" alt=\"Language Select - FR\" \/>\n                                <\/span>\n                            <\/a>\n                                                                                <a href=\"https:\/\/www.csl-group.com\/sim-guides\/sim-risco\/\" class=\"page-title__lang\">\n                                <span class=\"lang-icon en\">\n                                    <img decoding=\"async\" src=\"https:\/\/www.csl-group.com\/nl\/wp-content\/themes\/csl\/dist\/assets\/images\/icons\/en.jpg\" alt=\"Language Select - EN\" \/>\n                                <\/span>\n                            <\/a>\n                                            <\/div>\n                            <\/div>\r\n        <\/div>\r\n    <\/div>\r\n<\/section>\r\n\n\n\r\n<section class=\"simple-text\" data-aos=\"fade-up\">\r\n    <div class=\"simple-text__inner pt-0\">\r\n        <div class=\"container\">\r\n            <div class=\"simple-text__wrapper\">\r\n                <div class=\"simple-text__content text-left\">\r\n                                                                        <h2 class=\"h4\">l&#8217; introduction<\/h2>\r\n                                                                                        <div class=\"simple-text__content-text\">\r\n                            <p>Cette carte SIM active permet de connecter le tableau au RISCO Cloud. N\u00e9anmoins, vous devrez enregistrer cette carte SIM pour en autoriser l\u2019usage continu.<\/p>\n<p>Veuillez nous rendre visite sur le portail CSL M2M Connect \u00e0 l\u2019adresse \u00e9lectronique m2mconnect.csldual.com\/risco pour enregistrer votre carte SIM \u00e0 l\u2019aide de votre ICCID (identifiant de carte SIM), puis s\u00e9lectionnez la carte SIM RISCO appropri\u00e9e parmi toutes les options disponibles.<\/p>\n<p>Veuillez observer que les nouvelles entreprises doivent prendre contact avec CSL pour cr\u00e9er un compte. Veuillez envoyer un courriel \u00e0 l\u2019adresse suivante: sales@csl-group.com.<\/p>\n<p><strong>CONSEIL: AVANT DE SAISIR VOTRE ICCID (IDENTIFIANT DE CARTE SIM) \u00c0 VINGT CARACT\u00c8RES SUR LE PORTAIL M2M, POURQUOI NE PAS TENTER D\u2019UTILISER UN SCANNER DE CODES \u00c0 BARRES?<\/strong><\/p>\n                        <\/div>\r\n                                                                <div class=\"simple-text__cta\">\r\n                            <a href=\"https:\/\/www.csl-group.com\/nl\/contact\/\" class=\"button \"  role=\"button\" aria-label=\"Contactez-nous\">Contactez-nous<\/a>                        <\/div>\r\n                                    <\/div>\r\n            <\/div>\r\n        <\/div>\r\n    <\/div>\r\n<\/section>\n\n\r\n<section class=\"simple-text\" data-aos=\"fade-up\">\r\n    <div class=\"simple-text__inner pt-0\">\r\n        <div class=\"container\">\r\n            <div class=\"simple-text__wrapper\">\r\n                <div class=\"simple-text__content text-left\">\r\n                                                                        <h2 class=\"h4\">Lancement De La Proc\u00e9dure<\/h2>\r\n                                                                                        <div class=\"simple-text__content-text\">\r\n                            <ol>\n<li>Assurez-vous de la mise hors tension de votre unit\u00e9, ins\u00e9rez la carte SIM dans le logement SIM, puis remettez votre unit\u00e9 sous tension.<\/li>\n<li>Consignez les informations qui figurent sur l\u2019\u00e9tiquette de la carte SIM, suivez les instructions RISCO et saisissez les donn\u00e9es relatives au RPA.<\/li>\n<li>Cette derni\u00e8re se mettra \u00e0 la recherche d\u2019un signal convenable, puis elle s\u2019enregistrera sur le r\u00e9seau. Une fois enregistr\u00e9e, votre unit\u00e9 sera pr\u00eate \u00e0 \u00eatre test\u00e9e conform\u00e9ment aux instructions RISCO.<\/li>\n<\/ol>\n                        <\/div>\r\n                                                        <\/div>\r\n            <\/div>\r\n        <\/div>\r\n    <\/div>\r\n<\/section>\n\n\r\n<section class=\"simple-text\" data-aos=\"fade-up\">\r\n    <div class=\"simple-text__inner pt-0\">\r\n        <div class=\"container\">\r\n            <div class=\"simple-text__wrapper\">\r\n                <div class=\"simple-text__content text-left\">\r\n                                                                        <h2 class=\"h4\">D\u00e9pannage<\/h2>\r\n                                                                                        <div class=\"simple-text__content-text\">\r\n                            <p><strong>Unit\u00e9 &#8211;<\/strong> Assurez-vous que vous avez suivi \u00e0 la lettre les consignes d\u2019installation.<\/p>\n<p><strong>Carte SIM &#8211;<\/strong> V\u00e9rifiez si la carte SIM est correctement mont\u00e9e dans son logement sur l\u2019unit\u00e9 concern\u00e9e.<\/p>\n<p><strong>Antenne &#8211;<\/strong> Proc\u00e9dez \u00e0 une v\u00e9rification de la carte SIM en la montant dans le m\u00eame logement sur un autre appareil mobile. Pour ce faire, retirez la carte SIM et introduisez-la dans un t\u00e9l\u00e9phone mobile pour voir si vous parvenez \u00e0 acc\u00e9der \u00e0 l\u2019Internet ou bien \u00e0 envoyer avec succ\u00e8s un message \u00e9crit (pour ce faire, vous devrez modifier les informations relatives au RPA).<\/p>\n<p><strong>R\u00e9seau &#8211;<\/strong> Servez-vous d\u2019un analyseur de signaux CSL pour d\u00e9terminer si vous disposez d\u2019un signal mobile convenable dans la zone. Si l\u2019unit\u00e9 concern\u00e9e \u00e9choue encore \u00e0 s\u2019enregistrer sur un r\u00e9seau, veuillez prendre contact avec le service d\u2019assistance technique en proc\u00e9dant comme ci-apr\u00e8s.<\/p>\n<p><strong>Pour b\u00e9n\u00e9ficier d\u2019une assistance plus pouss\u00e9e concernant :<\/strong><\/p>\n<ul>\n<li>la configuration du tableau et les connexions avec le Cloud &#8211; veuillez appeler RISCO au num\u00e9ro +44 (0) 161 655 5600<\/li>\n<li>Cartes SIM &#8211; veuillez appeler CSL au num\u00e9ro +44 (0)1895 474 444 et veillez \u00e0 vous munir de toutes les informations utiles concernant votre carte SIM<\/li>\n<\/ul>\n                        <\/div>\r\n                                                        <\/div>\r\n            <\/div>\r\n        <\/div>\r\n    <\/div>\r\n<\/section>","protected":false},"excerpt":{"rendered":"","protected":false},"author":1,"featured_media":0,"parent":1785,"menu_order":0,"comment_status":"closed","ping_status":"closed","template":"","meta":{"_acf_changed":false,"footnotes":""},"class_list":["post-3987","page","type-page","status-publish","hentry"],"acf":[],"yoast_head":"<!-- This site is optimized with the Yoast SEO Premium plugin v27.1 (Yoast SEO v27.1.1) - https:\/\/yoast.com\/product\/yoast-seo-premium-wordpress\/ -->\n<title>Cartes SIM CSL avec RISCO | Guide de configuration IoT<\/title>\n<meta name=\"description\" content=\"Activez et enregistrez vos cartes SIM CSL avec RISCO Cloud. D\u00e9couvrez comment configurer, vous connecter au cloud et r\u00e9soudre les probl\u00e8mes.\" \/>\n<meta name=\"robots\" content=\"index, follow, max-snippet:-1, max-image-preview:large, max-video-preview:-1\" \/>\n<link rel=\"canonical\" href=\"https:\/\/www.csl-group.com\/nl\/sim-guides\/sim-risco-fr\/\" \/>\n<meta property=\"og:locale\" content=\"en_US\" \/>\n<meta property=\"og:type\" content=\"article\" \/>\n<meta property=\"og:title\" content=\"CSL SIMs avec RISCO - FR\" \/>\n<meta property=\"og:description\" content=\"Activez et enregistrez vos cartes SIM CSL avec RISCO Cloud. D\u00e9couvrez comment configurer, vous connecter au cloud et r\u00e9soudre les probl\u00e8mes.\" \/>\n<meta property=\"og:url\" content=\"https:\/\/www.csl-group.com\/nl\/sim-guides\/sim-risco-fr\/\" \/>\n<meta property=\"og:site_name\" content=\"CSL NL\" \/>\n<meta property=\"article:modified_time\" content=\"2025-03-27T09:40:16+00:00\" \/>\n<meta name=\"twitter:card\" content=\"summary_large_image\" \/>\n<meta name=\"twitter:label1\" content=\"Est. reading time\" \/>\n\t<meta name=\"twitter:data1\" content=\"2 minutes\" \/>\n<script type=\"application\/ld+json\" class=\"yoast-schema-graph\">{\"@context\":\"https:\/\/schema.org\",\"@graph\":[{\"@type\":\"WebPage\",\"@id\":\"https:\/\/www.csl-group.com\/nl\/sim-guides\/sim-risco-fr\/\",\"url\":\"https:\/\/www.csl-group.com\/nl\/sim-guides\/sim-risco-fr\/\",\"name\":\"Cartes SIM CSL avec RISCO | Guide de configuration IoT\",\"isPartOf\":{\"@id\":\"https:\/\/www.csl-group.com\/nl\/#website\"},\"datePublished\":\"2025-03-11T12:42:30+00:00\",\"dateModified\":\"2025-03-27T09:40:16+00:00\",\"description\":\"Activez et enregistrez vos cartes SIM CSL avec RISCO Cloud. D\u00e9couvrez comment configurer, vous connecter au cloud et r\u00e9soudre les probl\u00e8mes.\",\"breadcrumb\":{\"@id\":\"https:\/\/www.csl-group.com\/nl\/sim-guides\/sim-risco-fr\/#breadcrumb\"},\"inLanguage\":\"en-US\",\"potentialAction\":[{\"@type\":\"ReadAction\",\"target\":[\"https:\/\/www.csl-group.com\/nl\/sim-guides\/sim-risco-fr\/\"]}]},{\"@type\":\"BreadcrumbList\",\"@id\":\"https:\/\/www.csl-group.com\/nl\/sim-guides\/sim-risco-fr\/#breadcrumb\",\"itemListElement\":[{\"@type\":\"ListItem\",\"position\":1,\"name\":\"Home\",\"item\":\"https:\/\/www.csl-group.com\/nl\/\"},{\"@type\":\"ListItem\",\"position\":2,\"name\":\"SIM Guides\",\"item\":\"https:\/\/www.csl-group.com\/nl\/sim-guides\/\"},{\"@type\":\"ListItem\",\"position\":3,\"name\":\"CSL SIMs avec RISCO &#8211; FR\"}]},{\"@type\":\"WebSite\",\"@id\":\"https:\/\/www.csl-group.com\/nl\/#website\",\"url\":\"https:\/\/www.csl-group.com\/nl\/\",\"name\":\"CSL\",\"description\":\"\",\"publisher\":{\"@id\":\"https:\/\/www.csl-group.com\/nl\/#organization\"},\"potentialAction\":[{\"@type\":\"SearchAction\",\"target\":{\"@type\":\"EntryPoint\",\"urlTemplate\":\"https:\/\/www.csl-group.com\/nl\/?s={search_term_string}\"},\"query-input\":{\"@type\":\"PropertyValueSpecification\",\"valueRequired\":true,\"valueName\":\"search_term_string\"}}],\"inLanguage\":\"en-US\"},{\"@type\":\"Organization\",\"@id\":\"https:\/\/www.csl-group.com\/nl\/#organization\",\"name\":\"CSL\",\"url\":\"https:\/\/www.csl-group.com\/nl\/\",\"logo\":{\"@type\":\"ImageObject\",\"inLanguage\":\"en-US\",\"@id\":\"https:\/\/www.csl-group.com\/nl\/#\/schema\/logo\/image\/\",\"url\":\"https:\/\/www.csl-group.com\/nl\/wp-content\/uploads\/sites\/2\/2025\/02\/cropped-csl-favicon.png.webp\",\"contentUrl\":\"https:\/\/www.csl-group.com\/nl\/wp-content\/uploads\/sites\/2\/2025\/02\/cropped-csl-favicon.png.webp\",\"width\":512,\"height\":512,\"caption\":\"CSL\"},\"image\":{\"@id\":\"https:\/\/www.csl-group.com\/nl\/#\/schema\/logo\/image\/\"}}]}<\/script>\n<!-- \/ Yoast SEO Premium plugin. -->","yoast_head_json":{"title":"Cartes SIM CSL avec RISCO | Guide de configuration IoT","description":"Activez et enregistrez vos cartes SIM CSL avec RISCO Cloud. D\u00e9couvrez comment configurer, vous connecter au cloud et r\u00e9soudre les probl\u00e8mes.","robots":{"index":"index","follow":"follow","max-snippet":"max-snippet:-1","max-image-preview":"max-image-preview:large","max-video-preview":"max-video-preview:-1"},"canonical":"https:\/\/www.csl-group.com\/nl\/sim-guides\/sim-risco-fr\/","og_locale":"en_US","og_type":"article","og_title":"CSL SIMs avec RISCO - FR","og_description":"Activez et enregistrez vos cartes SIM CSL avec RISCO Cloud. D\u00e9couvrez comment configurer, vous connecter au cloud et r\u00e9soudre les probl\u00e8mes.","og_url":"https:\/\/www.csl-group.com\/nl\/sim-guides\/sim-risco-fr\/","og_site_name":"CSL NL","article_modified_time":"2025-03-27T09:40:16+00:00","twitter_card":"summary_large_image","twitter_misc":{"Est. reading time":"2 minutes"},"schema":{"@context":"https:\/\/schema.org","@graph":[{"@type":"WebPage","@id":"https:\/\/www.csl-group.com\/nl\/sim-guides\/sim-risco-fr\/","url":"https:\/\/www.csl-group.com\/nl\/sim-guides\/sim-risco-fr\/","name":"Cartes SIM CSL avec RISCO | Guide de configuration IoT","isPartOf":{"@id":"https:\/\/www.csl-group.com\/nl\/#website"},"datePublished":"2025-03-11T12:42:30+00:00","dateModified":"2025-03-27T09:40:16+00:00","description":"Activez et enregistrez vos cartes SIM CSL avec RISCO Cloud. D\u00e9couvrez comment configurer, vous connecter au cloud et r\u00e9soudre les probl\u00e8mes.","breadcrumb":{"@id":"https:\/\/www.csl-group.com\/nl\/sim-guides\/sim-risco-fr\/#breadcrumb"},"inLanguage":"en-US","potentialAction":[{"@type":"ReadAction","target":["https:\/\/www.csl-group.com\/nl\/sim-guides\/sim-risco-fr\/"]}]},{"@type":"BreadcrumbList","@id":"https:\/\/www.csl-group.com\/nl\/sim-guides\/sim-risco-fr\/#breadcrumb","itemListElement":[{"@type":"ListItem","position":1,"name":"Home","item":"https:\/\/www.csl-group.com\/nl\/"},{"@type":"ListItem","position":2,"name":"SIM Guides","item":"https:\/\/www.csl-group.com\/nl\/sim-guides\/"},{"@type":"ListItem","position":3,"name":"CSL SIMs avec RISCO &#8211; FR"}]},{"@type":"WebSite","@id":"https:\/\/www.csl-group.com\/nl\/#website","url":"https:\/\/www.csl-group.com\/nl\/","name":"CSL","description":"","publisher":{"@id":"https:\/\/www.csl-group.com\/nl\/#organization"},"potentialAction":[{"@type":"SearchAction","target":{"@type":"EntryPoint","urlTemplate":"https:\/\/www.csl-group.com\/nl\/?s={search_term_string}"},"query-input":{"@type":"PropertyValueSpecification","valueRequired":true,"valueName":"search_term_string"}}],"inLanguage":"en-US"},{"@type":"Organization","@id":"https:\/\/www.csl-group.com\/nl\/#organization","name":"CSL","url":"https:\/\/www.csl-group.com\/nl\/","logo":{"@type":"ImageObject","inLanguage":"en-US","@id":"https:\/\/www.csl-group.com\/nl\/#\/schema\/logo\/image\/","url":"https:\/\/www.csl-group.com\/nl\/wp-content\/uploads\/sites\/2\/2025\/02\/cropped-csl-favicon.png.webp","contentUrl":"https:\/\/www.csl-group.com\/nl\/wp-content\/uploads\/sites\/2\/2025\/02\/cropped-csl-favicon.png.webp","width":512,"height":512,"caption":"CSL"},"image":{"@id":"https:\/\/www.csl-group.com\/nl\/#\/schema\/logo\/image\/"}}]}},"_links":{"self":[{"href":"https:\/\/www.csl-group.com\/nl\/wp-json\/wp\/v2\/pages\/3987","targetHints":{"allow":["GET"]}}],"collection":[{"href":"https:\/\/www.csl-group.com\/nl\/wp-json\/wp\/v2\/pages"}],"about":[{"href":"https:\/\/www.csl-group.com\/nl\/wp-json\/wp\/v2\/types\/page"}],"author":[{"embeddable":true,"href":"https:\/\/www.csl-group.com\/nl\/wp-json\/wp\/v2\/users\/1"}],"replies":[{"embeddable":true,"href":"https:\/\/www.csl-group.com\/nl\/wp-json\/wp\/v2\/comments?post=3987"}],"version-history":[{"count":5,"href":"https:\/\/www.csl-group.com\/nl\/wp-json\/wp\/v2\/pages\/3987\/revisions"}],"predecessor-version":[{"id":6364,"href":"https:\/\/www.csl-group.com\/nl\/wp-json\/wp\/v2\/pages\/3987\/revisions\/6364"}],"up":[{"embeddable":true,"href":"https:\/\/www.csl-group.com\/nl\/wp-json\/wp\/v2\/pages\/1785"}],"wp:attachment":[{"href":"https:\/\/www.csl-group.com\/nl\/wp-json\/wp\/v2\/media?parent=3987"}],"curies":[{"name":"wp","href":"https:\/\/api.w.org\/{rel}","templated":true}]}}