{"id":1108,"date":"2025-01-17T10:04:52","date_gmt":"2025-01-17T10:04:52","guid":{"rendered":"https:\/\/www.csl-group.com\/nl\/?page_id=1108"},"modified":"2026-04-13T13:10:45","modified_gmt":"2026-04-13T13:10:45","slug":"ontmoet-het-team","status":"publish","type":"page","link":"https:\/\/www.csl-group.com\/nl\/ontmoet-het-team\/","title":{"rendered":"Ontmoet het team"},"content":{"rendered":"\r\n<section class=\"page-banner page-banner__style-4 image-align-center\" aria-label=\"Page Banner\">\r\n    <div class=\"page-banner__inner\">\r\n        <div class=\"page-banner__wrapper\">\r\n            <div class=\"page-banner__details\">\r\n    <div class=\"container--large\">\r\n        <div class=\"page-banner__content\" data-aos=\"fade-right\" data-aos-delay=\"100\">\r\n            <div class=\"page-banner__content-inner\">\r\n                                    <span class=\"page-banner__pretitle\">\r\n                                                <span>Over ons<\/span>\r\n                    <\/span>\r\n                                <h1 class=\"page-banner__title h2\">Ontmoet het team<\/h1>\r\n                                <div class=\"page-banner__description\">\r\n                    <p>Het team van CSL wordt verenigd door een passie voor probleemoplossing, samenwerking en klanttevredenheid. Wij geloven dat het beste werk voortkomt uit een uitwisseling van idee\u00ebn, het omarmen van ieders sterke punten en natuurlijk een plezierige werkomgeving.<\/p>\n                <\/div>\r\n                                    <div class=\"page-banner__actions\">\r\n                                                    <a href=\"https:\/\/www.csl-group.com\/nl\/contact\/\" class=\"button \"  role=\"button\" aria-label=\"Neem contact met ons op\">Neem contact met ons op<\/a>                                            <\/div>\r\n                            <\/div>\r\n        <\/div>\r\n    <\/div>\r\n<\/div>\r\n<div class=\"page-banner__background\" data-aos=\"fade-up\">\n    <img fetchpriority=\"high\" decoding=\"async\" width=\"2100\" height=\"761\" src=\"https:\/\/www.csl-group.com\/nl\/wp-content\/uploads\/sites\/2\/2025\/01\/meet-the-team.jpg.webp\" class=\"page-banner__image\" alt=\"Croxley Park HQ\" srcset=\"https:\/\/www.csl-group.com\/nl\/wp-content\/uploads\/sites\/2\/2025\/01\/meet-the-team.jpg.webp 2100w, https:\/\/www.csl-group.com\/nl\/wp-content\/uploads\/sites\/2\/2025\/01\/meet-the-team-300x109.jpg.webp 300w, https:\/\/www.csl-group.com\/nl\/wp-content\/uploads\/sites\/2\/2025\/01\/meet-the-team-1024x371.jpg.webp 1024w, https:\/\/www.csl-group.com\/nl\/wp-content\/uploads\/sites\/2\/2025\/01\/meet-the-team-768x278.jpg.webp 768w, https:\/\/www.csl-group.com\/nl\/wp-content\/uploads\/sites\/2\/2025\/01\/meet-the-team-1536x557.jpg.webp 1536w, https:\/\/www.csl-group.com\/nl\/wp-content\/uploads\/sites\/2\/2025\/01\/meet-the-team-2048x742.jpg.webp 2048w\" sizes=\"(max-width: 2100px) 100vw, 2100px\" loading=\"eager\" \/><\/div>\r\n        <\/div>\r\n\r\n        \r\n        \r\n        \r\n\r\n        \r\n            <\/div>\r\n<\/section>\n\n\n<section class=\"team-tiles\">\r\n    <div class=\"team-tiles__inner\">\r\n        <div class=\"container--large\">\r\n            <div class=\"team-tiles__top\">\r\n                                    <h2 class=\"team-tiles__heading h3\" data-aos=\"fade-up\">Managementteam<\/h2>\r\n                                            <\/div>\r\n            <div class=\"team-tiles__grid\">\r\n                \r\n                    \r\n                    <div class=\"team-tiles__item\" data-aos=\"fade-up\" data-aos-delay=\"0\">\r\n                        <div class=\"team-tiles__item-inner\">\r\n\r\n                            <div class=\"team-tiles__item-overlay\">\r\n                                <button class=\"team-tiles__item-close\">X<\/button>\r\n                                <div class=\"team-tiles__item-details-top\">\r\n                                                                            <h3 class=\"team-tiles__item-name\">Ed Heale<\/h3>\r\n                                                                                                                <p class=\"team-tiles__item-position\">Chief Executive Officer<\/p>\r\n                                                                    <\/div>\r\n                                <div class=\"team-tiles__item-details-main\">\r\n                                                                            <div class=\"team-tiles__item-text\">\r\n                                            <p>Ed is verantwoordelijk voor de strategische richting en algemene prestaties van CSL. Sinds zijn indiensttreding in 2015 heeft Ed leiding gegeven aan CSL&#8217;s transformatie van een Brits bedrijf dat zich richtte op alarmtransmissie naar een toonaangevende, wereldwijde leverancier van IoT-connectiviteit.<\/p>\n                                        <\/div>\r\n                                    \r\n                                                                            <div class=\"team-tiles__item-quote\">\r\n                                            <blockquote>\r\n                                                <span>&ldquo;<\/span><p>Wij zijn een toonaangevende leverancier van kritieke connectiviteit en leveren robuuste en veilige oplossingen met de beste klantenservice ter ondersteuning van <strong>bedrijfskritieke<\/strong> operaties wereldwijd.<\/p>\n<span>&rdquo;<\/span>\r\n                                            <\/blockquote>\r\n                                        <\/div>\r\n                                                                    <\/div>\r\n                            <\/div>\r\n\r\n\r\n                            <div class=\"team-tiles__item-details\">\r\n                                <div class=\"team-tiles__item-details-top\">\r\n                                                                            <h3 class=\"team-tiles__item-name\">Ed Heale<\/h3>\r\n                                                                                                                <p class=\"team-tiles__item-position\">Chief Executive Officer<\/p>\r\n                                                                    <\/div>\r\n                                <div class=\"team-tiles__item-details-bottom\">\r\n                                    <a href=\"#\" class=\"button transparent-primary team-tiles__item-bio\"  role=\"button\" aria-label=\"Biography\">Biography<\/a>                                <\/div>\r\n                            <\/div>\r\n                            <div class=\"team-tiles__item-image\">\n                                <img decoding=\"async\" width=\"1024\" height=\"1012\" src=\"https:\/\/www.csl-group.com\/nl\/wp-content\/uploads\/sites\/2\/2025\/04\/Ed-Heale-New-Logo-Removed-002-scaled-e1745408035935-1024x1012.jpg\" class=\"team-tiles__item-img\" alt=\"Ed Heale\" srcset=\"https:\/\/www.csl-group.com\/nl\/wp-content\/uploads\/sites\/2\/2025\/04\/Ed-Heale-New-Logo-Removed-002-scaled-e1745408035935-1024x1012.jpg 1024w, https:\/\/www.csl-group.com\/nl\/wp-content\/uploads\/sites\/2\/2025\/04\/Ed-Heale-New-Logo-Removed-002-scaled-e1745408035935-300x296.jpg 300w, https:\/\/www.csl-group.com\/nl\/wp-content\/uploads\/sites\/2\/2025\/04\/Ed-Heale-New-Logo-Removed-002-scaled-e1745408035935-768x759.jpg 768w, https:\/\/www.csl-group.com\/nl\/wp-content\/uploads\/sites\/2\/2025\/04\/Ed-Heale-New-Logo-Removed-002-scaled-e1745408035935.jpg 1417w\" sizes=\"auto, (max-width: 1024px) 100vw, 1024px\" loading=\"lazy\" \/>                            <\/div>\n                        <\/div>\r\n                    <\/div>\r\n                \r\n                    \r\n                    <div class=\"team-tiles__item\" data-aos=\"fade-up\" data-aos-delay=\"100\">\r\n                        <div class=\"team-tiles__item-inner\">\r\n\r\n                            <div class=\"team-tiles__item-overlay\">\r\n                                <button class=\"team-tiles__item-close\">X<\/button>\r\n                                <div class=\"team-tiles__item-details-top\">\r\n                                                                            <h3 class=\"team-tiles__item-name\">Jon Slupek<\/h3>\r\n                                                                                                                <p class=\"team-tiles__item-position\">Chief Financial Officer<\/p>\r\n                                                                    <\/div>\r\n                                <div class=\"team-tiles__item-details-main\">\r\n                                                                            <div class=\"team-tiles__item-text\">\r\n                                            <p>Jon heeft 10 jaar ervaring in een senior financi\u00eble functie bij CSL. Hij heeft de groei van het bedrijf ondersteund tijdens de laatste twee private equity-cycli. Jon heeft een brede ervaring op het gebied van financi\u00ebn en IoT. Hij werkte eerder bij BT, in commerci\u00eble financi\u00ebn, en bij KPMG Consulting, waar hij grote multinationals ondersteunde bij financi\u00eble transformaties.<\/p>\n                                        <\/div>\r\n                                    \r\n                                                                    <\/div>\r\n                            <\/div>\r\n\r\n\r\n                            <div class=\"team-tiles__item-details\">\r\n                                <div class=\"team-tiles__item-details-top\">\r\n                                                                            <h3 class=\"team-tiles__item-name\">Jon Slupek<\/h3>\r\n                                                                                                                <p class=\"team-tiles__item-position\">Chief Financial Officer<\/p>\r\n                                                                    <\/div>\r\n                                <div class=\"team-tiles__item-details-bottom\">\r\n                                    <a href=\"#\" class=\"button transparent-primary team-tiles__item-bio\"  role=\"button\" aria-label=\"Biography\">Biography<\/a>                                <\/div>\r\n                            <\/div>\r\n                            <div class=\"team-tiles__item-image\">\n                                <img decoding=\"async\" width=\"1024\" height=\"1024\" src=\"https:\/\/www.csl-group.com\/nl\/wp-content\/uploads\/sites\/2\/2025\/12\/Jon-Slupek-New-2-scaled-e1765901986894-1024x1024.jpg\" class=\"team-tiles__item-img\" alt=\"Staff Headshot\" srcset=\"https:\/\/www.csl-group.com\/nl\/wp-content\/uploads\/sites\/2\/2025\/12\/Jon-Slupek-New-2-scaled-e1765901986894-1024x1024.jpg 1024w, https:\/\/www.csl-group.com\/nl\/wp-content\/uploads\/sites\/2\/2025\/12\/Jon-Slupek-New-2-scaled-e1765901986894-300x300.jpg 300w, https:\/\/www.csl-group.com\/nl\/wp-content\/uploads\/sites\/2\/2025\/12\/Jon-Slupek-New-2-scaled-e1765901986894-150x150.jpg 150w, https:\/\/www.csl-group.com\/nl\/wp-content\/uploads\/sites\/2\/2025\/12\/Jon-Slupek-New-2-scaled-e1765901986894-768x768.jpg 768w, https:\/\/www.csl-group.com\/nl\/wp-content\/uploads\/sites\/2\/2025\/12\/Jon-Slupek-New-2-scaled-e1765901986894.jpg 1445w\" sizes=\"auto, (max-width: 1024px) 100vw, 1024px\" loading=\"lazy\" \/>                            <\/div>\n                        <\/div>\r\n                    <\/div>\r\n                \r\n                    \r\n                    <div class=\"team-tiles__item\" data-aos=\"fade-up\" data-aos-delay=\"0\">\r\n                        <div class=\"team-tiles__item-inner\">\r\n\r\n                            <div class=\"team-tiles__item-overlay\">\r\n                                <button class=\"team-tiles__item-close\">X<\/button>\r\n                                <div class=\"team-tiles__item-details-top\">\r\n                                                                            <h3 class=\"team-tiles__item-name\">Glenn Fishwick<\/h3>\r\n                                                                                                                <p class=\"team-tiles__item-position\">Chief Technology Officer<\/p>\r\n                                                                    <\/div>\r\n                                <div class=\"team-tiles__item-details-main\">\r\n                                                                            <div class=\"team-tiles__item-text\">\r\n                                            <p>Glenn trad in 2024 in dienst bij CSL. Hij kan gebruikmaken van diepgaande kennis uit zijn periode bij Radius, waar hij een sleutelrol speelde bij het ontwikkelen van technologische capaciteiten en strategie\u00ebn. Tijdens zijn carri\u00e8re in de auto-industrie, telecommunicatie, financi\u00eble dienstverlening en technologie heeft Glenn een sterke staat van dienst opgebouwd met het bevorderen van operationele uitmuntendheid en innovatie in verschillende leidinggevende functies. Bij CSL geeft Glenn leiding aan de technologiestrategie en versterkt hij ons aanbod van veilige connectiviteitsoplossingen voor verschillende sectoren.<\/p>\n                                        <\/div>\r\n                                    \r\n                                                                    <\/div>\r\n                            <\/div>\r\n\r\n\r\n                            <div class=\"team-tiles__item-details\">\r\n                                <div class=\"team-tiles__item-details-top\">\r\n                                                                            <h3 class=\"team-tiles__item-name\">Glenn Fishwick<\/h3>\r\n                                                                                                                <p class=\"team-tiles__item-position\">Chief Technology Officer<\/p>\r\n                                                                    <\/div>\r\n                                <div class=\"team-tiles__item-details-bottom\">\r\n                                    <a href=\"#\" class=\"button transparent-primary team-tiles__item-bio\"  role=\"button\" aria-label=\"Biography\">Biography<\/a>                                <\/div>\r\n                            <\/div>\r\n                            <div class=\"team-tiles__item-image\">\n                                <img decoding=\"async\" width=\"1024\" height=\"601\" src=\"https:\/\/www.csl-group.com\/nl\/wp-content\/uploads\/sites\/2\/2025\/02\/Glenn-Fishwick-scaled-e1739288320539-1024x601.jpg\" class=\"team-tiles__item-img\" alt=\"Foto werknemer\" srcset=\"https:\/\/www.csl-group.com\/nl\/wp-content\/uploads\/sites\/2\/2025\/02\/Glenn-Fishwick-scaled-e1739288320539-1024x601.jpg 1024w, https:\/\/www.csl-group.com\/nl\/wp-content\/uploads\/sites\/2\/2025\/02\/Glenn-Fishwick-scaled-e1739288320539-300x176.jpg 300w, https:\/\/www.csl-group.com\/nl\/wp-content\/uploads\/sites\/2\/2025\/02\/Glenn-Fishwick-scaled-e1739288320539-768x451.jpg 768w, https:\/\/www.csl-group.com\/nl\/wp-content\/uploads\/sites\/2\/2025\/02\/Glenn-Fishwick-scaled-e1739288320539-1536x901.jpg 1536w, https:\/\/www.csl-group.com\/nl\/wp-content\/uploads\/sites\/2\/2025\/02\/Glenn-Fishwick-scaled-e1739288320539-2048x1201.jpg 2048w\" sizes=\"auto, (max-width: 1024px) 100vw, 1024px\" loading=\"lazy\" \/>                            <\/div>\n                        <\/div>\r\n                    <\/div>\r\n                            <\/div>\r\n        <\/div>\r\n    <\/div>\r\n<\/section>\n\n\n\r\n<section class=\"simple-text\" data-aos=\"fade-up\">\r\n    <div class=\"simple-text__inner pt-0\">\r\n        <div class=\"container--large\">\r\n            <div class=\"simple-text__wrapper\">\r\n                <div class=\"simple-text__content text-center\">\r\n                                                                        <h2 class=\"h4\">Kom ons <span class=\"text-primary\">levendige, innovatieve en samenwerkingsgerichte<\/span> team versterken.<\/h2>\r\n                                                                                                            <div class=\"simple-text__cta\">\r\n                            <a href=\"https:\/\/www.csl-group.com\/nl\/contact\/\" class=\"button \"  role=\"button\" aria-label=\"Neem contact met ons op\">Neem contact met ons op<\/a>                        <\/div>\r\n                                    <\/div>\r\n            <\/div>\r\n        <\/div>\r\n    <\/div>\r\n<\/section>\n\n\r\n<section class=\"simple-text\" data-aos=\"fade-up\">\r\n    <div class=\"simple-text__inner pt-0\">\r\n        <div class=\"container--large\">\r\n            <div class=\"simple-text__wrapper\">\r\n                <div class=\"simple-text__content text-center\">\r\n                                                                        <h2 class=\"h4\">CSL is trots op <span class=\"text-primary\">deze getalenteerde mensen<\/span> die dag in dag uit vernieuwende idee\u00ebn inbrengen<\/h2>\r\n                                                                                                    <\/div>\r\n            <\/div>\r\n        <\/div>\r\n    <\/div>\r\n<\/section>","protected":false},"excerpt":{"rendered":"","protected":false},"author":1,"featured_media":1112,"parent":0,"menu_order":0,"comment_status":"closed","ping_status":"closed","template":"","meta":{"_acf_changed":false,"footnotes":""},"class_list":["post-1108","page","type-page","status-publish","has-post-thumbnail","hentry"],"acf":[],"yoast_head":"<!-- This site is optimized with the Yoast SEO Premium plugin v27.1 (Yoast SEO v27.1.1) - https:\/\/yoast.com\/product\/yoast-seo-premium-wordpress\/ -->\n<title>Ontmoet de CSL Teams | Connectiviteitsinnovatie stimuleren<\/title>\n<meta name=\"description\" content=\"Ontmoet het management achter CSL en ontdek hoe onze leiders de toekomst van kritieke IoT-connectiviteit vormgeven.\" \/>\n<meta name=\"robots\" content=\"index, follow, max-snippet:-1, max-image-preview:large, max-video-preview:-1\" \/>\n<link rel=\"canonical\" href=\"https:\/\/www.csl-group.com\/nl\/ontmoet-het-team\/\" \/>\n<meta property=\"og:locale\" content=\"en_US\" \/>\n<meta property=\"og:type\" content=\"article\" \/>\n<meta property=\"og:title\" content=\"Ontmoet het team\" \/>\n<meta property=\"og:description\" content=\"Ontmoet het management achter CSL en ontdek hoe onze leiders de toekomst van kritieke IoT-connectiviteit vormgeven.\" \/>\n<meta property=\"og:url\" content=\"https:\/\/www.csl-group.com\/nl\/ontmoet-het-team\/\" \/>\n<meta property=\"og:site_name\" content=\"CSL NL\" \/>\n<meta property=\"article:modified_time\" content=\"2026-04-13T13:10:45+00:00\" \/>\n<meta property=\"og:image\" content=\"https:\/\/www.csl-group.com\/nl\/wp-content\/uploads\/sites\/2\/2025\/01\/meet-the-team.jpg.webp\" \/>\n\t<meta property=\"og:image:width\" content=\"2100\" \/>\n\t<meta property=\"og:image:height\" content=\"761\" \/>\n\t<meta property=\"og:image:type\" content=\"image\/jpeg\" \/>\n<meta name=\"twitter:card\" content=\"summary_large_image\" \/>\n<meta name=\"twitter:label1\" content=\"Est. reading time\" \/>\n\t<meta name=\"twitter:data1\" content=\"3 minutes\" \/>\n<script type=\"application\/ld+json\" class=\"yoast-schema-graph\">{\"@context\":\"https:\/\/schema.org\",\"@graph\":[{\"@type\":\"WebPage\",\"@id\":\"https:\/\/www.csl-group.com\/nl\/ontmoet-het-team\/\",\"url\":\"https:\/\/www.csl-group.com\/nl\/ontmoet-het-team\/\",\"name\":\"Ontmoet de CSL Teams | Connectiviteitsinnovatie stimuleren\",\"isPartOf\":{\"@id\":\"https:\/\/www.csl-group.com\/nl\/#website\"},\"primaryImageOfPage\":{\"@id\":\"https:\/\/www.csl-group.com\/nl\/ontmoet-het-team\/#primaryimage\"},\"image\":{\"@id\":\"https:\/\/www.csl-group.com\/nl\/ontmoet-het-team\/#primaryimage\"},\"thumbnailUrl\":\"https:\/\/www.csl-group.com\/nl\/wp-content\/uploads\/sites\/2\/2025\/01\/meet-the-team.jpg.webp\",\"datePublished\":\"2025-01-17T10:04:52+00:00\",\"dateModified\":\"2026-04-13T13:10:45+00:00\",\"description\":\"Ontmoet het management achter CSL en ontdek hoe onze leiders de toekomst van kritieke IoT-connectiviteit vormgeven.\",\"breadcrumb\":{\"@id\":\"https:\/\/www.csl-group.com\/nl\/ontmoet-het-team\/#breadcrumb\"},\"inLanguage\":\"en-US\",\"potentialAction\":[{\"@type\":\"ReadAction\",\"target\":[\"https:\/\/www.csl-group.com\/nl\/ontmoet-het-team\/\"]}]},{\"@type\":\"ImageObject\",\"inLanguage\":\"en-US\",\"@id\":\"https:\/\/www.csl-group.com\/nl\/ontmoet-het-team\/#primaryimage\",\"url\":\"https:\/\/www.csl-group.com\/nl\/wp-content\/uploads\/sites\/2\/2025\/01\/meet-the-team.jpg.webp\",\"contentUrl\":\"https:\/\/www.csl-group.com\/nl\/wp-content\/uploads\/sites\/2\/2025\/01\/meet-the-team.jpg.webp\",\"width\":2100,\"height\":761,\"caption\":\"Croxley Park HQ\"},{\"@type\":\"BreadcrumbList\",\"@id\":\"https:\/\/www.csl-group.com\/nl\/ontmoet-het-team\/#breadcrumb\",\"itemListElement\":[{\"@type\":\"ListItem\",\"position\":1,\"name\":\"Home\",\"item\":\"https:\/\/www.csl-group.com\/nl\/\"},{\"@type\":\"ListItem\",\"position\":2,\"name\":\"Ontmoet het team\"}]},{\"@type\":\"WebSite\",\"@id\":\"https:\/\/www.csl-group.com\/nl\/#website\",\"url\":\"https:\/\/www.csl-group.com\/nl\/\",\"name\":\"CSL\",\"description\":\"\",\"publisher\":{\"@id\":\"https:\/\/www.csl-group.com\/nl\/#organization\"},\"potentialAction\":[{\"@type\":\"SearchAction\",\"target\":{\"@type\":\"EntryPoint\",\"urlTemplate\":\"https:\/\/www.csl-group.com\/nl\/?s={search_term_string}\"},\"query-input\":{\"@type\":\"PropertyValueSpecification\",\"valueRequired\":true,\"valueName\":\"search_term_string\"}}],\"inLanguage\":\"en-US\"},{\"@type\":\"Organization\",\"@id\":\"https:\/\/www.csl-group.com\/nl\/#organization\",\"name\":\"CSL\",\"url\":\"https:\/\/www.csl-group.com\/nl\/\",\"logo\":{\"@type\":\"ImageObject\",\"inLanguage\":\"en-US\",\"@id\":\"https:\/\/www.csl-group.com\/nl\/#\/schema\/logo\/image\/\",\"url\":\"https:\/\/www.csl-group.com\/nl\/wp-content\/uploads\/sites\/2\/2025\/02\/cropped-csl-favicon.png.webp\",\"contentUrl\":\"https:\/\/www.csl-group.com\/nl\/wp-content\/uploads\/sites\/2\/2025\/02\/cropped-csl-favicon.png.webp\",\"width\":512,\"height\":512,\"caption\":\"CSL\"},\"image\":{\"@id\":\"https:\/\/www.csl-group.com\/nl\/#\/schema\/logo\/image\/\"}}]}<\/script>\n<!-- \/ Yoast SEO Premium plugin. -->","yoast_head_json":{"title":"Ontmoet de CSL Teams | Connectiviteitsinnovatie stimuleren","description":"Ontmoet het management achter CSL en ontdek hoe onze leiders de toekomst van kritieke IoT-connectiviteit vormgeven.","robots":{"index":"index","follow":"follow","max-snippet":"max-snippet:-1","max-image-preview":"max-image-preview:large","max-video-preview":"max-video-preview:-1"},"canonical":"https:\/\/www.csl-group.com\/nl\/ontmoet-het-team\/","og_locale":"en_US","og_type":"article","og_title":"Ontmoet het team","og_description":"Ontmoet het management achter CSL en ontdek hoe onze leiders de toekomst van kritieke IoT-connectiviteit vormgeven.","og_url":"https:\/\/www.csl-group.com\/nl\/ontmoet-het-team\/","og_site_name":"CSL NL","article_modified_time":"2026-04-13T13:10:45+00:00","og_image":[{"width":2100,"height":761,"url":"https:\/\/www.csl-group.com\/nl\/wp-content\/uploads\/sites\/2\/2025\/01\/meet-the-team.jpg.webp","type":"image\/jpeg"}],"twitter_card":"summary_large_image","twitter_misc":{"Est. reading time":"3 minutes"},"schema":{"@context":"https:\/\/schema.org","@graph":[{"@type":"WebPage","@id":"https:\/\/www.csl-group.com\/nl\/ontmoet-het-team\/","url":"https:\/\/www.csl-group.com\/nl\/ontmoet-het-team\/","name":"Ontmoet de CSL Teams | Connectiviteitsinnovatie stimuleren","isPartOf":{"@id":"https:\/\/www.csl-group.com\/nl\/#website"},"primaryImageOfPage":{"@id":"https:\/\/www.csl-group.com\/nl\/ontmoet-het-team\/#primaryimage"},"image":{"@id":"https:\/\/www.csl-group.com\/nl\/ontmoet-het-team\/#primaryimage"},"thumbnailUrl":"https:\/\/www.csl-group.com\/nl\/wp-content\/uploads\/sites\/2\/2025\/01\/meet-the-team.jpg.webp","datePublished":"2025-01-17T10:04:52+00:00","dateModified":"2026-04-13T13:10:45+00:00","description":"Ontmoet het management achter CSL en ontdek hoe onze leiders de toekomst van kritieke IoT-connectiviteit vormgeven.","breadcrumb":{"@id":"https:\/\/www.csl-group.com\/nl\/ontmoet-het-team\/#breadcrumb"},"inLanguage":"en-US","potentialAction":[{"@type":"ReadAction","target":["https:\/\/www.csl-group.com\/nl\/ontmoet-het-team\/"]}]},{"@type":"ImageObject","inLanguage":"en-US","@id":"https:\/\/www.csl-group.com\/nl\/ontmoet-het-team\/#primaryimage","url":"https:\/\/www.csl-group.com\/nl\/wp-content\/uploads\/sites\/2\/2025\/01\/meet-the-team.jpg.webp","contentUrl":"https:\/\/www.csl-group.com\/nl\/wp-content\/uploads\/sites\/2\/2025\/01\/meet-the-team.jpg.webp","width":2100,"height":761,"caption":"Croxley Park HQ"},{"@type":"BreadcrumbList","@id":"https:\/\/www.csl-group.com\/nl\/ontmoet-het-team\/#breadcrumb","itemListElement":[{"@type":"ListItem","position":1,"name":"Home","item":"https:\/\/www.csl-group.com\/nl\/"},{"@type":"ListItem","position":2,"name":"Ontmoet het team"}]},{"@type":"WebSite","@id":"https:\/\/www.csl-group.com\/nl\/#website","url":"https:\/\/www.csl-group.com\/nl\/","name":"CSL","description":"","publisher":{"@id":"https:\/\/www.csl-group.com\/nl\/#organization"},"potentialAction":[{"@type":"SearchAction","target":{"@type":"EntryPoint","urlTemplate":"https:\/\/www.csl-group.com\/nl\/?s={search_term_string}"},"query-input":{"@type":"PropertyValueSpecification","valueRequired":true,"valueName":"search_term_string"}}],"inLanguage":"en-US"},{"@type":"Organization","@id":"https:\/\/www.csl-group.com\/nl\/#organization","name":"CSL","url":"https:\/\/www.csl-group.com\/nl\/","logo":{"@type":"ImageObject","inLanguage":"en-US","@id":"https:\/\/www.csl-group.com\/nl\/#\/schema\/logo\/image\/","url":"https:\/\/www.csl-group.com\/nl\/wp-content\/uploads\/sites\/2\/2025\/02\/cropped-csl-favicon.png.webp","contentUrl":"https:\/\/www.csl-group.com\/nl\/wp-content\/uploads\/sites\/2\/2025\/02\/cropped-csl-favicon.png.webp","width":512,"height":512,"caption":"CSL"},"image":{"@id":"https:\/\/www.csl-group.com\/nl\/#\/schema\/logo\/image\/"}}]}},"_links":{"self":[{"href":"https:\/\/www.csl-group.com\/nl\/wp-json\/wp\/v2\/pages\/1108","targetHints":{"allow":["GET"]}}],"collection":[{"href":"https:\/\/www.csl-group.com\/nl\/wp-json\/wp\/v2\/pages"}],"about":[{"href":"https:\/\/www.csl-group.com\/nl\/wp-json\/wp\/v2\/types\/page"}],"author":[{"embeddable":true,"href":"https:\/\/www.csl-group.com\/nl\/wp-json\/wp\/v2\/users\/1"}],"replies":[{"embeddable":true,"href":"https:\/\/www.csl-group.com\/nl\/wp-json\/wp\/v2\/comments?post=1108"}],"version-history":[{"count":5,"href":"https:\/\/www.csl-group.com\/nl\/wp-json\/wp\/v2\/pages\/1108\/revisions"}],"predecessor-version":[{"id":7683,"href":"https:\/\/www.csl-group.com\/nl\/wp-json\/wp\/v2\/pages\/1108\/revisions\/7683"}],"wp:featuredmedia":[{"embeddable":true,"href":"https:\/\/www.csl-group.com\/nl\/wp-json\/wp\/v2\/media\/1112"}],"wp:attachment":[{"href":"https:\/\/www.csl-group.com\/nl\/wp-json\/wp\/v2\/media?parent=1108"}],"curies":[{"name":"wp","href":"https:\/\/api.w.org\/{rel}","templated":true}]}}