{"id":4793,"date":"2025-08-06T14:31:29","date_gmt":"2025-08-06T14:31:29","guid":{"rendered":"https:\/\/www.csl-group.com\/es\/?page_id=4793"},"modified":"2025-09-23T10:01:28","modified_gmt":"2025-09-23T10:01:28","slug":"inscribete-ahora","status":"publish","type":"page","link":"https:\/\/www.csl-group.com\/es\/empleo\/inscribete-ahora\/","title":{"rendered":"Inscr\u00edbete ahora"},"content":{"rendered":"\r\n<section class=\"page-banner page-banner__style-4 image-align-center\" aria-label=\"Page Banner\">\r\n    <div class=\"page-banner__inner\">\r\n        <div class=\"page-banner__wrapper\">\r\n            <div class=\"page-banner__details\">\r\n    <div class=\"container--large\">\r\n        <div class=\"page-banner__content\" data-aos=\"fade-right\" data-aos-delay=\"100\">\r\n            <div class=\"page-banner__content-inner\">\r\n                                    <span class=\"page-banner__pretitle\">\r\n                                                <span>Empleo<\/span>\r\n                    <\/span>\r\n                                <h1 class=\"page-banner__title h2\">Inscr\u00edbete ahora<\/h1>\r\n                                <div class=\"page-banner__description\">\r\n                    <p>Si quieres solicitar una de nuestras vacantes actuales, aseg\u00farate de tener toda la informaci\u00f3n que se indica a continuaci\u00f3n antes de enviar tu solicitud.<\/p>\n                <\/div>\r\n                            <\/div>\r\n        <\/div>\r\n    <\/div>\r\n<\/div>\r\n<div class=\"page-banner__background\" data-aos=\"fade-up\">\n    <img fetchpriority=\"high\" decoding=\"async\" width=\"2100\" height=\"700\" src=\"https:\/\/www.csl-group.com\/es\/wp-content\/uploads\/sites\/3\/2025\/08\/careers.jpg\" class=\"page-banner__image\" alt=\"Meeting\" srcset=\"https:\/\/www.csl-group.com\/es\/wp-content\/uploads\/sites\/3\/2025\/08\/careers.jpg 2100w, https:\/\/www.csl-group.com\/es\/wp-content\/uploads\/sites\/3\/2025\/08\/careers-300x100.jpg 300w, https:\/\/www.csl-group.com\/es\/wp-content\/uploads\/sites\/3\/2025\/08\/careers-1024x341.jpg 1024w, https:\/\/www.csl-group.com\/es\/wp-content\/uploads\/sites\/3\/2025\/08\/careers-768x256.jpg 768w, https:\/\/www.csl-group.com\/es\/wp-content\/uploads\/sites\/3\/2025\/08\/careers-1536x512.jpg 1536w, https:\/\/www.csl-group.com\/es\/wp-content\/uploads\/sites\/3\/2025\/08\/careers-2048x683.jpg 2048w\" sizes=\"(max-width: 2100px) 100vw, 2100px\" loading=\"eager\" \/><\/div>\r\n        <\/div>\r\n\r\n        \r\n        \r\n        \r\n\r\n        \r\n            <\/div>\r\n<\/section>\n\n\n\r\n<section class=\"simple-text\" data-aos=\"fade-up\">\r\n    <div class=\"simple-text__inner pb-0\">\r\n        <div class=\"container--large\">\r\n            <div class=\"simple-text__wrapper\">\r\n                <div class=\"simple-text__content text-left\">\r\n                                                                        <h2 class=\"h4\">Todo lo que necesitas incluir<\/h2>\r\n                                                                                        <div class=\"simple-text__content-text\">\r\n                            <p class=\"preFade fadeIn\">Si deseas solicitar alguna de nuestras vacantes actuales, env\u00eda un correo electr\u00f3nico a nuestro equipo de Carreras Profesionales indicando tu:<\/p>\n<ul>\n<li class=\"preFade fadeIn\">Nombre completo<\/li>\n<li class=\"preFade fadeIn\">N\u00famero de tel\u00e9fono<\/li>\n<li class=\"preFade fadeIn\">CV<\/li>\n<li class=\"preFade fadeIn\">Lugar del domicilio<\/li>\n<li class=\"preFade fadeIn\">Expectativas salariales<\/li>\n<li class=\"preFade fadeIn\">Disponibilidad<\/li>\n<li class=\"preFade fadeIn\">Plazo de preaviso<\/li>\n<li class=\"preFade fadeIn\">El puesto que solicitas<\/li>\n<\/ul>\n                        <\/div>\r\n                                                                <div class=\"simple-text__cta\">\r\n                            <a href=\"mailto:patricia.melero@csl-group.es\" class=\"button \"  role=\"button\" aria-label=\"Inscr\u00edbete ahora\">Inscr\u00edbete ahora<\/a>                        <\/div>\r\n                                    <\/div>\r\n            <\/div>\r\n        <\/div>\r\n    <\/div>\r\n<\/section>\n\n\r\n<section class=\"simple-text\" data-aos=\"fade-up\">\r\n    <div class=\"simple-text__inner\">\r\n        <div class=\"container--large\">\r\n            <div class=\"simple-text__wrapper\">\r\n                <div class=\"simple-text__content text-left\">\r\n                                                                <div class=\"simple-text__content-text\">\r\n                            <p>CSL opera como una empresa que ofrece igualdad de oportunidades y aceptamos todas las solicitudes independientemente del sexo, la raza, la discapacidad, la orientaci\u00f3n sexual, la religi\u00f3n o las creencias, la edad, el cambio de sexo, el estado civil, el embarazo o la maternidad.<\/p>\n                        <\/div>\r\n                                                        <\/div>\r\n            <\/div>\r\n        <\/div>\r\n    <\/div>\r\n<\/section>","protected":false},"excerpt":{"rendered":"","protected":false},"author":6,"featured_media":4794,"parent":811,"menu_order":0,"comment_status":"closed","ping_status":"closed","template":"","meta":{"_acf_changed":false,"footnotes":""},"class_list":["post-4793","page","type-page","status-publish","has-post-thumbnail","hentry"],"acf":[],"yoast_head":"<!-- This site is optimized with the Yoast SEO Premium plugin v27.1 (Yoast SEO v27.1.1) - https:\/\/yoast.com\/product\/yoast-seo-premium-wordpress\/ -->\n<title>Solicita ahora | Trabaja en CSL | Solicitar un puesto vacante<\/title>\n<meta name=\"description\" content=\"Esta p\u00e1gina resume toda la informaci\u00f3n que necesitamos de los candidatos para nuestros puestos vacantes o vacantes actuales.\" \/>\n<meta name=\"robots\" content=\"index, follow, max-snippet:-1, max-image-preview:large, max-video-preview:-1\" \/>\n<link rel=\"canonical\" href=\"https:\/\/www.csl-group.com\/es\/empleo\/inscribete-ahora\/\" \/>\n<meta property=\"og:locale\" content=\"en_US\" \/>\n<meta property=\"og:type\" content=\"article\" \/>\n<meta property=\"og:title\" content=\"Inscr\u00edbete ahora\" \/>\n<meta property=\"og:description\" content=\"Esta p\u00e1gina resume toda la informaci\u00f3n que necesitamos de los candidatos para nuestros puestos vacantes o vacantes actuales.\" \/>\n<meta property=\"og:url\" content=\"https:\/\/www.csl-group.com\/es\/empleo\/inscribete-ahora\/\" \/>\n<meta property=\"og:site_name\" content=\"CSL ES\" \/>\n<meta property=\"article:modified_time\" content=\"2025-09-23T10:01:28+00:00\" \/>\n<meta property=\"og:image\" content=\"https:\/\/www.csl-group.com\/es\/wp-content\/uploads\/sites\/3\/2025\/08\/careers.jpg\" \/>\n\t<meta property=\"og:image:width\" content=\"2100\" \/>\n\t<meta property=\"og:image:height\" content=\"700\" \/>\n\t<meta property=\"og:image:type\" content=\"image\/jpeg\" \/>\n<meta name=\"twitter:card\" content=\"summary_large_image\" \/>\n<meta name=\"twitter:label1\" content=\"Est. reading time\" \/>\n\t<meta name=\"twitter:data1\" content=\"1 minute\" \/>\n<script type=\"application\/ld+json\" class=\"yoast-schema-graph\">{\"@context\":\"https:\/\/schema.org\",\"@graph\":[{\"@type\":\"WebPage\",\"@id\":\"https:\/\/www.csl-group.com\/es\/empleo\/inscribete-ahora\/\",\"url\":\"https:\/\/www.csl-group.com\/es\/empleo\/inscribete-ahora\/\",\"name\":\"Solicita ahora | Trabaja en CSL | Solicitar un puesto vacante\",\"isPartOf\":{\"@id\":\"https:\/\/www.csl-group.com\/es\/#website\"},\"primaryImageOfPage\":{\"@id\":\"https:\/\/www.csl-group.com\/es\/empleo\/inscribete-ahora\/#primaryimage\"},\"image\":{\"@id\":\"https:\/\/www.csl-group.com\/es\/empleo\/inscribete-ahora\/#primaryimage\"},\"thumbnailUrl\":\"https:\/\/www.csl-group.com\/es\/wp-content\/uploads\/sites\/3\/2025\/08\/careers.jpg\",\"datePublished\":\"2025-08-06T14:31:29+00:00\",\"dateModified\":\"2025-09-23T10:01:28+00:00\",\"description\":\"Esta p\u00e1gina resume toda la informaci\u00f3n que necesitamos de los candidatos para nuestros puestos vacantes o vacantes actuales.\",\"breadcrumb\":{\"@id\":\"https:\/\/www.csl-group.com\/es\/empleo\/inscribete-ahora\/#breadcrumb\"},\"inLanguage\":\"en-US\",\"potentialAction\":[{\"@type\":\"ReadAction\",\"target\":[\"https:\/\/www.csl-group.com\/es\/empleo\/inscribete-ahora\/\"]}]},{\"@type\":\"ImageObject\",\"inLanguage\":\"en-US\",\"@id\":\"https:\/\/www.csl-group.com\/es\/empleo\/inscribete-ahora\/#primaryimage\",\"url\":\"https:\/\/www.csl-group.com\/es\/wp-content\/uploads\/sites\/3\/2025\/08\/careers.jpg\",\"contentUrl\":\"https:\/\/www.csl-group.com\/es\/wp-content\/uploads\/sites\/3\/2025\/08\/careers.jpg\",\"width\":2100,\"height\":700,\"caption\":\"Meeting\"},{\"@type\":\"BreadcrumbList\",\"@id\":\"https:\/\/www.csl-group.com\/es\/empleo\/inscribete-ahora\/#breadcrumb\",\"itemListElement\":[{\"@type\":\"ListItem\",\"position\":1,\"name\":\"Home\",\"item\":\"https:\/\/www.csl-group.com\/es\/\"},{\"@type\":\"ListItem\",\"position\":2,\"name\":\"Empleo\",\"item\":\"https:\/\/www.csl-group.com\/es\/empleo\/\"},{\"@type\":\"ListItem\",\"position\":3,\"name\":\"Inscr\u00edbete ahora\"}]},{\"@type\":\"WebSite\",\"@id\":\"https:\/\/www.csl-group.com\/es\/#website\",\"url\":\"https:\/\/www.csl-group.com\/es\/\",\"name\":\"CSL\",\"description\":\"\",\"potentialAction\":[{\"@type\":\"SearchAction\",\"target\":{\"@type\":\"EntryPoint\",\"urlTemplate\":\"https:\/\/www.csl-group.com\/es\/?s={search_term_string}\"},\"query-input\":{\"@type\":\"PropertyValueSpecification\",\"valueRequired\":true,\"valueName\":\"search_term_string\"}}],\"inLanguage\":\"en-US\"}]}<\/script>\n<!-- \/ Yoast SEO Premium plugin. -->","yoast_head_json":{"title":"Solicita ahora | Trabaja en CSL | Solicitar un puesto vacante","description":"Esta p\u00e1gina resume toda la informaci\u00f3n que necesitamos de los candidatos para nuestros puestos vacantes o vacantes actuales.","robots":{"index":"index","follow":"follow","max-snippet":"max-snippet:-1","max-image-preview":"max-image-preview:large","max-video-preview":"max-video-preview:-1"},"canonical":"https:\/\/www.csl-group.com\/es\/empleo\/inscribete-ahora\/","og_locale":"en_US","og_type":"article","og_title":"Inscr\u00edbete ahora","og_description":"Esta p\u00e1gina resume toda la informaci\u00f3n que necesitamos de los candidatos para nuestros puestos vacantes o vacantes actuales.","og_url":"https:\/\/www.csl-group.com\/es\/empleo\/inscribete-ahora\/","og_site_name":"CSL ES","article_modified_time":"2025-09-23T10:01:28+00:00","og_image":[{"width":2100,"height":700,"url":"https:\/\/www.csl-group.com\/es\/wp-content\/uploads\/sites\/3\/2025\/08\/careers.jpg","type":"image\/jpeg"}],"twitter_card":"summary_large_image","twitter_misc":{"Est. reading time":"1 minute"},"schema":{"@context":"https:\/\/schema.org","@graph":[{"@type":"WebPage","@id":"https:\/\/www.csl-group.com\/es\/empleo\/inscribete-ahora\/","url":"https:\/\/www.csl-group.com\/es\/empleo\/inscribete-ahora\/","name":"Solicita ahora | Trabaja en CSL | Solicitar un puesto vacante","isPartOf":{"@id":"https:\/\/www.csl-group.com\/es\/#website"},"primaryImageOfPage":{"@id":"https:\/\/www.csl-group.com\/es\/empleo\/inscribete-ahora\/#primaryimage"},"image":{"@id":"https:\/\/www.csl-group.com\/es\/empleo\/inscribete-ahora\/#primaryimage"},"thumbnailUrl":"https:\/\/www.csl-group.com\/es\/wp-content\/uploads\/sites\/3\/2025\/08\/careers.jpg","datePublished":"2025-08-06T14:31:29+00:00","dateModified":"2025-09-23T10:01:28+00:00","description":"Esta p\u00e1gina resume toda la informaci\u00f3n que necesitamos de los candidatos para nuestros puestos vacantes o vacantes actuales.","breadcrumb":{"@id":"https:\/\/www.csl-group.com\/es\/empleo\/inscribete-ahora\/#breadcrumb"},"inLanguage":"en-US","potentialAction":[{"@type":"ReadAction","target":["https:\/\/www.csl-group.com\/es\/empleo\/inscribete-ahora\/"]}]},{"@type":"ImageObject","inLanguage":"en-US","@id":"https:\/\/www.csl-group.com\/es\/empleo\/inscribete-ahora\/#primaryimage","url":"https:\/\/www.csl-group.com\/es\/wp-content\/uploads\/sites\/3\/2025\/08\/careers.jpg","contentUrl":"https:\/\/www.csl-group.com\/es\/wp-content\/uploads\/sites\/3\/2025\/08\/careers.jpg","width":2100,"height":700,"caption":"Meeting"},{"@type":"BreadcrumbList","@id":"https:\/\/www.csl-group.com\/es\/empleo\/inscribete-ahora\/#breadcrumb","itemListElement":[{"@type":"ListItem","position":1,"name":"Home","item":"https:\/\/www.csl-group.com\/es\/"},{"@type":"ListItem","position":2,"name":"Empleo","item":"https:\/\/www.csl-group.com\/es\/empleo\/"},{"@type":"ListItem","position":3,"name":"Inscr\u00edbete ahora"}]},{"@type":"WebSite","@id":"https:\/\/www.csl-group.com\/es\/#website","url":"https:\/\/www.csl-group.com\/es\/","name":"CSL","description":"","potentialAction":[{"@type":"SearchAction","target":{"@type":"EntryPoint","urlTemplate":"https:\/\/www.csl-group.com\/es\/?s={search_term_string}"},"query-input":{"@type":"PropertyValueSpecification","valueRequired":true,"valueName":"search_term_string"}}],"inLanguage":"en-US"}]}},"_links":{"self":[{"href":"https:\/\/www.csl-group.com\/es\/wp-json\/wp\/v2\/pages\/4793","targetHints":{"allow":["GET"]}}],"collection":[{"href":"https:\/\/www.csl-group.com\/es\/wp-json\/wp\/v2\/pages"}],"about":[{"href":"https:\/\/www.csl-group.com\/es\/wp-json\/wp\/v2\/types\/page"}],"author":[{"embeddable":true,"href":"https:\/\/www.csl-group.com\/es\/wp-json\/wp\/v2\/users\/6"}],"replies":[{"embeddable":true,"href":"https:\/\/www.csl-group.com\/es\/wp-json\/wp\/v2\/comments?post=4793"}],"version-history":[{"count":2,"href":"https:\/\/www.csl-group.com\/es\/wp-json\/wp\/v2\/pages\/4793\/revisions"}],"predecessor-version":[{"id":4854,"href":"https:\/\/www.csl-group.com\/es\/wp-json\/wp\/v2\/pages\/4793\/revisions\/4854"}],"up":[{"embeddable":true,"href":"https:\/\/www.csl-group.com\/es\/wp-json\/wp\/v2\/pages\/811"}],"wp:featuredmedia":[{"embeddable":true,"href":"https:\/\/www.csl-group.com\/es\/wp-json\/wp\/v2\/media\/4794"}],"wp:attachment":[{"href":"https:\/\/www.csl-group.com\/es\/wp-json\/wp\/v2\/media?parent=4793"}],"curies":[{"name":"wp","href":"https:\/\/api.w.org\/{rel}","templated":true}]}}