{"id":3999,"date":"2025-06-11T09:09:22","date_gmt":"2025-06-11T09:09:22","guid":{"rendered":"https:\/\/www.csl-group.com\/es\/?page_id=3999"},"modified":"2026-01-30T13:02:54","modified_gmt":"2026-01-30T13:02:54","slug":"politica-de-solicitantes-de-empleo","status":"publish","type":"page","link":"https:\/\/www.csl-group.com\/es\/politica-de-solicitantes-de-empleo\/","title":{"rendered":"Pol\u00edtica solicitantes de empleo"},"content":{"rendered":"\r\n<section class=\"simple-text\" data-aos=\"fade-up\">\r\n    <div class=\"simple-text__inner\">\r\n        <div class=\"container\">\r\n            <div class=\"simple-text__wrapper\">\r\n                <div class=\"simple-text__content text-left\">\r\n                                                                        <h1 class=\"h1\">Pol\u00edtica de Solicitantes de Empleo<\/h1>\r\n                                                                                        <div class=\"simple-text__content-text\">\r\n                            <h1 class=\"h2\"><\/h1>\n<h2><strong>1. Identificaci\u00f3n del <\/strong><strong>Responsable del tratamiento<\/strong><\/h2>\n<table width=\"530\">\n<tbody>\n<tr>\n<td width=\"100\"><strong>Entidad<\/strong>:<\/td>\n<td width=\"430\">CSL COMMUNICATIONS IBERIA, S.L.<\/td>\n<\/tr>\n<tr>\n<td width=\"100\"><strong>CIF\/NIF:<\/strong><\/td>\n<td width=\"430\">B97150569<\/td>\n<\/tr>\n<tr>\n<td width=\"100\"><strong>Direcci\u00f3n postal:<\/strong><\/td>\n<td width=\"430\">Ronda Isaac Peral, 9, CP 46980, Paterna (Valencia)<\/td>\n<\/tr>\n<tr>\n<td width=\"100\"><strong>Tel\u00e9fono<\/strong>:<\/td>\n<td width=\"430\">960 700 730<\/td>\n<\/tr>\n<tr>\n<td width=\"100\"><strong>Correo electr\u00f3nico:<\/strong><\/td>\n<td width=\"430\"><a href=\"mailto:csl@csl-group.es\">csl@csl-group.es<\/a><\/td>\n<\/tr>\n<tr>\n<td width=\"100\"><strong>Objeto Social:<\/strong><\/td>\n<td width=\"430\">Soluciones para comunicaciones<\/td>\n<\/tr>\n<tr>\n<td width=\"100\"><strong>Sitio web:<\/strong><\/td>\n<td width=\"430\">https:\/\/www.csl-group.com\/es\/<\/td>\n<\/tr>\n<tr>\n<td width=\"100\"><strong>Datos registrales:<\/strong><\/td>\n<td width=\"430\">Registro Mercantil de Valencia Tomo 7187, Libro 4490, Folio 191, Secci\u00f3n 8, Hoja V 83645,<\/td>\n<\/tr>\n<\/tbody>\n<\/table>\n<h2><strong>2. Datos personales tratados<\/strong><\/h2>\n<p>Los datos personales que trataremos en cualquier solicitud de empleo, ser\u00e1n los convencionalmente establecidos para estos casos, como por ejemplo, datos identificativos y de contacto, trayectoria acad\u00e9mica y profesional, cualquier informaci\u00f3n que el candidato quiera compartir voluntariamente con nuestra entidad, as\u00ed como otros datos que recopilemos durante las entrevistas relacionadas con el proceso de selecci\u00f3n y contrataci\u00f3n.<\/p>\n<p>Del mismo modo, a trav\u00e9s de nuestra plataforma digital de empleo, se podr\u00e1n tratar datos relacionados con la direcci\u00f3n de IP, sistema operativo utilizado por el usuario, navegador, fecha y hora de acceso y archivos de registro.<\/p>\n<h2><strong>3. Finalidad del tratamiento<\/strong><strong> de datos personales<\/strong><\/h2>\n<p>El tratamiento de los datos personales que nos faciliten los solicitantes de empleo, ser\u00e1 exclusivamente para valorar su candidatura, contactarle para posibles entrevistas y sobre el proceso de selecci\u00f3n, mantenerle informado de las distintas vacantes que se produzcan en nuestra organizaci\u00f3n si nos autoriza a ello y posible contrataci\u00f3n laboral en caso de producirse. Las comunicaciones se realizar\u00e1n por los medios de contacto que nos facilite en su solicitud de empleo (ejem. tel\u00e9fono o correo electr\u00f3nico).<\/p>\n<p>Sus datos tambi\u00e9n se podr\u00e1n utilizar para pedir referencias sobre su trayectoria profesional en las empresas en las que ha nos informe que ha trabajado.<\/p>\n<p>En el caso de que proceda o que Usted entienda que deba informarnos sobre su grado de minusval\u00eda, intolerancias, alergias o alg\u00fan otro dato sobre su salud y relacionado con el puesto de trabajo solicitado, le informamos que estos datos ser\u00e1n tratados para dar cumplimiento al art\u00edculo 15 de la Ley 31\/1995 de Prevenci\u00f3n de Riesgos Laborales en el que debemos conocer dicho dato para adecuar el lugar de trabajo a las necesidades del empleado, as\u00ed como con el Real Decreto Legislativo 1\/2013, de 29 de noviembre, por el que se aprueba el Texto Refundido de la Ley General de derechos de las personas con discapacidad y de su inclusi\u00f3n social. Cualquier otro dato innecesario para el objeto de esta solicitud, lo destruiremos de forma confidencial.<\/p>\n<h2><strong>4. Legitimaci\u00f3n<\/strong><\/h2>\n<p>El tratamiento de sus datos personales por parte de nuestra entidad, se realizar\u00e1 con su consentimiento expreso, libre, informado e inequ\u00edvoco, puesto que le informamos de la presente pol\u00edtica que tras la lectura de esta y de estar conforme, puede voluntariamente autorizarnos al tratamiento de sus datos mediante la marcaci\u00f3n de las casillas dispuestas a tal efecto en nuestros formularios.<\/p>\n<p>A este respecto, le informamos que en cualquier momento puede cambiar de opini\u00f3n y retirar su consentimiento dirigi\u00e9ndose a nuestra direcci\u00f3n postal o correo electr\u00f3nico.<\/p>\n<p>En el caso de que el usuario sea menor de 16 a\u00f1os, no trataremos sus datos personales, pues esta es la edad m\u00ednima laboral en Espa\u00f1a. El usuario es el \u00fanico responsable de la veracidad de los datos que nos remite.<\/p>\n<h2><strong>\u00a05. Medidas<\/strong><strong> de seguridad<\/strong><\/h2>\n<p>Garantizamos el buen uso de la informaci\u00f3n, la confidencialidad de los datos personales contenidos en su solicitud de empleo, aplicando todas las medidas de seguridad necesarias para velar por su integridad, confidencialidad y disponibilidad. En definitiva, dar cumplimiento a las obligaciones que nuestra entidad tiene en materia de protecci\u00f3n de datos personales.<\/p>\n<h2><strong>6.\u00a0 Cesi\u00f3n<\/strong><strong> de datos<\/strong><\/h2>\n<p>Nuestra entidad le informa que sus datos personales no se ceder\u00e1n a terceros, salvo que medie su consentimiento previo, en cuyo caso le solicitaremos su consentimiento mediante las casillas dispuestas a tal efecto en los formularios de solicitud de empleo y con la debida informaci\u00f3n para que su consentimiento sea informado y libre.<\/p>\n<p>En ciertas candidaturas, es posible que nuestra entidad cuente con empresas de nuestro grupo o proveedores especializados en procesos de selecci\u00f3n, en cuyo caso ser\u00e1n considerados encargados del tratamiento con los que firmaremos el correspondiente contrato de confidencialidad y compromiso de adoptar todas las medidas de seguridad necesarias para proteger sus datos.<\/p>\n<h2><strong>7. Conservaci\u00f3n de sus datos<\/strong><\/h2>\n<p>Los datos personales proporcionados en calidad de solicitante de empleo se conservar\u00e1n hasta la ocupaci\u00f3n de un puesto de trabajo o durante un plazo m\u00e1ximo de un (1) a\u00f1o, salvo que nos haya autorizado expresamente a incluirle en nuestra bolsa de trabajo en cuyo caso, se conservar\u00e1n durante el tiempo necesario para contemplar su candidatura ante posibles vacantes y contactarle para informarle a este respecto.<\/p>\n<h2><strong>8. Derechos de los candidatos<\/strong><\/h2>\n<p>Mantendremos sus datos como solicitante de empleo seg\u00fan lo expuesto o hasta que usted ejerza su derecho de supresi\u00f3n; por tanto, tiene derecho a acceder a sus datos personales, rectificar los datos inexactos, oponerse o limitar en cualquier momento al tratamiento de sus datos personales, incluso solicitar la portabilidad de estos o revocar su consentimiento.<\/p>\n<p>Para ejercer sus derechos, deber\u00e1 hacerlo por escrito a\u00a0<a href=\"mailto:acsl@csl-group.es\">csl@csl-group.es<\/a>. En caso de actuar en representaci\u00f3n de otra persona, deber\u00e1 acreditar dicha representaci\u00f3n.<\/p>\n<p>Si desea trasladar alguna sugerencia o consulta sobre el tratamiento de sus datos personales, puede contactar con nuestros consultores de protecci\u00f3n de datos:<\/p>\n<p>BUSINESS ADAPTER, S.L.<\/p>\n<p>Ronda Guglielmo Marconi, 11, 26, (Parque Tecnol\u00f3gico) 46980 Paterna (Valencia).<\/p>\n<h4><a href=\"https:\/\/www.businessadapter.es\/contacta-con-el-delegado-de-proteccion-de-datos\">Formulario de atenci\u00f3n al interesado<\/a><\/h4>\n<p>Le informamos que Usted tiene derecho a realizar una reclamaci\u00f3n ante la Agencia Espa\u00f1ola de Protecci\u00f3n de Datos en: C\/ Jorge Juan, 6, 28001 Madrid o en <a href=\"http:\/\/www.aepd.es\">www.aepd.es<\/a>.<\/p>\n<h2><strong>9.\u00a0 M\u00e1s<\/strong><strong> informaci\u00f3n<\/strong><\/h2>\n<p>Puede saber m\u00e1s sobre como tratamos los datos personales en nuestra <a href=\"https:\/\/www.csl-group.com\/es\/politica-de-privacidad\/\">Pol\u00edtica de Privacidad<\/a>.<\/p>\n<h2><strong>10. Actualizaci\u00f3n de esta Pol\u00edtica<\/strong><\/h2>\n<p>Nuestra entidad se reserva el derecho a la modificaci\u00f3n de esta Pol\u00edtica sin previo aviso. Es por ello, que recomendamos consultarla cada vez que visite nuestra web.<\/p>\n<p>&nbsp;<\/p>\n<p><em>Actualizado el 25 de junio de 2025<\/em><\/p>\n                        <\/div>\r\n                                                        <\/div>\r\n            <\/div>\r\n        <\/div>\r\n    <\/div>\r\n<\/section>","protected":false},"excerpt":{"rendered":"","protected":false},"author":16,"featured_media":0,"parent":0,"menu_order":0,"comment_status":"closed","ping_status":"closed","template":"","meta":{"_acf_changed":false,"footnotes":""},"class_list":["post-3999","page","type-page","status-publish","hentry"],"acf":[],"yoast_head":"<!-- This site is optimized with the Yoast SEO Premium plugin v27.1 (Yoast SEO v27.1.1) - https:\/\/yoast.com\/product\/yoast-seo-premium-wordpress\/ -->\n<title>Pol\u00edtica de Solicitantes de Empleo de CSL<\/title>\n<meta name=\"description\" content=\"\u00bfBuscas empleo en CSL Espa\u00f1a? Consulta nuestra pol\u00edtica para solicitantes de empleo: proceso de selecci\u00f3n, protecci\u00f3n de datos y derechos del candidato. Tu privacidad es nuestra prioridad.\" \/>\n<meta name=\"robots\" content=\"index, follow, max-snippet:-1, max-image-preview:large, max-video-preview:-1\" \/>\n<link rel=\"canonical\" href=\"https:\/\/www.csl-group.com\/es\/politica-de-solicitantes-de-empleo\/\" \/>\n<meta property=\"og:locale\" content=\"en_US\" \/>\n<meta property=\"og:type\" content=\"article\" \/>\n<meta property=\"og:title\" content=\"Pol\u00edtica solicitantes de empleo\" \/>\n<meta property=\"og:description\" content=\"\u00bfBuscas empleo en CSL Espa\u00f1a? Consulta nuestra pol\u00edtica para solicitantes de empleo: proceso de selecci\u00f3n, protecci\u00f3n de datos y derechos del candidato. Tu privacidad es nuestra prioridad.\" \/>\n<meta property=\"og:url\" content=\"https:\/\/www.csl-group.com\/es\/politica-de-solicitantes-de-empleo\/\" \/>\n<meta property=\"og:site_name\" content=\"CSL ES\" \/>\n<meta property=\"article:modified_time\" content=\"2026-01-30T13:02:54+00:00\" \/>\n<meta name=\"twitter:card\" content=\"summary_large_image\" \/>\n<meta name=\"twitter:label1\" content=\"Est. reading time\" \/>\n\t<meta name=\"twitter:data1\" content=\"5 minutes\" \/>\n<script type=\"application\/ld+json\" class=\"yoast-schema-graph\">{\"@context\":\"https:\/\/schema.org\",\"@graph\":[{\"@type\":\"WebPage\",\"@id\":\"https:\/\/www.csl-group.com\/es\/politica-de-solicitantes-de-empleo\/\",\"url\":\"https:\/\/www.csl-group.com\/es\/politica-de-solicitantes-de-empleo\/\",\"name\":\"Pol\u00edtica de Solicitantes de Empleo de CSL\",\"isPartOf\":{\"@id\":\"https:\/\/www.csl-group.com\/es\/#website\"},\"datePublished\":\"2025-06-11T09:09:22+00:00\",\"dateModified\":\"2026-01-30T13:02:54+00:00\",\"description\":\"\u00bfBuscas empleo en CSL Espa\u00f1a? Consulta nuestra pol\u00edtica para solicitantes de empleo: proceso de selecci\u00f3n, protecci\u00f3n de datos y derechos del candidato. Tu privacidad es nuestra prioridad.\",\"breadcrumb\":{\"@id\":\"https:\/\/www.csl-group.com\/es\/politica-de-solicitantes-de-empleo\/#breadcrumb\"},\"inLanguage\":\"en-US\",\"potentialAction\":[{\"@type\":\"ReadAction\",\"target\":[\"https:\/\/www.csl-group.com\/es\/politica-de-solicitantes-de-empleo\/\"]}]},{\"@type\":\"BreadcrumbList\",\"@id\":\"https:\/\/www.csl-group.com\/es\/politica-de-solicitantes-de-empleo\/#breadcrumb\",\"itemListElement\":[{\"@type\":\"ListItem\",\"position\":1,\"name\":\"Home\",\"item\":\"https:\/\/www.csl-group.com\/es\/\"},{\"@type\":\"ListItem\",\"position\":2,\"name\":\"Pol\u00edtica solicitantes de empleo\"}]},{\"@type\":\"WebSite\",\"@id\":\"https:\/\/www.csl-group.com\/es\/#website\",\"url\":\"https:\/\/www.csl-group.com\/es\/\",\"name\":\"CSL\",\"description\":\"\",\"potentialAction\":[{\"@type\":\"SearchAction\",\"target\":{\"@type\":\"EntryPoint\",\"urlTemplate\":\"https:\/\/www.csl-group.com\/es\/?s={search_term_string}\"},\"query-input\":{\"@type\":\"PropertyValueSpecification\",\"valueRequired\":true,\"valueName\":\"search_term_string\"}}],\"inLanguage\":\"en-US\"}]}<\/script>\n<!-- \/ Yoast SEO Premium plugin. -->","yoast_head_json":{"title":"Pol\u00edtica de Solicitantes de Empleo de CSL","description":"\u00bfBuscas empleo en CSL Espa\u00f1a? Consulta nuestra pol\u00edtica para solicitantes de empleo: proceso de selecci\u00f3n, protecci\u00f3n de datos y derechos del candidato. Tu privacidad es nuestra prioridad.","robots":{"index":"index","follow":"follow","max-snippet":"max-snippet:-1","max-image-preview":"max-image-preview:large","max-video-preview":"max-video-preview:-1"},"canonical":"https:\/\/www.csl-group.com\/es\/politica-de-solicitantes-de-empleo\/","og_locale":"en_US","og_type":"article","og_title":"Pol\u00edtica solicitantes de empleo","og_description":"\u00bfBuscas empleo en CSL Espa\u00f1a? Consulta nuestra pol\u00edtica para solicitantes de empleo: proceso de selecci\u00f3n, protecci\u00f3n de datos y derechos del candidato. Tu privacidad es nuestra prioridad.","og_url":"https:\/\/www.csl-group.com\/es\/politica-de-solicitantes-de-empleo\/","og_site_name":"CSL ES","article_modified_time":"2026-01-30T13:02:54+00:00","twitter_card":"summary_large_image","twitter_misc":{"Est. reading time":"5 minutes"},"schema":{"@context":"https:\/\/schema.org","@graph":[{"@type":"WebPage","@id":"https:\/\/www.csl-group.com\/es\/politica-de-solicitantes-de-empleo\/","url":"https:\/\/www.csl-group.com\/es\/politica-de-solicitantes-de-empleo\/","name":"Pol\u00edtica de Solicitantes de Empleo de CSL","isPartOf":{"@id":"https:\/\/www.csl-group.com\/es\/#website"},"datePublished":"2025-06-11T09:09:22+00:00","dateModified":"2026-01-30T13:02:54+00:00","description":"\u00bfBuscas empleo en CSL Espa\u00f1a? Consulta nuestra pol\u00edtica para solicitantes de empleo: proceso de selecci\u00f3n, protecci\u00f3n de datos y derechos del candidato. Tu privacidad es nuestra prioridad.","breadcrumb":{"@id":"https:\/\/www.csl-group.com\/es\/politica-de-solicitantes-de-empleo\/#breadcrumb"},"inLanguage":"en-US","potentialAction":[{"@type":"ReadAction","target":["https:\/\/www.csl-group.com\/es\/politica-de-solicitantes-de-empleo\/"]}]},{"@type":"BreadcrumbList","@id":"https:\/\/www.csl-group.com\/es\/politica-de-solicitantes-de-empleo\/#breadcrumb","itemListElement":[{"@type":"ListItem","position":1,"name":"Home","item":"https:\/\/www.csl-group.com\/es\/"},{"@type":"ListItem","position":2,"name":"Pol\u00edtica solicitantes de empleo"}]},{"@type":"WebSite","@id":"https:\/\/www.csl-group.com\/es\/#website","url":"https:\/\/www.csl-group.com\/es\/","name":"CSL","description":"","potentialAction":[{"@type":"SearchAction","target":{"@type":"EntryPoint","urlTemplate":"https:\/\/www.csl-group.com\/es\/?s={search_term_string}"},"query-input":{"@type":"PropertyValueSpecification","valueRequired":true,"valueName":"search_term_string"}}],"inLanguage":"en-US"}]}},"_links":{"self":[{"href":"https:\/\/www.csl-group.com\/es\/wp-json\/wp\/v2\/pages\/3999","targetHints":{"allow":["GET"]}}],"collection":[{"href":"https:\/\/www.csl-group.com\/es\/wp-json\/wp\/v2\/pages"}],"about":[{"href":"https:\/\/www.csl-group.com\/es\/wp-json\/wp\/v2\/types\/page"}],"author":[{"embeddable":true,"href":"https:\/\/www.csl-group.com\/es\/wp-json\/wp\/v2\/users\/16"}],"replies":[{"embeddable":true,"href":"https:\/\/www.csl-group.com\/es\/wp-json\/wp\/v2\/comments?post=3999"}],"version-history":[{"count":4,"href":"https:\/\/www.csl-group.com\/es\/wp-json\/wp\/v2\/pages\/3999\/revisions"}],"predecessor-version":[{"id":5202,"href":"https:\/\/www.csl-group.com\/es\/wp-json\/wp\/v2\/pages\/3999\/revisions\/5202"}],"wp:attachment":[{"href":"https:\/\/www.csl-group.com\/es\/wp-json\/wp\/v2\/media?parent=3999"}],"curies":[{"name":"wp","href":"https:\/\/api.w.org\/{rel}","templated":true}]}}