{"id":3330,"date":"2025-02-26T10:18:00","date_gmt":"2025-02-26T10:18:00","guid":{"rendered":"https:\/\/www.csl-group.com\/es\/?page_id=3330"},"modified":"2025-06-25T13:24:26","modified_gmt":"2025-06-25T13:24:26","slug":"politica-de-redes-sociales","status":"publish","type":"page","link":"https:\/\/www.csl-group.com\/es\/politica-de-redes-sociales\/","title":{"rendered":"Pol\u00edtica de Redes Sociales"},"content":{"rendered":"\r\n<section class=\"simple-text\" data-aos=\"fade-up\">\r\n    <div class=\"simple-text__inner\">\r\n        <div class=\"container--large\">\r\n            <div class=\"simple-text__wrapper\">\r\n                <div class=\"simple-text__content text-left\">\r\n                                                                        <h1 class=\"h1\">Pol\u00edtica de Redes Sociales<\/h1>\r\n                                                                                        <div class=\"simple-text__content-text\">\r\n                            <h3>1.\u00a0 Identificaci\u00f3n del Responsable del Tratamiento<\/h3>\n<table border=\"1\">\n<tbody>\n<tr>\n<td>Entidad:<\/td>\n<td>CSL COMMUNICATIONS IBERIA, S.L.<\/td>\n<\/tr>\n<tr>\n<td>CIF\/NIF:<\/td>\n<td>B97150569<\/td>\n<\/tr>\n<tr>\n<td>Direcci\u00f3n postal:<\/td>\n<td>Ronda Isaac Peral, 9, CP 46980, Paterna (Valencia)<\/td>\n<\/tr>\n<tr>\n<td>Tel\u00e9fono:<\/td>\n<td>960 700 730<\/td>\n<\/tr>\n<tr>\n<td>Correo electr\u00f3nico:<\/td>\n<td>csl@csl-group.es<\/td>\n<\/tr>\n<tr>\n<td>Objeto Social:<\/td>\n<td>Soluciones para comunicaciones<\/td>\n<\/tr>\n<tr>\n<td>Sitio web:<\/td>\n<td>https:\/\/www.csl-group.com\/es\/<\/td>\n<\/tr>\n<tr>\n<td>Datos registrales:<\/td>\n<td>Registro Mercantil de Valencia Tomo 7187, Libro 4490, Folio 191, Secci\u00f3n 8, Hoja V 83645,<\/td>\n<\/tr>\n<\/tbody>\n<\/table>\n<p>&nbsp;<\/p>\n<h3>2.\u00a0 Presencia en redes sociales<\/h3>\n<p>En cumplimiento de los art\u00edculos 13 al 24.2 del Reglamento Europeo de Protecci\u00f3n de Datos 2016\/679 (RGPD) y la Ley 34\/2002 de Servicios de la Sociedad de la Informaci\u00f3n y de Comercio Electr\u00f3nico (LSSI-CE), el Responsable del Tratamiento informa a los usuarios, que ha procedido a crear un perfil en las Redes Sociales (RRSS) siguientes:<\/p>\n<ul>\n<li><a href=\"https:\/\/www.facebook.com\/CSLDualCom\">Facebook<\/a><\/li>\n<li><a href=\"https:\/\/www.instagram.com\/csliberia\/\">Instagram<\/a><\/li>\n<li><a href=\"https:\/\/www.linkedin.com\/company\/csl-iberia\">LinkedIn<\/a><\/li>\n<li><a href=\"https:\/\/www.youtube.com\/playlist?list=PLI0D4QqlDbdyeAI9Dt87JX9leWC339pPS\">YouTube<\/a><\/li>\n<\/ul>\n<p>con la finalidad principal de publicitar nuestros servicios y contactar con otros usuarios.<\/p>\n<p>Si Usted como Usuario dispone de un perfil en la misma Red Social que nuestra entidad, puede libremente unirse a la p\u00e1gina creada por nosotros, mostrando as\u00ed inter\u00e9s en la informaci\u00f3n que publicamos en dicha Red.\u00a0Al unirse, nos ofrece visibilidad de ciertos datos personales ofrecidos p\u00fablicamente por Usted en su perfil.<\/p>\n<p>Solo en caso de que se una a nuestra p\u00e1gina de las Redes Sociales detalladas, los datos de su perfil ser\u00e1n tratados por nuestra entidad \u00fanicamente dentro de la propia Red Social y en ning\u00fan caso ser\u00e1n tratados por nosotros fuera de esta sin su consentimiento previo.<\/p>\n<p>Usted como usuario, puede acceder en todo momento a las pol\u00edticas de privacidad de la propia Red Social, as\u00ed como configurar su perfil para garantizar la privacidad de aquellos datos que no quiera hacer p\u00fablicos. Tambi\u00e9n puede dejar de seguirnos en el momento que lo desee.<\/p>\n<h3>\n3.\u00a0 Publicaciones<\/h3>\n<p>Una vez se haya unido a nuestra p\u00e1gina y si lo estima oportuno, podr\u00e1 publicar comentarios, enlaces, im\u00e1genes, fotograf\u00edas o cualquier otro tipo de contenido multimedia soportado por la Red Social, record\u00e1ndole que en todos los casos, debe ser el titular de \u00e9stos, gozar de los derechos de autor y de propiedad intelectual o contar con el consentimiento de los terceros afectados.<\/p>\n<p>Se proh\u00edbe expresamente cualquier publicaci\u00f3n en la p\u00e1gina, ya sean textos, gr\u00e1ficos, fotograf\u00edas, v\u00eddeos, etc. relacionados con menores, aquellos que atenten o sean susceptibles de atentar contra el honor, la moral, la \u00e9tica, el buen gusto, el decoro y\/o que infrinjan, violen o quebranten los derechos de propiedad intelectual o industrial, el derecho a la imagen o cualquier otro que vaya contra la Ley. En estos casos, nuestra entidad se reserva el derecho a retirar de inmediato el contenido, pudiendo solicitar el bloqueo permanente del usuario.<\/p>\n<p>Nuestra entidad no se har\u00e1 responsable de los contenidos que libremente ha publicado un usuario. El usuario debe tener presente que sus publicaciones ser\u00e1n conocidas por otros usuarios, por lo que ser\u00e1 el \u00fanico responsable de sus publicaciones y de su privacidad.<\/p>\n<h3>\n4.\u00a0 Publicidad<\/h3>\n<p>Nuestra entidad podr\u00e1 utilizar la Red Social para publicitarse, en todo caso, cumpliendo con las exigencias de la Normativa vigente aplicable a Protecci\u00f3n de Datos y de la LSSI-CE.<\/p>\n<p>No se considerar\u00eda publicidad el hecho de recomendar a otros usuarios nuestras p\u00e1ginas para que tambi\u00e9n ellos puedan disfrutar de las promociones o estar informados de eventos o actividades de nuestra entidad.<\/p>\n<h3>5.\u00a0 Concursos y promociones<\/h3>\n<p>Nuestra entidad se reserva el derecho a realizar concursos y promociones, en los que podr\u00e1n participar los usuarios que lo deseen y que est\u00e9n unidos a nuestra p\u00e1gina. Las bases de cada uno de ellos, cuando se utilice para ello la plataforma de la Red Social, ser\u00e1n publicadas en la misma, cumpliendo siempre con la Ley o norma que le sea de aplicaci\u00f3n.<\/p>\n<p>La Red Social no patrocina, avala ni administra, de modo alguno nuestras promociones, ni est\u00e1 asociada a ninguna de ellas.<\/p>\n<h3>\n6.\u00a0 Datos personales<\/h3>\n<p>Nuestra entidad como Responsable del Tratamiento, realizar\u00e1 las siguientes actuaciones:<\/p>\n<ul>\n<li>Acceso a la informaci\u00f3n p\u00fablica del perfil del usuario.<\/li>\n<li>Atender solicitudes de los usuarios.<\/li>\n<li>Env\u00edo de mensajes individuales al usuario por medio de los canales de la Red Social.<\/li>\n<li>Publicaci\u00f3n en el perfil del usuario de informaci\u00f3n relacionada con nuestra entidad.<\/li>\n<li>Actualizaciones del estado de la p\u00e1gina que se publicar\u00e1n en el perfil del usuario<\/li>\n<\/ul>\n<p>El usuario puede dejar de seguir a nuestra entidad en las redes sociales en cualquier momento, controlar sus conexiones, eliminar los contenidos que dejen de interesarle y restringir con quien comparte sus conexiones, para ello deber\u00e1 acceder a su configuraci\u00f3n de privacidad.<\/p>\n<p>A continuaci\u00f3n, detallamos los enlaces a la pol\u00edtica de privacidad de las diferentes Redes Sociales:<\/p>\n<p>Facebook:\u00a0\u00a0\u00a0\u00a0\u00a0\u00a0\u00a0\u00a0\u00a0\u00a0\u00a0\u00a0<a href=\"https:\/\/www.facebook.com\/help\/323540651073243\/\">https:\/\/www.facebook.com\/help\/323540651073243\/<\/a><\/p>\n<p>Instagram: \u00a0\u00a0\u00a0\u00a0\u00a0\u00a0\u00a0\u00a0\u00a0 <a href=\"https:\/\/es-la.facebook.com\/help\/instagram\/155833707900388\/\">https:\/\/es-la.facebook.com\/help\/instagram\/155833707900388\/<\/a><\/p>\n<p>YouTube:\u00a0 \u00a0 \u00a0 \u00a0 \u00a0 \u00a0 \u00a0<a href=\"https:\/\/www.youtube.com\/intl\/es\/about\/policies\/#community-guidelines\">https:\/\/www.youtube.com\/intl\/es\/about\/policies\/#community-guidelines<\/a><\/p>\n<p>LinkedIn:\u00a0 \u00a0 \u00a0 \u00a0 \u00a0 \u00a0 \u00a0<a href=\"https:\/\/www.linkedin.com\/legal\/privacy-policy?_l=es_ES\">https:\/\/www.linkedin.com\/legal\/privacy-policy?_l=es_ES<\/a><\/p>\n<h3>\n7.\u00a0 Sus Derechos<\/h3>\n<p>Puede dirigirse en cualquier momento a nuestra entidad y solicitar conocer si nuestra entidad est\u00e1 tratando sus datos personales; por tanto, tiene derecho a acceder a sus datos, rectificarlos si son inexactos o solicitar su supresi\u00f3n cuando los datos ya no sean necesario, siempre que sea legalmente posible.<\/p>\n<p>Tambi\u00e9n puede ejercer su derecho de oposici\u00f3n, limitaci\u00f3n o portabilidad si as\u00ed lo estima conveniente, incluso podr\u00e1 revocar su consentimiento y para ejercer sus derechos deber\u00e1 hacerlo por escrito a <a href=\"mailto:acsl@csl-group.es\">csl@csl-group.es<\/a>.<\/p>\n<p>Si desea trasladar alguna sugerencia o consulta sobre el tratamiento de sus datos personales, puede contactar con nuestros consultores de protecci\u00f3n de datos:<\/p>\n<p>BUSINESS ADAPTER, S.L.<\/p>\n<p>Ronda Guglielmo Marconi, 11, 26, (Parque Tecnol\u00f3gico) 46980 Paterna (Valencia).<\/p>\n<p><a href=\"https:\/\/www.businessadapter.es\/contacta-con-el-delegado-de-proteccion-de-datos\">Formulario de atenci\u00f3n al interesado<\/a><\/p>\n<p>Le informamos que Usted tiene derecho a realizar una reclamaci\u00f3n ante la Agencia Espa\u00f1ola de Protecci\u00f3n de Datos en: C\/ Jorge Juan, 6, 28001 Madrid o en\u00a0<a href=\"http:\/\/www.aepd.es\/\">www.aepd.es<\/a>.<\/p>\n<h3>\n8.\u00a0 Actualizaci\u00f3n de esta Pol\u00edtica<\/h3>\n<p>Nuestra entidad se reserva el derecho a la modificaci\u00f3n de esta Pol\u00edtica sin previo aviso. Es por ello, que recomendamos consultarla cada vez que visite nuestra web.<\/p>\n<p>Actualizado el 25 de junio de 2025<\/p>\n                        <\/div>\r\n                                                        <\/div>\r\n            <\/div>\r\n        <\/div>\r\n    <\/div>\r\n<\/section>","protected":false},"excerpt":{"rendered":"","protected":false},"author":6,"featured_media":0,"parent":0,"menu_order":0,"comment_status":"closed","ping_status":"closed","template":"","meta":{"_acf_changed":false,"footnotes":""},"class_list":["post-3330","page","type-page","status-publish","hentry"],"acf":[],"yoast_head":"<!-- This site is optimized with the Yoast SEO Premium plugin v27.1 (Yoast SEO v27.1.1) - https:\/\/yoast.com\/product\/yoast-seo-premium-wordpress\/ -->\n<title>Pol\u00edtica de Redes Sociales | CSL Group<\/title>\n<meta name=\"description\" content=\"Consulta la pol\u00edtica de redes sociales de CSL, donde detallamos el uso de plataformas como Facebook, Instagram, LinkedIn y YouTube.\" \/>\n<meta name=\"robots\" content=\"index, follow, max-snippet:-1, max-image-preview:large, max-video-preview:-1\" \/>\n<link rel=\"canonical\" href=\"https:\/\/www.csl-group.com\/es\/politica-de-redes-sociales\/\" \/>\n<meta property=\"og:locale\" content=\"en_US\" \/>\n<meta property=\"og:type\" content=\"article\" \/>\n<meta property=\"og:title\" content=\"Pol\u00edtica de Redes Sociales\" \/>\n<meta property=\"og:description\" content=\"Consulta la pol\u00edtica de redes sociales de CSL, donde detallamos el uso de plataformas como Facebook, Instagram, LinkedIn y YouTube.\" \/>\n<meta property=\"og:url\" content=\"https:\/\/www.csl-group.com\/es\/politica-de-redes-sociales\/\" \/>\n<meta property=\"og:site_name\" content=\"CSL ES\" \/>\n<meta property=\"article:modified_time\" content=\"2025-06-25T13:24:26+00:00\" \/>\n<meta name=\"twitter:card\" content=\"summary_large_image\" \/>\n<meta name=\"twitter:label1\" content=\"Est. reading time\" \/>\n\t<meta name=\"twitter:data1\" content=\"5 minutes\" \/>\n<script type=\"application\/ld+json\" class=\"yoast-schema-graph\">{\"@context\":\"https:\/\/schema.org\",\"@graph\":[{\"@type\":\"WebPage\",\"@id\":\"https:\/\/www.csl-group.com\/es\/politica-de-redes-sociales\/\",\"url\":\"https:\/\/www.csl-group.com\/es\/politica-de-redes-sociales\/\",\"name\":\"Pol\u00edtica de Redes Sociales | CSL Group\",\"isPartOf\":{\"@id\":\"https:\/\/www.csl-group.com\/es\/#website\"},\"datePublished\":\"2025-02-26T10:18:00+00:00\",\"dateModified\":\"2025-06-25T13:24:26+00:00\",\"description\":\"Consulta la pol\u00edtica de redes sociales de CSL, donde detallamos el uso de plataformas como Facebook, Instagram, LinkedIn y YouTube.\",\"breadcrumb\":{\"@id\":\"https:\/\/www.csl-group.com\/es\/politica-de-redes-sociales\/#breadcrumb\"},\"inLanguage\":\"en-US\",\"potentialAction\":[{\"@type\":\"ReadAction\",\"target\":[\"https:\/\/www.csl-group.com\/es\/politica-de-redes-sociales\/\"]}]},{\"@type\":\"BreadcrumbList\",\"@id\":\"https:\/\/www.csl-group.com\/es\/politica-de-redes-sociales\/#breadcrumb\",\"itemListElement\":[{\"@type\":\"ListItem\",\"position\":1,\"name\":\"Home\",\"item\":\"https:\/\/www.csl-group.com\/es\/\"},{\"@type\":\"ListItem\",\"position\":2,\"name\":\"Pol\u00edtica de Redes Sociales\"}]},{\"@type\":\"WebSite\",\"@id\":\"https:\/\/www.csl-group.com\/es\/#website\",\"url\":\"https:\/\/www.csl-group.com\/es\/\",\"name\":\"CSL\",\"description\":\"\",\"potentialAction\":[{\"@type\":\"SearchAction\",\"target\":{\"@type\":\"EntryPoint\",\"urlTemplate\":\"https:\/\/www.csl-group.com\/es\/?s={search_term_string}\"},\"query-input\":{\"@type\":\"PropertyValueSpecification\",\"valueRequired\":true,\"valueName\":\"search_term_string\"}}],\"inLanguage\":\"en-US\"}]}<\/script>\n<!-- \/ Yoast SEO Premium plugin. -->","yoast_head_json":{"title":"Pol\u00edtica de Redes Sociales | CSL Group","description":"Consulta la pol\u00edtica de redes sociales de CSL, donde detallamos el uso de plataformas como Facebook, Instagram, LinkedIn y YouTube.","robots":{"index":"index","follow":"follow","max-snippet":"max-snippet:-1","max-image-preview":"max-image-preview:large","max-video-preview":"max-video-preview:-1"},"canonical":"https:\/\/www.csl-group.com\/es\/politica-de-redes-sociales\/","og_locale":"en_US","og_type":"article","og_title":"Pol\u00edtica de Redes Sociales","og_description":"Consulta la pol\u00edtica de redes sociales de CSL, donde detallamos el uso de plataformas como Facebook, Instagram, LinkedIn y YouTube.","og_url":"https:\/\/www.csl-group.com\/es\/politica-de-redes-sociales\/","og_site_name":"CSL ES","article_modified_time":"2025-06-25T13:24:26+00:00","twitter_card":"summary_large_image","twitter_misc":{"Est. reading time":"5 minutes"},"schema":{"@context":"https:\/\/schema.org","@graph":[{"@type":"WebPage","@id":"https:\/\/www.csl-group.com\/es\/politica-de-redes-sociales\/","url":"https:\/\/www.csl-group.com\/es\/politica-de-redes-sociales\/","name":"Pol\u00edtica de Redes Sociales | CSL Group","isPartOf":{"@id":"https:\/\/www.csl-group.com\/es\/#website"},"datePublished":"2025-02-26T10:18:00+00:00","dateModified":"2025-06-25T13:24:26+00:00","description":"Consulta la pol\u00edtica de redes sociales de CSL, donde detallamos el uso de plataformas como Facebook, Instagram, LinkedIn y YouTube.","breadcrumb":{"@id":"https:\/\/www.csl-group.com\/es\/politica-de-redes-sociales\/#breadcrumb"},"inLanguage":"en-US","potentialAction":[{"@type":"ReadAction","target":["https:\/\/www.csl-group.com\/es\/politica-de-redes-sociales\/"]}]},{"@type":"BreadcrumbList","@id":"https:\/\/www.csl-group.com\/es\/politica-de-redes-sociales\/#breadcrumb","itemListElement":[{"@type":"ListItem","position":1,"name":"Home","item":"https:\/\/www.csl-group.com\/es\/"},{"@type":"ListItem","position":2,"name":"Pol\u00edtica de Redes Sociales"}]},{"@type":"WebSite","@id":"https:\/\/www.csl-group.com\/es\/#website","url":"https:\/\/www.csl-group.com\/es\/","name":"CSL","description":"","potentialAction":[{"@type":"SearchAction","target":{"@type":"EntryPoint","urlTemplate":"https:\/\/www.csl-group.com\/es\/?s={search_term_string}"},"query-input":{"@type":"PropertyValueSpecification","valueRequired":true,"valueName":"search_term_string"}}],"inLanguage":"en-US"}]}},"_links":{"self":[{"href":"https:\/\/www.csl-group.com\/es\/wp-json\/wp\/v2\/pages\/3330","targetHints":{"allow":["GET"]}}],"collection":[{"href":"https:\/\/www.csl-group.com\/es\/wp-json\/wp\/v2\/pages"}],"about":[{"href":"https:\/\/www.csl-group.com\/es\/wp-json\/wp\/v2\/types\/page"}],"author":[{"embeddable":true,"href":"https:\/\/www.csl-group.com\/es\/wp-json\/wp\/v2\/users\/6"}],"replies":[{"embeddable":true,"href":"https:\/\/www.csl-group.com\/es\/wp-json\/wp\/v2\/comments?post=3330"}],"version-history":[{"count":3,"href":"https:\/\/www.csl-group.com\/es\/wp-json\/wp\/v2\/pages\/3330\/revisions"}],"predecessor-version":[{"id":4497,"href":"https:\/\/www.csl-group.com\/es\/wp-json\/wp\/v2\/pages\/3330\/revisions\/4497"}],"wp:attachment":[{"href":"https:\/\/www.csl-group.com\/es\/wp-json\/wp\/v2\/media?parent=3330"}],"curies":[{"name":"wp","href":"https:\/\/api.w.org\/{rel}","templated":true}]}}