{"id":1108,"date":"2025-01-17T10:04:52","date_gmt":"2025-01-17T10:04:52","guid":{"rendered":"https:\/\/www.csl-group.com\/es\/?page_id=1108"},"modified":"2026-04-13T13:13:39","modified_gmt":"2026-04-13T13:13:39","slug":"conoce-al-equipo","status":"publish","type":"page","link":"https:\/\/www.csl-group.com\/es\/conoce-al-equipo\/","title":{"rendered":"Conoce al Equipo"},"content":{"rendered":"\r\n<section class=\"page-banner page-banner__style-4 image-align-center\" aria-label=\"Page Banner\">\r\n    <div class=\"page-banner__inner\">\r\n        <div class=\"page-banner__wrapper\">\r\n            <div class=\"page-banner__details\">\r\n    <div class=\"container--large\">\r\n        <div class=\"page-banner__content\" data-aos=\"fade-right\" data-aos-delay=\"100\">\r\n            <div class=\"page-banner__content-inner\">\r\n                                    <span class=\"page-banner__pretitle\">\r\n                                                <span>Qui\u00e9nes somos<\/span>\r\n                    <\/span>\r\n                                <h1 class=\"page-banner__title h2\">Conoce al Equipo<\/h1>\r\n                                <div class=\"page-banner__description\">\r\n                    <p>En CSL, somos un equipo al que nos une la pasi\u00f3n por la resoluci\u00f3n de problemas, la colaboraci\u00f3n y el hecho de anteponer siempre a nuestros clientes. Para nosotros, el mejor trabajo se consigue compartiendo ideas, aprovechando los puntos fuertes de cada uno y, por supuesto, divirti\u00e9ndonos por el camino.<\/p>\n                <\/div>\r\n                                    <div class=\"page-banner__actions\">\r\n                                                    <a href=\"https:\/\/www.csl-group.com\/es\/contacto\/\" class=\"button \"  role=\"button\" aria-label=\"Habla con nosotros\">Habla con nosotros<\/a>                                            <\/div>\r\n                            <\/div>\r\n        <\/div>\r\n    <\/div>\r\n<\/div>\r\n<div class=\"page-banner__background\" data-aos=\"fade-up\">\n    <img fetchpriority=\"high\" decoding=\"async\" width=\"2100\" height=\"761\" src=\"https:\/\/www.csl-group.com\/es\/wp-content\/uploads\/sites\/3\/2025\/01\/meet-the-team.jpg.webp\" class=\"page-banner__image\" alt=\"HQ\" srcset=\"https:\/\/www.csl-group.com\/es\/wp-content\/uploads\/sites\/3\/2025\/01\/meet-the-team.jpg.webp 2100w, https:\/\/www.csl-group.com\/es\/wp-content\/uploads\/sites\/3\/2025\/01\/meet-the-team-300x109.jpg.webp 300w, https:\/\/www.csl-group.com\/es\/wp-content\/uploads\/sites\/3\/2025\/01\/meet-the-team-1024x371.jpg.webp 1024w, https:\/\/www.csl-group.com\/es\/wp-content\/uploads\/sites\/3\/2025\/01\/meet-the-team-768x278.jpg.webp 768w, https:\/\/www.csl-group.com\/es\/wp-content\/uploads\/sites\/3\/2025\/01\/meet-the-team-1536x557.jpg.webp 1536w, https:\/\/www.csl-group.com\/es\/wp-content\/uploads\/sites\/3\/2025\/01\/meet-the-team-2048x742.jpg.webp 2048w\" sizes=\"(max-width: 2100px) 100vw, 2100px\" loading=\"eager\" \/><\/div>\r\n        <\/div>\r\n\r\n        \r\n        \r\n        \r\n\r\n        \r\n            <\/div>\r\n<\/section>\n\n\n<section class=\"team-tiles\">\r\n    <div class=\"team-tiles__inner\">\r\n        <div class=\"container--large\">\r\n            <div class=\"team-tiles__top\">\r\n                                    <h2 class=\"team-tiles__heading h3\" data-aos=\"fade-up\">Equipo directivo<\/h2>\r\n                                            <\/div>\r\n            <div class=\"team-tiles__grid\">\r\n                \r\n                    \r\n                    <div class=\"team-tiles__item\" data-aos=\"fade-up\" data-aos-delay=\"0\">\r\n                        <div class=\"team-tiles__item-inner\">\r\n\r\n                            <div class=\"team-tiles__item-overlay\">\r\n                                <button class=\"team-tiles__item-close\">X<\/button>\r\n                                <div class=\"team-tiles__item-details-top\">\r\n                                                                            <h3 class=\"team-tiles__item-name\">Ed Heale<\/h3>\r\n                                                                                                                <p class=\"team-tiles__item-position\">Chief Executive Officer<\/p>\r\n                                                                    <\/div>\r\n                                <div class=\"team-tiles__item-details-main\">\r\n                                                                            <div class=\"team-tiles__item-text\">\r\n                                            <p>Ed es el responsable de la direcci\u00f3n estrat\u00e9gica y el rendimiento global de CSL. Desde su incorporaci\u00f3n en 2015, ha liderado la transformaci\u00f3n de CSL, que ha pasado de ser una empresa de se\u00f1alizaci\u00f3n de alarmas centrada en el Reino Unido a ser un proveedor global l\u00edder en conectividad IoT.<\/p>\n                                        <\/div>\r\n                                    \r\n                                                                            <div class=\"team-tiles__item-quote\">\r\n                                            <blockquote>\r\n                                                <span>&ldquo;<\/span><p>Somos un proveedor l\u00edder de Conectividad Cr\u00edtica, ofrecemos soluciones resilientes y seguras con un servicio al cliente excepcional para respaldar operaciones esenciales para la vida, misiones cr\u00edticas y negocios en todo el mundo.<\/p>\n<span>&rdquo;<\/span>\r\n                                            <\/blockquote>\r\n                                        <\/div>\r\n                                                                    <\/div>\r\n                            <\/div>\r\n\r\n\r\n                            <div class=\"team-tiles__item-details\">\r\n                                <div class=\"team-tiles__item-details-top\">\r\n                                                                            <h3 class=\"team-tiles__item-name\">Ed Heale<\/h3>\r\n                                                                                                                <p class=\"team-tiles__item-position\">Chief Executive Officer<\/p>\r\n                                                                    <\/div>\r\n                                <div class=\"team-tiles__item-details-bottom\">\r\n                                    <a href=\"#\" class=\"button transparent-primary team-tiles__item-bio\"  role=\"button\" aria-label=\"Biography\">Biography<\/a>                                <\/div>\r\n                            <\/div>\r\n                            <div class=\"team-tiles__item-image\">\n                                <img decoding=\"async\" width=\"1024\" height=\"1012\" src=\"https:\/\/www.csl-group.com\/es\/wp-content\/uploads\/sites\/3\/2025\/04\/Ed-Heale-New-Logo-Removed-002-scaled-e1745408156676-1024x1012.jpg\" class=\"team-tiles__item-img\" alt=\"Ed Heale\" srcset=\"https:\/\/www.csl-group.com\/es\/wp-content\/uploads\/sites\/3\/2025\/04\/Ed-Heale-New-Logo-Removed-002-scaled-e1745408156676-1024x1012.jpg 1024w, https:\/\/www.csl-group.com\/es\/wp-content\/uploads\/sites\/3\/2025\/04\/Ed-Heale-New-Logo-Removed-002-scaled-e1745408156676-300x296.jpg 300w, https:\/\/www.csl-group.com\/es\/wp-content\/uploads\/sites\/3\/2025\/04\/Ed-Heale-New-Logo-Removed-002-scaled-e1745408156676-768x759.jpg 768w, https:\/\/www.csl-group.com\/es\/wp-content\/uploads\/sites\/3\/2025\/04\/Ed-Heale-New-Logo-Removed-002-scaled-e1745408156676.jpg 1417w\" sizes=\"auto, (max-width: 1024px) 100vw, 1024px\" loading=\"lazy\" \/>                            <\/div>\n                        <\/div>\r\n                    <\/div>\r\n                \r\n                    \r\n                    <div class=\"team-tiles__item\" data-aos=\"fade-up\" data-aos-delay=\"100\">\r\n                        <div class=\"team-tiles__item-inner\">\r\n\r\n                            <div class=\"team-tiles__item-overlay\">\r\n                                <button class=\"team-tiles__item-close\">X<\/button>\r\n                                <div class=\"team-tiles__item-details-top\">\r\n                                                                            <h3 class=\"team-tiles__item-name\">Jon Slupek<\/h3>\r\n                                                                                                                <p class=\"team-tiles__item-position\">Chief Financial Officer<\/p>\r\n                                                                    <\/div>\r\n                                <div class=\"team-tiles__item-details-main\">\r\n                                                                            <div class=\"team-tiles__item-text\">\r\n                                            <p>Jon cuenta con 10 a\u00f1os de experiencia trabajando en un puesto directivo en el departamento financiero de CSL. Ha contribuido al crecimiento de la empresa durante los dos \u00faltimos ciclos de capital privado. Jon tiene una amplia experiencia en finanzas e IoT, ya que anteriormente trabaj\u00f3 en BT, en el departamento de finanzas comerciales, y en KPMG Consulting, donde prest\u00f3 apoyo a grandes multinacionales en sus transformaciones financieras.<\/p>\n                                        <\/div>\r\n                                    \r\n                                                                    <\/div>\r\n                            <\/div>\r\n\r\n\r\n                            <div class=\"team-tiles__item-details\">\r\n                                <div class=\"team-tiles__item-details-top\">\r\n                                                                            <h3 class=\"team-tiles__item-name\">Jon Slupek<\/h3>\r\n                                                                                                                <p class=\"team-tiles__item-position\">Chief Financial Officer<\/p>\r\n                                                                    <\/div>\r\n                                <div class=\"team-tiles__item-details-bottom\">\r\n                                    <a href=\"#\" class=\"button transparent-primary team-tiles__item-bio\"  role=\"button\" aria-label=\"Biography\">Biography<\/a>                                <\/div>\r\n                            <\/div>\r\n                            <div class=\"team-tiles__item-image\">\n                                <img decoding=\"async\" width=\"907\" height=\"1024\" src=\"https:\/\/www.csl-group.com\/es\/wp-content\/uploads\/sites\/3\/2026\/02\/Jon-Slupek-New-scaled-1-1-e1770733990277-907x1024.jpg\" class=\"team-tiles__item-img\" alt=\"\" srcset=\"https:\/\/www.csl-group.com\/es\/wp-content\/uploads\/sites\/3\/2026\/02\/Jon-Slupek-New-scaled-1-1-e1770733990277-907x1024.jpg 907w, https:\/\/www.csl-group.com\/es\/wp-content\/uploads\/sites\/3\/2026\/02\/Jon-Slupek-New-scaled-1-1-e1770733990277-266x300.jpg 266w, https:\/\/www.csl-group.com\/es\/wp-content\/uploads\/sites\/3\/2026\/02\/Jon-Slupek-New-scaled-1-1-e1770733990277-768x867.jpg 768w, https:\/\/www.csl-group.com\/es\/wp-content\/uploads\/sites\/3\/2026\/02\/Jon-Slupek-New-scaled-1-1-e1770733990277.jpg 1280w\" sizes=\"auto, (max-width: 907px) 100vw, 907px\" loading=\"lazy\" \/>                            <\/div>\n                        <\/div>\r\n                    <\/div>\r\n                \r\n                    \r\n                    <div class=\"team-tiles__item\" data-aos=\"fade-up\" data-aos-delay=\"0\">\r\n                        <div class=\"team-tiles__item-inner\">\r\n\r\n                            <div class=\"team-tiles__item-overlay\">\r\n                                <button class=\"team-tiles__item-close\">X<\/button>\r\n                                <div class=\"team-tiles__item-details-top\">\r\n                                                                            <h3 class=\"team-tiles__item-name\">Glenn Fishwick<\/h3>\r\n                                                                                                                <p class=\"team-tiles__item-position\">Chief Technology Officer<\/p>\r\n                                                                    <\/div>\r\n                                <div class=\"team-tiles__item-details-main\">\r\n                                                                            <div class=\"team-tiles__item-text\">\r\n                                            <p>Glenn, que se incorpor\u00f3 a CSL en 2024, aporta sus profundos conocimientos de su etapa en Radius, donde desempe\u00f1\u00f3 un papel clave en el avance de las capacidades tecnol\u00f3gicas y la estrategia de la empresa. Con una carrera profesional en los sectores de la automoci\u00f3n, las telecomunicaciones, los servicios financieros y la tecnolog\u00eda, Glenn cuenta con un s\u00f3lido historial en el impulso de la excelencia operativa y la innovaci\u00f3n en diversos puestos de alta direcci\u00f3n. En CSL, Glenn dirige nuestra estrategia tecnol\u00f3gica, mejorando la cartera de soluciones de conectividad segura de la empresa en diversos sectores.<\/p>\n                                        <\/div>\r\n                                    \r\n                                                                    <\/div>\r\n                            <\/div>\r\n\r\n\r\n                            <div class=\"team-tiles__item-details\">\r\n                                <div class=\"team-tiles__item-details-top\">\r\n                                                                            <h3 class=\"team-tiles__item-name\">Glenn Fishwick<\/h3>\r\n                                                                                                                <p class=\"team-tiles__item-position\">Chief Technology Officer<\/p>\r\n                                                                    <\/div>\r\n                                <div class=\"team-tiles__item-details-bottom\">\r\n                                    <a href=\"#\" class=\"button transparent-primary team-tiles__item-bio\"  role=\"button\" aria-label=\"Biography\">Biography<\/a>                                <\/div>\r\n                            <\/div>\r\n                            <div class=\"team-tiles__item-image\">\n                                <img decoding=\"async\" width=\"1024\" height=\"601\" src=\"https:\/\/www.csl-group.com\/es\/wp-content\/uploads\/sites\/3\/2025\/02\/Glenn-Fishwick-scaled-e1739288320539-1024x601.jpg\" class=\"team-tiles__item-img\" alt=\"Fotograf\u00eda del empleado\" srcset=\"https:\/\/www.csl-group.com\/es\/wp-content\/uploads\/sites\/3\/2025\/02\/Glenn-Fishwick-scaled-e1739288320539-1024x601.jpg 1024w, https:\/\/www.csl-group.com\/es\/wp-content\/uploads\/sites\/3\/2025\/02\/Glenn-Fishwick-scaled-e1739288320539-300x176.jpg 300w, https:\/\/www.csl-group.com\/es\/wp-content\/uploads\/sites\/3\/2025\/02\/Glenn-Fishwick-scaled-e1739288320539-768x451.jpg 768w, https:\/\/www.csl-group.com\/es\/wp-content\/uploads\/sites\/3\/2025\/02\/Glenn-Fishwick-scaled-e1739288320539-1536x901.jpg 1536w, https:\/\/www.csl-group.com\/es\/wp-content\/uploads\/sites\/3\/2025\/02\/Glenn-Fishwick-scaled-e1739288320539-2048x1201.jpg 2048w\" sizes=\"auto, (max-width: 1024px) 100vw, 1024px\" loading=\"lazy\" \/>                            <\/div>\n                        <\/div>\r\n                    <\/div>\r\n                            <\/div>\r\n        <\/div>\r\n    <\/div>\r\n<\/section>\n\n\n\r\n<section class=\"simple-text\" data-aos=\"fade-up\">\r\n    <div class=\"simple-text__inner pt-0\">\r\n        <div class=\"container--large\">\r\n            <div class=\"simple-text__wrapper\">\r\n                <div class=\"simple-text__content text-center\">\r\n                                                                        <h2 class=\"h4\">\u00danete hoy mismo a nuestro <span class=\"text-primary\"> din\u00e1mico, participativo e innovador <\/span> equipo. <\/h2>\r\n                                                                                                            <div class=\"simple-text__cta\">\r\n                            <a href=\"https:\/\/www.csl-group.com\/es\/contacto\/\" class=\"button \"  role=\"button\" aria-label=\"Habla con nosotros\">Habla con nosotros<\/a>                        <\/div>\r\n                                    <\/div>\r\n            <\/div>\r\n        <\/div>\r\n    <\/div>\r\n<\/section>\n\n\r\n<section class=\"simple-text\" data-aos=\"fade-up\">\r\n    <div class=\"simple-text__inner pt-0\">\r\n        <div class=\"container--large\">\r\n            <div class=\"simple-text__wrapper\">\r\n                <div class=\"simple-text__content text-center\">\r\n                                                                        <h2 class=\"h4\">Estamos orgullosos de contar con <span class=\"text-primary\">personas tan talentosas<\/span> que aportan ideas innovadoras a su trabajo diario.<\/h2>\r\n                                                                                                    <\/div>\r\n            <\/div>\r\n        <\/div>\r\n    <\/div>\r\n<\/section>","protected":false},"excerpt":{"rendered":"","protected":false},"author":1,"featured_media":1112,"parent":0,"menu_order":0,"comment_status":"closed","ping_status":"closed","template":"","meta":{"_acf_changed":false,"footnotes":""},"class_list":["post-1108","page","type-page","status-publish","has-post-thumbnail","hentry"],"acf":[],"yoast_head":"<!-- This site is optimized with the Yoast SEO Premium plugin v27.1 (Yoast SEO v27.1.1) - https:\/\/yoast.com\/product\/yoast-seo-premium-wordpress\/ -->\n<title>Conoce al Equipo de CSL | Liderando en Conectividad<\/title>\n<meta name=\"description\" content=\"Conoce al equipo de CSL: l\u00edderes que transforman la conectividad IoT cr\u00edtica con innovaci\u00f3n, estrategia y colaboraci\u00f3n.\" \/>\n<meta name=\"robots\" content=\"index, follow, max-snippet:-1, max-image-preview:large, max-video-preview:-1\" \/>\n<link rel=\"canonical\" href=\"https:\/\/www.csl-group.com\/es\/conoce-al-equipo\/\" \/>\n<meta property=\"og:locale\" content=\"en_US\" \/>\n<meta property=\"og:type\" content=\"article\" \/>\n<meta property=\"og:title\" content=\"Conoce al Equipo\" \/>\n<meta property=\"og:description\" content=\"Conoce al equipo de CSL: l\u00edderes que transforman la conectividad IoT cr\u00edtica con innovaci\u00f3n, estrategia y colaboraci\u00f3n.\" \/>\n<meta property=\"og:url\" content=\"https:\/\/www.csl-group.com\/es\/conoce-al-equipo\/\" \/>\n<meta property=\"og:site_name\" content=\"CSL ES\" \/>\n<meta property=\"article:modified_time\" content=\"2026-04-13T13:13:39+00:00\" \/>\n<meta property=\"og:image\" content=\"https:\/\/www.csl-group.com\/es\/wp-content\/uploads\/sites\/3\/2025\/01\/meet-the-team.jpg.webp\" \/>\n\t<meta property=\"og:image:width\" content=\"2100\" \/>\n\t<meta property=\"og:image:height\" content=\"761\" \/>\n\t<meta property=\"og:image:type\" content=\"image\/jpeg\" \/>\n<meta name=\"twitter:card\" content=\"summary_large_image\" \/>\n<meta name=\"twitter:label1\" content=\"Est. reading time\" \/>\n\t<meta name=\"twitter:data1\" content=\"3 minutes\" \/>\n<script type=\"application\/ld+json\" class=\"yoast-schema-graph\">{\"@context\":\"https:\/\/schema.org\",\"@graph\":[{\"@type\":\"WebPage\",\"@id\":\"https:\/\/www.csl-group.com\/es\/conoce-al-equipo\/\",\"url\":\"https:\/\/www.csl-group.com\/es\/conoce-al-equipo\/\",\"name\":\"Conoce al Equipo de CSL | Liderando en Conectividad\",\"isPartOf\":{\"@id\":\"https:\/\/www.csl-group.com\/es\/#website\"},\"primaryImageOfPage\":{\"@id\":\"https:\/\/www.csl-group.com\/es\/conoce-al-equipo\/#primaryimage\"},\"image\":{\"@id\":\"https:\/\/www.csl-group.com\/es\/conoce-al-equipo\/#primaryimage\"},\"thumbnailUrl\":\"https:\/\/www.csl-group.com\/es\/wp-content\/uploads\/sites\/3\/2025\/01\/meet-the-team.jpg.webp\",\"datePublished\":\"2025-01-17T10:04:52+00:00\",\"dateModified\":\"2026-04-13T13:13:39+00:00\",\"description\":\"Conoce al equipo de CSL: l\u00edderes que transforman la conectividad IoT cr\u00edtica con innovaci\u00f3n, estrategia y colaboraci\u00f3n.\",\"breadcrumb\":{\"@id\":\"https:\/\/www.csl-group.com\/es\/conoce-al-equipo\/#breadcrumb\"},\"inLanguage\":\"en-US\",\"potentialAction\":[{\"@type\":\"ReadAction\",\"target\":[\"https:\/\/www.csl-group.com\/es\/conoce-al-equipo\/\"]}]},{\"@type\":\"ImageObject\",\"inLanguage\":\"en-US\",\"@id\":\"https:\/\/www.csl-group.com\/es\/conoce-al-equipo\/#primaryimage\",\"url\":\"https:\/\/www.csl-group.com\/es\/wp-content\/uploads\/sites\/3\/2025\/01\/meet-the-team.jpg.webp\",\"contentUrl\":\"https:\/\/www.csl-group.com\/es\/wp-content\/uploads\/sites\/3\/2025\/01\/meet-the-team.jpg.webp\",\"width\":2100,\"height\":761,\"caption\":\"HQ\"},{\"@type\":\"BreadcrumbList\",\"@id\":\"https:\/\/www.csl-group.com\/es\/conoce-al-equipo\/#breadcrumb\",\"itemListElement\":[{\"@type\":\"ListItem\",\"position\":1,\"name\":\"Home\",\"item\":\"https:\/\/www.csl-group.com\/es\/\"},{\"@type\":\"ListItem\",\"position\":2,\"name\":\"Conoce al Equipo\"}]},{\"@type\":\"WebSite\",\"@id\":\"https:\/\/www.csl-group.com\/es\/#website\",\"url\":\"https:\/\/www.csl-group.com\/es\/\",\"name\":\"CSL\",\"description\":\"\",\"potentialAction\":[{\"@type\":\"SearchAction\",\"target\":{\"@type\":\"EntryPoint\",\"urlTemplate\":\"https:\/\/www.csl-group.com\/es\/?s={search_term_string}\"},\"query-input\":{\"@type\":\"PropertyValueSpecification\",\"valueRequired\":true,\"valueName\":\"search_term_string\"}}],\"inLanguage\":\"en-US\"}]}<\/script>\n<!-- \/ Yoast SEO Premium plugin. -->","yoast_head_json":{"title":"Conoce al Equipo de CSL | Liderando en Conectividad","description":"Conoce al equipo de CSL: l\u00edderes que transforman la conectividad IoT cr\u00edtica con innovaci\u00f3n, estrategia y colaboraci\u00f3n.","robots":{"index":"index","follow":"follow","max-snippet":"max-snippet:-1","max-image-preview":"max-image-preview:large","max-video-preview":"max-video-preview:-1"},"canonical":"https:\/\/www.csl-group.com\/es\/conoce-al-equipo\/","og_locale":"en_US","og_type":"article","og_title":"Conoce al Equipo","og_description":"Conoce al equipo de CSL: l\u00edderes que transforman la conectividad IoT cr\u00edtica con innovaci\u00f3n, estrategia y colaboraci\u00f3n.","og_url":"https:\/\/www.csl-group.com\/es\/conoce-al-equipo\/","og_site_name":"CSL ES","article_modified_time":"2026-04-13T13:13:39+00:00","og_image":[{"width":2100,"height":761,"url":"https:\/\/www.csl-group.com\/es\/wp-content\/uploads\/sites\/3\/2025\/01\/meet-the-team.jpg.webp","type":"image\/jpeg"}],"twitter_card":"summary_large_image","twitter_misc":{"Est. reading time":"3 minutes"},"schema":{"@context":"https:\/\/schema.org","@graph":[{"@type":"WebPage","@id":"https:\/\/www.csl-group.com\/es\/conoce-al-equipo\/","url":"https:\/\/www.csl-group.com\/es\/conoce-al-equipo\/","name":"Conoce al Equipo de CSL | Liderando en Conectividad","isPartOf":{"@id":"https:\/\/www.csl-group.com\/es\/#website"},"primaryImageOfPage":{"@id":"https:\/\/www.csl-group.com\/es\/conoce-al-equipo\/#primaryimage"},"image":{"@id":"https:\/\/www.csl-group.com\/es\/conoce-al-equipo\/#primaryimage"},"thumbnailUrl":"https:\/\/www.csl-group.com\/es\/wp-content\/uploads\/sites\/3\/2025\/01\/meet-the-team.jpg.webp","datePublished":"2025-01-17T10:04:52+00:00","dateModified":"2026-04-13T13:13:39+00:00","description":"Conoce al equipo de CSL: l\u00edderes que transforman la conectividad IoT cr\u00edtica con innovaci\u00f3n, estrategia y colaboraci\u00f3n.","breadcrumb":{"@id":"https:\/\/www.csl-group.com\/es\/conoce-al-equipo\/#breadcrumb"},"inLanguage":"en-US","potentialAction":[{"@type":"ReadAction","target":["https:\/\/www.csl-group.com\/es\/conoce-al-equipo\/"]}]},{"@type":"ImageObject","inLanguage":"en-US","@id":"https:\/\/www.csl-group.com\/es\/conoce-al-equipo\/#primaryimage","url":"https:\/\/www.csl-group.com\/es\/wp-content\/uploads\/sites\/3\/2025\/01\/meet-the-team.jpg.webp","contentUrl":"https:\/\/www.csl-group.com\/es\/wp-content\/uploads\/sites\/3\/2025\/01\/meet-the-team.jpg.webp","width":2100,"height":761,"caption":"HQ"},{"@type":"BreadcrumbList","@id":"https:\/\/www.csl-group.com\/es\/conoce-al-equipo\/#breadcrumb","itemListElement":[{"@type":"ListItem","position":1,"name":"Home","item":"https:\/\/www.csl-group.com\/es\/"},{"@type":"ListItem","position":2,"name":"Conoce al Equipo"}]},{"@type":"WebSite","@id":"https:\/\/www.csl-group.com\/es\/#website","url":"https:\/\/www.csl-group.com\/es\/","name":"CSL","description":"","potentialAction":[{"@type":"SearchAction","target":{"@type":"EntryPoint","urlTemplate":"https:\/\/www.csl-group.com\/es\/?s={search_term_string}"},"query-input":{"@type":"PropertyValueSpecification","valueRequired":true,"valueName":"search_term_string"}}],"inLanguage":"en-US"}]}},"_links":{"self":[{"href":"https:\/\/www.csl-group.com\/es\/wp-json\/wp\/v2\/pages\/1108","targetHints":{"allow":["GET"]}}],"collection":[{"href":"https:\/\/www.csl-group.com\/es\/wp-json\/wp\/v2\/pages"}],"about":[{"href":"https:\/\/www.csl-group.com\/es\/wp-json\/wp\/v2\/types\/page"}],"author":[{"embeddable":true,"href":"https:\/\/www.csl-group.com\/es\/wp-json\/wp\/v2\/users\/1"}],"replies":[{"embeddable":true,"href":"https:\/\/www.csl-group.com\/es\/wp-json\/wp\/v2\/comments?post=1108"}],"version-history":[{"count":5,"href":"https:\/\/www.csl-group.com\/es\/wp-json\/wp\/v2\/pages\/1108\/revisions"}],"predecessor-version":[{"id":5363,"href":"https:\/\/www.csl-group.com\/es\/wp-json\/wp\/v2\/pages\/1108\/revisions\/5363"}],"wp:featuredmedia":[{"embeddable":true,"href":"https:\/\/www.csl-group.com\/es\/wp-json\/wp\/v2\/media\/1112"}],"wp:attachment":[{"href":"https:\/\/www.csl-group.com\/es\/wp-json\/wp\/v2\/media?parent=1108"}],"curies":[{"name":"wp","href":"https:\/\/api.w.org\/{rel}","templated":true}]}}