{"id":1740,"date":"2025-02-07T14:26:36","date_gmt":"2025-02-07T14:26:36","guid":{"rendered":"https:\/\/www.csl-group.com\/de\/?page_id=1740"},"modified":"2026-02-02T09:35:29","modified_gmt":"2026-02-02T09:35:29","slug":"2g-3g-switch-off","status":"publish","type":"page","link":"https:\/\/www.csl-group.com\/de\/ressourcen\/2g-3g-switch-off\/","title":{"rendered":"2G-\/3G-Abschaltung"},"content":{"rendered":"\r\n<section class=\"page-banner page-banner__style-4 image-align-left\" aria-label=\"Page Banner\">\r\n    <div class=\"page-banner__inner\">\r\n        <div class=\"page-banner__wrapper\">\r\n            <div class=\"page-banner__details\">\r\n    <div class=\"container--large\">\r\n        <div class=\"page-banner__content\" data-aos=\"fade-right\" data-aos-delay=\"100\">\r\n            <div class=\"page-banner__content-inner\">\r\n                                    <span class=\"page-banner__pretitle\">\r\n                                                <span>Resources<\/span>\r\n                    <\/span>\r\n                                <h1 class=\"page-banner__title h2\">2G \/ 3G <span class=\"text-primary\">Abschaltung<\/span><\/h1>\r\n                                <div class=\"page-banner__description\">\r\n                    <p>Die britischen Mobilfunknetzbetreiber (MNOs) haben die Abschaltung ihrer 3G-Dienste nahezu abgeschlossen. Diese Ver\u00e4nderung wirkt sich direkt auf IoT-Ger\u00e4te aus, die auf 3G-Technologie angewiesen sind oder an ihrem Installationsstandort nicht auf 2G als Fallback zur\u00fcckgreifen k\u00f6nnen. Solche Ger\u00e4te m\u00fcssen auf 4G- oder 5G-f\u00e4hige L\u00f6sungen aufger\u00fcstet werden, um Serviceausf\u00e4lle zu vermeiden.<\/p>\n<p>2G bleibt vorerst bestehen, auch wenn die MNOs best\u00e4tigt haben, dass die Dienste bis sp\u00e4testens 2033 abgeschaltet werden sollen. Die britische Regulierungsbeh\u00f6rde Ofcom hat bereits zuvor ihre Erwartungen an die Mobilfunkanbieter in Bezug auf die Abschaltung von 3G und 2G dargelegt.<\/p>\n                <\/div>\r\n                                    <div class=\"page-banner__actions\">\r\n                                                    <a href=\"https:\/\/www.csl-group.com\/de\/contact-us\/\" class=\"button \"  role=\"button\" aria-label=\"Nehmen Sie Kontakt mit uns auf\">Nehmen Sie Kontakt mit uns auf<\/a>                                            <\/div>\r\n                            <\/div>\r\n        <\/div>\r\n    <\/div>\r\n<\/div>\r\n<div class=\"page-banner__background\" data-aos=\"fade-up\">\n    <img fetchpriority=\"high\" decoding=\"async\" width=\"2100\" height=\"1179\" src=\"https:\/\/www.csl-group.com\/de\/wp-content\/uploads\/sites\/6\/2025\/02\/iStock-1328094196-1-scaled.jpg.webp\" class=\"page-banner__image\" alt=\"5G Cell Tower at sunset image\" srcset=\"https:\/\/www.csl-group.com\/de\/wp-content\/uploads\/sites\/6\/2025\/02\/iStock-1328094196-1-scaled.jpg.webp 2100w, https:\/\/www.csl-group.com\/de\/wp-content\/uploads\/sites\/6\/2025\/02\/iStock-1328094196-1-300x168.jpg.webp 300w, https:\/\/www.csl-group.com\/de\/wp-content\/uploads\/sites\/6\/2025\/02\/iStock-1328094196-1-1024x575.jpg.webp 1024w, https:\/\/www.csl-group.com\/de\/wp-content\/uploads\/sites\/6\/2025\/02\/iStock-1328094196-1-768x431.jpg.webp 768w, https:\/\/www.csl-group.com\/de\/wp-content\/uploads\/sites\/6\/2025\/02\/iStock-1328094196-1-1536x863.jpg.webp 1536w, https:\/\/www.csl-group.com\/de\/wp-content\/uploads\/sites\/6\/2025\/02\/iStock-1328094196-1-2048x1150.jpg.webp 2048w\" sizes=\"(max-width: 2100px) 100vw, 2100px\" loading=\"eager\" \/><\/div>\r\n        <\/div>\r\n\r\n        \r\n        \r\n        \r\n\r\n        \r\n            <\/div>\r\n<\/section>\n\n\n\r\n\r\n\r\n<section class=\"media-text \">\r\n    <div class=\"media-text__inner \">\r\n        <div class=\"container--large\">\r\n            <div class=\"media-text__wrapper\">\n                <div class=\"media-text__media\" data-aos=\"fade-right\">\n                                            <div class=\"media-text__image\">\n                            <img decoding=\"async\" width=\"713\" height=\"678\" src=\"https:\/\/www.csl-group.com\/de\/wp-content\/uploads\/sites\/6\/2025\/02\/2g3g-image-01.jpg.webp\" class=\"attachment-full size-full\" alt=\"city skyscrapers with connecting lines between buildings and sky image\" srcset=\"https:\/\/www.csl-group.com\/de\/wp-content\/uploads\/sites\/6\/2025\/02\/2g3g-image-01.jpg.webp 713w, https:\/\/www.csl-group.com\/de\/wp-content\/uploads\/sites\/6\/2025\/02\/2g3g-image-01-300x285.jpg.webp 300w\" sizes=\"auto, (max-width: 713px) 100vw, 713px\" loading=\"lazy\" \/>                        <\/div>\n                                    <\/div>\n                <div class=\"media-text__details align-top\">\r\n                    <div class=\"media-text__content\" data-aos=\"fade-up\" data-aos-delay=\"100\">\r\n                                                                            <h2 class=\"media-text__title h3\">Was ist die <span class=\"text-primary\">2G\/3G-Abschaltung?<\/span><\/h2>\r\n                                                                            <div class=\"media-text__body\">\r\n                                                                                                    <div class=\"media-text__text\">\r\n                                        <p>Die 2G\/3G-Abschaltung markiert den \u00dcbergang des Vereinigten K\u00f6nigreichs zu den neuesten Mobilfunktechnologien \u2013 4G, 5G und in Zukunft 6G. Diese neueren Technologien bieten zahlreiche Vorteile, darunter eine verbesserte Netzwerkleistung, hochwertige Sprachverbindungen und schnellere Downloads. Im Zuge dieser Umstellung m\u00fcssen viele \u00e4ltere Ger\u00e4te aufger\u00fcstet werden, da ihre Funkmodule nicht mit 4G- oder 5G-Technologien kompatibel sind. 2G bleibt vorerst aktiv, jedoch haben die Mobilfunknetzbetreiber best\u00e4tigt, dass die 2G-Dienste bis 2033 abgeschaltet werden. Wir begleiten Sie durch jeden Schritt und bieten L\u00f6sungen, um eine unterbrechungsfreie und konforme Konnektivit\u00e4t sicherzustellen.<\/p>\n<p>Wichtige Meilensteine im Zeitplan der 2G\/3G-Abschaltung:<\/p>\n<ul>\n<li><strong>2024:<\/strong> :contentReference[oaicite:0]{index=0}, :contentReference[oaicite:1]{index=1} und :contentReference[oaicite:2]{index=2} haben ihre 3G-Netze abgeschaltet.<\/li>\n<li><strong>2025:<\/strong> :contentReference[oaicite:3]{index=3} befindet sich im Prozess der Abschaltung seines 3G-Netzes.<\/li>\n<li><strong>2033:<\/strong> Alle britischen Mobilfunknetze werden ihre 2G-Netze bis zu diesem Datum aufrechterhalten.<\/li>\n<\/ul>\n<p> &nbsp;<\/p>\n                                    <\/div>\r\n                                                            <\/div>\r\n                                                                                            <\/div>\r\n                <\/div>\r\n            <\/div>\r\n        <\/div>\r\n            <\/div>\r\n<\/section>\n\n\n\r\n\r\n\r\n<section class=\"media-text layered-layout\">\r\n    <div class=\"media-text__inner \">\r\n        <div class=\"container--large\">\r\n            <div class=\"media-text__wrapper media-text__inverted\">\n                <div class=\"layered-wrapper\" data-aos=\"fade-right\">\n                                            <div class=\"media-text__layered\">\n                                                            <div class=\"media-text__layered-image\" data-id=\"0\">\n                                    <img decoding=\"async\" width=\"697\" height=\"1024\" src=\"https:\/\/www.csl-group.com\/de\/wp-content\/uploads\/sites\/6\/2025\/02\/2g3g-3images-back-697x1024.jpg.webp\" class=\"attachment-large size-large\" alt=\"Silhouette of man on mobile phone image\" srcset=\"https:\/\/www.csl-group.com\/de\/wp-content\/uploads\/sites\/6\/2025\/02\/2g3g-3images-back-697x1024.jpg.webp 697w, https:\/\/www.csl-group.com\/de\/wp-content\/uploads\/sites\/6\/2025\/02\/2g3g-3images-back-204x300.jpg.webp 204w, https:\/\/www.csl-group.com\/de\/wp-content\/uploads\/sites\/6\/2025\/02\/2g3g-3images-back.jpg.webp 754w\" sizes=\"auto, (max-width: 697px) 100vw, 697px\" loading=\"lazy\" \/>                                <\/div>\n                                                            <div class=\"media-text__layered-image\" data-id=\"1\">\n                                    <img decoding=\"async\" width=\"200\" height=\"300\" src=\"https:\/\/www.csl-group.com\/de\/wp-content\/uploads\/sites\/6\/2025\/02\/shutterstock_2531535303-1-200x300.jpg.webp\" class=\"attachment-medium size-medium\" alt=\"High Pole for sending telephone signals image\" srcset=\"https:\/\/www.csl-group.com\/de\/wp-content\/uploads\/sites\/6\/2025\/02\/shutterstock_2531535303-1-200x300.jpg.webp 200w, https:\/\/www.csl-group.com\/de\/wp-content\/uploads\/sites\/6\/2025\/02\/shutterstock_2531535303-1-683x1024.jpg.webp 683w, https:\/\/www.csl-group.com\/de\/wp-content\/uploads\/sites\/6\/2025\/02\/shutterstock_2531535303-1-768x1152.jpg.webp 768w, https:\/\/www.csl-group.com\/de\/wp-content\/uploads\/sites\/6\/2025\/02\/shutterstock_2531535303-1-1024x1536.jpg.webp 1024w, https:\/\/www.csl-group.com\/de\/wp-content\/uploads\/sites\/6\/2025\/02\/shutterstock_2531535303-1-1365x2048.jpg.webp 1365w, https:\/\/www.csl-group.com\/de\/wp-content\/uploads\/sites\/6\/2025\/02\/shutterstock_2531535303-1-scaled.jpg.webp 1400w\" sizes=\"auto, (max-width: 200px) 100vw, 200px\" loading=\"lazy\" \/>                                <\/div>\n                                                            <div class=\"media-text__layered-image\" data-id=\"2\">\n                                    <img decoding=\"async\" width=\"300\" height=\"198\" src=\"https:\/\/www.csl-group.com\/de\/wp-content\/uploads\/sites\/6\/2025\/02\/2g3g-3images-front-300x198.jpg.webp\" class=\"attachment-medium size-medium\" alt=\"2G 3G Switch Off image\" srcset=\"https:\/\/www.csl-group.com\/de\/wp-content\/uploads\/sites\/6\/2025\/02\/2g3g-3images-front-300x198.jpg.webp 300w, https:\/\/www.csl-group.com\/de\/wp-content\/uploads\/sites\/6\/2025\/02\/2g3g-3images-front.jpg.webp 437w\" sizes=\"auto, (max-width: 300px) 100vw, 300px\" loading=\"lazy\" \/>                                <\/div>\n                                                    <\/div>\n                                    <\/div>\n                <div class=\"media-text__details align-top\">\r\n                    <div class=\"media-text__content\" data-aos=\"fade-up\" data-aos-delay=\"100\">\r\n                                                                            <h2 class=\"media-text__title h3\"><span class=\"text-primary\">Wir bereiten Sie auf die <\/span>2G-\/3G-Abschaltung vor<\/h2>\r\n                                                                            <div class=\"media-text__body\">\r\n                                                                                                    <div class=\"media-text__text\">\r\n                                        <p>Mit dem Fortschreiten der Abschaltung ist es entscheidend, die Auswirkungen auf Ihre Systeme zu verstehen, die auf 2G-\/3G-Verbindungen angewiesen sind. Wir unterst\u00fctzen Sie in jedem Schritt und sorgen daf\u00fcr, dass Ihre Services reibungslos weiterlaufen. Hier die wichtigsten Punkte:<\/p>\n                                    <\/div>\r\n                                                            <\/div>\r\n                                                                            <div class=\"media-text__flexible-content\">\r\n                                                                                                            <div class=\"flexible-content__tick-items\">\r\n                                            \r\n                                                \r\n\r\n<div class=\"tick-item\" data-aos=\"fade-up\" data-aos-delay=\"0\">\r\n    <div class=\"tick-item__icon\">\r\n        <svg xmlns=\"http:\/\/www.w3.org\/2000\/svg\" xmlns:xlink=\"http:\/\/www.w3.org\/1999\/xlink\" width=\"25.322\" height=\"18.969\" viewBox=\"0 0 25.322 18.969\" fill=\"currentColor\">\r\n  <defs>\r\n    <clipPath id=\"clip-path\">\r\n      <rect id=\"Rectangle_25085\" data-name=\"Rectangle 25085\" width=\"25.322\" height=\"18.969\" transform=\"translate(0 0)\" fill=\"currentColor\"\/>\r\n    <\/clipPath>\r\n  <\/defs>\r\n  <g id=\"Group_48061\" data-name=\"Group 48061\" transform=\"translate(0 0.001)\">\r\n    <g id=\"Group_48058\" data-name=\"Group 48058\" transform=\"translate(0 -0.001)\" clip-path=\"url(#clip-path)\">\r\n      <path id=\"Path_31268\" data-name=\"Path 31268\" d=\"M24.457.868h0a2.962,2.962,0,0,0-4.189,0L9.317,11.818,5.056,7.557A2.962,2.962,0,1,0,.867,11.746L7.223,18.1a2.962,2.962,0,0,0,4.189,0L24.457,5.057a2.966,2.966,0,0,0,0-4.189m-.948,3.242L10.464,17.154a1.622,1.622,0,0,1-2.294,0L1.814,10.8A1.622,1.622,0,0,1,4.108,8.5l5.209,5.209,11.9-11.9a1.622,1.622,0,1,1,2.294,2.294\" transform=\"translate(0 0)\" fill=\"currentColor\"\/>\r\n    <\/g>\r\n  <\/g>\r\n<\/svg>    <\/div>\r\n    <div class=\"tick-item__body\">\r\n                    <span class=\"tick-item__title\">Wann?<\/span>\r\n                            <div class=\"tick-item__content\">\r\n                <p>Das gesamte britische 3G-Netz wird bis 2025 abgeschaltet. Das 2G-Netz bleibt bis 2033 bestehen, allerdings mit geringeren Investitionen in diese Dienste.<\/p>\n            <\/div>\r\n            <\/div>\r\n<\/div>\r\n                                            \r\n                                                \r\n\r\n<div class=\"tick-item\" data-aos=\"fade-up\" data-aos-delay=\"100\">\r\n    <div class=\"tick-item__icon\">\r\n        <svg xmlns=\"http:\/\/www.w3.org\/2000\/svg\" xmlns:xlink=\"http:\/\/www.w3.org\/1999\/xlink\" width=\"25.322\" height=\"18.969\" viewBox=\"0 0 25.322 18.969\" fill=\"currentColor\">\r\n  <defs>\r\n    <clipPath id=\"clip-path\">\r\n      <rect id=\"Rectangle_25085\" data-name=\"Rectangle 25085\" width=\"25.322\" height=\"18.969\" transform=\"translate(0 0)\" fill=\"currentColor\"\/>\r\n    <\/clipPath>\r\n  <\/defs>\r\n  <g id=\"Group_48061\" data-name=\"Group 48061\" transform=\"translate(0 0.001)\">\r\n    <g id=\"Group_48058\" data-name=\"Group 48058\" transform=\"translate(0 -0.001)\" clip-path=\"url(#clip-path)\">\r\n      <path id=\"Path_31268\" data-name=\"Path 31268\" d=\"M24.457.868h0a2.962,2.962,0,0,0-4.189,0L9.317,11.818,5.056,7.557A2.962,2.962,0,1,0,.867,11.746L7.223,18.1a2.962,2.962,0,0,0,4.189,0L24.457,5.057a2.966,2.966,0,0,0,0-4.189m-.948,3.242L10.464,17.154a1.622,1.622,0,0,1-2.294,0L1.814,10.8A1.622,1.622,0,0,1,4.108,8.5l5.209,5.209,11.9-11.9a1.622,1.622,0,1,1,2.294,2.294\" transform=\"translate(0 0)\" fill=\"currentColor\"\/>\r\n    <\/g>\r\n  <\/g>\r\n<\/svg>    <\/div>\r\n    <div class=\"tick-item__body\">\r\n                    <span class=\"tick-item__title\">Wer ist betroffen?<\/span>\r\n                            <div class=\"tick-item__content\">\r\n                <p>Die meisten 3G-Ger\u00e4te wechseln auf 2G zur\u00fcck \u2013 allerdings nur, wenn dieses am jeweiligen Standort verf\u00fcgbar ist. Roaming-SIM-Karten k\u00f6nnen auf andere Netze zugreifen.<\/p>\n            <\/div>\r\n            <\/div>\r\n<\/div>\r\n                                            \r\n                                                \r\n\r\n<div class=\"tick-item\" data-aos=\"fade-up\" data-aos-delay=\"200\">\r\n    <div class=\"tick-item__icon\">\r\n        <svg xmlns=\"http:\/\/www.w3.org\/2000\/svg\" xmlns:xlink=\"http:\/\/www.w3.org\/1999\/xlink\" width=\"25.322\" height=\"18.969\" viewBox=\"0 0 25.322 18.969\" fill=\"currentColor\">\r\n  <defs>\r\n    <clipPath id=\"clip-path\">\r\n      <rect id=\"Rectangle_25085\" data-name=\"Rectangle 25085\" width=\"25.322\" height=\"18.969\" transform=\"translate(0 0)\" fill=\"currentColor\"\/>\r\n    <\/clipPath>\r\n  <\/defs>\r\n  <g id=\"Group_48061\" data-name=\"Group 48061\" transform=\"translate(0 0.001)\">\r\n    <g id=\"Group_48058\" data-name=\"Group 48058\" transform=\"translate(0 -0.001)\" clip-path=\"url(#clip-path)\">\r\n      <path id=\"Path_31268\" data-name=\"Path 31268\" d=\"M24.457.868h0a2.962,2.962,0,0,0-4.189,0L9.317,11.818,5.056,7.557A2.962,2.962,0,1,0,.867,11.746L7.223,18.1a2.962,2.962,0,0,0,4.189,0L24.457,5.057a2.966,2.966,0,0,0,0-4.189m-.948,3.242L10.464,17.154a1.622,1.622,0,0,1-2.294,0L1.814,10.8A1.622,1.622,0,0,1,4.108,8.5l5.209,5.209,11.9-11.9a1.622,1.622,0,1,1,2.294,2.294\" transform=\"translate(0 0)\" fill=\"currentColor\"\/>\r\n    <\/g>\r\n  <\/g>\r\n<\/svg>    <\/div>\r\n    <div class=\"tick-item__body\">\r\n                    <span class=\"tick-item__title\">Was m\u00fcssen Sie tun?<\/span>\r\n                            <div class=\"tick-item__content\">\r\n                <p>Arbeiten Sie mit CSL zusammen, um Ihre Systeme zukunftssicher zu machen und die Betriebskontinuit\u00e4t w\u00e4hrend des \u00dcbergangs des Vereinigten K\u00f6nigreichs zu 4G- und 5G-Netzen sicherzustellen.<\/p>\n            <\/div>\r\n            <\/div>\r\n<\/div>\r\n                                                                                    <\/div>\r\n                                                                                                <\/div>\r\n                                                                    <\/div>\r\n                <\/div>\r\n            <\/div>\r\n        <\/div>\r\n            <\/div>\r\n<\/section>\n","protected":false},"excerpt":{"rendered":"","protected":false},"author":1,"featured_media":2892,"parent":1619,"menu_order":0,"comment_status":"closed","ping_status":"closed","template":"","meta":{"_acf_changed":false,"footnotes":""},"class_list":["post-1740","page","type-page","status-publish","has-post-thumbnail","hentry"],"acf":[],"yoast_head":"<!-- This site is optimized with the Yoast SEO Premium plugin v27.1 (Yoast SEO v27.1.1) - https:\/\/yoast.com\/product\/yoast-seo-premium-wordpress\/ -->\n<title>2G\/3G-Abschaltung | Nahtloser \u00dcbergang mit CSL<\/title>\n<meta name=\"description\" content=\"Bereiten Sie sich mit den zukunftssicheren Konnektivit\u00e4tsl\u00f6sungen von CSL auf die 2G\/3G-Abschaltung vor\" \/>\n<meta name=\"robots\" content=\"index, follow, max-snippet:-1, max-image-preview:large, max-video-preview:-1\" \/>\n<link rel=\"canonical\" href=\"https:\/\/www.csl-group.com\/de\/ressourcen\/2g-3g-switch-off\/\" \/>\n<meta property=\"og:locale\" content=\"en_US\" \/>\n<meta property=\"og:type\" content=\"article\" \/>\n<meta property=\"og:title\" content=\"2G-\/3G-Abschaltung\" \/>\n<meta property=\"og:description\" content=\"Bereiten Sie sich mit den zukunftssicheren Konnektivit\u00e4tsl\u00f6sungen von CSL auf die 2G\/3G-Abschaltung vor\" \/>\n<meta property=\"og:url\" content=\"https:\/\/www.csl-group.com\/de\/ressourcen\/2g-3g-switch-off\/\" \/>\n<meta property=\"og:site_name\" content=\"CSL DE\" \/>\n<meta property=\"article:modified_time\" content=\"2026-02-02T09:35:29+00:00\" \/>\n<meta property=\"og:image\" content=\"https:\/\/www.csl-group.com\/de\/wp-content\/uploads\/sites\/6\/2025\/02\/iStock-1328094196-1-scaled.jpg.webp\" \/>\n\t<meta property=\"og:image:width\" content=\"2100\" \/>\n\t<meta property=\"og:image:height\" content=\"1179\" \/>\n\t<meta property=\"og:image:type\" content=\"image\/jpeg\" \/>\n<meta name=\"twitter:card\" content=\"summary_large_image\" \/>\n<meta name=\"twitter:label1\" content=\"Est. reading time\" \/>\n\t<meta name=\"twitter:data1\" content=\"3 minutes\" \/>\n<script type=\"application\/ld+json\" class=\"yoast-schema-graph\">{\"@context\":\"https:\/\/schema.org\",\"@graph\":[{\"@type\":\"WebPage\",\"@id\":\"https:\/\/www.csl-group.com\/de\/ressourcen\/2g-3g-switch-off\/\",\"url\":\"https:\/\/www.csl-group.com\/de\/ressourcen\/2g-3g-switch-off\/\",\"name\":\"2G\/3G-Abschaltung | Nahtloser \u00dcbergang mit CSL\",\"isPartOf\":{\"@id\":\"https:\/\/www.csl-group.com\/de\/#website\"},\"primaryImageOfPage\":{\"@id\":\"https:\/\/www.csl-group.com\/de\/ressourcen\/2g-3g-switch-off\/#primaryimage\"},\"image\":{\"@id\":\"https:\/\/www.csl-group.com\/de\/ressourcen\/2g-3g-switch-off\/#primaryimage\"},\"thumbnailUrl\":\"https:\/\/www.csl-group.com\/de\/wp-content\/uploads\/sites\/6\/2025\/02\/iStock-1328094196-1-scaled.jpg.webp\",\"datePublished\":\"2025-02-07T14:26:36+00:00\",\"dateModified\":\"2026-02-02T09:35:29+00:00\",\"description\":\"Bereiten Sie sich mit den zukunftssicheren Konnektivit\u00e4tsl\u00f6sungen von CSL auf die 2G\/3G-Abschaltung vor\",\"breadcrumb\":{\"@id\":\"https:\/\/www.csl-group.com\/de\/ressourcen\/2g-3g-switch-off\/#breadcrumb\"},\"inLanguage\":\"en-US\",\"potentialAction\":[{\"@type\":\"ReadAction\",\"target\":[\"https:\/\/www.csl-group.com\/de\/ressourcen\/2g-3g-switch-off\/\"]}]},{\"@type\":\"ImageObject\",\"inLanguage\":\"en-US\",\"@id\":\"https:\/\/www.csl-group.com\/de\/ressourcen\/2g-3g-switch-off\/#primaryimage\",\"url\":\"https:\/\/www.csl-group.com\/de\/wp-content\/uploads\/sites\/6\/2025\/02\/iStock-1328094196-1-scaled.jpg.webp\",\"contentUrl\":\"https:\/\/www.csl-group.com\/de\/wp-content\/uploads\/sites\/6\/2025\/02\/iStock-1328094196-1-scaled.jpg.webp\",\"width\":2100,\"height\":1179,\"caption\":\"5G Sunset Cell Tower: Cellular communications tower for mobile phone and video data transmission\"},{\"@type\":\"BreadcrumbList\",\"@id\":\"https:\/\/www.csl-group.com\/de\/ressourcen\/2g-3g-switch-off\/#breadcrumb\",\"itemListElement\":[{\"@type\":\"ListItem\",\"position\":1,\"name\":\"Home\",\"item\":\"https:\/\/www.csl-group.com\/de\/\"},{\"@type\":\"ListItem\",\"position\":2,\"name\":\"Ressourcen\",\"item\":\"https:\/\/www.csl-group.com\/de\/ressourcen\/\"},{\"@type\":\"ListItem\",\"position\":3,\"name\":\"2G-\/3G-Abschaltung\"}]},{\"@type\":\"WebSite\",\"@id\":\"https:\/\/www.csl-group.com\/de\/#website\",\"url\":\"https:\/\/www.csl-group.com\/de\/\",\"name\":\"CSL\",\"description\":\"\",\"potentialAction\":[{\"@type\":\"SearchAction\",\"target\":{\"@type\":\"EntryPoint\",\"urlTemplate\":\"https:\/\/www.csl-group.com\/de\/?s={search_term_string}\"},\"query-input\":{\"@type\":\"PropertyValueSpecification\",\"valueRequired\":true,\"valueName\":\"search_term_string\"}}],\"inLanguage\":\"en-US\"}]}<\/script>\n<!-- \/ Yoast SEO Premium plugin. -->","yoast_head_json":{"title":"2G\/3G-Abschaltung | Nahtloser \u00dcbergang mit CSL","description":"Bereiten Sie sich mit den zukunftssicheren Konnektivit\u00e4tsl\u00f6sungen von CSL auf die 2G\/3G-Abschaltung vor","robots":{"index":"index","follow":"follow","max-snippet":"max-snippet:-1","max-image-preview":"max-image-preview:large","max-video-preview":"max-video-preview:-1"},"canonical":"https:\/\/www.csl-group.com\/de\/ressourcen\/2g-3g-switch-off\/","og_locale":"en_US","og_type":"article","og_title":"2G-\/3G-Abschaltung","og_description":"Bereiten Sie sich mit den zukunftssicheren Konnektivit\u00e4tsl\u00f6sungen von CSL auf die 2G\/3G-Abschaltung vor","og_url":"https:\/\/www.csl-group.com\/de\/ressourcen\/2g-3g-switch-off\/","og_site_name":"CSL DE","article_modified_time":"2026-02-02T09:35:29+00:00","og_image":[{"width":2100,"height":1179,"url":"https:\/\/www.csl-group.com\/de\/wp-content\/uploads\/sites\/6\/2025\/02\/iStock-1328094196-1-scaled.jpg.webp","type":"image\/jpeg"}],"twitter_card":"summary_large_image","twitter_misc":{"Est. reading time":"3 minutes"},"schema":{"@context":"https:\/\/schema.org","@graph":[{"@type":"WebPage","@id":"https:\/\/www.csl-group.com\/de\/ressourcen\/2g-3g-switch-off\/","url":"https:\/\/www.csl-group.com\/de\/ressourcen\/2g-3g-switch-off\/","name":"2G\/3G-Abschaltung | Nahtloser \u00dcbergang mit CSL","isPartOf":{"@id":"https:\/\/www.csl-group.com\/de\/#website"},"primaryImageOfPage":{"@id":"https:\/\/www.csl-group.com\/de\/ressourcen\/2g-3g-switch-off\/#primaryimage"},"image":{"@id":"https:\/\/www.csl-group.com\/de\/ressourcen\/2g-3g-switch-off\/#primaryimage"},"thumbnailUrl":"https:\/\/www.csl-group.com\/de\/wp-content\/uploads\/sites\/6\/2025\/02\/iStock-1328094196-1-scaled.jpg.webp","datePublished":"2025-02-07T14:26:36+00:00","dateModified":"2026-02-02T09:35:29+00:00","description":"Bereiten Sie sich mit den zukunftssicheren Konnektivit\u00e4tsl\u00f6sungen von CSL auf die 2G\/3G-Abschaltung vor","breadcrumb":{"@id":"https:\/\/www.csl-group.com\/de\/ressourcen\/2g-3g-switch-off\/#breadcrumb"},"inLanguage":"en-US","potentialAction":[{"@type":"ReadAction","target":["https:\/\/www.csl-group.com\/de\/ressourcen\/2g-3g-switch-off\/"]}]},{"@type":"ImageObject","inLanguage":"en-US","@id":"https:\/\/www.csl-group.com\/de\/ressourcen\/2g-3g-switch-off\/#primaryimage","url":"https:\/\/www.csl-group.com\/de\/wp-content\/uploads\/sites\/6\/2025\/02\/iStock-1328094196-1-scaled.jpg.webp","contentUrl":"https:\/\/www.csl-group.com\/de\/wp-content\/uploads\/sites\/6\/2025\/02\/iStock-1328094196-1-scaled.jpg.webp","width":2100,"height":1179,"caption":"5G Sunset Cell Tower: Cellular communications tower for mobile phone and video data transmission"},{"@type":"BreadcrumbList","@id":"https:\/\/www.csl-group.com\/de\/ressourcen\/2g-3g-switch-off\/#breadcrumb","itemListElement":[{"@type":"ListItem","position":1,"name":"Home","item":"https:\/\/www.csl-group.com\/de\/"},{"@type":"ListItem","position":2,"name":"Ressourcen","item":"https:\/\/www.csl-group.com\/de\/ressourcen\/"},{"@type":"ListItem","position":3,"name":"2G-\/3G-Abschaltung"}]},{"@type":"WebSite","@id":"https:\/\/www.csl-group.com\/de\/#website","url":"https:\/\/www.csl-group.com\/de\/","name":"CSL","description":"","potentialAction":[{"@type":"SearchAction","target":{"@type":"EntryPoint","urlTemplate":"https:\/\/www.csl-group.com\/de\/?s={search_term_string}"},"query-input":{"@type":"PropertyValueSpecification","valueRequired":true,"valueName":"search_term_string"}}],"inLanguage":"en-US"}]}},"_links":{"self":[{"href":"https:\/\/www.csl-group.com\/de\/wp-json\/wp\/v2\/pages\/1740","targetHints":{"allow":["GET"]}}],"collection":[{"href":"https:\/\/www.csl-group.com\/de\/wp-json\/wp\/v2\/pages"}],"about":[{"href":"https:\/\/www.csl-group.com\/de\/wp-json\/wp\/v2\/types\/page"}],"author":[{"embeddable":true,"href":"https:\/\/www.csl-group.com\/de\/wp-json\/wp\/v2\/users\/1"}],"replies":[{"embeddable":true,"href":"https:\/\/www.csl-group.com\/de\/wp-json\/wp\/v2\/comments?post=1740"}],"version-history":[{"count":4,"href":"https:\/\/www.csl-group.com\/de\/wp-json\/wp\/v2\/pages\/1740\/revisions"}],"predecessor-version":[{"id":7258,"href":"https:\/\/www.csl-group.com\/de\/wp-json\/wp\/v2\/pages\/1740\/revisions\/7258"}],"up":[{"embeddable":true,"href":"https:\/\/www.csl-group.com\/de\/wp-json\/wp\/v2\/pages\/1619"}],"wp:featuredmedia":[{"embeddable":true,"href":"https:\/\/www.csl-group.com\/de\/wp-json\/wp\/v2\/media\/2892"}],"wp:attachment":[{"href":"https:\/\/www.csl-group.com\/de\/wp-json\/wp\/v2\/media?parent=1740"}],"curies":[{"name":"wp","href":"https:\/\/api.w.org\/{rel}","templated":true}]}}