{"id":1734,"date":"2025-02-07T14:27:41","date_gmt":"2025-02-07T14:27:41","guid":{"rendered":"https:\/\/www.csl-group.com\/de\/?page_id=1734"},"modified":"2026-01-28T13:38:50","modified_gmt":"2026-01-28T13:38:50","slug":"pstn-abschaltung","status":"publish","type":"page","link":"https:\/\/www.csl-group.com\/de\/ressourcen\/pstn-abschaltung\/","title":{"rendered":"PSTN-Abschaltung"},"content":{"rendered":"\r\n<section class=\"page-banner page-banner__style-4 image-align-left\" aria-label=\"Page Banner\">\r\n    <div class=\"page-banner__inner\">\r\n        <div class=\"page-banner__wrapper\">\r\n            <div class=\"page-banner__details\">\r\n    <div class=\"container--large\">\r\n        <div class=\"page-banner__content\" data-aos=\"fade-right\" data-aos-delay=\"100\">\r\n            <div class=\"page-banner__content-inner\">\r\n                                    <span class=\"page-banner__pretitle\">\r\n                                                <span>Resources<\/span>\r\n                    <\/span>\r\n                                <h1 class=\"page-banner__title h2\">PSTN <span class=\"text-primary\">Abschaltung<\/span><\/h1>\r\n                                <div class=\"page-banner__description\">\r\n                    <p>W\u00e4hrend das Vereinigte K\u00f6nigreich vom analogen PSTN (Public Switched Telephone Network) auf IP-basierte Netze umstellt, werden herk\u00f6mmliche Telefon- und Breitbandanschl\u00fcsse durch intelligentere, digitale L\u00f6sungen ersetzt. Diese Ver\u00e4nderung wirkt sich direkt auf Brand- und Sicherheitsmeldesysteme, Telecare- und Aufzugsalarme sowie auf alle Ger\u00e4te aus, die auf analogen Verbindungen basieren. Daher ist es f\u00fcr Unternehmen und Nutzer unerl\u00e4sslich, auf IP-kompatible Technologie umzur\u00fcsten, um Ausf\u00e4lle zu vermeiden.<\/p>\n                <\/div>\r\n                                    <div class=\"page-banner__actions\">\r\n                                                    <a href=\"https:\/\/www.csl-group.com\/de\/kontakt\/\" class=\"button \"  role=\"button\" aria-label=\"Kontaktieren Sie uns\">Kontaktieren Sie uns<\/a>                                            <\/div>\r\n                            <\/div>\r\n        <\/div>\r\n    <\/div>\r\n<\/div>\r\n<div class=\"page-banner__background\" data-aos=\"fade-up\">\n    <img fetchpriority=\"high\" decoding=\"async\" width=\"2048\" height=\"700\" src=\"https:\/\/www.csl-group.com\/de\/wp-content\/uploads\/sites\/6\/2025\/02\/pstn-main-01-2048x700.jpg.webp\" class=\"page-banner__image\" alt=\"PSTN Switch-Off image\" srcset=\"https:\/\/www.csl-group.com\/de\/wp-content\/uploads\/sites\/6\/2025\/02\/pstn-main-01-2048x700.jpg.webp 2048w, https:\/\/www.csl-group.com\/de\/wp-content\/uploads\/sites\/6\/2025\/02\/pstn-main-01-2048x700.jpg-300x103.webp 300w, https:\/\/www.csl-group.com\/de\/wp-content\/uploads\/sites\/6\/2025\/02\/pstn-main-01-2048x700.jpg-1024x350.webp 1024w, https:\/\/www.csl-group.com\/de\/wp-content\/uploads\/sites\/6\/2025\/02\/pstn-main-01-2048x700.jpg-768x263.webp 768w, https:\/\/www.csl-group.com\/de\/wp-content\/uploads\/sites\/6\/2025\/02\/pstn-main-01-2048x700.jpg-1536x525.webp 1536w\" sizes=\"(max-width: 2048px) 100vw, 2048px\" loading=\"eager\" \/><\/div>\r\n        <\/div>\r\n\r\n        \r\n        \r\n        \r\n\r\n        \r\n            <\/div>\r\n<\/section>\n\n\n\r\n\r\n\r\n<section class=\"media-text \">\r\n    <div class=\"media-text__inner \">\r\n        <div class=\"container--large\">\r\n            <div class=\"media-text__wrapper\">\n                <div class=\"media-text__media\" data-aos=\"fade-right\">\n                                            <div class=\"media-text__image\">\n                            <img decoding=\"async\" width=\"2100\" height=\"1406\" src=\"https:\/\/www.csl-group.com\/de\/wp-content\/uploads\/sites\/6\/2025\/02\/Emergency-Lines-Motorway-Call--scaled.jpg.webp\" class=\"attachment-full size-full\" alt=\"Emergency roadside orange telephone box image\" srcset=\"https:\/\/www.csl-group.com\/de\/wp-content\/uploads\/sites\/6\/2025\/02\/Emergency-Lines-Motorway-Call--scaled.jpg.webp 2100w, https:\/\/www.csl-group.com\/de\/wp-content\/uploads\/sites\/6\/2025\/02\/Emergency-Lines-Motorway-Call--300x201.jpg.webp 300w, https:\/\/www.csl-group.com\/de\/wp-content\/uploads\/sites\/6\/2025\/02\/Emergency-Lines-Motorway-Call--1024x685.jpg.webp 1024w, https:\/\/www.csl-group.com\/de\/wp-content\/uploads\/sites\/6\/2025\/02\/Emergency-Lines-Motorway-Call--768x514.jpg.webp 768w, https:\/\/www.csl-group.com\/de\/wp-content\/uploads\/sites\/6\/2025\/02\/Emergency-Lines-Motorway-Call--1536x1028.jpg.webp 1536w, https:\/\/www.csl-group.com\/de\/wp-content\/uploads\/sites\/6\/2025\/02\/Emergency-Lines-Motorway-Call--2048x1371.jpg.webp 2048w\" sizes=\"auto, (max-width: 2100px) 100vw, 2100px\" loading=\"lazy\" \/>                        <\/div>\n                                    <\/div>\n                <div class=\"media-text__details align-top\">\r\n                    <div class=\"media-text__content\" data-aos=\"fade-up\" data-aos-delay=\"100\">\r\n                                                                            <h2 class=\"media-text__title h3\">Was ist die <span class=\"text-primary\">PSTN-Abschaltung?<\/span><\/h2>\r\n                                                                            <div class=\"media-text__body\">\r\n                                                                                                    <div class=\"media-text__text\">\r\n                                        <p>Die PSTN-Abschaltung markiert den \u00dcbergang des Vereinigten K\u00f6nigreichs zu einer vollst\u00e4ndig digitalen Kommunikationsinfrastruktur, wobei die analogen Telefonservices bis 2027 vollst\u00e4ndig eingestellt werden sollen. Im Rahmen dieses Upgrades werden traditionelle Telefondosen durch Smart-Router ersetzt, um die heutigen Verbraucher, ihre Smart-Ger\u00e4te und Apps besser zu unterst\u00fctzen.<\/p>\n<p>Bisher wurden \u00fcber 7 Millionen Telefonleitungen aufger\u00fcstet, weitere 7 Millionen stehen noch aus. Bis Januar 2027 wird der \u00dcbergang abgeschlossen sein, was Millionen von Standorten betrifft und Upgrades erforderlich macht, um die Kontinuit\u00e4t der Dienste zu gew\u00e4hrleisten. CSL steht Ihnen bei jedem Schritt zur Seite und bietet L\u00f6sungen, um eine unterbrechungsfreie und regelkonforme Konnektivit\u00e4t sicherzustellen.<\/p>\n                                    <\/div>\r\n                                                            <\/div>\r\n                                                                                            <\/div>\r\n                <\/div>\r\n            <\/div>\r\n        <\/div>\r\n            <\/div>\r\n<\/section>\n\n\n\r\n\r\n\r\n<section class=\"media-text layered-layout\">\r\n    <div class=\"media-text__inner \">\r\n        <div class=\"container--large\">\r\n            <div class=\"media-text__wrapper media-text__inverted\">\n                <div class=\"layered-wrapper\" data-aos=\"fade-right\">\n                                            <div class=\"media-text__layered\">\n                                                            <div class=\"media-text__layered-image\" data-id=\"0\">\n                                    <img decoding=\"async\" width=\"701\" height=\"1024\" src=\"https:\/\/www.csl-group.com\/de\/wp-content\/uploads\/sites\/6\/2025\/02\/pstn-3images-back-701x1024.jpg.webp\" class=\"attachment-large size-large\" alt=\"man in high-vis at top of telephone pole with cables image\" srcset=\"https:\/\/www.csl-group.com\/de\/wp-content\/uploads\/sites\/6\/2025\/02\/pstn-3images-back-701x1024.jpg.webp 701w, https:\/\/www.csl-group.com\/de\/wp-content\/uploads\/sites\/6\/2025\/02\/pstn-3images-back-205x300.jpg.webp 205w, https:\/\/www.csl-group.com\/de\/wp-content\/uploads\/sites\/6\/2025\/02\/pstn-3images-back.jpg.webp 754w\" sizes=\"auto, (max-width: 701px) 100vw, 701px\" loading=\"lazy\" \/>                                <\/div>\n                                                            <div class=\"media-text__layered-image\" data-id=\"1\">\n                                    <img decoding=\"async\" width=\"221\" height=\"300\" src=\"https:\/\/www.csl-group.com\/de\/wp-content\/uploads\/sites\/6\/2025\/02\/pstn-3images-middle-221x300.jpg.webp\" class=\"attachment-medium size-medium\" alt=\"Man pressing button in lift image\" srcset=\"https:\/\/www.csl-group.com\/de\/wp-content\/uploads\/sites\/6\/2025\/02\/pstn-3images-middle-221x300.jpg.webp 221w, https:\/\/www.csl-group.com\/de\/wp-content\/uploads\/sites\/6\/2025\/02\/pstn-3images-middle.jpg.webp 564w\" sizes=\"auto, (max-width: 221px) 100vw, 221px\" loading=\"lazy\" \/>                                <\/div>\n                                                            <div class=\"media-text__layered-image\" data-id=\"2\">\n                                    <img decoding=\"async\" width=\"300\" height=\"198\" src=\"https:\/\/www.csl-group.com\/de\/wp-content\/uploads\/sites\/6\/2025\/02\/pstn-3images-front-300x198.jpg.webp\" class=\"attachment-medium size-medium\" alt=\"man checking PSTN switch-off panels image\" srcset=\"https:\/\/www.csl-group.com\/de\/wp-content\/uploads\/sites\/6\/2025\/02\/pstn-3images-front-300x198.jpg.webp 300w, https:\/\/www.csl-group.com\/de\/wp-content\/uploads\/sites\/6\/2025\/02\/pstn-3images-front.jpg.webp 564w\" sizes=\"auto, (max-width: 300px) 100vw, 300px\" loading=\"lazy\" \/>                                <\/div>\n                                                    <\/div>\n                                    <\/div>\n                <div class=\"media-text__details align-top\">\r\n                    <div class=\"media-text__content\" data-aos=\"fade-up\" data-aos-delay=\"100\">\r\n                                                                            <h2 class=\"media-text__title h3\"><span class=\"text-primary\">Wir bereiten Sie auf die <\/span>PSTN-Abschaltung vor<\/h2>\r\n                                                                            <div class=\"media-text__body\">\r\n                                                                                                    <div class=\"media-text__text\">\r\n                                        <p>W\u00e4hrend die Abschaltung voranschreitet, ist es entscheidend, die Auswirkungen auf Ihre Systeme zu verstehen, die auf analogen Verbindungen basieren. Wir unterst\u00fctzen Sie bei jedem Schritt, damit Ihre Dienste reibungslos weiterlaufen. Hier sind die Grundlagen:<\/p>\n                                    <\/div>\r\n                                                            <\/div>\r\n                                                                            <div class=\"media-text__flexible-content\">\r\n                                                                                                            <div class=\"flexible-content__tick-items\">\r\n                                            \r\n                                                \r\n\r\n<div class=\"tick-item\" data-aos=\"fade-up\" data-aos-delay=\"0\">\r\n    <div class=\"tick-item__icon\">\r\n        <svg xmlns=\"http:\/\/www.w3.org\/2000\/svg\" xmlns:xlink=\"http:\/\/www.w3.org\/1999\/xlink\" width=\"25.322\" height=\"18.969\" viewBox=\"0 0 25.322 18.969\" fill=\"currentColor\">\r\n  <defs>\r\n    <clipPath id=\"clip-path\">\r\n      <rect id=\"Rectangle_25085\" data-name=\"Rectangle 25085\" width=\"25.322\" height=\"18.969\" transform=\"translate(0 0)\" fill=\"currentColor\"\/>\r\n    <\/clipPath>\r\n  <\/defs>\r\n  <g id=\"Group_48061\" data-name=\"Group 48061\" transform=\"translate(0 0.001)\">\r\n    <g id=\"Group_48058\" data-name=\"Group 48058\" transform=\"translate(0 -0.001)\" clip-path=\"url(#clip-path)\">\r\n      <path id=\"Path_31268\" data-name=\"Path 31268\" d=\"M24.457.868h0a2.962,2.962,0,0,0-4.189,0L9.317,11.818,5.056,7.557A2.962,2.962,0,1,0,.867,11.746L7.223,18.1a2.962,2.962,0,0,0,4.189,0L24.457,5.057a2.966,2.966,0,0,0,0-4.189m-.948,3.242L10.464,17.154a1.622,1.622,0,0,1-2.294,0L1.814,10.8A1.622,1.622,0,0,1,4.108,8.5l5.209,5.209,11.9-11.9a1.622,1.622,0,1,1,2.294,2.294\" transform=\"translate(0 0)\" fill=\"currentColor\"\/>\r\n    <\/g>\r\n  <\/g>\r\n<\/svg>    <\/div>\r\n    <div class=\"tick-item__body\">\r\n                    <span class=\"tick-item__title\">Wann?<\/span>\r\n                            <div class=\"tick-item__content\">\r\n                <p>Der vollst\u00e4ndige R\u00fcckzug von PSTN und die Abschaltung aller analogen Telefonleitungen werden bis Januar 2027 abgeschlossen sein.<\/p>\n            <\/div>\r\n            <\/div>\r\n<\/div>\r\n                                            \r\n                                                \r\n\r\n<div class=\"tick-item\" data-aos=\"fade-up\" data-aos-delay=\"100\">\r\n    <div class=\"tick-item__icon\">\r\n        <svg xmlns=\"http:\/\/www.w3.org\/2000\/svg\" xmlns:xlink=\"http:\/\/www.w3.org\/1999\/xlink\" width=\"25.322\" height=\"18.969\" viewBox=\"0 0 25.322 18.969\" fill=\"currentColor\">\r\n  <defs>\r\n    <clipPath id=\"clip-path\">\r\n      <rect id=\"Rectangle_25085\" data-name=\"Rectangle 25085\" width=\"25.322\" height=\"18.969\" transform=\"translate(0 0)\" fill=\"currentColor\"\/>\r\n    <\/clipPath>\r\n  <\/defs>\r\n  <g id=\"Group_48061\" data-name=\"Group 48061\" transform=\"translate(0 0.001)\">\r\n    <g id=\"Group_48058\" data-name=\"Group 48058\" transform=\"translate(0 -0.001)\" clip-path=\"url(#clip-path)\">\r\n      <path id=\"Path_31268\" data-name=\"Path 31268\" d=\"M24.457.868h0a2.962,2.962,0,0,0-4.189,0L9.317,11.818,5.056,7.557A2.962,2.962,0,1,0,.867,11.746L7.223,18.1a2.962,2.962,0,0,0,4.189,0L24.457,5.057a2.966,2.966,0,0,0,0-4.189m-.948,3.242L10.464,17.154a1.622,1.622,0,0,1-2.294,0L1.814,10.8A1.622,1.622,0,0,1,4.108,8.5l5.209,5.209,11.9-11.9a1.622,1.622,0,1,1,2.294,2.294\" transform=\"translate(0 0)\" fill=\"currentColor\"\/>\r\n    <\/g>\r\n  <\/g>\r\n<\/svg>    <\/div>\r\n    <div class=\"tick-item__body\">\r\n                    <span class=\"tick-item__title\">Wer ist betroffen?<\/span>\r\n                            <div class=\"tick-item__content\">\r\n                <p>Alle Standorte, die PSTN f\u00fcr Telefon, Breitband oder kritische Dienste wie Brand- und Telecare-Alarmanlagen nutzen, m\u00fcssen ein Upgrade durchf\u00fchren.<\/p>\n            <\/div>\r\n            <\/div>\r\n<\/div>\r\n                                            \r\n                                                \r\n\r\n<div class=\"tick-item\" data-aos=\"fade-up\" data-aos-delay=\"200\">\r\n    <div class=\"tick-item__icon\">\r\n        <svg xmlns=\"http:\/\/www.w3.org\/2000\/svg\" xmlns:xlink=\"http:\/\/www.w3.org\/1999\/xlink\" width=\"25.322\" height=\"18.969\" viewBox=\"0 0 25.322 18.969\" fill=\"currentColor\">\r\n  <defs>\r\n    <clipPath id=\"clip-path\">\r\n      <rect id=\"Rectangle_25085\" data-name=\"Rectangle 25085\" width=\"25.322\" height=\"18.969\" transform=\"translate(0 0)\" fill=\"currentColor\"\/>\r\n    <\/clipPath>\r\n  <\/defs>\r\n  <g id=\"Group_48061\" data-name=\"Group 48061\" transform=\"translate(0 0.001)\">\r\n    <g id=\"Group_48058\" data-name=\"Group 48058\" transform=\"translate(0 -0.001)\" clip-path=\"url(#clip-path)\">\r\n      <path id=\"Path_31268\" data-name=\"Path 31268\" d=\"M24.457.868h0a2.962,2.962,0,0,0-4.189,0L9.317,11.818,5.056,7.557A2.962,2.962,0,1,0,.867,11.746L7.223,18.1a2.962,2.962,0,0,0,4.189,0L24.457,5.057a2.966,2.966,0,0,0,0-4.189m-.948,3.242L10.464,17.154a1.622,1.622,0,0,1-2.294,0L1.814,10.8A1.622,1.622,0,0,1,4.108,8.5l5.209,5.209,11.9-11.9a1.622,1.622,0,1,1,2.294,2.294\" transform=\"translate(0 0)\" fill=\"currentColor\"\/>\r\n    <\/g>\r\n  <\/g>\r\n<\/svg>    <\/div>\r\n    <div class=\"tick-item__body\">\r\n                    <span class=\"tick-item__title\">Was m\u00fcssen Sie tun?<\/span>\r\n                            <div class=\"tick-item__content\">\r\n                <p>Arbeiten Sie mit CSL zusammen, um Ihre Systeme zukunftssicher zu machen und die Kontinuit\u00e4t zu gew\u00e4hrleisten, w\u00e4hrend das Vereinigte K\u00f6nigreich auf IP-Netze umstellt.<\/p>\n            <\/div>\r\n            <\/div>\r\n<\/div>\r\n                                                                                    <\/div>\r\n                                                                                                <\/div>\r\n                                                                    <\/div>\r\n                <\/div>\r\n            <\/div>\r\n        <\/div>\r\n            <\/div>\r\n<\/section>\n","protected":false},"excerpt":{"rendered":"","protected":false},"author":1,"featured_media":3342,"parent":1619,"menu_order":0,"comment_status":"closed","ping_status":"closed","template":"","meta":{"_acf_changed":false,"footnotes":""},"class_list":["post-1734","page","type-page","status-publish","has-post-thumbnail","hentry"],"acf":[],"yoast_head":"<!-- This site is optimized with the Yoast SEO Premium plugin v27.1 (Yoast SEO v27.1.1) - https:\/\/yoast.com\/product\/yoast-seo-premium-wordpress\/ -->\n<title>PSTN-Abschaltung | Nahtlos umsteigen mit den L\u00f6sungen von CSL<\/title>\n<meta name=\"description\" content=\"Leitfaden zur PSTN-Abschaltung: wichtige Termine, Auswirkungen auf den Betrieb und wie Sie Ihre Systeme rechtzeitig von analog auf digital umstellen.\" \/>\n<meta name=\"robots\" content=\"index, follow, max-snippet:-1, max-image-preview:large, max-video-preview:-1\" \/>\n<link rel=\"canonical\" href=\"https:\/\/www.csl-group.com\/de\/ressourcen\/pstn-abschaltung\/\" \/>\n<meta property=\"og:locale\" content=\"en_US\" \/>\n<meta property=\"og:type\" content=\"article\" \/>\n<meta property=\"og:title\" content=\"PSTN-Abschaltung\" \/>\n<meta property=\"og:description\" content=\"Leitfaden zur PSTN-Abschaltung: wichtige Termine, Auswirkungen auf den Betrieb und wie Sie Ihre Systeme rechtzeitig von analog auf digital umstellen.\" \/>\n<meta property=\"og:url\" content=\"https:\/\/www.csl-group.com\/de\/ressourcen\/pstn-abschaltung\/\" \/>\n<meta property=\"og:site_name\" content=\"CSL DE\" \/>\n<meta property=\"article:modified_time\" content=\"2026-01-28T13:38:50+00:00\" \/>\n<meta property=\"og:image\" content=\"https:\/\/www.csl-group.com\/de\/wp-content\/uploads\/sites\/6\/2025\/02\/pstn-main-01-2048x700.jpg.webp\" \/>\n\t<meta property=\"og:image:width\" content=\"2048\" \/>\n\t<meta property=\"og:image:height\" content=\"700\" \/>\n\t<meta property=\"og:image:type\" content=\"image\/webp\" \/>\n<meta name=\"twitter:card\" content=\"summary_large_image\" \/>\n<meta name=\"twitter:label1\" content=\"Est. reading time\" \/>\n\t<meta name=\"twitter:data1\" content=\"3 minutes\" \/>\n<script type=\"application\/ld+json\" class=\"yoast-schema-graph\">{\"@context\":\"https:\/\/schema.org\",\"@graph\":[{\"@type\":\"WebPage\",\"@id\":\"https:\/\/www.csl-group.com\/de\/ressourcen\/pstn-abschaltung\/\",\"url\":\"https:\/\/www.csl-group.com\/de\/ressourcen\/pstn-abschaltung\/\",\"name\":\"PSTN-Abschaltung | Nahtlos umsteigen mit den L\u00f6sungen von CSL\",\"isPartOf\":{\"@id\":\"https:\/\/www.csl-group.com\/de\/#website\"},\"primaryImageOfPage\":{\"@id\":\"https:\/\/www.csl-group.com\/de\/ressourcen\/pstn-abschaltung\/#primaryimage\"},\"image\":{\"@id\":\"https:\/\/www.csl-group.com\/de\/ressourcen\/pstn-abschaltung\/#primaryimage\"},\"thumbnailUrl\":\"https:\/\/www.csl-group.com\/de\/wp-content\/uploads\/sites\/6\/2025\/02\/pstn-main-01-2048x700.jpg.webp\",\"datePublished\":\"2025-02-07T14:27:41+00:00\",\"dateModified\":\"2026-01-28T13:38:50+00:00\",\"description\":\"Leitfaden zur PSTN-Abschaltung: wichtige Termine, Auswirkungen auf den Betrieb und wie Sie Ihre Systeme rechtzeitig von analog auf digital umstellen.\",\"breadcrumb\":{\"@id\":\"https:\/\/www.csl-group.com\/de\/ressourcen\/pstn-abschaltung\/#breadcrumb\"},\"inLanguage\":\"en-US\",\"potentialAction\":[{\"@type\":\"ReadAction\",\"target\":[\"https:\/\/www.csl-group.com\/de\/ressourcen\/pstn-abschaltung\/\"]}]},{\"@type\":\"ImageObject\",\"inLanguage\":\"en-US\",\"@id\":\"https:\/\/www.csl-group.com\/de\/ressourcen\/pstn-abschaltung\/#primaryimage\",\"url\":\"https:\/\/www.csl-group.com\/de\/wp-content\/uploads\/sites\/6\/2025\/02\/pstn-main-01-2048x700.jpg.webp\",\"contentUrl\":\"https:\/\/www.csl-group.com\/de\/wp-content\/uploads\/sites\/6\/2025\/02\/pstn-main-01-2048x700.jpg.webp\",\"width\":2048,\"height\":700,\"caption\":\"PSTN Switch-Off image\"},{\"@type\":\"BreadcrumbList\",\"@id\":\"https:\/\/www.csl-group.com\/de\/ressourcen\/pstn-abschaltung\/#breadcrumb\",\"itemListElement\":[{\"@type\":\"ListItem\",\"position\":1,\"name\":\"Home\",\"item\":\"https:\/\/www.csl-group.com\/de\/\"},{\"@type\":\"ListItem\",\"position\":2,\"name\":\"Ressourcen\",\"item\":\"https:\/\/www.csl-group.com\/de\/ressourcen\/\"},{\"@type\":\"ListItem\",\"position\":3,\"name\":\"PSTN-Abschaltung\"}]},{\"@type\":\"WebSite\",\"@id\":\"https:\/\/www.csl-group.com\/de\/#website\",\"url\":\"https:\/\/www.csl-group.com\/de\/\",\"name\":\"CSL\",\"description\":\"\",\"potentialAction\":[{\"@type\":\"SearchAction\",\"target\":{\"@type\":\"EntryPoint\",\"urlTemplate\":\"https:\/\/www.csl-group.com\/de\/?s={search_term_string}\"},\"query-input\":{\"@type\":\"PropertyValueSpecification\",\"valueRequired\":true,\"valueName\":\"search_term_string\"}}],\"inLanguage\":\"en-US\"}]}<\/script>\n<!-- \/ Yoast SEO Premium plugin. -->","yoast_head_json":{"title":"PSTN-Abschaltung | Nahtlos umsteigen mit den L\u00f6sungen von CSL","description":"Leitfaden zur PSTN-Abschaltung: wichtige Termine, Auswirkungen auf den Betrieb und wie Sie Ihre Systeme rechtzeitig von analog auf digital umstellen.","robots":{"index":"index","follow":"follow","max-snippet":"max-snippet:-1","max-image-preview":"max-image-preview:large","max-video-preview":"max-video-preview:-1"},"canonical":"https:\/\/www.csl-group.com\/de\/ressourcen\/pstn-abschaltung\/","og_locale":"en_US","og_type":"article","og_title":"PSTN-Abschaltung","og_description":"Leitfaden zur PSTN-Abschaltung: wichtige Termine, Auswirkungen auf den Betrieb und wie Sie Ihre Systeme rechtzeitig von analog auf digital umstellen.","og_url":"https:\/\/www.csl-group.com\/de\/ressourcen\/pstn-abschaltung\/","og_site_name":"CSL DE","article_modified_time":"2026-01-28T13:38:50+00:00","og_image":[{"width":2048,"height":700,"url":"https:\/\/www.csl-group.com\/de\/wp-content\/uploads\/sites\/6\/2025\/02\/pstn-main-01-2048x700.jpg.webp","type":"image\/webp"}],"twitter_card":"summary_large_image","twitter_misc":{"Est. reading time":"3 minutes"},"schema":{"@context":"https:\/\/schema.org","@graph":[{"@type":"WebPage","@id":"https:\/\/www.csl-group.com\/de\/ressourcen\/pstn-abschaltung\/","url":"https:\/\/www.csl-group.com\/de\/ressourcen\/pstn-abschaltung\/","name":"PSTN-Abschaltung | Nahtlos umsteigen mit den L\u00f6sungen von CSL","isPartOf":{"@id":"https:\/\/www.csl-group.com\/de\/#website"},"primaryImageOfPage":{"@id":"https:\/\/www.csl-group.com\/de\/ressourcen\/pstn-abschaltung\/#primaryimage"},"image":{"@id":"https:\/\/www.csl-group.com\/de\/ressourcen\/pstn-abschaltung\/#primaryimage"},"thumbnailUrl":"https:\/\/www.csl-group.com\/de\/wp-content\/uploads\/sites\/6\/2025\/02\/pstn-main-01-2048x700.jpg.webp","datePublished":"2025-02-07T14:27:41+00:00","dateModified":"2026-01-28T13:38:50+00:00","description":"Leitfaden zur PSTN-Abschaltung: wichtige Termine, Auswirkungen auf den Betrieb und wie Sie Ihre Systeme rechtzeitig von analog auf digital umstellen.","breadcrumb":{"@id":"https:\/\/www.csl-group.com\/de\/ressourcen\/pstn-abschaltung\/#breadcrumb"},"inLanguage":"en-US","potentialAction":[{"@type":"ReadAction","target":["https:\/\/www.csl-group.com\/de\/ressourcen\/pstn-abschaltung\/"]}]},{"@type":"ImageObject","inLanguage":"en-US","@id":"https:\/\/www.csl-group.com\/de\/ressourcen\/pstn-abschaltung\/#primaryimage","url":"https:\/\/www.csl-group.com\/de\/wp-content\/uploads\/sites\/6\/2025\/02\/pstn-main-01-2048x700.jpg.webp","contentUrl":"https:\/\/www.csl-group.com\/de\/wp-content\/uploads\/sites\/6\/2025\/02\/pstn-main-01-2048x700.jpg.webp","width":2048,"height":700,"caption":"PSTN Switch-Off image"},{"@type":"BreadcrumbList","@id":"https:\/\/www.csl-group.com\/de\/ressourcen\/pstn-abschaltung\/#breadcrumb","itemListElement":[{"@type":"ListItem","position":1,"name":"Home","item":"https:\/\/www.csl-group.com\/de\/"},{"@type":"ListItem","position":2,"name":"Ressourcen","item":"https:\/\/www.csl-group.com\/de\/ressourcen\/"},{"@type":"ListItem","position":3,"name":"PSTN-Abschaltung"}]},{"@type":"WebSite","@id":"https:\/\/www.csl-group.com\/de\/#website","url":"https:\/\/www.csl-group.com\/de\/","name":"CSL","description":"","potentialAction":[{"@type":"SearchAction","target":{"@type":"EntryPoint","urlTemplate":"https:\/\/www.csl-group.com\/de\/?s={search_term_string}"},"query-input":{"@type":"PropertyValueSpecification","valueRequired":true,"valueName":"search_term_string"}}],"inLanguage":"en-US"}]}},"_links":{"self":[{"href":"https:\/\/www.csl-group.com\/de\/wp-json\/wp\/v2\/pages\/1734","targetHints":{"allow":["GET"]}}],"collection":[{"href":"https:\/\/www.csl-group.com\/de\/wp-json\/wp\/v2\/pages"}],"about":[{"href":"https:\/\/www.csl-group.com\/de\/wp-json\/wp\/v2\/types\/page"}],"author":[{"embeddable":true,"href":"https:\/\/www.csl-group.com\/de\/wp-json\/wp\/v2\/users\/1"}],"replies":[{"embeddable":true,"href":"https:\/\/www.csl-group.com\/de\/wp-json\/wp\/v2\/comments?post=1734"}],"version-history":[{"count":2,"href":"https:\/\/www.csl-group.com\/de\/wp-json\/wp\/v2\/pages\/1734\/revisions"}],"predecessor-version":[{"id":7240,"href":"https:\/\/www.csl-group.com\/de\/wp-json\/wp\/v2\/pages\/1734\/revisions\/7240"}],"up":[{"embeddable":true,"href":"https:\/\/www.csl-group.com\/de\/wp-json\/wp\/v2\/pages\/1619"}],"wp:featuredmedia":[{"embeddable":true,"href":"https:\/\/www.csl-group.com\/de\/wp-json\/wp\/v2\/media\/3342"}],"wp:attachment":[{"href":"https:\/\/www.csl-group.com\/de\/wp-json\/wp\/v2\/media?parent=1734"}],"curies":[{"name":"wp","href":"https:\/\/api.w.org\/{rel}","templated":true}]}}