{"id":1373,"date":"2025-01-23T15:43:32","date_gmt":"2025-01-23T15:43:32","guid":{"rendered":"https:\/\/www.csl-group.com\/de\/?page_id=1373"},"modified":"2025-11-20T12:59:55","modified_gmt":"2025-11-20T12:59:55","slug":"nachrichten","status":"publish","type":"page","link":"https:\/\/www.csl-group.com\/de\/nachrichten\/","title":{"rendered":"Nachrichten"},"content":{"rendered":"\r\n<section class=\"post-grid pt-0\">\r\n  <div class=\"container--large\">\r\n    <!-- Section Title -->\r\n    <div class=\"post-grid__title\">\r\n      <h1 class=\"heading h2\">News<\/h1>\r\n    <\/div>\r\n\r\n    \r\n    <!-- Posts Grid -->\r\n    <div class=\"pg-card__grid\" data-post-type=\"news\">\r\n                        \r\n<div class=\"pg-card__item\" data-aos=\"fade-up\">\n  <a href=\"https:\/\/www.csl-group.com\/de\/nachrichten\/csl-und-vodafone-business-als-iot-alliance-of-the-year-2026-ausgezeichnet\/\">\n    <div class=\"pg-card__image\">\n                    <span class=\"pg-card__featured\">Empfohlen<\/span>\n                            <img decoding=\"async\" width=\"996\" height=\"972\" src=\"https:\/\/www.csl-group.com\/de\/wp-content\/uploads\/sites\/6\/2026\/01\/IoT-Breakthrough-Award-2026-Preview.png\" class=\"pg-card__image-img\" alt=\"CSL und Vodafone Business als IoT Alliance of the Year 2026 ausgezeichnet\" title=\"CSL und Vodafone Business als IoT Alliance of the Year 2026 ausgezeichnet\" srcset=\"https:\/\/www.csl-group.com\/de\/wp-content\/uploads\/sites\/6\/2026\/01\/IoT-Breakthrough-Award-2026-Preview.png 996w, https:\/\/www.csl-group.com\/de\/wp-content\/uploads\/sites\/6\/2026\/01\/IoT-Breakthrough-Award-2026-Preview-300x293.png 300w, https:\/\/www.csl-group.com\/de\/wp-content\/uploads\/sites\/6\/2026\/01\/IoT-Breakthrough-Award-2026-Preview-768x749.png 768w\" sizes=\"auto, (max-width: 996px) 100vw, 996px\" loading=\"lazy\" \/>            <\/div>\r\n    <div class=\"pg-card__text\">\r\n        <div class=\"pg-card__top\">\r\n                        <h3 class=\"h4\">CSL und Vodafone Business als IoT Alliance of the Year 2026 ausgezeichnet<\/h3>\r\n            <div class=\"pg-card__excerpt\">\r\n                <div class=\"pg-card__excerpt-inner\">\r\n                    <p>Wir freuen uns, bekannt zu geben, dass CSL und Vodafone Business bei den IoT Breakthrough Awards 2026 als IoT Alliance of the Year ausgezeichnet wurden. Damit wird eine herausragende Partnerschaft gew\u00fcrdigt, die auf gro\u00dfer Skala greifbare Auswirkungen in der Praxis erzielt.<\/p>\r\n                <\/div>\r\n            <\/div>\r\n        <\/div>\r\n        <div class=\"pg-card__bottom\">\r\n                            <span>09\/01\/26<\/span>\r\n                        <svg xmlns=\"http:\/\/www.w3.org\/2000\/svg\" width=\"28.731\" height=\"28.731\" viewBox=\"0 0 28.731 28.731\" fill=\"currentColor\">\r\n  <g id=\"Group_38238\" data-name=\"Group 38238\" transform=\"translate(-1104.954 -237.965) rotate(-45)\">\r\n    <line id=\"Line_17\" data-name=\"Line 17\" x2=\"21.887\" transform=\"translate(596.841 969.903)\" fill=\"none\" stroke=\"currentColor\" stroke-linecap=\"round\" stroke-width=\"3\"\/>\r\n    <line id=\"Line_18\" data-name=\"Line 18\" x2=\"11.348\" y2=\"10.403\" transform=\"translate(607.379 959.5)\" fill=\"none\" stroke=\"currentColor\" stroke-linecap=\"round\" stroke-width=\"3\"\/>\r\n    <line id=\"Line_19\" data-name=\"Line 19\" y1=\"10.403\" x2=\"11.348\" transform=\"translate(607.379 969.903)\" fill=\"none\" stroke=\"currentColor\" stroke-linecap=\"round\" stroke-width=\"3\"\/>\r\n  <\/g>\r\n<\/svg>        <\/div>\r\n    <\/div>\r\n  <\/a>\r\n<\/div>\n                  \r\n<div class=\"pg-card__item\" data-aos=\"fade-up\">\n  <a href=\"https:\/\/www.csl-group.com\/de\/nachrichten\/csl-gewinnt-den-gold-supplier-award-2025-johnson-controls-emea-supplier-conference\/\">\n    <div class=\"pg-card__image\">\n                    <span class=\"pg-card__featured\">Empfohlen<\/span>\n                            <img decoding=\"async\" width=\"996\" height=\"972\" src=\"https:\/\/www.csl-group.com\/de\/wp-content\/uploads\/sites\/6\/2024\/11\/Preview-Johnson-Controls-x-CSL-Group.png.webp\" class=\"pg-card__image-img\" alt=\"CSL gewinnt Platin-Auszeichnung f\u00fcr hervorragende Leistung bei der Johnson Controls EMEA-Lieferantenkonferenz 2025\" title=\"CSL gewinnt Platin-Auszeichnung f\u00fcr hervorragende Leistung bei der Johnson Controls EMEA-Lieferantenkonferenz 2025\" srcset=\"https:\/\/www.csl-group.com\/de\/wp-content\/uploads\/sites\/6\/2024\/11\/Preview-Johnson-Controls-x-CSL-Group.png.webp 996w, https:\/\/www.csl-group.com\/de\/wp-content\/uploads\/sites\/6\/2024\/11\/Preview-Johnson-Controls-x-CSL-Group-300x293.png.webp 300w, https:\/\/www.csl-group.com\/de\/wp-content\/uploads\/sites\/6\/2024\/11\/Preview-Johnson-Controls-x-CSL-Group-768x749.png.webp 768w\" sizes=\"auto, (max-width: 996px) 100vw, 996px\" loading=\"lazy\" \/>            <\/div>\r\n    <div class=\"pg-card__text\">\r\n        <div class=\"pg-card__top\">\r\n                        <h3 class=\"h4\">CSL gewinnt Platin-Auszeichnung f\u00fcr hervorragende Leistung bei der Johnson Controls EMEA-Lieferantenkonferenz 2025<\/h3>\r\n            <div class=\"pg-card__excerpt\">\r\n                <div class=\"pg-card__excerpt-inner\">\r\n                    <p>CSL gewinnt den Platinum Execution Award auf der Johnson Controls 2025 EMEA Supplier Conference.<\/p>\r\n                <\/div>\r\n            <\/div>\r\n        <\/div>\r\n        <div class=\"pg-card__bottom\">\r\n                            <span>01\/12\/25<\/span>\r\n                        <svg xmlns=\"http:\/\/www.w3.org\/2000\/svg\" width=\"28.731\" height=\"28.731\" viewBox=\"0 0 28.731 28.731\" fill=\"currentColor\">\r\n  <g id=\"Group_38238\" data-name=\"Group 38238\" transform=\"translate(-1104.954 -237.965) rotate(-45)\">\r\n    <line id=\"Line_17\" data-name=\"Line 17\" x2=\"21.887\" transform=\"translate(596.841 969.903)\" fill=\"none\" stroke=\"currentColor\" stroke-linecap=\"round\" stroke-width=\"3\"\/>\r\n    <line id=\"Line_18\" data-name=\"Line 18\" x2=\"11.348\" y2=\"10.403\" transform=\"translate(607.379 959.5)\" fill=\"none\" stroke=\"currentColor\" stroke-linecap=\"round\" stroke-width=\"3\"\/>\r\n    <line id=\"Line_19\" data-name=\"Line 19\" y1=\"10.403\" x2=\"11.348\" transform=\"translate(607.379 969.903)\" fill=\"none\" stroke=\"currentColor\" stroke-linecap=\"round\" stroke-width=\"3\"\/>\r\n  <\/g>\r\n<\/svg>        <\/div>\r\n    <\/div>\r\n  <\/a>\r\n<\/div>\n                  \r\n<div class=\"pg-card__item\" data-aos=\"fade-up\">\n  <a href=\"https:\/\/www.csl-group.com\/de\/nachrichten\/vigi-von-tp-link-ist-jetzt-offiziell-rsim-zertifiziert\/\">\n    <div class=\"pg-card__image\">\n                            <img decoding=\"async\" width=\"996\" height=\"972\" src=\"https:\/\/www.csl-group.com\/de\/wp-content\/uploads\/sites\/6\/2025\/11\/Vigi-tp-link-and-CSL-Partnership.png\" class=\"pg-card__image-img\" alt=\"ViGi von TP-Link ist jetzt offiziell rSIM\u00ae-zertifiziert\" title=\"ViGi von TP-Link ist jetzt offiziell rSIM\u00ae-zertifiziert\" srcset=\"https:\/\/www.csl-group.com\/de\/wp-content\/uploads\/sites\/6\/2025\/11\/Vigi-tp-link-and-CSL-Partnership.png 996w, https:\/\/www.csl-group.com\/de\/wp-content\/uploads\/sites\/6\/2025\/11\/Vigi-tp-link-and-CSL-Partnership-300x293.png 300w, https:\/\/www.csl-group.com\/de\/wp-content\/uploads\/sites\/6\/2025\/11\/Vigi-tp-link-and-CSL-Partnership-768x749.png 768w\" sizes=\"auto, (max-width: 996px) 100vw, 996px\" loading=\"lazy\" \/>            <\/div>\r\n    <div class=\"pg-card__text\">\r\n        <div class=\"pg-card__top\">\r\n                        <h3 class=\"h4\">ViGi von TP-Link ist jetzt offiziell rSIM\u00ae-zertifiziert<\/h3>\r\n            <div class=\"pg-card__excerpt\">\r\n                <div class=\"pg-card__excerpt-inner\">\r\n                    <p>Wir freuen uns, bekannt geben zu d\u00fcrfen, dass VIGI, die professionelle Sicherheitskameramarke von TP-Link, offiziell die rSIM\u00ae-Zertifizierung erhalten hat. In Zusammenarbeit mit CSL unterstreicht diese Anerkennung die Zuverl\u00e4ssigkeit und Sicherheit ihrer L\u00f6sungen und best\u00e4tigt unser gemeinsames Engagement f\u00fcr Innovation und Qualit\u00e4t.<\/p>\r\n                <\/div>\r\n            <\/div>\r\n        <\/div>\r\n        <div class=\"pg-card__bottom\">\r\n                            <span>01\/12\/25<\/span>\r\n                        <svg xmlns=\"http:\/\/www.w3.org\/2000\/svg\" width=\"28.731\" height=\"28.731\" viewBox=\"0 0 28.731 28.731\" fill=\"currentColor\">\r\n  <g id=\"Group_38238\" data-name=\"Group 38238\" transform=\"translate(-1104.954 -237.965) rotate(-45)\">\r\n    <line id=\"Line_17\" data-name=\"Line 17\" x2=\"21.887\" transform=\"translate(596.841 969.903)\" fill=\"none\" stroke=\"currentColor\" stroke-linecap=\"round\" stroke-width=\"3\"\/>\r\n    <line id=\"Line_18\" data-name=\"Line 18\" x2=\"11.348\" y2=\"10.403\" transform=\"translate(607.379 959.5)\" fill=\"none\" stroke=\"currentColor\" stroke-linecap=\"round\" stroke-width=\"3\"\/>\r\n    <line id=\"Line_19\" data-name=\"Line 19\" y1=\"10.403\" x2=\"11.348\" transform=\"translate(607.379 969.903)\" fill=\"none\" stroke=\"currentColor\" stroke-linecap=\"round\" stroke-width=\"3\"\/>\r\n  <\/g>\r\n<\/svg>        <\/div>\r\n    <\/div>\r\n  <\/a>\r\n<\/div>\n                  \r\n<div class=\"pg-card__item\" data-aos=\"fade-up\">\n  <a href=\"https:\/\/www.csl-group.com\/de\/nachrichten\/csl-wird-offizieller-technologie-integrationspartner-von-axis-communications\/\">\n    <div class=\"pg-card__image\">\n                            <img decoding=\"async\" width=\"996\" height=\"972\" src=\"https:\/\/www.csl-group.com\/de\/wp-content\/uploads\/sites\/6\/2025\/09\/Axis-x-CSL-News-Preview-blue.png.webp\" class=\"pg-card__image-img\" alt=\"CSL wird offizieller Technologie-Integrationspartner von Axis Communications\" title=\"CSL wird offizieller Technologie-Integrationspartner von Axis Communications\" srcset=\"https:\/\/www.csl-group.com\/de\/wp-content\/uploads\/sites\/6\/2025\/09\/Axis-x-CSL-News-Preview-blue.png.webp 996w, https:\/\/www.csl-group.com\/de\/wp-content\/uploads\/sites\/6\/2025\/09\/Axis-x-CSL-News-Preview-blue-300x293.png.webp 300w, https:\/\/www.csl-group.com\/de\/wp-content\/uploads\/sites\/6\/2025\/09\/Axis-x-CSL-News-Preview-blue-768x749.png.webp 768w\" sizes=\"auto, (max-width: 996px) 100vw, 996px\" loading=\"lazy\" \/>            <\/div>\r\n    <div class=\"pg-card__text\">\r\n        <div class=\"pg-card__top\">\r\n                        <h3 class=\"h4\">CSL wird offizieller Technologie-Integrationspartner von Axis Communications<\/h3>\r\n            <div class=\"pg-card__excerpt\">\r\n                <div class=\"pg-card__excerpt-inner\">\r\n                    <p>Wir freuen uns, bekannt geben zu d\u00fcrfen, dass CSL nun Technologie-Integrationspartner von Axis Communications ist. Diese Partnerschaft vereint das Know-how von CSL im Bereich kritischer Konnektivit\u00e4t mit den branchenf\u00fchrenden Netzwerkvideo-, Audio- und Zugangskontrolltechnologien von Axis.<\/p>\r\n                <\/div>\r\n            <\/div>\r\n        <\/div>\r\n        <div class=\"pg-card__bottom\">\r\n                            <span>30\/09\/25<\/span>\r\n                        <svg xmlns=\"http:\/\/www.w3.org\/2000\/svg\" width=\"28.731\" height=\"28.731\" viewBox=\"0 0 28.731 28.731\" fill=\"currentColor\">\r\n  <g id=\"Group_38238\" data-name=\"Group 38238\" transform=\"translate(-1104.954 -237.965) rotate(-45)\">\r\n    <line id=\"Line_17\" data-name=\"Line 17\" x2=\"21.887\" transform=\"translate(596.841 969.903)\" fill=\"none\" stroke=\"currentColor\" stroke-linecap=\"round\" stroke-width=\"3\"\/>\r\n    <line id=\"Line_18\" data-name=\"Line 18\" x2=\"11.348\" y2=\"10.403\" transform=\"translate(607.379 959.5)\" fill=\"none\" stroke=\"currentColor\" stroke-linecap=\"round\" stroke-width=\"3\"\/>\r\n    <line id=\"Line_19\" data-name=\"Line 19\" y1=\"10.403\" x2=\"11.348\" transform=\"translate(607.379 969.903)\" fill=\"none\" stroke=\"currentColor\" stroke-linecap=\"round\" stroke-width=\"3\"\/>\r\n  <\/g>\r\n<\/svg>        <\/div>\r\n    <\/div>\r\n  <\/a>\r\n<\/div>\n                  \r\n<div class=\"pg-card__item\" data-aos=\"fade-up\">\n  <a href=\"https:\/\/www.csl-group.com\/de\/nachrichten\/csl-erneut-als-zertifizierte-firma-zertifiziert\/\">\n    <div class=\"pg-card__image\">\n                            <img decoding=\"async\" width=\"996\" height=\"972\" src=\"https:\/\/www.csl-group.com\/de\/wp-content\/uploads\/sites\/6\/2025\/07\/Insights-Preview-\u2013-CSL-Certified-as-a-Great-Place-To-Work\u00ae-for-Another-Year.png.webp\" class=\"pg-card__image-img\" alt=\"CSL erneut als zertifizierte Firma zertifiziert\" title=\"CSL erneut als zertifizierte Firma zertifiziert\" srcset=\"https:\/\/www.csl-group.com\/de\/wp-content\/uploads\/sites\/6\/2025\/07\/Insights-Preview-\u2013-CSL-Certified-as-a-Great-Place-To-Work\u00ae-for-Another-Year.png.webp 996w, https:\/\/www.csl-group.com\/de\/wp-content\/uploads\/sites\/6\/2025\/07\/Insights-Preview-\u2013-CSL-Certified-as-a-Great-Place-To-Work\u00ae-for-Another-Year-300x293.png.webp 300w, https:\/\/www.csl-group.com\/de\/wp-content\/uploads\/sites\/6\/2025\/07\/Insights-Preview-\u2013-CSL-Certified-as-a-Great-Place-To-Work\u00ae-for-Another-Year-768x749.png.webp 768w\" sizes=\"auto, (max-width: 996px) 100vw, 996px\" loading=\"lazy\" \/>            <\/div>\r\n    <div class=\"pg-card__text\">\r\n        <div class=\"pg-card__top\">\r\n                        <h3 class=\"h4\">CSL erneut als zertifizierte Firma zertifiziert<\/h3>\r\n            <div class=\"pg-card__excerpt\">\r\n                <div class=\"pg-card__excerpt-inner\">\r\n                    <p>Wir sind stolz bekanntzugeben, dass CSL erneut als Great Place To Work\u00ae Certified f\u00fcr 2025 ausgezeichnet wurde. Diese Auszeichnung basiert auf dem Feedback unserer Mitarbeitenden und unterstreicht unser fortlaufendes Engagement, einen au\u00dfergew\u00f6hnlichen Arbeitsplatz zu schaffen, an dem alle erfolgreich sein k\u00f6nnen.<\/p>\r\n                <\/div>\r\n            <\/div>\r\n        <\/div>\r\n        <div class=\"pg-card__bottom\">\r\n                            <span>31\/07\/25<\/span>\r\n                        <svg xmlns=\"http:\/\/www.w3.org\/2000\/svg\" width=\"28.731\" height=\"28.731\" viewBox=\"0 0 28.731 28.731\" fill=\"currentColor\">\r\n  <g id=\"Group_38238\" data-name=\"Group 38238\" transform=\"translate(-1104.954 -237.965) rotate(-45)\">\r\n    <line id=\"Line_17\" data-name=\"Line 17\" x2=\"21.887\" transform=\"translate(596.841 969.903)\" fill=\"none\" stroke=\"currentColor\" stroke-linecap=\"round\" stroke-width=\"3\"\/>\r\n    <line id=\"Line_18\" data-name=\"Line 18\" x2=\"11.348\" y2=\"10.403\" transform=\"translate(607.379 959.5)\" fill=\"none\" stroke=\"currentColor\" stroke-linecap=\"round\" stroke-width=\"3\"\/>\r\n    <line id=\"Line_19\" data-name=\"Line 19\" y1=\"10.403\" x2=\"11.348\" transform=\"translate(607.379 969.903)\" fill=\"none\" stroke=\"currentColor\" stroke-linecap=\"round\" stroke-width=\"3\"\/>\r\n  <\/g>\r\n<\/svg>        <\/div>\r\n    <\/div>\r\n  <\/a>\r\n<\/div>\n                  \r\n<div class=\"pg-card__item\" data-aos=\"fade-up\">\n  <a href=\"https:\/\/www.csl-group.com\/de\/nachrichten\/legrand-care-csl-erweitern-ihre-partnerschaft-mit-der-einfuhrung-der-rsim-technologie\/\">\n    <div class=\"pg-card__image\">\n                            <img decoding=\"async\" width=\"996\" height=\"972\" src=\"https:\/\/www.csl-group.com\/de\/wp-content\/uploads\/sites\/6\/2025\/07\/Legrand-and-CSL-Partnership-with-Logo.png.webp\" class=\"pg-card__image-img\" alt=\"Legrand Care &amp; CSL erweitern ihre Partnerschaft mit der Einf\u00fchrung der rSIM\u00ae-Technologie\" title=\"Legrand Care &amp; CSL erweitern ihre Partnerschaft mit der Einf\u00fchrung der rSIM\u00ae-Technologie\" srcset=\"https:\/\/www.csl-group.com\/de\/wp-content\/uploads\/sites\/6\/2025\/07\/Legrand-and-CSL-Partnership-with-Logo.png.webp 996w, https:\/\/www.csl-group.com\/de\/wp-content\/uploads\/sites\/6\/2025\/07\/Legrand-and-CSL-Partnership-with-Logo-300x293.png.webp 300w, https:\/\/www.csl-group.com\/de\/wp-content\/uploads\/sites\/6\/2025\/07\/Legrand-and-CSL-Partnership-with-Logo-768x749.png.webp 768w\" sizes=\"auto, (max-width: 996px) 100vw, 996px\" loading=\"lazy\" \/>            <\/div>\r\n    <div class=\"pg-card__text\">\r\n        <div class=\"pg-card__top\">\r\n                        <h3 class=\"h4\">Legrand Care &amp; CSL erweitern ihre Partnerschaft mit der Einf\u00fchrung der rSIM\u00ae-Technologie<\/h3>\r\n            <div class=\"pg-card__excerpt\">\r\n                <div class=\"pg-card__excerpt-inner\">\r\n                    <p>We are delighted to announce the extension of our strategic partnership with specialists in connected solutions for the health and social care sectors, Legrand Care. <\/p>\r\n                <\/div>\r\n            <\/div>\r\n        <\/div>\r\n        <div class=\"pg-card__bottom\">\r\n                            <span>22\/07\/25<\/span>\r\n                        <svg xmlns=\"http:\/\/www.w3.org\/2000\/svg\" width=\"28.731\" height=\"28.731\" viewBox=\"0 0 28.731 28.731\" fill=\"currentColor\">\r\n  <g id=\"Group_38238\" data-name=\"Group 38238\" transform=\"translate(-1104.954 -237.965) rotate(-45)\">\r\n    <line id=\"Line_17\" data-name=\"Line 17\" x2=\"21.887\" transform=\"translate(596.841 969.903)\" fill=\"none\" stroke=\"currentColor\" stroke-linecap=\"round\" stroke-width=\"3\"\/>\r\n    <line id=\"Line_18\" data-name=\"Line 18\" x2=\"11.348\" y2=\"10.403\" transform=\"translate(607.379 959.5)\" fill=\"none\" stroke=\"currentColor\" stroke-linecap=\"round\" stroke-width=\"3\"\/>\r\n    <line id=\"Line_19\" data-name=\"Line 19\" y1=\"10.403\" x2=\"11.348\" transform=\"translate(607.379 969.903)\" fill=\"none\" stroke=\"currentColor\" stroke-linecap=\"round\" stroke-width=\"3\"\/>\r\n  <\/g>\r\n<\/svg>        <\/div>\r\n    <\/div>\r\n  <\/a>\r\n<\/div>\n                  \r\n<div class=\"pg-card__item\" data-aos=\"fade-up\">\n  <a href=\"https:\/\/www.csl-group.com\/de\/nachrichten\/csl-erweitert-sein-portfolio-im-bereich-satellitenkonnektivitat\/\">\n    <div class=\"pg-card__image\">\n                            <img decoding=\"async\" width=\"1024\" height=\"726\" src=\"https:\/\/www.csl-group.com\/de\/wp-content\/uploads\/sites\/6\/2025\/06\/Sat-CSL-V4-1024x726.jpg.webp\" class=\"pg-card__image-img\" alt=\"CSL erweitert sein Portfolio im Bereich Satellitenkonnektivit\u00e4t\" title=\"CSL erweitert sein Portfolio im Bereich Satellitenkonnektivit\u00e4t\" srcset=\"https:\/\/www.csl-group.com\/de\/wp-content\/uploads\/sites\/6\/2025\/06\/Sat-CSL-V4-1024x726.jpg.webp 1024w, https:\/\/www.csl-group.com\/de\/wp-content\/uploads\/sites\/6\/2025\/06\/Sat-CSL-V4-300x213.jpg.webp 300w, https:\/\/www.csl-group.com\/de\/wp-content\/uploads\/sites\/6\/2025\/06\/Sat-CSL-V4-768x545.jpg.webp 768w, https:\/\/www.csl-group.com\/de\/wp-content\/uploads\/sites\/6\/2025\/06\/Sat-CSL-V4-1536x1090.jpg.webp 1536w, https:\/\/www.csl-group.com\/de\/wp-content\/uploads\/sites\/6\/2025\/06\/Sat-CSL-V4.jpg.webp 1748w\" sizes=\"auto, (max-width: 1024px) 100vw, 1024px\" loading=\"lazy\" \/>            <\/div>\r\n    <div class=\"pg-card__text\">\r\n        <div class=\"pg-card__top\">\r\n                        <h3 class=\"h4\">CSL erweitert sein Portfolio im Bereich Satellitenkonnektivit\u00e4t<\/h3>\r\n            <div class=\"pg-card__excerpt\">\r\n                <div class=\"pg-card__excerpt-inner\">\r\n                    <p>CSL hat sein Portfolio im Bereich Satellitenkonnektivit\u00e4t erweitert und bietet Kunden und Partnern nun noch mehr Flexibilit\u00e4t, Leistung und Abdeckung f\u00fcr kritische Konnektivit\u00e4tsanforderungen.<\/p>\r\n                <\/div>\r\n            <\/div>\r\n        <\/div>\r\n        <div class=\"pg-card__bottom\">\r\n                            <span>23\/06\/25<\/span>\r\n                        <svg xmlns=\"http:\/\/www.w3.org\/2000\/svg\" width=\"28.731\" height=\"28.731\" viewBox=\"0 0 28.731 28.731\" fill=\"currentColor\">\r\n  <g id=\"Group_38238\" data-name=\"Group 38238\" transform=\"translate(-1104.954 -237.965) rotate(-45)\">\r\n    <line id=\"Line_17\" data-name=\"Line 17\" x2=\"21.887\" transform=\"translate(596.841 969.903)\" fill=\"none\" stroke=\"currentColor\" stroke-linecap=\"round\" stroke-width=\"3\"\/>\r\n    <line id=\"Line_18\" data-name=\"Line 18\" x2=\"11.348\" y2=\"10.403\" transform=\"translate(607.379 959.5)\" fill=\"none\" stroke=\"currentColor\" stroke-linecap=\"round\" stroke-width=\"3\"\/>\r\n    <line id=\"Line_19\" data-name=\"Line 19\" y1=\"10.403\" x2=\"11.348\" transform=\"translate(607.379 969.903)\" fill=\"none\" stroke=\"currentColor\" stroke-linecap=\"round\" stroke-width=\"3\"\/>\r\n  <\/g>\r\n<\/svg>        <\/div>\r\n    <\/div>\r\n  <\/a>\r\n<\/div>\n                  <\/div>\r\n\r\n    <!-- Load More Button -->\r\n          <div class=\"pg-loading\" data-offset=\"7\">\r\n        <a href=\"#\" class=\"button pg-load-more\"  role=\"button\" aria-label=\"Mehr laden\">Mehr laden<\/a>      <\/div>\r\n    \r\n  <\/div>\r\n<\/section>\r\n\r\n","protected":false},"excerpt":{"rendered":"","protected":false},"author":1,"featured_media":0,"parent":0,"menu_order":0,"comment_status":"closed","ping_status":"closed","template":"","meta":{"_acf_changed":false,"footnotes":""},"class_list":["post-1373","page","type-page","status-publish","hentry"],"acf":[],"yoast_head":"<!-- This site is optimized with the Yoast SEO Premium plugin v27.1 (Yoast SEO v27.1.1) - https:\/\/yoast.com\/product\/yoast-seo-premium-wordpress\/ -->\n<title>Nachrichten - CSL DE<\/title>\n<meta name=\"description\" content=\"CSL is a leading provider of IoT connectivity solutions. Please click here to see our latest news stories.\" \/>\n<meta name=\"robots\" content=\"index, follow, max-snippet:-1, max-image-preview:large, max-video-preview:-1\" \/>\n<link rel=\"canonical\" href=\"https:\/\/www.csl-group.com\/de\/nachrichten\/\" \/>\n<meta property=\"og:locale\" content=\"en_US\" \/>\n<meta property=\"og:type\" content=\"article\" \/>\n<meta property=\"og:title\" content=\"Nachrichten\" \/>\n<meta property=\"og:description\" content=\"CSL is a leading provider of IoT connectivity solutions. Please click here to see our latest news stories.\" \/>\n<meta property=\"og:url\" content=\"https:\/\/www.csl-group.com\/de\/nachrichten\/\" \/>\n<meta property=\"og:site_name\" content=\"CSL DE\" \/>\n<meta property=\"article:modified_time\" content=\"2025-11-20T12:59:55+00:00\" \/>\n<meta name=\"twitter:card\" content=\"summary_large_image\" \/>\n<meta name=\"twitter:label1\" content=\"Est. reading time\" \/>\n\t<meta name=\"twitter:data1\" content=\"1 minute\" \/>\n<script type=\"application\/ld+json\" class=\"yoast-schema-graph\">{\"@context\":\"https:\/\/schema.org\",\"@graph\":[{\"@type\":\"WebPage\",\"@id\":\"https:\/\/www.csl-group.com\/de\/nachrichten\/\",\"url\":\"https:\/\/www.csl-group.com\/de\/nachrichten\/\",\"name\":\"Nachrichten - CSL DE\",\"isPartOf\":{\"@id\":\"https:\/\/www.csl-group.com\/de\/#website\"},\"datePublished\":\"2025-01-23T15:43:32+00:00\",\"dateModified\":\"2025-11-20T12:59:55+00:00\",\"description\":\"CSL is a leading provider of IoT connectivity solutions. Please click here to see our latest news stories.\",\"breadcrumb\":{\"@id\":\"https:\/\/www.csl-group.com\/de\/nachrichten\/#breadcrumb\"},\"inLanguage\":\"en-US\",\"potentialAction\":[{\"@type\":\"ReadAction\",\"target\":[\"https:\/\/www.csl-group.com\/de\/nachrichten\/\"]}]},{\"@type\":\"BreadcrumbList\",\"@id\":\"https:\/\/www.csl-group.com\/de\/nachrichten\/#breadcrumb\",\"itemListElement\":[{\"@type\":\"ListItem\",\"position\":1,\"name\":\"Home\",\"item\":\"https:\/\/www.csl-group.com\/de\/\"},{\"@type\":\"ListItem\",\"position\":2,\"name\":\"Nachrichten\"}]},{\"@type\":\"WebSite\",\"@id\":\"https:\/\/www.csl-group.com\/de\/#website\",\"url\":\"https:\/\/www.csl-group.com\/de\/\",\"name\":\"CSL\",\"description\":\"\",\"potentialAction\":[{\"@type\":\"SearchAction\",\"target\":{\"@type\":\"EntryPoint\",\"urlTemplate\":\"https:\/\/www.csl-group.com\/de\/?s={search_term_string}\"},\"query-input\":{\"@type\":\"PropertyValueSpecification\",\"valueRequired\":true,\"valueName\":\"search_term_string\"}}],\"inLanguage\":\"en-US\"}]}<\/script>\n<!-- \/ Yoast SEO Premium plugin. -->","yoast_head_json":{"title":"Nachrichten - CSL DE","description":"CSL is a leading provider of IoT connectivity solutions. Please click here to see our latest news stories.","robots":{"index":"index","follow":"follow","max-snippet":"max-snippet:-1","max-image-preview":"max-image-preview:large","max-video-preview":"max-video-preview:-1"},"canonical":"https:\/\/www.csl-group.com\/de\/nachrichten\/","og_locale":"en_US","og_type":"article","og_title":"Nachrichten","og_description":"CSL is a leading provider of IoT connectivity solutions. Please click here to see our latest news stories.","og_url":"https:\/\/www.csl-group.com\/de\/nachrichten\/","og_site_name":"CSL DE","article_modified_time":"2025-11-20T12:59:55+00:00","twitter_card":"summary_large_image","twitter_misc":{"Est. reading time":"1 minute"},"schema":{"@context":"https:\/\/schema.org","@graph":[{"@type":"WebPage","@id":"https:\/\/www.csl-group.com\/de\/nachrichten\/","url":"https:\/\/www.csl-group.com\/de\/nachrichten\/","name":"Nachrichten - CSL DE","isPartOf":{"@id":"https:\/\/www.csl-group.com\/de\/#website"},"datePublished":"2025-01-23T15:43:32+00:00","dateModified":"2025-11-20T12:59:55+00:00","description":"CSL is a leading provider of IoT connectivity solutions. Please click here to see our latest news stories.","breadcrumb":{"@id":"https:\/\/www.csl-group.com\/de\/nachrichten\/#breadcrumb"},"inLanguage":"en-US","potentialAction":[{"@type":"ReadAction","target":["https:\/\/www.csl-group.com\/de\/nachrichten\/"]}]},{"@type":"BreadcrumbList","@id":"https:\/\/www.csl-group.com\/de\/nachrichten\/#breadcrumb","itemListElement":[{"@type":"ListItem","position":1,"name":"Home","item":"https:\/\/www.csl-group.com\/de\/"},{"@type":"ListItem","position":2,"name":"Nachrichten"}]},{"@type":"WebSite","@id":"https:\/\/www.csl-group.com\/de\/#website","url":"https:\/\/www.csl-group.com\/de\/","name":"CSL","description":"","potentialAction":[{"@type":"SearchAction","target":{"@type":"EntryPoint","urlTemplate":"https:\/\/www.csl-group.com\/de\/?s={search_term_string}"},"query-input":{"@type":"PropertyValueSpecification","valueRequired":true,"valueName":"search_term_string"}}],"inLanguage":"en-US"}]}},"_links":{"self":[{"href":"https:\/\/www.csl-group.com\/de\/wp-json\/wp\/v2\/pages\/1373","targetHints":{"allow":["GET"]}}],"collection":[{"href":"https:\/\/www.csl-group.com\/de\/wp-json\/wp\/v2\/pages"}],"about":[{"href":"https:\/\/www.csl-group.com\/de\/wp-json\/wp\/v2\/types\/page"}],"author":[{"embeddable":true,"href":"https:\/\/www.csl-group.com\/de\/wp-json\/wp\/v2\/users\/1"}],"replies":[{"embeddable":true,"href":"https:\/\/www.csl-group.com\/de\/wp-json\/wp\/v2\/comments?post=1373"}],"version-history":[{"count":1,"href":"https:\/\/www.csl-group.com\/de\/wp-json\/wp\/v2\/pages\/1373\/revisions"}],"predecessor-version":[{"id":6988,"href":"https:\/\/www.csl-group.com\/de\/wp-json\/wp\/v2\/pages\/1373\/revisions\/6988"}],"wp:attachment":[{"href":"https:\/\/www.csl-group.com\/de\/wp-json\/wp\/v2\/media?parent=1373"}],"curies":[{"name":"wp","href":"https:\/\/api.w.org\/{rel}","templated":true}]}}