{"id":1108,"date":"2025-01-17T10:04:52","date_gmt":"2025-01-17T10:04:52","guid":{"rendered":"https:\/\/www.csl-group.com\/de\/?page_id=1108"},"modified":"2026-04-13T13:18:47","modified_gmt":"2026-04-13T13:18:47","slug":"das-team","status":"publish","type":"page","link":"https:\/\/www.csl-group.com\/de\/das-team\/","title":{"rendered":"Das Team"},"content":{"rendered":"\r\n<section class=\"page-banner page-banner__style-4 image-align-center\" aria-label=\"Page Banner\">\r\n    <div class=\"page-banner__inner\">\r\n        <div class=\"page-banner__wrapper\">\r\n            <div class=\"page-banner__details\">\r\n    <div class=\"container--large\">\r\n        <div class=\"page-banner__content\" data-aos=\"fade-right\" data-aos-delay=\"100\">\r\n            <div class=\"page-banner__content-inner\">\r\n                                    <span class=\"page-banner__pretitle\">\r\n                                                <span>\u00dcber<\/span>\r\n                    <\/span>\r\n                                <h1 class=\"page-banner__title h2\">Das Team<\/h1>\r\n                                <div class=\"page-banner__description\">\r\n                    <p>Bei CSL sind wir ein Team, das durch die Leidenschaft f\u00fcr Probleml\u00f6sungen, Zusammenarbeit und die konsequente Ausrichtung auf unsere Kunden vereint ist. Wir glauben, dass die besten Ergebnisse entstehen, wenn Ideen ausgetauscht werden, die St\u00e4rken jedes Einzelnen genutzt werden und nat\u00fcrlich auch Spa\u00df dabei ist.<\/p>\n                <\/div>\r\n                                    <div class=\"page-banner__actions\">\r\n                                                    <a href=\"https:\/\/www.csl-group.com\/de\/kontakt\/\" class=\"button \"  role=\"button\" aria-label=\"Sprechen Sie mit uns\">Sprechen Sie mit uns<\/a>                                            <\/div>\r\n                            <\/div>\r\n        <\/div>\r\n    <\/div>\r\n<\/div>\r\n<div class=\"page-banner__background\" data-aos=\"fade-up\">\n    <img fetchpriority=\"high\" decoding=\"async\" width=\"2100\" height=\"761\" src=\"https:\/\/www.csl-group.com\/de\/wp-content\/uploads\/sites\/6\/2025\/01\/meet-the-team.jpg.webp\" class=\"page-banner__image\" alt=\"office building image\" srcset=\"https:\/\/www.csl-group.com\/de\/wp-content\/uploads\/sites\/6\/2025\/01\/meet-the-team.jpg.webp 2100w, https:\/\/www.csl-group.com\/de\/wp-content\/uploads\/sites\/6\/2025\/01\/meet-the-team-300x109.jpg.webp 300w, https:\/\/www.csl-group.com\/de\/wp-content\/uploads\/sites\/6\/2025\/01\/meet-the-team-1024x371.jpg.webp 1024w, https:\/\/www.csl-group.com\/de\/wp-content\/uploads\/sites\/6\/2025\/01\/meet-the-team-768x278.jpg.webp 768w, https:\/\/www.csl-group.com\/de\/wp-content\/uploads\/sites\/6\/2025\/01\/meet-the-team-1536x557.jpg.webp 1536w, https:\/\/www.csl-group.com\/de\/wp-content\/uploads\/sites\/6\/2025\/01\/meet-the-team-2048x742.jpg.webp 2048w\" sizes=\"(max-width: 2100px) 100vw, 2100px\" loading=\"eager\" \/><\/div>\r\n        <\/div>\r\n\r\n        \r\n        \r\n        \r\n\r\n        \r\n            <\/div>\r\n<\/section>\n\n\n<section class=\"team-tiles\">\r\n    <div class=\"team-tiles__inner\">\r\n        <div class=\"container--large\">\r\n            <div class=\"team-tiles__top\">\r\n                                    <h2 class=\"team-tiles__heading h3\" data-aos=\"fade-up\">F\u00fchrungsteam<\/h2>\r\n                                            <\/div>\r\n            <div class=\"team-tiles__grid\">\r\n                \r\n                    \r\n                    <div class=\"team-tiles__item\" data-aos=\"fade-up\" data-aos-delay=\"0\">\r\n                        <div class=\"team-tiles__item-inner\">\r\n\r\n                            <div class=\"team-tiles__item-overlay\">\r\n                                <button class=\"team-tiles__item-close\">X<\/button>\r\n                                <div class=\"team-tiles__item-details-top\">\r\n                                                                            <h3 class=\"team-tiles__item-name\">Ed Heale<\/h3>\r\n                                                                                                                <p class=\"team-tiles__item-position\">Gesch\u00e4ftsf\u00fchrer<\/p>\r\n                                                                    <\/div>\r\n                                <div class=\"team-tiles__item-details-main\">\r\n                                                                            <div class=\"team-tiles__item-text\">\r\n                                            <p>Ed ist f\u00fcr die strategische Ausrichtung und die Gesamtleistung von CSL verantwortlich. Seit seinem Eintritt im Jahr 2015 hat Ed die Transformation von CSL von einem auf Gro\u00dfbritannien fokussierten Alarmmeldungsunternehmen zu einem f\u00fchrenden, globalen Anbieter von IoT-Konnektivit\u00e4t geleitet.<\/p>\n                                        <\/div>\r\n                                    \r\n                                                                            <div class=\"team-tiles__item-quote\">\r\n                                            <blockquote>\r\n                                                <span>&ldquo;<\/span><p>Wir sind ein f\u00fchrender Anbieter von kritischer Konnektivit\u00e4t und liefern robuste und sichere L\u00f6sungen mit erstklassigem Kundenservice, um l<strong>ebenswichtige<\/strong>, <strong>missionskritisch<\/strong>e und <strong>gesch\u00e4ftskritische<\/strong> Operationen weltweit zu unterst\u00fctzen.<\/p>\n<span>&rdquo;<\/span>\r\n                                            <\/blockquote>\r\n                                        <\/div>\r\n                                                                    <\/div>\r\n                            <\/div>\r\n\r\n\r\n                            <div class=\"team-tiles__item-details\">\r\n                                <div class=\"team-tiles__item-details-top\">\r\n                                                                            <h3 class=\"team-tiles__item-name\">Ed Heale<\/h3>\r\n                                                                                                                <p class=\"team-tiles__item-position\">Gesch\u00e4ftsf\u00fchrer<\/p>\r\n                                                                    <\/div>\r\n                                <div class=\"team-tiles__item-details-bottom\">\r\n                                    <a href=\"#\" class=\"button transparent-primary team-tiles__item-bio\"  role=\"button\" aria-label=\"Biography\">Biography<\/a>                                <\/div>\r\n                            <\/div>\r\n                            <div class=\"team-tiles__item-image\">\n                                <img decoding=\"async\" width=\"1024\" height=\"922\" src=\"https:\/\/www.csl-group.com\/de\/wp-content\/uploads\/sites\/6\/2025\/04\/Ed-Heale-New-Logo-Removed-002-scaled-e1745407891613-1024x922.jpg\" class=\"team-tiles__item-img\" alt=\"Ed Heale\" srcset=\"https:\/\/www.csl-group.com\/de\/wp-content\/uploads\/sites\/6\/2025\/04\/Ed-Heale-New-Logo-Removed-002-scaled-e1745407891613-1024x922.jpg 1024w, https:\/\/www.csl-group.com\/de\/wp-content\/uploads\/sites\/6\/2025\/04\/Ed-Heale-New-Logo-Removed-002-scaled-e1745407891613-300x270.jpg 300w, https:\/\/www.csl-group.com\/de\/wp-content\/uploads\/sites\/6\/2025\/04\/Ed-Heale-New-Logo-Removed-002-scaled-e1745407891613-768x692.jpg 768w, https:\/\/www.csl-group.com\/de\/wp-content\/uploads\/sites\/6\/2025\/04\/Ed-Heale-New-Logo-Removed-002-scaled-e1745407891613-1536x1384.jpg 1536w, https:\/\/www.csl-group.com\/de\/wp-content\/uploads\/sites\/6\/2025\/04\/Ed-Heale-New-Logo-Removed-002-scaled-e1745407891613.jpg 1543w\" sizes=\"auto, (max-width: 1024px) 100vw, 1024px\" loading=\"lazy\" \/>                            <\/div>\n                        <\/div>\r\n                    <\/div>\r\n                \r\n                    \r\n                    <div class=\"team-tiles__item\" data-aos=\"fade-up\" data-aos-delay=\"100\">\r\n                        <div class=\"team-tiles__item-inner\">\r\n\r\n                            <div class=\"team-tiles__item-overlay\">\r\n                                <button class=\"team-tiles__item-close\">X<\/button>\r\n                                <div class=\"team-tiles__item-details-top\">\r\n                                                                            <h3 class=\"team-tiles__item-name\">Jon Slupek<\/h3>\r\n                                                                                                                <p class=\"team-tiles__item-position\">Finanzvorstand<\/p>\r\n                                                                    <\/div>\r\n                                <div class=\"team-tiles__item-details-main\">\r\n                                                                            <div class=\"team-tiles__item-text\">\r\n                                            <p>Jon verf\u00fcgt \u00fcber 10 Jahre Erfahrung in leitender Position im Finanzbereich bei CSL. Er hat das Wachstum des Unternehmens w\u00e4hrend der letzten beiden Private-Equity-Zyklen unterst\u00fctzt. Jon verf\u00fcgt \u00fcber umfassende Erfahrung im Finanzwesen und im Bereich IoT, da er zuvor bei BT im Bereich Commercial Finance und bei KPMG Consulting t\u00e4tig war, wo er gro\u00dfe multinationale Unternehmen bei der Transformation ihres Finanzwesens unterst\u00fctzte.<\/p>\n                                        <\/div>\r\n                                    \r\n                                                                    <\/div>\r\n                            <\/div>\r\n\r\n\r\n                            <div class=\"team-tiles__item-details\">\r\n                                <div class=\"team-tiles__item-details-top\">\r\n                                                                            <h3 class=\"team-tiles__item-name\">Jon Slupek<\/h3>\r\n                                                                                                                <p class=\"team-tiles__item-position\">Finanzvorstand<\/p>\r\n                                                                    <\/div>\r\n                                <div class=\"team-tiles__item-details-bottom\">\r\n                                    <a href=\"#\" class=\"button transparent-primary team-tiles__item-bio\"  role=\"button\" aria-label=\"Biography\">Biography<\/a>                                <\/div>\r\n                            <\/div>\r\n                            <div class=\"team-tiles__item-image\">\n                                <img decoding=\"async\" width=\"989\" height=\"1024\" src=\"https:\/\/www.csl-group.com\/de\/wp-content\/uploads\/sites\/6\/2025\/12\/Jon-Slupek-New-2-scaled-e1765903247806-989x1024.jpg\" class=\"team-tiles__item-img\" alt=\"\" srcset=\"https:\/\/www.csl-group.com\/de\/wp-content\/uploads\/sites\/6\/2025\/12\/Jon-Slupek-New-2-scaled-e1765903247806-989x1024.jpg 989w, https:\/\/www.csl-group.com\/de\/wp-content\/uploads\/sites\/6\/2025\/12\/Jon-Slupek-New-2-scaled-e1765903247806-290x300.jpg 290w, https:\/\/www.csl-group.com\/de\/wp-content\/uploads\/sites\/6\/2025\/12\/Jon-Slupek-New-2-scaled-e1765903247806-768x795.jpg 768w, https:\/\/www.csl-group.com\/de\/wp-content\/uploads\/sites\/6\/2025\/12\/Jon-Slupek-New-2-scaled-e1765903247806.jpg 1396w\" sizes=\"auto, (max-width: 989px) 100vw, 989px\" loading=\"lazy\" \/>                            <\/div>\n                        <\/div>\r\n                    <\/div>\r\n                \r\n                    \r\n                    <div class=\"team-tiles__item\" data-aos=\"fade-up\" data-aos-delay=\"0\">\r\n                        <div class=\"team-tiles__item-inner\">\r\n\r\n                            <div class=\"team-tiles__item-overlay\">\r\n                                <button class=\"team-tiles__item-close\">X<\/button>\r\n                                <div class=\"team-tiles__item-details-top\">\r\n                                                                            <h3 class=\"team-tiles__item-name\">Glenn Fishwick<\/h3>\r\n                                                                                                                <p class=\"team-tiles__item-position\">Technischer Direktor<\/p>\r\n                                                                    <\/div>\r\n                                <div class=\"team-tiles__item-details-main\">\r\n                                                                            <div class=\"team-tiles__item-text\">\r\n                                            <p>Glenn kam 2024 zu CSL und bringt sein fundiertes Wissen aus seiner Zeit bei Radius mit, wo er eine Schl\u00fcsselrolle bei der Weiterentwicklung der technologischen F\u00e4higkeiten und Strategien des Unternehmens spielte. Mit seiner Karriere in den Bereichen Automobil, Telekommunikation, Finanzdienstleistungen und Technologie kann er auf eine beeindruckende Bilanz bei der F\u00f6rderung von operativer Exzellenz und Innovation in verschiedenen F\u00fchrungspositionen zur\u00fcckblicken. Als CTO bei CSL leitet Glenn unsere Technologiestrategie und erweitert das Portfolio des Unternehmens an sicheren Konnektivit\u00e4tsl\u00f6sungen in verschiedenen Branchen.<\/p>\n                                        <\/div>\r\n                                    \r\n                                                                    <\/div>\r\n                            <\/div>\r\n\r\n\r\n                            <div class=\"team-tiles__item-details\">\r\n                                <div class=\"team-tiles__item-details-top\">\r\n                                                                            <h3 class=\"team-tiles__item-name\">Glenn Fishwick<\/h3>\r\n                                                                                                                <p class=\"team-tiles__item-position\">Technischer Direktor<\/p>\r\n                                                                    <\/div>\r\n                                <div class=\"team-tiles__item-details-bottom\">\r\n                                    <a href=\"#\" class=\"button transparent-primary team-tiles__item-bio\"  role=\"button\" aria-label=\"Biography\">Biography<\/a>                                <\/div>\r\n                            <\/div>\r\n                            <div class=\"team-tiles__item-image\">\n                                <img decoding=\"async\" width=\"1024\" height=\"601\" src=\"https:\/\/www.csl-group.com\/de\/wp-content\/uploads\/sites\/6\/2025\/02\/Glenn-Fishwick-scaled-e1739288320539-1024x601.jpg\" class=\"team-tiles__item-img\" alt=\"Employee Photograph\" srcset=\"https:\/\/www.csl-group.com\/de\/wp-content\/uploads\/sites\/6\/2025\/02\/Glenn-Fishwick-scaled-e1739288320539-1024x601.jpg 1024w, https:\/\/www.csl-group.com\/de\/wp-content\/uploads\/sites\/6\/2025\/02\/Glenn-Fishwick-scaled-e1739288320539-300x176.jpg 300w, https:\/\/www.csl-group.com\/de\/wp-content\/uploads\/sites\/6\/2025\/02\/Glenn-Fishwick-scaled-e1739288320539-768x451.jpg 768w, https:\/\/www.csl-group.com\/de\/wp-content\/uploads\/sites\/6\/2025\/02\/Glenn-Fishwick-scaled-e1739288320539-1536x901.jpg 1536w, https:\/\/www.csl-group.com\/de\/wp-content\/uploads\/sites\/6\/2025\/02\/Glenn-Fishwick-scaled-e1739288320539-2048x1201.jpg 2048w\" sizes=\"auto, (max-width: 1024px) 100vw, 1024px\" loading=\"lazy\" \/>                            <\/div>\n                        <\/div>\r\n                    <\/div>\r\n                            <\/div>\r\n        <\/div>\r\n    <\/div>\r\n<\/section>\n\n\n\r\n<section class=\"simple-text\" data-aos=\"fade-up\">\r\n    <div class=\"simple-text__inner pt-0\">\r\n        <div class=\"container--large\">\r\n            <div class=\"simple-text__wrapper\">\r\n                <div class=\"simple-text__content text-center\">\r\n                                                                        <h2 class=\"h4\">Werden Sie <span class=\"text-primary\">noch heute Teil unseres dynamischen, kooperativen und innovativene<\/span> Teams<\/h2>\r\n                                                                                                            <div class=\"simple-text__cta\">\r\n                            <a href=\"https:\/\/www.csl-group.com\/de\/kontakt\/\" class=\"button \"  role=\"button\" aria-label=\"Sprechen Sie mit uns\">Sprechen Sie mit uns<\/a>                        <\/div>\r\n                                    <\/div>\r\n            <\/div>\r\n        <\/div>\r\n    <\/div>\r\n<\/section>\n\n\r\n<section class=\"simple-text\" data-aos=\"fade-up\">\r\n    <div class=\"simple-text__inner pt-0\">\r\n        <div class=\"container--large\">\r\n            <div class=\"simple-text__wrapper\">\r\n                <div class=\"simple-text__content text-center\">\r\n                                                                        <h2 class=\"h4\">Wir sind stolz darauf, von diesen talentierten Menschen unterst\u00fctzt zu werden, die jeden Arbeitstag neue Ideen einbringen.<\/h2>\r\n                                                                                                    <\/div>\r\n            <\/div>\r\n        <\/div>\r\n    <\/div>\r\n<\/section>","protected":false},"excerpt":{"rendered":"","protected":false},"author":1,"featured_media":1112,"parent":0,"menu_order":0,"comment_status":"closed","ping_status":"closed","template":"","meta":{"_acf_changed":false,"footnotes":""},"class_list":["post-1108","page","type-page","status-publish","has-post-thumbnail","hentry"],"acf":[],"yoast_head":"<!-- This site is optimized with the Yoast SEO Premium plugin v27.1 (Yoast SEO v27.1.1) - https:\/\/yoast.com\/product\/yoast-seo-premium-wordpress\/ -->\n<title>Lernen Sie die CSL-Teams kennen<\/title>\n<meta name=\"description\" content=\"Lernen Sie die Experten hinter den branchenf\u00fchrenden kritischen IoT-L\u00f6sungen von CSL kennen. Zuverl\u00e4ssige und sichere Konnektivit\u00e4t.\" \/>\n<meta name=\"robots\" content=\"index, follow, max-snippet:-1, max-image-preview:large, max-video-preview:-1\" \/>\n<link rel=\"canonical\" href=\"https:\/\/www.csl-group.com\/de\/das-team\/\" \/>\n<meta property=\"og:locale\" content=\"en_US\" \/>\n<meta property=\"og:type\" content=\"article\" \/>\n<meta property=\"og:title\" content=\"Das Team\" \/>\n<meta property=\"og:description\" content=\"Lernen Sie die Experten hinter den branchenf\u00fchrenden kritischen IoT-L\u00f6sungen von CSL kennen. Zuverl\u00e4ssige und sichere Konnektivit\u00e4t.\" \/>\n<meta property=\"og:url\" content=\"https:\/\/www.csl-group.com\/de\/das-team\/\" \/>\n<meta property=\"og:site_name\" content=\"CSL DE\" \/>\n<meta property=\"article:modified_time\" content=\"2026-04-13T13:18:47+00:00\" \/>\n<meta property=\"og:image\" content=\"https:\/\/www.csl-group.com\/de\/wp-content\/uploads\/sites\/6\/2025\/01\/meet-the-team.jpg.webp\" \/>\n\t<meta property=\"og:image:width\" content=\"2100\" \/>\n\t<meta property=\"og:image:height\" content=\"761\" \/>\n\t<meta property=\"og:image:type\" content=\"image\/jpeg\" \/>\n<meta name=\"twitter:card\" content=\"summary_large_image\" \/>\n<meta name=\"twitter:label1\" content=\"Est. reading time\" \/>\n\t<meta name=\"twitter:data1\" content=\"3 minutes\" \/>\n<script type=\"application\/ld+json\" class=\"yoast-schema-graph\">{\"@context\":\"https:\/\/schema.org\",\"@graph\":[{\"@type\":\"WebPage\",\"@id\":\"https:\/\/www.csl-group.com\/de\/das-team\/\",\"url\":\"https:\/\/www.csl-group.com\/de\/das-team\/\",\"name\":\"Lernen Sie die CSL-Teams kennen\",\"isPartOf\":{\"@id\":\"https:\/\/www.csl-group.com\/de\/#website\"},\"primaryImageOfPage\":{\"@id\":\"https:\/\/www.csl-group.com\/de\/das-team\/#primaryimage\"},\"image\":{\"@id\":\"https:\/\/www.csl-group.com\/de\/das-team\/#primaryimage\"},\"thumbnailUrl\":\"https:\/\/www.csl-group.com\/de\/wp-content\/uploads\/sites\/6\/2025\/01\/meet-the-team.jpg.webp\",\"datePublished\":\"2025-01-17T10:04:52+00:00\",\"dateModified\":\"2026-04-13T13:18:47+00:00\",\"description\":\"Lernen Sie die Experten hinter den branchenf\u00fchrenden kritischen IoT-L\u00f6sungen von CSL kennen. Zuverl\u00e4ssige und sichere Konnektivit\u00e4t.\",\"breadcrumb\":{\"@id\":\"https:\/\/www.csl-group.com\/de\/das-team\/#breadcrumb\"},\"inLanguage\":\"en-US\",\"potentialAction\":[{\"@type\":\"ReadAction\",\"target\":[\"https:\/\/www.csl-group.com\/de\/das-team\/\"]}]},{\"@type\":\"ImageObject\",\"inLanguage\":\"en-US\",\"@id\":\"https:\/\/www.csl-group.com\/de\/das-team\/#primaryimage\",\"url\":\"https:\/\/www.csl-group.com\/de\/wp-content\/uploads\/sites\/6\/2025\/01\/meet-the-team.jpg.webp\",\"contentUrl\":\"https:\/\/www.csl-group.com\/de\/wp-content\/uploads\/sites\/6\/2025\/01\/meet-the-team.jpg.webp\",\"width\":2100,\"height\":761,\"caption\":\"office building image\"},{\"@type\":\"BreadcrumbList\",\"@id\":\"https:\/\/www.csl-group.com\/de\/das-team\/#breadcrumb\",\"itemListElement\":[{\"@type\":\"ListItem\",\"position\":1,\"name\":\"Home\",\"item\":\"https:\/\/www.csl-group.com\/de\/\"},{\"@type\":\"ListItem\",\"position\":2,\"name\":\"Das Team\"}]},{\"@type\":\"WebSite\",\"@id\":\"https:\/\/www.csl-group.com\/de\/#website\",\"url\":\"https:\/\/www.csl-group.com\/de\/\",\"name\":\"CSL\",\"description\":\"\",\"potentialAction\":[{\"@type\":\"SearchAction\",\"target\":{\"@type\":\"EntryPoint\",\"urlTemplate\":\"https:\/\/www.csl-group.com\/de\/?s={search_term_string}\"},\"query-input\":{\"@type\":\"PropertyValueSpecification\",\"valueRequired\":true,\"valueName\":\"search_term_string\"}}],\"inLanguage\":\"en-US\"}]}<\/script>\n<!-- \/ Yoast SEO Premium plugin. -->","yoast_head_json":{"title":"Lernen Sie die CSL-Teams kennen","description":"Lernen Sie die Experten hinter den branchenf\u00fchrenden kritischen IoT-L\u00f6sungen von CSL kennen. Zuverl\u00e4ssige und sichere Konnektivit\u00e4t.","robots":{"index":"index","follow":"follow","max-snippet":"max-snippet:-1","max-image-preview":"max-image-preview:large","max-video-preview":"max-video-preview:-1"},"canonical":"https:\/\/www.csl-group.com\/de\/das-team\/","og_locale":"en_US","og_type":"article","og_title":"Das Team","og_description":"Lernen Sie die Experten hinter den branchenf\u00fchrenden kritischen IoT-L\u00f6sungen von CSL kennen. Zuverl\u00e4ssige und sichere Konnektivit\u00e4t.","og_url":"https:\/\/www.csl-group.com\/de\/das-team\/","og_site_name":"CSL DE","article_modified_time":"2026-04-13T13:18:47+00:00","og_image":[{"width":2100,"height":761,"url":"https:\/\/www.csl-group.com\/de\/wp-content\/uploads\/sites\/6\/2025\/01\/meet-the-team.jpg.webp","type":"image\/jpeg"}],"twitter_card":"summary_large_image","twitter_misc":{"Est. reading time":"3 minutes"},"schema":{"@context":"https:\/\/schema.org","@graph":[{"@type":"WebPage","@id":"https:\/\/www.csl-group.com\/de\/das-team\/","url":"https:\/\/www.csl-group.com\/de\/das-team\/","name":"Lernen Sie die CSL-Teams kennen","isPartOf":{"@id":"https:\/\/www.csl-group.com\/de\/#website"},"primaryImageOfPage":{"@id":"https:\/\/www.csl-group.com\/de\/das-team\/#primaryimage"},"image":{"@id":"https:\/\/www.csl-group.com\/de\/das-team\/#primaryimage"},"thumbnailUrl":"https:\/\/www.csl-group.com\/de\/wp-content\/uploads\/sites\/6\/2025\/01\/meet-the-team.jpg.webp","datePublished":"2025-01-17T10:04:52+00:00","dateModified":"2026-04-13T13:18:47+00:00","description":"Lernen Sie die Experten hinter den branchenf\u00fchrenden kritischen IoT-L\u00f6sungen von CSL kennen. Zuverl\u00e4ssige und sichere Konnektivit\u00e4t.","breadcrumb":{"@id":"https:\/\/www.csl-group.com\/de\/das-team\/#breadcrumb"},"inLanguage":"en-US","potentialAction":[{"@type":"ReadAction","target":["https:\/\/www.csl-group.com\/de\/das-team\/"]}]},{"@type":"ImageObject","inLanguage":"en-US","@id":"https:\/\/www.csl-group.com\/de\/das-team\/#primaryimage","url":"https:\/\/www.csl-group.com\/de\/wp-content\/uploads\/sites\/6\/2025\/01\/meet-the-team.jpg.webp","contentUrl":"https:\/\/www.csl-group.com\/de\/wp-content\/uploads\/sites\/6\/2025\/01\/meet-the-team.jpg.webp","width":2100,"height":761,"caption":"office building image"},{"@type":"BreadcrumbList","@id":"https:\/\/www.csl-group.com\/de\/das-team\/#breadcrumb","itemListElement":[{"@type":"ListItem","position":1,"name":"Home","item":"https:\/\/www.csl-group.com\/de\/"},{"@type":"ListItem","position":2,"name":"Das Team"}]},{"@type":"WebSite","@id":"https:\/\/www.csl-group.com\/de\/#website","url":"https:\/\/www.csl-group.com\/de\/","name":"CSL","description":"","potentialAction":[{"@type":"SearchAction","target":{"@type":"EntryPoint","urlTemplate":"https:\/\/www.csl-group.com\/de\/?s={search_term_string}"},"query-input":{"@type":"PropertyValueSpecification","valueRequired":true,"valueName":"search_term_string"}}],"inLanguage":"en-US"}]}},"_links":{"self":[{"href":"https:\/\/www.csl-group.com\/de\/wp-json\/wp\/v2\/pages\/1108","targetHints":{"allow":["GET"]}}],"collection":[{"href":"https:\/\/www.csl-group.com\/de\/wp-json\/wp\/v2\/pages"}],"about":[{"href":"https:\/\/www.csl-group.com\/de\/wp-json\/wp\/v2\/types\/page"}],"author":[{"embeddable":true,"href":"https:\/\/www.csl-group.com\/de\/wp-json\/wp\/v2\/users\/1"}],"replies":[{"embeddable":true,"href":"https:\/\/www.csl-group.com\/de\/wp-json\/wp\/v2\/comments?post=1108"}],"version-history":[{"count":5,"href":"https:\/\/www.csl-group.com\/de\/wp-json\/wp\/v2\/pages\/1108\/revisions"}],"predecessor-version":[{"id":7379,"href":"https:\/\/www.csl-group.com\/de\/wp-json\/wp\/v2\/pages\/1108\/revisions\/7379"}],"wp:featuredmedia":[{"embeddable":true,"href":"https:\/\/www.csl-group.com\/de\/wp-json\/wp\/v2\/media\/1112"}],"wp:attachment":[{"href":"https:\/\/www.csl-group.com\/de\/wp-json\/wp\/v2\/media?parent=1108"}],"curies":[{"name":"wp","href":"https:\/\/api.w.org\/{rel}","templated":true}]}}